{"id":9842,"date":"2022-09-05T15:24:00","date_gmt":"2022-09-05T14:24:00","guid":{"rendered":"https:\/\/www.mydatec.com\/?page_id=9842"},"modified":"2022-09-12T15:17:14","modified_gmt":"2022-09-12T14:17:14","slug":"prix-vmc-thermodynamique-mydatec","status":"publish","type":"page","link":"https:\/\/www.mydatec.com\/fr\/produits-vmc-double-flux-thermodynamique\/prix-vmc-thermodynamique-mydatec\/","title":{"rendered":"Prix VMC thermodynamique MyDATEC"},"content":{"rendered":"<div class=\"fusion-fullwidth fullwidth-box fusion-builder-row-1 fusion-flex-container nonhundred-percent-fullwidth non-hundred-percent-height-scrolling\" style=\"--awb-border-radius-top-left:0px;--awb-border-radius-top-right:0px;--awb-border-radius-bottom-right:0px;--awb-border-radius-bottom-left:0px;--awb-flex-wrap:wrap;\" ><div class=\"fusion-builder-row fusion-row fusion-flex-align-items-flex-start fusion-flex-content-wrap\" style=\"max-width:1144px;margin-left: calc(-4% \/ 2 );margin-right: calc(-4% \/ 2 );\"><div class=\"fusion-layout-column fusion_builder_column fusion-builder-column-0 fusion_builder_column_1_1 1_1 fusion-flex-column\" style=\"--awb-bg-size:cover;--awb-width-large:100%;--awb-margin-top-large:0px;--awb-spacing-right-large:1.92%;--awb-margin-bottom-large:0px;--awb-spacing-left-large:1.92%;--awb-width-medium:100%;--awb-spacing-right-medium:1.92%;--awb-spacing-left-medium:1.92%;--awb-width-small:100%;--awb-spacing-right-small:1.92%;--awb-spacing-left-small:1.92%;\"><div class=\"fusion-column-wrapper fusion-flex-justify-content-flex-start fusion-content-layout-column\"><div class=\"fusion-title title fusion-title-1 fusion-sep-none fusion-title-text fusion-title-size-one\" style=\"--awb-margin-top-small:0px;--awb-margin-right-small:0px;--awb-margin-bottom-small:20px;--awb-margin-left-small:0px;\"><h1 class=\"fusion-title-heading title-heading-left\" style=\"margin:0;\"><p><img decoding=\"async\" class=\" wp-image-10060\" src=\"https:\/\/www.mydatec.com\/wp-content\/uploads\/2022\/09\/istockphoto-620368398-612x612-1-300x250.jpg\" alt=\"\" width=\"204\" height=\"170\" srcset=\"https:\/\/www.mydatec.com\/wp-content\/uploads\/2022\/09\/istockphoto-620368398-612x612-1-200x166.jpg 200w, https:\/\/www.mydatec.com\/wp-content\/uploads\/2022\/09\/istockphoto-620368398-612x612-1-300x250.jpg 300w, https:\/\/www.mydatec.com\/wp-content\/uploads\/2022\/09\/istockphoto-620368398-612x612-1-400x333.jpg 400w, https:\/\/www.mydatec.com\/wp-content\/uploads\/2022\/09\/istockphoto-620368398-612x612-1-600x499.jpg 600w, https:\/\/www.mydatec.com\/wp-content\/uploads\/2022\/09\/istockphoto-620368398-612x612-1.jpg 612w\" sizes=\"(max-width: 204px) 100vw, 204px\" \/><\/p>\n<p>QUEL EST LE PRIX D&rsquo;UNE VMC THERMODYNAMIQUE MY DATEC ?<\/p><\/h1><\/div><div class=\"fusion-text fusion-text-1\"><p>Vous vous demandez quel est le prix d&rsquo;une VMC thermodynamique MYDATEC ?<\/p>\n<p>Voici quelques indications :<\/p>\n<p>Chaque projet est unique, <strong>il n&rsquo;existe donc pas de tarif standard chez MyDATEC<\/strong>. Nos offres de prix se rapprochent le plus possible de la r\u00e9alit\u00e9 de votre projet en fonction des \u00e9l\u00e9ments que vous avez besoin. Voici donc quelques \u00e9l\u00e9ments pour vous donner une id\u00e9e du budget \u00e0 pr\u00e9voir. <strong>Les chiffres mentionn\u00e9s ci-dessous sont donn\u00e9s \u00e0 titre indicatif et seront \u00e0 affiner apr\u00e8s \u00e9tude compl\u00e8te de votre projet <\/strong>aupr\u00e8s d&rsquo;un expert MyDATEC.<\/p>\n<p>Pour un <strong><a href=\"https:\/\/www.mydatec.com\/fr\/applications-vmc-thermodynamique-mydatec-vmc-maison-neuve\/\">syst\u00e8me complet<\/a>, c&rsquo;est \u00e0 dire le r\u00e9seau a\u00e9raulique et la machine.<\/strong>\u00a0 Pour la\u00a0 fourniture et l&rsquo;installation, comptez entre 12 000 \u20ac et 17 000 \u20ac. Le temps de pose sera alors compris entre 3 et 5 jours.<\/p>\n<p>Pour un projet de <a href=\"https:\/\/www.mydatec.com\/fr\/applications-vmc-thermodynamique-mydatec-vmc-maison-neuve\/\"><strong>remplacement<\/strong><\/a> ,c&rsquo;est \u00e0 dire la r\u00e9utilisation du r\u00e9seau a\u00e9raulique existant, pr\u00e9voir entre 8000 \u20ac et 11 000 \u20ac. Le temps de pose n\u00e9cessaire est alors compris entre une demi journ\u00e9e et une journ\u00e9e compl\u00e8te.<\/p>\n<p>Vous \u00eates un particulier et souhaitez en savoir plus, <strong><a href=\"https:\/\/www.mydatec.com\/fr\/mydatec-demande-de-devis-vmc\/\">contactez-nous !<\/a><\/strong><\/p>\n<p>Vous \u00eates un professionnel installateur, n&rsquo;h\u00e9sitez pas \u00e0<strong> <a href=\"https:\/\/www.mydatec.com\/fr\/mydatec-demande-de-devis-vmc\/\">nous consulter !\u00a0<\/a><\/strong><\/p>\n<p>Enfin, si vous \u00eates auto-constructeur et que vous souhaitez r\u00e9aliser vous-m\u00eame votre installation, n&rsquo;h\u00e9sitez pas \u00e0 <strong><a href=\"https:\/\/www.mydatec.com\/fr\/mydatec-demande-de-devis-vmc\/\">nous contacter<\/a> <\/strong>afin de valider ensemble les modalit\u00e9s de fourniture seule du mat\u00e9riel ad\u00e9quat.<\/p>\n<\/div><\/div><\/div><\/div><\/div>\n","protected":false},"excerpt":{"rendered":"","protected":false},"author":10,"featured_media":0,"parent":6650,"menu_order":0,"comment_status":"closed","ping_status":"closed","template":"","meta":{"footnotes":""},"class_list":["post-9842","page","type-page","status-publish","hentry"],"yoast_head":"<!-- This site is optimized with the Yoast SEO plugin v27.5 - https:\/\/yoast.com\/product\/yoast-seo-wordpress\/ -->\n<title>Prix VMC thermodynamique MyDATEC Quel prix chez MyDATEC ?<\/title>\n<meta name=\"description\" content=\"Le prix des VMC thermodynamiques MYDATEC est r\u00e9alis\u00e9 sur-mesure en fonction de votre projet. Retrouvez les fourchettes des tarifs appliqu\u00e9s.\" \/>\n<meta name=\"robots\" content=\"index, follow, max-snippet:-1, max-image-preview:large, max-video-preview:-1\" \/>\n<link rel=\"canonical\" href=\"https:\/\/www.mydatec.com\/fr\/produits-vmc-double-flux-thermodynamique\/prix-vmc-thermodynamique-mydatec\/\" \/>\n<meta property=\"og:locale\" content=\"fr_FR\" \/>\n<meta property=\"og:type\" content=\"article\" \/>\n<meta property=\"og:title\" content=\"Prix VMC thermodynamique MyDATEC Quel prix chez MyDATEC ?\" \/>\n<meta property=\"og:description\" content=\"Le prix des VMC thermodynamiques MYDATEC est r\u00e9alis\u00e9 sur-mesure en fonction de votre projet. Retrouvez les fourchettes des tarifs appliqu\u00e9s.\" \/>\n<meta property=\"og:url\" content=\"https:\/\/www.mydatec.com\/fr\/produits-vmc-double-flux-thermodynamique\/prix-vmc-thermodynamique-mydatec\/\" \/>\n<meta property=\"og:site_name\" content=\"MyDATEC\" \/>\n<meta property=\"article:modified_time\" content=\"2022-09-12T14:17:14+00:00\" \/>\n<meta property=\"og:image\" content=\"https:\/\/www.mydatec.com\/wp-content\/uploads\/2022\/09\/istockphoto-620368398-612x612-1-300x250.jpg\" \/>\n<meta name=\"twitter:label1\" content=\"Dur\u00e9e de lecture estim\u00e9e\" \/>\n\t<meta name=\"twitter:data1\" content=\"3 minutes\" \/>\n<script type=\"application\/ld+json\" class=\"yoast-schema-graph\">{\"@context\":\"https:\\\/\\\/schema.org\",\"@graph\":[{\"@type\":\"WebPage\",\"@id\":\"https:\\\/\\\/www.mydatec.com\\\/fr\\\/produits-vmc-double-flux-thermodynamique\\\/prix-vmc-thermodynamique-mydatec\\\/\",\"url\":\"https:\\\/\\\/www.mydatec.com\\\/fr\\\/produits-vmc-double-flux-thermodynamique\\\/prix-vmc-thermodynamique-mydatec\\\/\",\"name\":\"Prix VMC thermodynamique MyDATEC Quel prix chez MyDATEC ?\",\"isPartOf\":{\"@id\":\"https:\\\/\\\/www.mydatec.com\\\/fr\\\/#website\"},\"primaryImageOfPage\":{\"@id\":\"https:\\\/\\\/www.mydatec.com\\\/fr\\\/produits-vmc-double-flux-thermodynamique\\\/prix-vmc-thermodynamique-mydatec\\\/#primaryimage\"},\"image\":{\"@id\":\"https:\\\/\\\/www.mydatec.com\\\/fr\\\/produits-vmc-double-flux-thermodynamique\\\/prix-vmc-thermodynamique-mydatec\\\/#primaryimage\"},\"thumbnailUrl\":\"https:\\\/\\\/www.mydatec.com\\\/wp-content\\\/uploads\\\/2022\\\/09\\\/istockphoto-620368398-612x612-1-300x250.jpg\",\"datePublished\":\"2022-09-05T14:24:00+00:00\",\"dateModified\":\"2022-09-12T14:17:14+00:00\",\"description\":\"Le prix des VMC thermodynamiques MYDATEC est r\u00e9alis\u00e9 sur-mesure en fonction de votre projet. Retrouvez les fourchettes des tarifs appliqu\u00e9s.\",\"breadcrumb\":{\"@id\":\"https:\\\/\\\/www.mydatec.com\\\/fr\\\/produits-vmc-double-flux-thermodynamique\\\/prix-vmc-thermodynamique-mydatec\\\/#breadcrumb\"},\"inLanguage\":\"fr-FR\",\"potentialAction\":[{\"@type\":\"ReadAction\",\"target\":[\"https:\\\/\\\/www.mydatec.com\\\/fr\\\/produits-vmc-double-flux-thermodynamique\\\/prix-vmc-thermodynamique-mydatec\\\/\"]}]},{\"@type\":\"ImageObject\",\"inLanguage\":\"fr-FR\",\"@id\":\"https:\\\/\\\/www.mydatec.com\\\/fr\\\/produits-vmc-double-flux-thermodynamique\\\/prix-vmc-thermodynamique-mydatec\\\/#primaryimage\",\"url\":\"https:\\\/\\\/www.mydatec.com\\\/wp-content\\\/uploads\\\/2022\\\/09\\\/istockphoto-620368398-612x612-1-300x250.jpg\",\"contentUrl\":\"https:\\\/\\\/www.mydatec.com\\\/wp-content\\\/uploads\\\/2022\\\/09\\\/istockphoto-620368398-612x612-1-300x250.jpg\"},{\"@type\":\"BreadcrumbList\",\"@id\":\"https:\\\/\\\/www.mydatec.com\\\/fr\\\/produits-vmc-double-flux-thermodynamique\\\/prix-vmc-thermodynamique-mydatec\\\/#breadcrumb\",\"itemListElement\":[{\"@type\":\"ListItem\",\"position\":1,\"name\":\"Accueil\",\"item\":\"https:\\\/\\\/www.mydatec.com\\\/fr\\\/\"},{\"@type\":\"ListItem\",\"position\":2,\"name\":\"La gamme SMART\",\"item\":\"https:\\\/\\\/www.mydatec.com\\\/fr\\\/produits-vmc-double-flux-thermodynamique\\\/\"},{\"@type\":\"ListItem\",\"position\":3,\"name\":\"Prix VMC thermodynamique MyDATEC\"}]},{\"@type\":\"WebSite\",\"@id\":\"https:\\\/\\\/www.mydatec.com\\\/fr\\\/#website\",\"url\":\"https:\\\/\\\/www.mydatec.com\\\/fr\\\/\",\"name\":\"MyDATEC\",\"description\":\"La solution thermodynamique\",\"publisher\":{\"@id\":\"https:\\\/\\\/www.mydatec.com\\\/fr\\\/#organization\"},\"potentialAction\":[{\"@type\":\"SearchAction\",\"target\":{\"@type\":\"EntryPoint\",\"urlTemplate\":\"https:\\\/\\\/www.mydatec.com\\\/fr\\\/?s={search_term_string}\"},\"query-input\":{\"@type\":\"PropertyValueSpecification\",\"valueRequired\":true,\"valueName\":\"search_term_string\"}}],\"inLanguage\":\"fr-FR\"},{\"@type\":\"Organization\",\"@id\":\"https:\\\/\\\/www.mydatec.com\\\/fr\\\/#organization\",\"name\":\"MyDatec\",\"url\":\"https:\\\/\\\/www.mydatec.com\\\/fr\\\/\",\"logo\":{\"@type\":\"ImageObject\",\"inLanguage\":\"fr-FR\",\"@id\":\"https:\\\/\\\/www.mydatec.com\\\/fr\\\/#\\\/schema\\\/logo\\\/image\\\/\",\"url\":\"https:\\\/\\\/www.mydatec.com\\\/wp-content\\\/uploads\\\/2022\\\/01\\\/logo-mydatec.jpg\",\"contentUrl\":\"https:\\\/\\\/www.mydatec.com\\\/wp-content\\\/uploads\\\/2022\\\/01\\\/logo-mydatec.jpg\",\"width\":434,\"height\":351,\"caption\":\"MyDatec\"},\"image\":{\"@id\":\"https:\\\/\\\/www.mydatec.com\\\/fr\\\/#\\\/schema\\\/logo\\\/image\\\/\"},\"sameAs\":[\"http:\\\/\\\/www.linkedin.com\\\/in\\\/MyDATEC\"]}]}<\/script>\n<!-- \/ Yoast SEO plugin. -->","yoast_head_json":{"title":"Prix VMC thermodynamique MyDATEC Quel prix chez MyDATEC ?","description":"Le prix des VMC thermodynamiques MYDATEC est r\u00e9alis\u00e9 sur-mesure en fonction de votre projet. Retrouvez les fourchettes des tarifs appliqu\u00e9s.","robots":{"index":"index","follow":"follow","max-snippet":"max-snippet:-1","max-image-preview":"max-image-preview:large","max-video-preview":"max-video-preview:-1"},"canonical":"https:\/\/www.mydatec.com\/fr\/produits-vmc-double-flux-thermodynamique\/prix-vmc-thermodynamique-mydatec\/","og_locale":"fr_FR","og_type":"article","og_title":"Prix VMC thermodynamique MyDATEC Quel prix chez MyDATEC ?","og_description":"Le prix des VMC thermodynamiques MYDATEC est r\u00e9alis\u00e9 sur-mesure en fonction de votre projet. Retrouvez les fourchettes des tarifs appliqu\u00e9s.","og_url":"https:\/\/www.mydatec.com\/fr\/produits-vmc-double-flux-thermodynamique\/prix-vmc-thermodynamique-mydatec\/","og_site_name":"MyDATEC","article_modified_time":"2022-09-12T14:17:14+00:00","og_image":[{"url":"https:\/\/www.mydatec.com\/wp-content\/uploads\/2022\/09\/istockphoto-620368398-612x612-1-300x250.jpg","type":"","width":"","height":""}],"twitter_misc":{"Dur\u00e9e de lecture estim\u00e9e":"3 minutes"},"schema":{"@context":"https:\/\/schema.org","@graph":[{"@type":"WebPage","@id":"https:\/\/www.mydatec.com\/fr\/produits-vmc-double-flux-thermodynamique\/prix-vmc-thermodynamique-mydatec\/","url":"https:\/\/www.mydatec.com\/fr\/produits-vmc-double-flux-thermodynamique\/prix-vmc-thermodynamique-mydatec\/","name":"Prix VMC thermodynamique MyDATEC Quel prix chez MyDATEC ?","isPartOf":{"@id":"https:\/\/www.mydatec.com\/fr\/#website"},"primaryImageOfPage":{"@id":"https:\/\/www.mydatec.com\/fr\/produits-vmc-double-flux-thermodynamique\/prix-vmc-thermodynamique-mydatec\/#primaryimage"},"image":{"@id":"https:\/\/www.mydatec.com\/fr\/produits-vmc-double-flux-thermodynamique\/prix-vmc-thermodynamique-mydatec\/#primaryimage"},"thumbnailUrl":"https:\/\/www.mydatec.com\/wp-content\/uploads\/2022\/09\/istockphoto-620368398-612x612-1-300x250.jpg","datePublished":"2022-09-05T14:24:00+00:00","dateModified":"2022-09-12T14:17:14+00:00","description":"Le prix des VMC thermodynamiques MYDATEC est r\u00e9alis\u00e9 sur-mesure en fonction de votre projet. Retrouvez les fourchettes des tarifs appliqu\u00e9s.","breadcrumb":{"@id":"https:\/\/www.mydatec.com\/fr\/produits-vmc-double-flux-thermodynamique\/prix-vmc-thermodynamique-mydatec\/#breadcrumb"},"inLanguage":"fr-FR","potentialAction":[{"@type":"ReadAction","target":["https:\/\/www.mydatec.com\/fr\/produits-vmc-double-flux-thermodynamique\/prix-vmc-thermodynamique-mydatec\/"]}]},{"@type":"ImageObject","inLanguage":"fr-FR","@id":"https:\/\/www.mydatec.com\/fr\/produits-vmc-double-flux-thermodynamique\/prix-vmc-thermodynamique-mydatec\/#primaryimage","url":"https:\/\/www.mydatec.com\/wp-content\/uploads\/2022\/09\/istockphoto-620368398-612x612-1-300x250.jpg","contentUrl":"https:\/\/www.mydatec.com\/wp-content\/uploads\/2022\/09\/istockphoto-620368398-612x612-1-300x250.jpg"},{"@type":"BreadcrumbList","@id":"https:\/\/www.mydatec.com\/fr\/produits-vmc-double-flux-thermodynamique\/prix-vmc-thermodynamique-mydatec\/#breadcrumb","itemListElement":[{"@type":"ListItem","position":1,"name":"Accueil","item":"https:\/\/www.mydatec.com\/fr\/"},{"@type":"ListItem","position":2,"name":"La gamme SMART","item":"https:\/\/www.mydatec.com\/fr\/produits-vmc-double-flux-thermodynamique\/"},{"@type":"ListItem","position":3,"name":"Prix VMC thermodynamique MyDATEC"}]},{"@type":"WebSite","@id":"https:\/\/www.mydatec.com\/fr\/#website","url":"https:\/\/www.mydatec.com\/fr\/","name":"MyDATEC","description":"La solution thermodynamique","publisher":{"@id":"https:\/\/www.mydatec.com\/fr\/#organization"},"potentialAction":[{"@type":"SearchAction","target":{"@type":"EntryPoint","urlTemplate":"https:\/\/www.mydatec.com\/fr\/?s={search_term_string}"},"query-input":{"@type":"PropertyValueSpecification","valueRequired":true,"valueName":"search_term_string"}}],"inLanguage":"fr-FR"},{"@type":"Organization","@id":"https:\/\/www.mydatec.com\/fr\/#organization","name":"MyDatec","url":"https:\/\/www.mydatec.com\/fr\/","logo":{"@type":"ImageObject","inLanguage":"fr-FR","@id":"https:\/\/www.mydatec.com\/fr\/#\/schema\/logo\/image\/","url":"https:\/\/www.mydatec.com\/wp-content\/uploads\/2022\/01\/logo-mydatec.jpg","contentUrl":"https:\/\/www.mydatec.com\/wp-content\/uploads\/2022\/01\/logo-mydatec.jpg","width":434,"height":351,"caption":"MyDatec"},"image":{"@id":"https:\/\/www.mydatec.com\/fr\/#\/schema\/logo\/image\/"},"sameAs":["http:\/\/www.linkedin.com\/in\/MyDATEC"]}]}},"_links":{"self":[{"href":"https:\/\/www.mydatec.com\/fr\/wp-json\/wp\/v2\/pages\/9842","targetHints":{"allow":["GET"]}}],"collection":[{"href":"https:\/\/www.mydatec.com\/fr\/wp-json\/wp\/v2\/pages"}],"about":[{"href":"https:\/\/www.mydatec.com\/fr\/wp-json\/wp\/v2\/types\/page"}],"author":[{"embeddable":true,"href":"https:\/\/www.mydatec.com\/fr\/wp-json\/wp\/v2\/users\/10"}],"replies":[{"embeddable":true,"href":"https:\/\/www.mydatec.com\/fr\/wp-json\/wp\/v2\/comments?post=9842"}],"version-history":[{"count":5,"href":"https:\/\/www.mydatec.com\/fr\/wp-json\/wp\/v2\/pages\/9842\/revisions"}],"predecessor-version":[{"id":10063,"href":"https:\/\/www.mydatec.com\/fr\/wp-json\/wp\/v2\/pages\/9842\/revisions\/10063"}],"up":[{"embeddable":true,"href":"https:\/\/www.mydatec.com\/fr\/wp-json\/wp\/v2\/pages\/6650"}],"wp:attachment":[{"href":"https:\/\/www.mydatec.com\/fr\/wp-json\/wp\/v2\/media?parent=9842"}],"curies":[{"name":"wp","href":"https:\/\/api.w.org\/{rel}","templated":true}]}}