{"id":9,"date":"2012-12-05T14:56:12","date_gmt":"2012-12-05T13:56:12","guid":{"rendered":"http:\/\/localhost\/wordpress\/mydatec\/principe\/"},"modified":"2020-04-14T23:33:03","modified_gmt":"2020-04-14T22:33:03","slug":"principe-vmc-thermodynamique","status":"publish","type":"page","link":"https:\/\/www.mydatec.com\/fr\/principe-vmc-thermodynamique\/","title":{"rendered":"Principe VMC thermodynamique"},"content":{"rendered":"<p>[embedyt] http:\/\/www.youtube.com\/watch?v=k6dQnKEWQWU[\/embedyt]<\/p>\n<p style=\"text-align: center;\"><em><strong>3 fonctions en symbiose pour un maximum d\u2019\u00e9conomies d\u2019\u00e9nergie<\/strong><\/em><\/p>\n<h3 style=\"text-align: justify;\"><span style=\"color: #000000;\">MyDATEC et la ventilation<\/span><\/h3>\n<ul style=\"text-align: justify;\">\n<li>Plus efficacement que n\u2019importe quelle VMC simple ou double flux classique, MyDATEC extrait en continue dans les pi\u00e8ces techniques (cuisine, salle de bain, buanderie, WC) pour une maison <a href=\"https:\/\/www.mydatec.com\/principe-vmc-thermodynamique\/qualite-de-lair\/\">plus saine<\/a> que jamais<\/li>\n<li>MyDATEC filtre l\u2019air neuf, pour garantir une <a href=\"https:\/\/www.mydatec.com\/principe-vmc-thermodynamique\/qualite-de-lair\/\">qualit\u00e9 d\u2019air<\/a> int\u00e9rieur optimale<\/li>\n<li>La VMC double flux thermodynamique d\u00e9shumidifie l\u2019air de la maison et \u00e9vite ainsi les condensations<\/li>\n<\/ul>\n<h3 style=\"text-align: justify;\"><span style=\"color: #000000;\">\u00a0MyDATEC et le chauffage<\/span><\/h3>\n<ul style=\"text-align: justify;\">\n<li>MyDATEC participe activement au poste de chauffage* en gardant la chaleur \u00e0 l\u2019int\u00e9rieur de votre maison (2 \u00e0 3 kW de <a href=\"https:\/\/www.mydatec.com\/produits-vmc-double-flux-thermodynamique\/reserve-puissance\/\">puissance<\/a> fournie par la pompe \u00e0 chaleur sur air extrait)<\/li>\n<li>Il homog\u00e9n\u00e9ise les temp\u00e9ratures et diffuse la chaleur des appoints de chauffage dans toute la maison (<a href=\"https:\/\/www.mydatec.com\/poele-granules\/\">option couplage sur po\u00eale \u00e0 bois<\/a>)<\/li>\n<li>Contrairement \u00e0 une pompe \u00e0 chaleur classique, plus la temp\u00e9rature ext\u00e9rieure baisse, plus le <a href=\"https:\/\/www.mydatec.com\/le-rendement-du-systeme-de-ventilation-mydatec-pourquoi-est-il-si-efficace\/\">rendement<\/a> de MyDATEC augmente : <a href=\"https:\/\/www.mydatec.com\/le-rendement-du-systeme-de-ventilation-mydatec-pourquoi-est-il-si-efficace\/?preview=true\">en savoir plus sur le rendement du syst\u00e8me de ventilation MyDatec.<\/a><\/li>\n<\/ul>\n<p style=\"text-align: center;\">\n<h3 style=\"text-align: justify;\"><strong>\u00a0<\/strong><span style=\"color: #000000;\">MyDATEC et le rafra\u00eechissement<\/span><\/h3>\n<ul style=\"text-align: justify;\">\n<li>MyDATEC vous procure en \u00e9t\u00e9 un <a href=\"https:\/\/www.mydatec.com\/climatisation-rafraichissement-mydatec\/\">rafra\u00eechissement<\/a> doux, et homog\u00e8ne dans toute la maison (Jusqu\u2019\u00e0 2kW de puissance frigorifique fournie par la pompe \u00e0 chaleur sur air extrait)<\/li>\n<li>Contrairement \u00e0 un climatiseur, le syst\u00e8me est tr\u00e8s silencieux<\/li>\n<li>MyDATEC assure \u00e9galement un \u00ab\u00a0free cooling\u00a0\u00bb naturel, respectueux de l\u2019environnement<\/li>\n<\/ul>\n<p style=\"text-align: center;\"><a class=\"devis\" href=\"https:\/\/www.mydatec.com\/mydatec-demande-de-devis-vmc\/\">Demandez<br \/>\nun devis<\/a><\/p>\n<h5>*<i>chauffage\u00a0: MyDATEC est un syst\u00e8me de ventilation, qui par r\u00e9cup\u00e9ration thermodynamique sur l\u2019air extrait, apporte une puissance calorifique ou frigorifique. Ce syst\u00e8me doit toujours \u00eatre associ\u00e9 \u00e0 un compl\u00e9ment de chauffage. L\u2019installation globale de chauffage doit \u00eatre d\u00e9finie au travers d\u2019une \u00e9tude de dimensionnement (thermique, a\u00e9raulique, etc.) qui doit \u00eatre r\u00e9alis\u00e9e par un professionnel qualifi\u00e9.<\/i><\/h5>\n","protected":false},"excerpt":{"rendered":"<p>[embedyt] http:\/\/www.youtube.com\/watch?v=k6dQnKEWQWU[\/embedyt] 3 fonctions en symbiose pour un maximum d\u2019\u00e9conomies d\u2019\u00e9nergie MyDATEC et la ventilation Plus efficacement que n\u2019importe quelle VMC simple ou double flux  [&#8230;]<\/p>\n","protected":false},"author":6,"featured_media":0,"parent":0,"menu_order":28,"comment_status":"closed","ping_status":"open","template":"","meta":{"footnotes":""},"class_list":["post-9","page","type-page","status-publish","hentry"],"yoast_head":"<!-- This site is optimized with the Yoast SEO plugin v27.5 - https:\/\/yoast.com\/product\/yoast-seo-wordpress\/ -->\n<title>Principe - MyDATEC les principes d&#039;une VMC double flux thermodynamique<\/title>\n<meta name=\"description\" content=\"Principe - MyDATEC les principes d&#039;une VMC double flux thermodynamique ventilation chauffage rafra\u00eechissement ventilez chauffez refra\u00eechissez maison BBC\" \/>\n<meta name=\"robots\" content=\"index, follow, max-snippet:-1, max-image-preview:large, max-video-preview:-1\" \/>\n<link rel=\"canonical\" href=\"https:\/\/www.mydatec.com\/fr\/principe-vmc-thermodynamique\/\" \/>\n<meta property=\"og:locale\" content=\"fr_FR\" \/>\n<meta property=\"og:type\" content=\"article\" \/>\n<meta property=\"og:title\" content=\"Principe - MyDATEC les principes d&#039;une VMC double flux thermodynamique\" \/>\n<meta property=\"og:description\" content=\"Principe - MyDATEC les principes d&#039;une VMC double flux thermodynamique ventilation chauffage rafra\u00eechissement ventilez chauffez refra\u00eechissez maison BBC\" \/>\n<meta property=\"og:url\" content=\"https:\/\/www.mydatec.com\/fr\/principe-vmc-thermodynamique\/\" \/>\n<meta property=\"og:site_name\" content=\"MyDATEC\" \/>\n<meta property=\"article:modified_time\" content=\"2020-04-14T22:33:03+00:00\" \/>\n<meta name=\"twitter:label1\" content=\"Dur\u00e9e de lecture estim\u00e9e\" \/>\n\t<meta name=\"twitter:data1\" content=\"2 minutes\" \/>\n<script type=\"application\/ld+json\" class=\"yoast-schema-graph\">{\"@context\":\"https:\\\/\\\/schema.org\",\"@graph\":[{\"@type\":\"WebPage\",\"@id\":\"https:\\\/\\\/www.mydatec.com\\\/fr\\\/principe-vmc-thermodynamique\\\/\",\"url\":\"https:\\\/\\\/www.mydatec.com\\\/fr\\\/principe-vmc-thermodynamique\\\/\",\"name\":\"Principe - MyDATEC les principes d'une VMC double flux thermodynamique\",\"isPartOf\":{\"@id\":\"https:\\\/\\\/www.mydatec.com\\\/fr\\\/#website\"},\"datePublished\":\"2012-12-05T13:56:12+00:00\",\"dateModified\":\"2020-04-14T22:33:03+00:00\",\"description\":\"Principe - MyDATEC les principes d'une VMC double flux thermodynamique ventilation chauffage rafra\u00eechissement ventilez chauffez refra\u00eechissez maison BBC\",\"breadcrumb\":{\"@id\":\"https:\\\/\\\/www.mydatec.com\\\/fr\\\/principe-vmc-thermodynamique\\\/#breadcrumb\"},\"inLanguage\":\"fr-FR\",\"potentialAction\":[{\"@type\":\"ReadAction\",\"target\":[\"https:\\\/\\\/www.mydatec.com\\\/fr\\\/principe-vmc-thermodynamique\\\/\"]}]},{\"@type\":\"BreadcrumbList\",\"@id\":\"https:\\\/\\\/www.mydatec.com\\\/fr\\\/principe-vmc-thermodynamique\\\/#breadcrumb\",\"itemListElement\":[{\"@type\":\"ListItem\",\"position\":1,\"name\":\"Accueil\",\"item\":\"https:\\\/\\\/www.mydatec.com\\\/fr\\\/\"},{\"@type\":\"ListItem\",\"position\":2,\"name\":\"Principe VMC thermodynamique\"}]},{\"@type\":\"WebSite\",\"@id\":\"https:\\\/\\\/www.mydatec.com\\\/fr\\\/#website\",\"url\":\"https:\\\/\\\/www.mydatec.com\\\/fr\\\/\",\"name\":\"MyDATEC\",\"description\":\"La solution thermodynamique\",\"publisher\":{\"@id\":\"https:\\\/\\\/www.mydatec.com\\\/fr\\\/#organization\"},\"potentialAction\":[{\"@type\":\"SearchAction\",\"target\":{\"@type\":\"EntryPoint\",\"urlTemplate\":\"https:\\\/\\\/www.mydatec.com\\\/fr\\\/?s={search_term_string}\"},\"query-input\":{\"@type\":\"PropertyValueSpecification\",\"valueRequired\":true,\"valueName\":\"search_term_string\"}}],\"inLanguage\":\"fr-FR\"},{\"@type\":\"Organization\",\"@id\":\"https:\\\/\\\/www.mydatec.com\\\/fr\\\/#organization\",\"name\":\"MyDatec\",\"url\":\"https:\\\/\\\/www.mydatec.com\\\/fr\\\/\",\"logo\":{\"@type\":\"ImageObject\",\"inLanguage\":\"fr-FR\",\"@id\":\"https:\\\/\\\/www.mydatec.com\\\/fr\\\/#\\\/schema\\\/logo\\\/image\\\/\",\"url\":\"https:\\\/\\\/www.mydatec.com\\\/wp-content\\\/uploads\\\/2022\\\/01\\\/logo-mydatec.jpg\",\"contentUrl\":\"https:\\\/\\\/www.mydatec.com\\\/wp-content\\\/uploads\\\/2022\\\/01\\\/logo-mydatec.jpg\",\"width\":434,\"height\":351,\"caption\":\"MyDatec\"},\"image\":{\"@id\":\"https:\\\/\\\/www.mydatec.com\\\/fr\\\/#\\\/schema\\\/logo\\\/image\\\/\"},\"sameAs\":[\"http:\\\/\\\/www.linkedin.com\\\/in\\\/MyDATEC\"]}]}<\/script>\n<!-- \/ Yoast SEO plugin. -->","yoast_head_json":{"title":"Principe - MyDATEC les principes d'une VMC double flux thermodynamique","description":"Principe - MyDATEC les principes d'une VMC double flux thermodynamique ventilation chauffage rafra\u00eechissement ventilez chauffez refra\u00eechissez maison BBC","robots":{"index":"index","follow":"follow","max-snippet":"max-snippet:-1","max-image-preview":"max-image-preview:large","max-video-preview":"max-video-preview:-1"},"canonical":"https:\/\/www.mydatec.com\/fr\/principe-vmc-thermodynamique\/","og_locale":"fr_FR","og_type":"article","og_title":"Principe - MyDATEC les principes d'une VMC double flux thermodynamique","og_description":"Principe - MyDATEC les principes d'une VMC double flux thermodynamique ventilation chauffage rafra\u00eechissement ventilez chauffez refra\u00eechissez maison BBC","og_url":"https:\/\/www.mydatec.com\/fr\/principe-vmc-thermodynamique\/","og_site_name":"MyDATEC","article_modified_time":"2020-04-14T22:33:03+00:00","twitter_misc":{"Dur\u00e9e de lecture estim\u00e9e":"2 minutes"},"schema":{"@context":"https:\/\/schema.org","@graph":[{"@type":"WebPage","@id":"https:\/\/www.mydatec.com\/fr\/principe-vmc-thermodynamique\/","url":"https:\/\/www.mydatec.com\/fr\/principe-vmc-thermodynamique\/","name":"Principe - MyDATEC les principes d'une VMC double flux thermodynamique","isPartOf":{"@id":"https:\/\/www.mydatec.com\/fr\/#website"},"datePublished":"2012-12-05T13:56:12+00:00","dateModified":"2020-04-14T22:33:03+00:00","description":"Principe - MyDATEC les principes d'une VMC double flux thermodynamique ventilation chauffage rafra\u00eechissement ventilez chauffez refra\u00eechissez maison BBC","breadcrumb":{"@id":"https:\/\/www.mydatec.com\/fr\/principe-vmc-thermodynamique\/#breadcrumb"},"inLanguage":"fr-FR","potentialAction":[{"@type":"ReadAction","target":["https:\/\/www.mydatec.com\/fr\/principe-vmc-thermodynamique\/"]}]},{"@type":"BreadcrumbList","@id":"https:\/\/www.mydatec.com\/fr\/principe-vmc-thermodynamique\/#breadcrumb","itemListElement":[{"@type":"ListItem","position":1,"name":"Accueil","item":"https:\/\/www.mydatec.com\/fr\/"},{"@type":"ListItem","position":2,"name":"Principe VMC thermodynamique"}]},{"@type":"WebSite","@id":"https:\/\/www.mydatec.com\/fr\/#website","url":"https:\/\/www.mydatec.com\/fr\/","name":"MyDATEC","description":"La solution thermodynamique","publisher":{"@id":"https:\/\/www.mydatec.com\/fr\/#organization"},"potentialAction":[{"@type":"SearchAction","target":{"@type":"EntryPoint","urlTemplate":"https:\/\/www.mydatec.com\/fr\/?s={search_term_string}"},"query-input":{"@type":"PropertyValueSpecification","valueRequired":true,"valueName":"search_term_string"}}],"inLanguage":"fr-FR"},{"@type":"Organization","@id":"https:\/\/www.mydatec.com\/fr\/#organization","name":"MyDatec","url":"https:\/\/www.mydatec.com\/fr\/","logo":{"@type":"ImageObject","inLanguage":"fr-FR","@id":"https:\/\/www.mydatec.com\/fr\/#\/schema\/logo\/image\/","url":"https:\/\/www.mydatec.com\/wp-content\/uploads\/2022\/01\/logo-mydatec.jpg","contentUrl":"https:\/\/www.mydatec.com\/wp-content\/uploads\/2022\/01\/logo-mydatec.jpg","width":434,"height":351,"caption":"MyDatec"},"image":{"@id":"https:\/\/www.mydatec.com\/fr\/#\/schema\/logo\/image\/"},"sameAs":["http:\/\/www.linkedin.com\/in\/MyDATEC"]}]}},"_links":{"self":[{"href":"https:\/\/www.mydatec.com\/fr\/wp-json\/wp\/v2\/pages\/9","targetHints":{"allow":["GET"]}}],"collection":[{"href":"https:\/\/www.mydatec.com\/fr\/wp-json\/wp\/v2\/pages"}],"about":[{"href":"https:\/\/www.mydatec.com\/fr\/wp-json\/wp\/v2\/types\/page"}],"author":[{"embeddable":true,"href":"https:\/\/www.mydatec.com\/fr\/wp-json\/wp\/v2\/users\/6"}],"replies":[{"embeddable":true,"href":"https:\/\/www.mydatec.com\/fr\/wp-json\/wp\/v2\/comments?post=9"}],"version-history":[{"count":5,"href":"https:\/\/www.mydatec.com\/fr\/wp-json\/wp\/v2\/pages\/9\/revisions"}],"predecessor-version":[{"id":6158,"href":"https:\/\/www.mydatec.com\/fr\/wp-json\/wp\/v2\/pages\/9\/revisions\/6158"}],"wp:attachment":[{"href":"https:\/\/www.mydatec.com\/fr\/wp-json\/wp\/v2\/media?parent=9"}],"curies":[{"name":"wp","href":"https:\/\/api.w.org\/{rel}","templated":true}]}}