{"id":88,"date":"2012-12-13T13:54:18","date_gmt":"2012-12-13T12:54:18","guid":{"rendered":"https:\/\/www.mydatec.com\/?page_id=88"},"modified":"2020-04-14T23:31:10","modified_gmt":"2020-04-14T22:31:10","slug":"renovation","status":"publish","type":"page","link":"https:\/\/www.mydatec.com\/fr\/applications-vmc-thermodynamique\/renovation\/","title":{"rendered":"R\u00e9novation"},"content":{"rendered":"<h3 style=\"text-align: justify;\">MYDATEC en r\u00e9novation : Changez d\u2019\u00e9tiquette \u00e9nerg\u00e9tique, passez du rouge au vert !<\/h3>\n<p style=\"text-align: justify;\">Dans le parc actuel de logements \u00e0 r\u00e9nover, 72 % des d\u00e9penses \u00e9nerg\u00e9tique sont li\u00e9es au chauffage (\u00e9tude CSTB).<\/p>\n<h3 style=\"text-align: justify;\">Vous souhaitez commencer des travaux de r\u00e9novation : rendez votre b\u00e2timent plus \u00e9conome !<\/h3>\n<p style=\"text-align: justify;\">Dans une d\u00e9marche de r\u00e9novation, les conseillers MyDATEC vous conseilleront toujours de commencer par rendre votre habitation :<\/p>\n<ol>\n<li>Plus \u00e9tanche<\/li>\n<li>Plus isol\u00e9e<\/li>\n<\/ol>\n<p style=\"text-align: justify;\">Cela fait, comme pour les <a title=\"aller vers construction neuve RT2012\" href=\"https:\/\/www.mydatec.com\/applications-vmc-thermodynamique\/mydatec-vmc-maison-neuve\/\" target=\"_blank\" rel=\"noopener noreferrer\">applications en maisons neuves<\/a>, la VMC thermodynamique MyDATEC prendra tout son sens et ses performances seront alors optimis\u00e9es.<\/p>\n<h3 style=\"text-align: justify;\">MyDATEC en r\u00e9novation : un excellent moyen de retarder la mise en route d\u2019un syst\u00e8me de chauffage \u00e9nergivore :<\/h3>\n<p style=\"text-align: justify;\">Bien s\u00fbr, MyDATEC trouve aussi sa place dans des maisons moins performantes que des niveaux BBC. Dans ce cas, la VMC thermodynamique sera alors un excellent moyen de retarder la mise en route d\u2019un autre syst\u00e8me de chauffage plus lourd et plus \u00e9nergivore (chaudi\u00e8re fioul, gaz \u00e9lectrique, etc\u2026), puisqu\u2019il pourra dans la plupart des cas se suffire \u00e0 lui-m\u00eame pour assurer le maintien de la maison \u00e0 temp\u00e9rature en mi saison. A <a href=\"https:\/\/www.mydatec.com\/produits-vmc-double-flux-thermodynamique\/reserve-puissance\/\">puissance d\u00e9livr\u00e9e<\/a> \u00e9quivalente, par rapport \u00e0 un chauffage totalement \u00e9lectrique, le syst\u00e8me vous permettra de <a href=\"https:\/\/www.mydatec.com\/principe-vmc-thermodynamique\/economie-denergie\/\">consommer<\/a> 5 fois moins de puissance \u00e9lectrique gr\u00e2ce \u00e0 la r\u00e9cup\u00e9ration de chaleur sur l\u2019air extrait (Dans le cas d\u2019une RT 250 \u00e0 -7\u00b0C ext\u00e9rieur \u2013 COP de 5,38).<\/p>\n<p style=\"text-align: justify;\">Cependant, le syst\u00e8me MyDATEC d\u00e9livre une puissance de 2 \u00e0 3 kW, ce qui ne suffit g\u00e9n\u00e9ralement pas en r\u00e9novation. Vous pouvez opter pour les r\u00e9sistances d\u2019appoint \u00e9lectrique (jusqu\u2019\u00e0 3KW suppl\u00e9mentaire) pour apporter une <a href=\"https:\/\/www.mydatec.com\/produits-vmc-double-flux-thermodynamique\/couplage-poele-a-bois\/\">puissance compl\u00e9mentaire<\/a> si vous le souhaitez.<\/p>\n<h3 style=\"text-align: justify;\">Avec MyDATEC, augmentez la valeur de votre logement !<\/h3>\n<p><img decoding=\"async\" class=\"alignleft size-full wp-image-1043\" title=\"Mydatec r\u00e9novation diagnostic DPE\" src=\"https:\/\/www.mydatec.com\/wp-content\/uploads\/2012\/12\/DPE-MYDATEC-2.jpg\" alt=\"DPE, diagnostic de performance energetique, r\u00e9novation vmc, vmc double flux, vmc thermodynamique, r\u00e9novation mydatec\" width=\"288\" height=\"216\" srcset=\"https:\/\/www.mydatec.com\/wp-content\/uploads\/2012\/12\/DPE-MYDATEC-2-31x23.jpg 31w, https:\/\/www.mydatec.com\/wp-content\/uploads\/2012\/12\/DPE-MYDATEC-2-38x28.jpg 38w, https:\/\/www.mydatec.com\/wp-content\/uploads\/2012\/12\/DPE-MYDATEC-2-148x110.jpg 148w, https:\/\/www.mydatec.com\/wp-content\/uploads\/2012\/12\/DPE-MYDATEC-2-286x215.jpg 286w, https:\/\/www.mydatec.com\/wp-content\/uploads\/2012\/12\/DPE-MYDATEC-2.jpg 288w\" sizes=\"(max-width: 288px) 100vw, 288px\" \/><\/p>\n<p style=\"text-align: justify;\">En installant MyDATEC, vous augmentez la valeur de votre logement, et vous le valorisez en passant \u00e0 une nouvelle \u00e9tiquette \u00e9nerg\u00e9tique. Vous augmentez ainsi sa valeur en vente comme en location\u2026l\u2019occasion de remettre votre logement \u00e0 la norme <a href=\"https:\/\/www.mydatec.com\/applications-vmc-thermodynamique\/mydatec-vmc-maison-neuve\/\">RT 2012<\/a> !<\/p>\n<p style=\"text-align: justify;\">Sur 3000 maisons aujourd\u2019hui \u00e9quip\u00e9es du concept MyDATEC, environ la moiti\u00e9 l\u2019ont \u00e9t\u00e9s dans une phase de r\u00e9novation.<\/p>\n<h3>Exemple de r\u00e9novation de bureaux avec MyDATEC : projet Le Tissoir \u00e0 Lyon (69004) :<\/h3>\n<p>C&rsquo;est un\u00a0ancien atelier de canuts, en plein c\u0153ur du quartier de la Croix-Rousse \u00e0 Lyon, qui a \u00e9t\u00e9 enti\u00e8rement r\u00e9nov\u00e9 par l\u2019agence d\u2019architecture Ecco-eco (fondateur : Soumaya Naoun, sp\u00e9cialis\u00e9e en\u00a0r\u00e9novation \u00e9cologique). Les nouveaux bureaux (150 m2), baptis\u00e9s \u201cLe Tissoir\u201d ont \u00e9t\u00e9 \u00e9quip\u00e9s d&rsquo;une VMC double flux thermodynamique MyDATEC pour une <a href=\"https:\/\/www.mydatec.com\/temoignage-client-my-datec-comme-solution-globale-de-chauffage\/\">solution globale<\/a> de ventilation double flux, chauffage et rafra\u00eechissement avec 2 zones g\u00e9r\u00e9es ind\u00e9pendemment et <a href=\"https:\/\/www.mydatec.com\/poele-granules\/\">un couplage sur\u00a0po\u00eale \u00e0 granules<\/a>. \u00ab\u00a0Tout en respectant l\u2019histoire des lieux, nous avons apport\u00e9 une attention particuli\u00e8re \u00e0 l\u2019isolation et avons mis en place des sources d\u2019\u00e9nergie peu polluantes\u00a0\u00bb\u00a0explique l\u2019architecte.<\/p>\n<div id=\"attachment_3394\" style=\"width: 310px\" class=\"wp-caption alignleft\"><img decoding=\"async\" aria-describedby=\"caption-attachment-3394\" class=\"wp-image-3394 size-medium\" src=\"https:\/\/www.mydatec.com\/wp-content\/uploads\/2016\/01\/photo-4-300x225.jpg\" alt=\"Le Tissoir - Ecco Eco et MyDATEC\" width=\"300\" height=\"225\" srcset=\"https:\/\/www.mydatec.com\/wp-content\/uploads\/2016\/01\/photo-4-31x23.jpg 31w, https:\/\/www.mydatec.com\/wp-content\/uploads\/2016\/01\/photo-4-38x29.jpg 38w, https:\/\/www.mydatec.com\/wp-content\/uploads\/2016\/01\/photo-4-148x111.jpg 148w, https:\/\/www.mydatec.com\/wp-content\/uploads\/2016\/01\/photo-4-287x215.jpg 287w, https:\/\/www.mydatec.com\/wp-content\/uploads\/2016\/01\/photo-4-300x225.jpg 300w, https:\/\/www.mydatec.com\/wp-content\/uploads\/2016\/01\/photo-4-1024x768.jpg 1024w\" sizes=\"(max-width: 300px) 100vw, 300px\" \/><p id=\"caption-attachment-3394\" class=\"wp-caption-text\">Le Tissoir &#8211; Ecco Eco et MyDATEC<\/p><\/div>\n","protected":false},"excerpt":{"rendered":"<p>MYDATEC en r\u00e9novation : Changez d\u2019\u00e9tiquette \u00e9nerg\u00e9tique, passez du rouge au vert ! Dans le parc actuel de logements \u00e0 r\u00e9nover, 72 % des d\u00e9penses  [&#8230;]<\/p>\n","protected":false},"author":6,"featured_media":791,"parent":14,"menu_order":2,"comment_status":"closed","ping_status":"open","template":"","meta":{"footnotes":""},"class_list":["post-88","page","type-page","status-publish","has-post-thumbnail","hentry"],"yoast_head":"<!-- This site is optimized with the Yoast SEO plugin v27.5 - https:\/\/yoast.com\/product\/yoast-seo-wordpress\/ -->\n<title>R\u00e9novation maison BBC VMC MyDATEC double flux<\/title>\n<meta name=\"description\" content=\"R\u00e9novation maison BBC VMC MyDATEC double flux thermodynamique pompe \u00e0 chaleur travaux ventilation chauffage installation VMC \u00e9conomie d&#039;\u00e9nergie\" \/>\n<meta name=\"robots\" content=\"index, follow, max-snippet:-1, max-image-preview:large, max-video-preview:-1\" \/>\n<link rel=\"canonical\" href=\"https:\/\/www.mydatec.com\/fr\/applications-vmc-thermodynamique\/renovation\/\" \/>\n<meta property=\"og:locale\" content=\"fr_FR\" \/>\n<meta property=\"og:type\" content=\"article\" \/>\n<meta property=\"og:title\" content=\"R\u00e9novation maison BBC VMC MyDATEC double flux\" \/>\n<meta property=\"og:description\" content=\"R\u00e9novation maison BBC VMC MyDATEC double flux thermodynamique pompe \u00e0 chaleur travaux ventilation chauffage installation VMC \u00e9conomie d&#039;\u00e9nergie\" \/>\n<meta property=\"og:url\" content=\"https:\/\/www.mydatec.com\/fr\/applications-vmc-thermodynamique\/renovation\/\" \/>\n<meta property=\"og:site_name\" content=\"MyDATEC\" \/>\n<meta property=\"article:modified_time\" content=\"2020-04-14T22:31:10+00:00\" \/>\n<meta property=\"og:image\" content=\"https:\/\/www.mydatec.com\/wp-content\/uploads\/2012\/12\/ico_renovation.png\" \/>\n\t<meta property=\"og:image:width\" content=\"80\" \/>\n\t<meta property=\"og:image:height\" content=\"80\" \/>\n\t<meta property=\"og:image:type\" content=\"image\/png\" \/>\n<meta name=\"twitter:label1\" content=\"Dur\u00e9e de lecture estim\u00e9e\" \/>\n\t<meta name=\"twitter:data1\" content=\"2 minutes\" \/>\n<script type=\"application\/ld+json\" class=\"yoast-schema-graph\">{\"@context\":\"https:\\\/\\\/schema.org\",\"@graph\":[{\"@type\":\"WebPage\",\"@id\":\"https:\\\/\\\/www.mydatec.com\\\/fr\\\/applications-vmc-thermodynamique\\\/renovation\\\/\",\"url\":\"https:\\\/\\\/www.mydatec.com\\\/fr\\\/applications-vmc-thermodynamique\\\/renovation\\\/\",\"name\":\"R\u00e9novation maison BBC VMC MyDATEC double flux\",\"isPartOf\":{\"@id\":\"https:\\\/\\\/www.mydatec.com\\\/fr\\\/#website\"},\"primaryImageOfPage\":{\"@id\":\"https:\\\/\\\/www.mydatec.com\\\/fr\\\/applications-vmc-thermodynamique\\\/renovation\\\/#primaryimage\"},\"image\":{\"@id\":\"https:\\\/\\\/www.mydatec.com\\\/fr\\\/applications-vmc-thermodynamique\\\/renovation\\\/#primaryimage\"},\"thumbnailUrl\":\"https:\\\/\\\/www.mydatec.com\\\/wp-content\\\/uploads\\\/2012\\\/12\\\/ico_renovation.png\",\"datePublished\":\"2012-12-13T12:54:18+00:00\",\"dateModified\":\"2020-04-14T22:31:10+00:00\",\"description\":\"R\u00e9novation maison BBC VMC MyDATEC double flux thermodynamique pompe \u00e0 chaleur travaux ventilation chauffage installation VMC \u00e9conomie d'\u00e9nergie\",\"breadcrumb\":{\"@id\":\"https:\\\/\\\/www.mydatec.com\\\/fr\\\/applications-vmc-thermodynamique\\\/renovation\\\/#breadcrumb\"},\"inLanguage\":\"fr-FR\",\"potentialAction\":[{\"@type\":\"ReadAction\",\"target\":[\"https:\\\/\\\/www.mydatec.com\\\/fr\\\/applications-vmc-thermodynamique\\\/renovation\\\/\"]}]},{\"@type\":\"ImageObject\",\"inLanguage\":\"fr-FR\",\"@id\":\"https:\\\/\\\/www.mydatec.com\\\/fr\\\/applications-vmc-thermodynamique\\\/renovation\\\/#primaryimage\",\"url\":\"https:\\\/\\\/www.mydatec.com\\\/wp-content\\\/uploads\\\/2012\\\/12\\\/ico_renovation.png\",\"contentUrl\":\"https:\\\/\\\/www.mydatec.com\\\/wp-content\\\/uploads\\\/2012\\\/12\\\/ico_renovation.png\",\"width\":\"80\",\"height\":\"80\"},{\"@type\":\"BreadcrumbList\",\"@id\":\"https:\\\/\\\/www.mydatec.com\\\/fr\\\/applications-vmc-thermodynamique\\\/renovation\\\/#breadcrumb\",\"itemListElement\":[{\"@type\":\"ListItem\",\"position\":1,\"name\":\"Accueil\",\"item\":\"https:\\\/\\\/www.mydatec.com\\\/fr\\\/\"},{\"@type\":\"ListItem\",\"position\":2,\"name\":\"Applications\",\"item\":\"https:\\\/\\\/www.mydatec.com\\\/fr\\\/applications-vmc-thermodynamique\\\/\"},{\"@type\":\"ListItem\",\"position\":3,\"name\":\"R\u00e9novation\"}]},{\"@type\":\"WebSite\",\"@id\":\"https:\\\/\\\/www.mydatec.com\\\/fr\\\/#website\",\"url\":\"https:\\\/\\\/www.mydatec.com\\\/fr\\\/\",\"name\":\"MyDATEC\",\"description\":\"La solution thermodynamique\",\"publisher\":{\"@id\":\"https:\\\/\\\/www.mydatec.com\\\/fr\\\/#organization\"},\"potentialAction\":[{\"@type\":\"SearchAction\",\"target\":{\"@type\":\"EntryPoint\",\"urlTemplate\":\"https:\\\/\\\/www.mydatec.com\\\/fr\\\/?s={search_term_string}\"},\"query-input\":{\"@type\":\"PropertyValueSpecification\",\"valueRequired\":true,\"valueName\":\"search_term_string\"}}],\"inLanguage\":\"fr-FR\"},{\"@type\":\"Organization\",\"@id\":\"https:\\\/\\\/www.mydatec.com\\\/fr\\\/#organization\",\"name\":\"MyDatec\",\"url\":\"https:\\\/\\\/www.mydatec.com\\\/fr\\\/\",\"logo\":{\"@type\":\"ImageObject\",\"inLanguage\":\"fr-FR\",\"@id\":\"https:\\\/\\\/www.mydatec.com\\\/fr\\\/#\\\/schema\\\/logo\\\/image\\\/\",\"url\":\"https:\\\/\\\/www.mydatec.com\\\/wp-content\\\/uploads\\\/2022\\\/01\\\/logo-mydatec.jpg\",\"contentUrl\":\"https:\\\/\\\/www.mydatec.com\\\/wp-content\\\/uploads\\\/2022\\\/01\\\/logo-mydatec.jpg\",\"width\":434,\"height\":351,\"caption\":\"MyDatec\"},\"image\":{\"@id\":\"https:\\\/\\\/www.mydatec.com\\\/fr\\\/#\\\/schema\\\/logo\\\/image\\\/\"},\"sameAs\":[\"http:\\\/\\\/www.linkedin.com\\\/in\\\/MyDATEC\"]}]}<\/script>\n<!-- \/ Yoast SEO plugin. -->","yoast_head_json":{"title":"R\u00e9novation maison BBC VMC MyDATEC double flux","description":"R\u00e9novation maison BBC VMC MyDATEC double flux thermodynamique pompe \u00e0 chaleur travaux ventilation chauffage installation VMC \u00e9conomie d'\u00e9nergie","robots":{"index":"index","follow":"follow","max-snippet":"max-snippet:-1","max-image-preview":"max-image-preview:large","max-video-preview":"max-video-preview:-1"},"canonical":"https:\/\/www.mydatec.com\/fr\/applications-vmc-thermodynamique\/renovation\/","og_locale":"fr_FR","og_type":"article","og_title":"R\u00e9novation maison BBC VMC MyDATEC double flux","og_description":"R\u00e9novation maison BBC VMC MyDATEC double flux thermodynamique pompe \u00e0 chaleur travaux ventilation chauffage installation VMC \u00e9conomie d'\u00e9nergie","og_url":"https:\/\/www.mydatec.com\/fr\/applications-vmc-thermodynamique\/renovation\/","og_site_name":"MyDATEC","article_modified_time":"2020-04-14T22:31:10+00:00","og_image":[{"width":80,"height":80,"url":"https:\/\/www.mydatec.com\/wp-content\/uploads\/2012\/12\/ico_renovation.png","type":"image\/png"}],"twitter_misc":{"Dur\u00e9e de lecture estim\u00e9e":"2 minutes"},"schema":{"@context":"https:\/\/schema.org","@graph":[{"@type":"WebPage","@id":"https:\/\/www.mydatec.com\/fr\/applications-vmc-thermodynamique\/renovation\/","url":"https:\/\/www.mydatec.com\/fr\/applications-vmc-thermodynamique\/renovation\/","name":"R\u00e9novation maison BBC VMC MyDATEC double flux","isPartOf":{"@id":"https:\/\/www.mydatec.com\/fr\/#website"},"primaryImageOfPage":{"@id":"https:\/\/www.mydatec.com\/fr\/applications-vmc-thermodynamique\/renovation\/#primaryimage"},"image":{"@id":"https:\/\/www.mydatec.com\/fr\/applications-vmc-thermodynamique\/renovation\/#primaryimage"},"thumbnailUrl":"https:\/\/www.mydatec.com\/wp-content\/uploads\/2012\/12\/ico_renovation.png","datePublished":"2012-12-13T12:54:18+00:00","dateModified":"2020-04-14T22:31:10+00:00","description":"R\u00e9novation maison BBC VMC MyDATEC double flux thermodynamique pompe \u00e0 chaleur travaux ventilation chauffage installation VMC \u00e9conomie d'\u00e9nergie","breadcrumb":{"@id":"https:\/\/www.mydatec.com\/fr\/applications-vmc-thermodynamique\/renovation\/#breadcrumb"},"inLanguage":"fr-FR","potentialAction":[{"@type":"ReadAction","target":["https:\/\/www.mydatec.com\/fr\/applications-vmc-thermodynamique\/renovation\/"]}]},{"@type":"ImageObject","inLanguage":"fr-FR","@id":"https:\/\/www.mydatec.com\/fr\/applications-vmc-thermodynamique\/renovation\/#primaryimage","url":"https:\/\/www.mydatec.com\/wp-content\/uploads\/2012\/12\/ico_renovation.png","contentUrl":"https:\/\/www.mydatec.com\/wp-content\/uploads\/2012\/12\/ico_renovation.png","width":"80","height":"80"},{"@type":"BreadcrumbList","@id":"https:\/\/www.mydatec.com\/fr\/applications-vmc-thermodynamique\/renovation\/#breadcrumb","itemListElement":[{"@type":"ListItem","position":1,"name":"Accueil","item":"https:\/\/www.mydatec.com\/fr\/"},{"@type":"ListItem","position":2,"name":"Applications","item":"https:\/\/www.mydatec.com\/fr\/applications-vmc-thermodynamique\/"},{"@type":"ListItem","position":3,"name":"R\u00e9novation"}]},{"@type":"WebSite","@id":"https:\/\/www.mydatec.com\/fr\/#website","url":"https:\/\/www.mydatec.com\/fr\/","name":"MyDATEC","description":"La solution thermodynamique","publisher":{"@id":"https:\/\/www.mydatec.com\/fr\/#organization"},"potentialAction":[{"@type":"SearchAction","target":{"@type":"EntryPoint","urlTemplate":"https:\/\/www.mydatec.com\/fr\/?s={search_term_string}"},"query-input":{"@type":"PropertyValueSpecification","valueRequired":true,"valueName":"search_term_string"}}],"inLanguage":"fr-FR"},{"@type":"Organization","@id":"https:\/\/www.mydatec.com\/fr\/#organization","name":"MyDatec","url":"https:\/\/www.mydatec.com\/fr\/","logo":{"@type":"ImageObject","inLanguage":"fr-FR","@id":"https:\/\/www.mydatec.com\/fr\/#\/schema\/logo\/image\/","url":"https:\/\/www.mydatec.com\/wp-content\/uploads\/2022\/01\/logo-mydatec.jpg","contentUrl":"https:\/\/www.mydatec.com\/wp-content\/uploads\/2022\/01\/logo-mydatec.jpg","width":434,"height":351,"caption":"MyDatec"},"image":{"@id":"https:\/\/www.mydatec.com\/fr\/#\/schema\/logo\/image\/"},"sameAs":["http:\/\/www.linkedin.com\/in\/MyDATEC"]}]}},"_links":{"self":[{"href":"https:\/\/www.mydatec.com\/fr\/wp-json\/wp\/v2\/pages\/88","targetHints":{"allow":["GET"]}}],"collection":[{"href":"https:\/\/www.mydatec.com\/fr\/wp-json\/wp\/v2\/pages"}],"about":[{"href":"https:\/\/www.mydatec.com\/fr\/wp-json\/wp\/v2\/types\/page"}],"author":[{"embeddable":true,"href":"https:\/\/www.mydatec.com\/fr\/wp-json\/wp\/v2\/users\/6"}],"replies":[{"embeddable":true,"href":"https:\/\/www.mydatec.com\/fr\/wp-json\/wp\/v2\/comments?post=88"}],"version-history":[{"count":4,"href":"https:\/\/www.mydatec.com\/fr\/wp-json\/wp\/v2\/pages\/88\/revisions"}],"predecessor-version":[{"id":6153,"href":"https:\/\/www.mydatec.com\/fr\/wp-json\/wp\/v2\/pages\/88\/revisions\/6153"}],"up":[{"embeddable":true,"href":"https:\/\/www.mydatec.com\/fr\/wp-json\/wp\/v2\/pages\/14"}],"wp:featuredmedia":[{"embeddable":true,"href":"https:\/\/www.mydatec.com\/fr\/wp-json\/wp\/v2\/media\/791"}],"wp:attachment":[{"href":"https:\/\/www.mydatec.com\/fr\/wp-json\/wp\/v2\/media?parent=88"}],"curies":[{"name":"wp","href":"https:\/\/api.w.org\/{rel}","templated":true}]}}