{"id":6875,"date":"2021-11-29T17:06:20","date_gmt":"2021-11-29T16:06:20","guid":{"rendered":"https:\/\/www.mydatec.com\/?page_id=6875"},"modified":"2023-01-13T14:49:31","modified_gmt":"2023-01-13T13:49:31","slug":"kit-gaine-accessoires-vmc","status":"publish","type":"page","link":"https:\/\/www.mydatec.com\/fr\/kit-gaine-accessoires-vmc\/","title":{"rendered":"3.6.2 Le kit vmc sur-mesure : r\u00e9seau a\u00e9raulique"},"content":{"rendered":"<p><div class=\"fusion-fullwidth fullwidth-box fusion-builder-row-1 fusion-flex-container nonhundred-percent-fullwidth non-hundred-percent-height-scrolling ctnr-top-h1-classique\" style=\"--awb-border-radius-top-left:0px;--awb-border-radius-top-right:0px;--awb-border-radius-bottom-right:0px;--awb-border-radius-bottom-left:0px;--awb-flex-wrap:wrap;\" ><div class=\"fusion-builder-row fusion-row fusion-flex-align-items-flex-start fusion-flex-justify-content-center fusion-flex-content-wrap\" style=\"max-width:1144px;margin-left: calc(-4% \/ 2 );margin-right: calc(-4% \/ 2 );\"><div class=\"fusion-layout-column fusion_builder_column fusion-builder-column-0 fusion_builder_column_1_1 1_1 fusion-flex-column col-texte\" style=\"--awb-bg-size:cover;--awb-width-large:100%;--awb-margin-top-large:0px;--awb-spacing-right-large:1.92%;--awb-margin-bottom-large:20px;--awb-spacing-left-large:1.92%;--awb-width-medium:100%;--awb-order-medium:0;--awb-spacing-right-medium:1.92%;--awb-spacing-left-medium:1.92%;--awb-width-small:100%;--awb-order-small:0;--awb-spacing-right-small:1.92%;--awb-spacing-left-small:1.92%;\"><div class=\"fusion-column-wrapper fusion-column-has-shadow fusion-flex-justify-content-flex-start fusion-content-layout-column\"><div class=\"fusion-title title fusion-title-1 fusion-sep-none fusion-title-text fusion-title-size-one\" style=\"--awb-margin-top-small:0px;--awb-margin-right-small:0px;--awb-margin-bottom-small:20px;--awb-margin-left-small:0px;\"><h1 class=\"fusion-title-heading title-heading-left\" style=\"margin:0;\">CONFECTION DU KIT VMC<\/h1><\/div><div class=\"fusion-text fusion-text-1\" style=\"--awb-text-transform:none;\"><p>MyDATEC fournit le <strong>kit \u00e0 pr\u00eat-\u00e0-poser <\/strong>pour assurer l\u2019installation compl\u00e8te de votre r\u00e9seau VMC.<\/p>\n<p>Plac\u00e9e au c\u0153ur du syst\u00e8me, <strong>la centrale VMC<\/strong> <strong>sera reli\u00e9e avec des branches de conduits<\/strong>. Ainsi, elle pourra assurer l\u2019extraction d\u2019air vici\u00e9 dans les pi\u00e8ces humides et des conduits destin\u00e9s au passage de l\u2019air neuf dans le b\u00e2ti.<\/p>\n<p><strong>Diff\u00e9rents accessoires <\/strong>compl\u00e8tent tous ces \u00e9l\u00e9ments afin de rendre fonctionnel votre <a href=\"https:\/\/www.mydatec.com\/reseau-vmc-aeraulique-sur-mesurre\/\"><strong>r\u00e9seau VMC.<\/strong><\/a><\/p>\n<p>Le kit complet VMC est r<strong>\u00e9alis\u00e9 et test\u00e9 par nos soins<\/strong> avant leur livraison.<\/p>\n<\/div><div class=\"fusion-image-element \" style=\"text-align:center;--awb-caption-title-font-family:var(--h2_typography-font-family);--awb-caption-title-font-weight:var(--h2_typography-font-weight);--awb-caption-title-font-style:var(--h2_typography-font-style);--awb-caption-title-size:var(--h2_typography-font-size);--awb-caption-title-transform:var(--h2_typography-text-transform);--awb-caption-title-line-height:var(--h2_typography-line-height);--awb-caption-title-letter-spacing:var(--h2_typography-letter-spacing);\"><span class=\" fusion-imageframe imageframe-none imageframe-1 hover-type-none\"><img decoding=\"async\" width=\"555\" height=\"831\" title=\"Capture d\u2019\u00e9cran 2023-01-12 161753\" src=\"https:\/\/www.mydatec.com\/wp-content\/uploads\/2023\/01\/Capture-decran-2023-01-12-161753.png\" alt class=\"img-responsive wp-image-10916\" srcset=\"https:\/\/www.mydatec.com\/wp-content\/uploads\/2023\/01\/Capture-decran-2023-01-12-161753-200x299.png 200w, https:\/\/www.mydatec.com\/wp-content\/uploads\/2023\/01\/Capture-decran-2023-01-12-161753-400x599.png 400w, https:\/\/www.mydatec.com\/wp-content\/uploads\/2023\/01\/Capture-decran-2023-01-12-161753.png 555w\" sizes=\"(max-width: 900px) 100vw, (max-width: 640px) 100vw, 555px\" \/><\/span><\/div><\/div><\/div><\/div><\/div><div class=\"fusion-fullwidth fullwidth-box fusion-builder-row-2 fusion-flex-container nonhundred-percent-fullwidth non-hundred-percent-height-scrolling ctnr-simple\" style=\"--awb-border-radius-top-left:0px;--awb-border-radius-top-right:0px;--awb-border-radius-bottom-right:0px;--awb-border-radius-bottom-left:0px;--awb-flex-wrap:wrap;\" ><div class=\"fusion-builder-row fusion-row fusion-flex-align-items-center fusion-flex-justify-content-center fusion-flex-content-wrap\" style=\"max-width:1144px;margin-left: calc(-4% \/ 2 );margin-right: calc(-4% \/ 2 );\"><div class=\"fusion-layout-column fusion_builder_column fusion-builder-column-1 fusion_builder_column_1_1 1_1 fusion-flex-column col-inside\" style=\"--awb-bg-size:cover;--awb-width-large:100%;--awb-margin-top-large:0px;--awb-spacing-right-large:1.92%;--awb-margin-bottom-large:20px;--awb-spacing-left-large:1.92%;--awb-width-medium:100%;--awb-order-medium:0;--awb-spacing-right-medium:1.92%;--awb-spacing-left-medium:1.92%;--awb-width-small:100%;--awb-order-small:0;--awb-spacing-right-small:1.92%;--awb-spacing-left-small:1.92%;\"><div class=\"fusion-column-wrapper fusion-column-has-shadow fusion-flex-justify-content-center fusion-content-layout-column\"><div class=\"fusion-text fusion-text-2\" style=\"--awb-text-transform:none;\"><h2>PR\u00c9PARATION DE VOTRE KIT VMC EN USINE<\/h2>\n<p>MyDATEC vous propose un <strong>kit sur mesure<\/strong> adapt\u00e9 aux sp\u00e9cificit\u00e9s de votre b\u00e2timent.<\/p>\n<p>Nous fabriquons <strong>des pi\u00e8ces aux dimensions exactes favorisant ainsi une installation optimale<\/strong>. Cette exactitude est indispensable pour garantir :<\/p>\n<ul>\n<li>une bonne int\u00e9gration de la future installation dans le b\u00e2ti<\/li>\n<li>une bonne coh\u00e9rence entre les \u00e9l\u00e9ments du r\u00e9seau VMC.<\/li>\n<\/ul>\n<\/div><div class=\"fusion-title title fusion-title-2 fusion-sep-none fusion-title-text fusion-title-size-three\" style=\"--awb-margin-top-small:0px;--awb-margin-right-small:0px;--awb-margin-bottom-small:20px;--awb-margin-left-small:0px;\"><h3 class=\"fusion-title-heading title-heading-left\" style=\"margin:0;\">LES COMPOSANTES DU R\u00c9SEAU VMC MyDATEC<\/h3><\/div><div class=\"fusion-text fusion-text-3\" style=\"--awb-text-transform:none;\"><p>MyDATEC con\u00e7oit tous les \u00e9l\u00e9ments qui composent votre VMC double flux.<\/p>\n<p>Elle garantit ainsi la qualit\u00e9 des \u00e9quipements et leur <strong><a href=\"https:\/\/www.mydatec.com\/reglementation-vmc\/\">ad\u00e9quation aux normes de la r\u00e9glementation en vigueur<\/a><\/strong>. Le r\u00e9seau VMC double flux de MyDATEC est constitu\u00e9 de :<\/p>\n<ul>\n<li><strong>La Centrale VMC<\/strong> dot\u00e9e d\u2019un \u00e9changeur thermodynamique. Mod\u00e8le Smart V ou Smart H<\/li>\n<li>Une prise d\u2019air neuf en fa\u00e7ade munie d\u2019une grille de protection\n<ul>\n<li>Une sortie toiture pour \u00e9vacuer l\u2019air vici\u00e9 hors du b\u00e2timent (possible en fa\u00e7ade)<\/li>\n<\/ul>\n<\/li>\n<li><strong>Caissons de r\u00e9partition<\/strong><\/li>\n<li><a href=\"https:\/\/www.mydatec.com\/bouche-extraction-insufflation-recyclage\"><strong>Bouches d\u2019extraction<\/strong><\/a> : ainsi que leur manchette de fixation dans le placoplatre.<\/li>\n<li><strong>Des gaines <\/strong>souples, r\u00e9sistantes, \u00e9tanches \u00e0 l\u2019air, insonoris\u00e9es et isol\u00e9es<\/li>\n<li><strong>Colliers et scotch <\/strong>pour le raccordement des gaines aux accessoires<\/li>\n<\/ul>\n<\/div><div class=\"fusion-title title fusion-title-3 fusion-sep-none fusion-title-text fusion-title-size-three\" style=\"--awb-margin-top-small:0px;--awb-margin-right-small:0px;--awb-margin-bottom-small:20px;--awb-margin-left-small:0px;\"><h3 class=\"fusion-title-heading title-heading-left\" style=\"margin:0;\">TEST DES COMPOSANTS DU KIT VMC<\/h3><\/div><div class=\"fusion-text fusion-text-4\" style=\"--awb-text-transform:none;\"><p>Avant de vous envoyer le kit VMC, <strong>MyDATEC s\u2019assure que chaque \u00e9l\u00e9ment ne pr\u00e9sente aucun d\u00e9faut.<\/strong><\/p>\n<p>Nous testons toujours <strong>l\u2019embo\u00eetement de chaque pi\u00e8ce<\/strong>, chacune devant \u00eatre facile \u00e0 manier et \u00e0 int\u00e9grer. Ainsi, cela vous permet de :<\/p>\n<ul>\n<li>gagner du temps,<\/li>\n<li>d\u2019\u00e9viter l\u2019interruption de l\u2019installation due \u00e0 la pr\u00e9sence d\u2019\u00e9l\u00e9ments non conformes.<\/li>\n<\/ul>\n<\/div><\/div><\/div><\/div><\/div><div class=\"fusion-fullwidth fullwidth-box fusion-builder-row-3 fusion-flex-container nonhundred-percent-fullwidth non-hundred-percent-height-scrolling ctnr-simple ctnr-gris\" style=\"--awb-border-radius-top-left:0px;--awb-border-radius-top-right:0px;--awb-border-radius-bottom-right:0px;--awb-border-radius-bottom-left:0px;--awb-flex-wrap:wrap;\" ><div class=\"fusion-builder-row fusion-row fusion-flex-align-items-center fusion-flex-justify-content-center fusion-flex-content-wrap\" style=\"max-width:1144px;margin-left: calc(-4% \/ 2 );margin-right: calc(-4% \/ 2 );\"><div class=\"fusion-layout-column fusion_builder_column fusion-builder-column-2 fusion_builder_column_1_1 1_1 fusion-flex-column col-inside\" style=\"--awb-bg-size:cover;--awb-width-large:100%;--awb-margin-top-large:0px;--awb-spacing-right-large:1.92%;--awb-margin-bottom-large:20px;--awb-spacing-left-large:1.92%;--awb-width-medium:100%;--awb-order-medium:0;--awb-spacing-right-medium:1.92%;--awb-spacing-left-medium:1.92%;--awb-width-small:100%;--awb-order-small:0;--awb-spacing-right-small:1.92%;--awb-spacing-left-small:1.92%;\"><div class=\"fusion-column-wrapper fusion-column-has-shadow fusion-flex-justify-content-center fusion-content-layout-column\"><div class=\"fusion-text fusion-text-5\" style=\"--awb-text-transform:none;\"><h2>LIVRAISON SUR CHANTIER DE VOTRE KIT VMC<\/h2>\n<p>Une fois votre commande valid\u00e9e, MyDATEC se charge de livrer tout l\u2019ensemble de votre kit VMC \u00e0 l\u2019adresse de livraison.<\/p>\n<p>Les accessoires fournis dans ce kit ont \u00e9t\u00e9 pr\u00e9par\u00e9s sur la base du sch\u00e9ma d&rsquo;implantation du r\u00e9seau complet a\u00e9raulique. Il s\u2019agit du plan d\u2019assemblage.<\/p>\n<p><strong>Une contre-v\u00e9rification par vos soins<\/strong> validera la r\u00e9ception du kit VMC de MyDATEC.<\/p>\n<\/div><div class=\"fusion-title title fusion-title-4 fusion-sep-none fusion-title-text fusion-title-size-three\" style=\"--awb-margin-top-small:0px;--awb-margin-right-small:0px;--awb-margin-bottom-small:20px;--awb-margin-left-small:0px;\"><h3 class=\"fusion-title-heading title-heading-left\" style=\"margin:0;\">V\u00c9RIFICATION DU CONTENU DU KIT<\/h3><\/div><div class=\"fusion-text fusion-text-6\" style=\"--awb-text-transform:none;\"><p><strong>Une fois r\u00e9ception de votre commande, nous vous invitons \u00e0 proc\u00e9der \u00e0 une v\u00e9rification des mat\u00e9riels<\/strong> qui vous sont fournis. Cela permet de signaler les \u00e9l\u00e9ments manquants ou de remplacer les pi\u00e8ces qui pr\u00e9sentent \u00e9ventuellement des anomalies.<\/p>\n<\/div><div class=\"fusion-title title fusion-title-5 fusion-sep-none fusion-title-text fusion-title-size-three\" style=\"--awb-margin-top-small:0px;--awb-margin-right-small:0px;--awb-margin-bottom-small:20px;--awb-margin-left-small:0px;\"><h3 class=\"fusion-title-heading title-heading-left\" style=\"margin:0;\">FOURNITURE DU PLAN D\u2019ASSEMBLAGE<\/h3><\/div><div class=\"fusion-text fusion-text-7\" style=\"--awb-text-transform:none;\"><p>MyDATEC fournit un plan d\u2019assemblage facile \u00e0 lire pour <strong>assurer correctement l\u2019installation de votre r\u00e9seau VMC<\/strong>.<\/p>\n<p>Le plan d\u2019assemblage n\u2019est autre qu\u2019un <strong>sch\u00e9ma simplifi\u00e9 <\/strong>indiquant la liaison entre les \u00e9l\u00e9ments du syst\u00e8me avec le rep\u00e9rage de chaque composant. En effet, MyDATEC utilise des l\u00e9gendes color\u00e9es pour identifier chaque \u00e9l\u00e9ment et leur emplacement au sein du r\u00e9seau.<\/p>\n<p>Le plan d\u2019assemblage est compl\u00e9t\u00e9 par le <strong>document technique du BET<\/strong>, renfermant \u00e9galement des ressources techniques utiles pour r\u00e9aliser une v\u00e9rification plus fine de la bonne coordination de ces \u00e9l\u00e9ments.<\/p>\n<\/div><\/div><\/div><\/div><\/div><div class=\"fusion-fullwidth fullwidth-box fusion-builder-row-4 fusion-flex-container nonhundred-percent-fullwidth non-hundred-percent-height-scrolling ctnr-simple\" style=\"--awb-border-radius-top-left:0px;--awb-border-radius-top-right:0px;--awb-border-radius-bottom-right:0px;--awb-border-radius-bottom-left:0px;--awb-flex-wrap:wrap;\" ><div class=\"fusion-builder-row fusion-row fusion-flex-align-items-center fusion-flex-justify-content-center fusion-flex-content-wrap\" style=\"max-width:1144px;margin-left: calc(-4% \/ 2 );margin-right: calc(-4% \/ 2 );\"><div class=\"fusion-layout-column fusion_builder_column fusion-builder-column-3 fusion_builder_column_1_1 1_1 fusion-flex-column col-inside\" style=\"--awb-bg-size:cover;--awb-width-large:100%;--awb-margin-top-large:0px;--awb-spacing-right-large:1.92%;--awb-margin-bottom-large:20px;--awb-spacing-left-large:1.92%;--awb-width-medium:100%;--awb-order-medium:0;--awb-spacing-right-medium:1.92%;--awb-spacing-left-medium:1.92%;--awb-width-small:100%;--awb-order-small:0;--awb-spacing-right-small:1.92%;--awb-spacing-left-small:1.92%;\"><div class=\"fusion-column-wrapper fusion-column-has-shadow fusion-flex-justify-content-center fusion-content-layout-column\"><div class=\"fusion-text fusion-text-8\" style=\"--awb-text-transform:none;\"><h2>SERVICE D\u2019ASSISTANCE TECHNIQUE<\/h2>\n<p>Hormis la fourniture du mat\u00e9riel et du plan d\u2019assemblage du r\u00e9seau VMC, MyDATEC met \u00e9galement \u00e0 votre disposition un service d\u2019assistance technique. Il permet de <strong>vous guider pas \u00e0 pas dans le montage de votre du circuit a\u00e9raulique<\/strong>.<\/p>\n<p>Notre service technique est <strong>disponible aux heures d\u2019ouvertures de la soci\u00e9t\u00e9. <\/strong>Nous r\u00e9pondons \u00e0 toutes vos interrogations pour vous aider \u00e0 acqu\u00e9rir les notions essentielles \u00e0 l\u2019installation de votre VMC.<\/p>\n<p>Vous pouvez <a href=\"https:\/\/www.mydatec.com\/installateur-double-flux-thermodynamique\"><strong>prendre rendez-vous avec un installateur agr\u00e9\u00e9<\/strong><\/a>\u00a0, si vous souhaitez \u00eatre assist\u00e9 durant l\u2019installation et la mise en service de votre r\u00e9seau VMC.<\/p>\n<\/div><\/div><\/div><div class=\"fusion-layout-column fusion_builder_column fusion-builder-column-4 fusion_builder_column_1_1 1_1 fusion-flex-column col-inside\" style=\"--awb-bg-size:cover;--awb-width-large:100%;--awb-margin-top-large:0px;--awb-spacing-right-large:1.92%;--awb-margin-bottom-large:20px;--awb-spacing-left-large:1.92%;--awb-width-medium:100%;--awb-order-medium:0;--awb-spacing-right-medium:1.92%;--awb-spacing-left-medium:1.92%;--awb-width-small:100%;--awb-order-small:0;--awb-spacing-right-small:1.92%;--awb-spacing-left-small:1.92%;\"><div class=\"fusion-column-wrapper fusion-column-has-shadow fusion-flex-justify-content-center fusion-content-layout-column\"><div class=\"fusion-text fusion-text-9\" style=\"--awb-text-transform:none;\"><h2>FOURNITURE ET REMPLACEMENT DE FILTRES VMC<\/h2>\n<p>MyDATEC fabrique \u00e9galement des filtres VMC pour <a href=\"https:\/\/www.mydatec.com\/filtres-pour-vmc\"><strong>remplacer les filtres\u00a0<\/strong><\/a> d\u00e9j\u00e0 existants dans votre monobloc VMC.<\/p>\n<p><strong>Les filtres s\u2019encrassent facilement et n\u00e9cessitent un entretien r\u00e9gulier<\/strong>. Sur ce point, MyDATEC vous livre des <strong>conseils pour nettoyer<\/strong> efficacement :<\/p>\n<ul>\n<li>les filtres<\/li>\n<li>Les bouches d\u2019extraction et d&rsquo;insufflation<\/li>\n<\/ul>\n<p>Toutefois, afin de garantir le bon fonctionnement du moteur, <strong>nous vous proposons de remplacer votre filtre tous les six mois<\/strong> si vous \u00eatre proche dans une grande agglom\u00e9ration ou tous les ans si vous \u00eates en campagne<\/p>\n<p>Nous avons mis en place un abonnement pour vous \u00e9viter de faire l\u2019acte d\u2019achat chaque ann\u00e9e. Ainsi les filtres arriveront dans votre bo\u00eete aux lettres et vous penserez \u00e0 les changer. Vous pouvez, au besoin, solliciter <strong>l\u2019aide d\u2019un technicien de MyDATEC<\/strong> pour un entretien sur mesure ou un remplacement de vos filtres.<\/p>\n<\/div><\/div><\/div><div class=\"fusion-layout-column fusion_builder_column fusion-builder-column-5 fusion_builder_column_1_1 1_1 fusion-flex-column col-inside\" style=\"--awb-bg-size:cover;--awb-width-large:100%;--awb-margin-top-large:0px;--awb-spacing-right-large:1.92%;--awb-margin-bottom-large:20px;--awb-spacing-left-large:1.92%;--awb-width-medium:100%;--awb-order-medium:0;--awb-spacing-right-medium:1.92%;--awb-spacing-left-medium:1.92%;--awb-width-small:100%;--awb-order-small:0;--awb-spacing-right-small:1.92%;--awb-spacing-left-small:1.92%;\"><div class=\"fusion-column-wrapper fusion-column-has-shadow fusion-flex-justify-content-center fusion-content-layout-column\"><div class=\"fusion-text fusion-text-10\" style=\"--awb-text-transform:none;\"><h2>FAITES VOTRE DEMANDE DE DEVIS<\/h2>\n<p>MyDATEC fixe un prix global pour l\u2019ensemble de ses prestations incluant :<\/p>\n<ul>\n<li>la centrale VMC,<\/li>\n<li>le kit complet a\u00e9raulique VMC,<\/li>\n<li>le service de conseils et d\u2019assistance technique.<\/li>\n<\/ul>\n<p>Afin de vous aider \u00e0 chiffrer votre projet, nous pouvons \u00e9tablir un tarif suivant les moyens mat\u00e9riels et les ressources mis \u00e0 votre disposition.<\/p>\n<p>Contactez-nous si vous souhaitez obtenir un devis gratuit !<\/p>\n<\/div><\/div><\/div><div class=\"fusion-layout-column fusion_builder_column fusion-builder-column-6 fusion_builder_column_1_1 1_1 fusion-flex-column col-devis-personnalise\" style=\"--awb-bg-size:cover;--awb-width-large:100%;--awb-margin-top-large:0px;--awb-spacing-right-large:1.92%;--awb-margin-bottom-large:20px;--awb-spacing-left-large:1.92%;--awb-width-medium:100%;--awb-order-medium:0;--awb-spacing-right-medium:1.92%;--awb-spacing-left-medium:1.92%;--awb-width-small:100%;--awb-order-small:0;--awb-spacing-right-small:1.92%;--awb-spacing-left-small:1.92%;\"><div class=\"fusion-column-wrapper fusion-column-has-shadow fusion-flex-justify-content-flex-start fusion-content-layout-column\"><\/div><\/div>\n<\/div><\/div><\/p>\n","protected":false},"excerpt":{"rendered":"","protected":false},"author":6,"featured_media":0,"parent":0,"menu_order":0,"comment_status":"closed","ping_status":"closed","template":"100-width.php","meta":{"footnotes":""},"class_list":["post-6875","page","type-page","status-publish","hentry"],"yoast_head":"<!-- This site is optimized with the Yoast SEO plugin v27.5 - https:\/\/yoast.com\/product\/yoast-seo-wordpress\/ -->\n<title>Confection de kit VMC double flux : kit a\u00e9raulique complet - MyDATEC<\/title>\n<meta name=\"description\" content=\"Votre kit VMC sur-mesure : centrale VMC, gaines, caissons de r\u00e9partitions, grilles, bouches, conduits. Qualit\u00e9 et conformit\u00e9 garanties\" \/>\n<meta name=\"robots\" content=\"index, follow, max-snippet:-1, max-image-preview:large, max-video-preview:-1\" \/>\n<link rel=\"canonical\" href=\"https:\/\/www.mydatec.com\/fr\/kit-gaine-accessoires-vmc\/\" \/>\n<meta property=\"og:locale\" content=\"fr_FR\" \/>\n<meta property=\"og:type\" content=\"article\" \/>\n<meta property=\"og:title\" content=\"Confection de kit VMC double flux : kit a\u00e9raulique complet - MyDATEC\" \/>\n<meta property=\"og:description\" content=\"Votre kit VMC sur-mesure : centrale VMC, gaines, caissons de r\u00e9partitions, grilles, bouches, conduits. Qualit\u00e9 et conformit\u00e9 garanties\" \/>\n<meta property=\"og:url\" content=\"https:\/\/www.mydatec.com\/fr\/kit-gaine-accessoires-vmc\/\" \/>\n<meta property=\"og:site_name\" content=\"MyDATEC\" \/>\n<meta property=\"article:modified_time\" content=\"2023-01-13T13:49:31+00:00\" \/>\n<meta name=\"twitter:label1\" content=\"Dur\u00e9e de lecture estim\u00e9e\" \/>\n\t<meta name=\"twitter:data1\" content=\"13 minutes\" \/>\n<script type=\"application\/ld+json\" class=\"yoast-schema-graph\">{\"@context\":\"https:\\\/\\\/schema.org\",\"@graph\":[{\"@type\":\"WebPage\",\"@id\":\"https:\\\/\\\/www.mydatec.com\\\/fr\\\/kit-gaine-accessoires-vmc\\\/\",\"url\":\"https:\\\/\\\/www.mydatec.com\\\/fr\\\/kit-gaine-accessoires-vmc\\\/\",\"name\":\"Confection de kit VMC double flux : kit a\u00e9raulique complet - MyDATEC\",\"isPartOf\":{\"@id\":\"https:\\\/\\\/www.mydatec.com\\\/fr\\\/#website\"},\"datePublished\":\"2021-11-29T16:06:20+00:00\",\"dateModified\":\"2023-01-13T13:49:31+00:00\",\"description\":\"Votre kit VMC sur-mesure : centrale VMC, gaines, caissons de r\u00e9partitions, grilles, bouches, conduits. Qualit\u00e9 et conformit\u00e9 garanties\",\"breadcrumb\":{\"@id\":\"https:\\\/\\\/www.mydatec.com\\\/fr\\\/kit-gaine-accessoires-vmc\\\/#breadcrumb\"},\"inLanguage\":\"fr-FR\",\"potentialAction\":[{\"@type\":\"ReadAction\",\"target\":[\"https:\\\/\\\/www.mydatec.com\\\/fr\\\/kit-gaine-accessoires-vmc\\\/\"]}]},{\"@type\":\"BreadcrumbList\",\"@id\":\"https:\\\/\\\/www.mydatec.com\\\/fr\\\/kit-gaine-accessoires-vmc\\\/#breadcrumb\",\"itemListElement\":[{\"@type\":\"ListItem\",\"position\":1,\"name\":\"Accueil\",\"item\":\"https:\\\/\\\/www.mydatec.com\\\/fr\\\/\"},{\"@type\":\"ListItem\",\"position\":2,\"name\":\"3.6.2 Le kit vmc sur-mesure : r\u00e9seau a\u00e9raulique\"}]},{\"@type\":\"WebSite\",\"@id\":\"https:\\\/\\\/www.mydatec.com\\\/fr\\\/#website\",\"url\":\"https:\\\/\\\/www.mydatec.com\\\/fr\\\/\",\"name\":\"MyDATEC\",\"description\":\"La solution thermodynamique\",\"publisher\":{\"@id\":\"https:\\\/\\\/www.mydatec.com\\\/fr\\\/#organization\"},\"potentialAction\":[{\"@type\":\"SearchAction\",\"target\":{\"@type\":\"EntryPoint\",\"urlTemplate\":\"https:\\\/\\\/www.mydatec.com\\\/fr\\\/?s={search_term_string}\"},\"query-input\":{\"@type\":\"PropertyValueSpecification\",\"valueRequired\":true,\"valueName\":\"search_term_string\"}}],\"inLanguage\":\"fr-FR\"},{\"@type\":\"Organization\",\"@id\":\"https:\\\/\\\/www.mydatec.com\\\/fr\\\/#organization\",\"name\":\"MyDatec\",\"url\":\"https:\\\/\\\/www.mydatec.com\\\/fr\\\/\",\"logo\":{\"@type\":\"ImageObject\",\"inLanguage\":\"fr-FR\",\"@id\":\"https:\\\/\\\/www.mydatec.com\\\/fr\\\/#\\\/schema\\\/logo\\\/image\\\/\",\"url\":\"https:\\\/\\\/www.mydatec.com\\\/wp-content\\\/uploads\\\/2022\\\/01\\\/logo-mydatec.jpg\",\"contentUrl\":\"https:\\\/\\\/www.mydatec.com\\\/wp-content\\\/uploads\\\/2022\\\/01\\\/logo-mydatec.jpg\",\"width\":434,\"height\":351,\"caption\":\"MyDatec\"},\"image\":{\"@id\":\"https:\\\/\\\/www.mydatec.com\\\/fr\\\/#\\\/schema\\\/logo\\\/image\\\/\"},\"sameAs\":[\"http:\\\/\\\/www.linkedin.com\\\/in\\\/MyDATEC\"]}]}<\/script>\n<!-- \/ Yoast SEO plugin. -->","yoast_head_json":{"title":"Confection de kit VMC double flux : kit a\u00e9raulique complet - MyDATEC","description":"Votre kit VMC sur-mesure : centrale VMC, gaines, caissons de r\u00e9partitions, grilles, bouches, conduits. Qualit\u00e9 et conformit\u00e9 garanties","robots":{"index":"index","follow":"follow","max-snippet":"max-snippet:-1","max-image-preview":"max-image-preview:large","max-video-preview":"max-video-preview:-1"},"canonical":"https:\/\/www.mydatec.com\/fr\/kit-gaine-accessoires-vmc\/","og_locale":"fr_FR","og_type":"article","og_title":"Confection de kit VMC double flux : kit a\u00e9raulique complet - MyDATEC","og_description":"Votre kit VMC sur-mesure : centrale VMC, gaines, caissons de r\u00e9partitions, grilles, bouches, conduits. Qualit\u00e9 et conformit\u00e9 garanties","og_url":"https:\/\/www.mydatec.com\/fr\/kit-gaine-accessoires-vmc\/","og_site_name":"MyDATEC","article_modified_time":"2023-01-13T13:49:31+00:00","twitter_misc":{"Dur\u00e9e de lecture estim\u00e9e":"13 minutes"},"schema":{"@context":"https:\/\/schema.org","@graph":[{"@type":"WebPage","@id":"https:\/\/www.mydatec.com\/fr\/kit-gaine-accessoires-vmc\/","url":"https:\/\/www.mydatec.com\/fr\/kit-gaine-accessoires-vmc\/","name":"Confection de kit VMC double flux : kit a\u00e9raulique complet - MyDATEC","isPartOf":{"@id":"https:\/\/www.mydatec.com\/fr\/#website"},"datePublished":"2021-11-29T16:06:20+00:00","dateModified":"2023-01-13T13:49:31+00:00","description":"Votre kit VMC sur-mesure : centrale VMC, gaines, caissons de r\u00e9partitions, grilles, bouches, conduits. Qualit\u00e9 et conformit\u00e9 garanties","breadcrumb":{"@id":"https:\/\/www.mydatec.com\/fr\/kit-gaine-accessoires-vmc\/#breadcrumb"},"inLanguage":"fr-FR","potentialAction":[{"@type":"ReadAction","target":["https:\/\/www.mydatec.com\/fr\/kit-gaine-accessoires-vmc\/"]}]},{"@type":"BreadcrumbList","@id":"https:\/\/www.mydatec.com\/fr\/kit-gaine-accessoires-vmc\/#breadcrumb","itemListElement":[{"@type":"ListItem","position":1,"name":"Accueil","item":"https:\/\/www.mydatec.com\/fr\/"},{"@type":"ListItem","position":2,"name":"3.6.2 Le kit vmc sur-mesure : r\u00e9seau a\u00e9raulique"}]},{"@type":"WebSite","@id":"https:\/\/www.mydatec.com\/fr\/#website","url":"https:\/\/www.mydatec.com\/fr\/","name":"MyDATEC","description":"La solution thermodynamique","publisher":{"@id":"https:\/\/www.mydatec.com\/fr\/#organization"},"potentialAction":[{"@type":"SearchAction","target":{"@type":"EntryPoint","urlTemplate":"https:\/\/www.mydatec.com\/fr\/?s={search_term_string}"},"query-input":{"@type":"PropertyValueSpecification","valueRequired":true,"valueName":"search_term_string"}}],"inLanguage":"fr-FR"},{"@type":"Organization","@id":"https:\/\/www.mydatec.com\/fr\/#organization","name":"MyDatec","url":"https:\/\/www.mydatec.com\/fr\/","logo":{"@type":"ImageObject","inLanguage":"fr-FR","@id":"https:\/\/www.mydatec.com\/fr\/#\/schema\/logo\/image\/","url":"https:\/\/www.mydatec.com\/wp-content\/uploads\/2022\/01\/logo-mydatec.jpg","contentUrl":"https:\/\/www.mydatec.com\/wp-content\/uploads\/2022\/01\/logo-mydatec.jpg","width":434,"height":351,"caption":"MyDatec"},"image":{"@id":"https:\/\/www.mydatec.com\/fr\/#\/schema\/logo\/image\/"},"sameAs":["http:\/\/www.linkedin.com\/in\/MyDATEC"]}]}},"_links":{"self":[{"href":"https:\/\/www.mydatec.com\/fr\/wp-json\/wp\/v2\/pages\/6875","targetHints":{"allow":["GET"]}}],"collection":[{"href":"https:\/\/www.mydatec.com\/fr\/wp-json\/wp\/v2\/pages"}],"about":[{"href":"https:\/\/www.mydatec.com\/fr\/wp-json\/wp\/v2\/types\/page"}],"author":[{"embeddable":true,"href":"https:\/\/www.mydatec.com\/fr\/wp-json\/wp\/v2\/users\/6"}],"replies":[{"embeddable":true,"href":"https:\/\/www.mydatec.com\/fr\/wp-json\/wp\/v2\/comments?post=6875"}],"version-history":[{"count":5,"href":"https:\/\/www.mydatec.com\/fr\/wp-json\/wp\/v2\/pages\/6875\/revisions"}],"predecessor-version":[{"id":10965,"href":"https:\/\/www.mydatec.com\/fr\/wp-json\/wp\/v2\/pages\/6875\/revisions\/10965"}],"wp:attachment":[{"href":"https:\/\/www.mydatec.com\/fr\/wp-json\/wp\/v2\/media?parent=6875"}],"curies":[{"name":"wp","href":"https:\/\/api.w.org\/{rel}","templated":true}]}}