{"id":6696,"date":"2021-11-27T16:07:03","date_gmt":"2021-11-27T15:07:03","guid":{"rendered":"https:\/\/www.mydatec.com\/?page_id=6696"},"modified":"2021-12-03T09:03:53","modified_gmt":"2021-12-03T08:03:53","slug":"radiateur-plancher-chauffant-electrique","status":"publish","type":"page","link":"https:\/\/www.mydatec.com\/fr\/radiateur-plancher-chauffant-electrique\/","title":{"rendered":"4.4. Radiateurs, planchers chauffants \u00e9l\u00e9ctriques&#8230;"},"content":{"rendered":"<p><div class=\"fusion-fullwidth fullwidth-box fusion-builder-row-1 fusion-flex-container nonhundred-percent-fullwidth non-hundred-percent-height-scrolling ctnr-top-h1\" style=\"--awb-border-radius-top-left:0px;--awb-border-radius-top-right:0px;--awb-border-radius-bottom-right:0px;--awb-border-radius-bottom-left:0px;--awb-flex-wrap:wrap;\" ><div class=\"fusion-builder-row fusion-row fusion-flex-align-items-flex-start fusion-flex-justify-content-center fusion-flex-content-wrap\" style=\"max-width:1144px;margin-left: calc(-4% \/ 2 );margin-right: calc(-4% \/ 2 );\"><div class=\"fusion-layout-column fusion_builder_column fusion-builder-column-0 fusion_builder_column_1_2 1_2 fusion-flex-column col-texte\" style=\"--awb-bg-size:cover;--awb-width-large:50%;--awb-margin-top-large:0px;--awb-spacing-right-large:3.84%;--awb-margin-bottom-large:20px;--awb-spacing-left-large:3.84%;--awb-width-medium:100%;--awb-order-medium:0;--awb-spacing-right-medium:1.92%;--awb-spacing-left-medium:1.92%;--awb-width-small:100%;--awb-order-small:0;--awb-spacing-right-small:1.92%;--awb-spacing-left-small:1.92%;\"><div class=\"fusion-column-wrapper fusion-column-has-shadow fusion-flex-justify-content-flex-start fusion-content-layout-column\"><div class=\"fusion-title title fusion-title-1 fusion-sep-none fusion-title-text fusion-title-size-one\" style=\"--awb-margin-top-small:0px;--awb-margin-right-small:0px;--awb-margin-bottom-small:20px;--awb-margin-left-small:0px;\"><h1 class=\"fusion-title-heading title-heading-left\" style=\"margin:0;\">Chauffage \u00e9lectrique en compl\u00e9ment d\u2019une VMC<\/h1><\/div><div class=\"fusion-text fusion-text-1\" style=\"--awb-text-transform:none;\"><p><strong>Le chauffage \u00e9lectrique comme solution d\u2019appoint ou en compl\u00e9ment d\u2019un syst\u00e8me passif reste un bon choix<\/strong>.<\/p>\n<\/div><\/div><\/div><div class=\"fusion-layout-column fusion_builder_column fusion-builder-column-1 fusion_builder_column_1_2 1_2 fusion-flex-column col-image\" style=\"--awb-bg-size:cover;--awb-width-large:50%;--awb-margin-top-large:0px;--awb-spacing-right-large:3.84%;--awb-margin-bottom-large:20px;--awb-spacing-left-large:3.84%;--awb-width-medium:100%;--awb-order-medium:0;--awb-spacing-right-medium:1.92%;--awb-spacing-left-medium:1.92%;--awb-width-small:100%;--awb-order-small:0;--awb-spacing-right-small:1.92%;--awb-spacing-left-small:1.92%;\"><div class=\"fusion-column-wrapper fusion-column-has-shadow fusion-flex-justify-content-flex-start fusion-content-layout-column\"><div class=\"fusion-image-element \" style=\"text-align:center;--awb-caption-title-font-family:var(--h2_typography-font-family);--awb-caption-title-font-weight:var(--h2_typography-font-weight);--awb-caption-title-font-style:var(--h2_typography-font-style);--awb-caption-title-size:var(--h2_typography-font-size);--awb-caption-title-transform:var(--h2_typography-text-transform);--awb-caption-title-line-height:var(--h2_typography-line-height);--awb-caption-title-letter-spacing:var(--h2_typography-letter-spacing);\"><span class=\" fusion-imageframe imageframe-none imageframe-1 hover-type-none\"><img decoding=\"async\" width=\"707\" height=\"380\" title=\"rechauffeur\" src=\"https:\/\/www.mydatec.com\/wp-content\/uploads\/2017\/01\/rechauffeur.jpg\" alt class=\"img-responsive wp-image-3883\" srcset=\"https:\/\/www.mydatec.com\/wp-content\/uploads\/2017\/01\/rechauffeur-400x215.jpg 400w, https:\/\/www.mydatec.com\/wp-content\/uploads\/2017\/01\/rechauffeur.jpg 707w\" sizes=\"(max-width: 900px) 100vw, (max-width: 640px) 100vw, 707px\" \/><\/span><\/div><\/div><\/div><\/div><\/div><div class=\"fusion-fullwidth fullwidth-box fusion-builder-row-2 fusion-flex-container nonhundred-percent-fullwidth non-hundred-percent-height-scrolling ctnr-simple\" style=\"--awb-border-radius-top-left:0px;--awb-border-radius-top-right:0px;--awb-border-radius-bottom-right:0px;--awb-border-radius-bottom-left:0px;--awb-flex-wrap:wrap;\" ><div class=\"fusion-builder-row fusion-row fusion-flex-align-items-center fusion-flex-justify-content-center fusion-flex-content-wrap\" style=\"max-width:1144px;margin-left: calc(-4% \/ 2 );margin-right: calc(-4% \/ 2 );\"><div class=\"fusion-layout-column fusion_builder_column fusion-builder-column-2 fusion_builder_column_1_1 1_1 fusion-flex-column col-inside\" style=\"--awb-bg-size:cover;--awb-width-large:100%;--awb-margin-top-large:0px;--awb-spacing-right-large:1.92%;--awb-margin-bottom-large:20px;--awb-spacing-left-large:1.92%;--awb-width-medium:100%;--awb-order-medium:0;--awb-spacing-right-medium:1.92%;--awb-spacing-left-medium:1.92%;--awb-width-small:100%;--awb-order-small:0;--awb-spacing-right-small:1.92%;--awb-spacing-left-small:1.92%;\"><div class=\"fusion-column-wrapper fusion-column-has-shadow fusion-flex-justify-content-center fusion-content-layout-column\"><div class=\"fusion-text fusion-text-2\" style=\"--awb-text-transform:none;\"><p>Comme syst\u00e8me de chauffage dit passif, la <a href=\"https:\/\/www.mydatec.com\/ventilation-pompe-a-chaleur\"><strong>VMC thermodynamique associ\u00e9e \u00e0 une pompe \u00e0 chaleur\u00a0<\/strong><\/a> ou \u00e0 une solution de g\u00e9othermie horizontale se r\u00e9v\u00e8le \u00e0 la fois <strong>performante, \u00e9conome et \u00e9cologique<\/strong>. Dans cette situation, les radiateurs \u00e9lectriques seront activ\u00e9s uniquement lorsque la temp\u00e9rature ext\u00e9rieure est tr\u00e8s faible. Sachant que dans de nombreuses r\u00e9gions, le syst\u00e8me passif MyDATEC suffit tout au long de l\u2019ann\u00e9e.<\/p>\n<p>Reste que m\u00eame dans ce cas, il existe des solutions plus int\u00e9ressantes que le chauffage \u00e9lectrique. On pense plus particuli\u00e8rement aux <a href=\"https:\/\/www.mydatec.com\/couplage-vmc-poele-a-bois\"><strong>po\u00eales \u00e0 bois\u00a0<\/strong><\/a>. Ils sont \u00e0 la fois <strong>plus \u00e9conomes et plus confortables<\/strong>, et ils peuvent en plus \u00eatre <strong>raccord\u00e9s \u00e0 la VMC double flux <a href=\"https:\/\/www.mydatec.com\/qui-sommes-nous\">MyDATEC<\/a><\/strong>\u00a0. Dans ce cas, une part de la chaleur produite par le po\u00eale est diffus\u00e9e dans l\u2019ensemble du logement \u00e0 travers les conduits de la VMC.<\/p>\n<p>\u00c0 noter que la VMC MyDATEC est compatible avec diff\u00e9rents syst\u00e8mes :<\/p>\n<ul>\n<li><a href=\"https:\/\/www.mydatec.com\/poele-granules\"><strong>Le po\u00eale \u00e0 granul\u00e9s<\/strong><\/a><\/li>\n<li><a href=\"https:\/\/www.mydatec.com\/couplage-vmc-poele-a-bois\"><strong>Le po\u00eale \u00e0 b\u00fbches<\/strong><\/a><\/li>\n<li><a href=\"https:\/\/www.mydatec.com\/puits-canadiens\"><strong>Le puits canadien<\/strong><\/a><\/li>\n<li><a href=\"https:\/\/www.mydatec.com\/chauffe-eau-ballon-ecs\"><strong>Le ballon eau chaude sanitaire (ECS) thermodynamique<\/strong><\/a><\/li>\n<li><a href=\"https:\/\/www.mydatec.com\/ventilation-pompe-a-chaleur\"><strong>La pompe \u00e0 chaleur air air (PAC)<\/strong><\/a><\/li>\n<\/ul>\n<p>Pour de plus amples informations,<\/p>\n<\/div><\/div><\/div><div class=\"fusion-layout-column fusion_builder_column fusion-builder-column-3 fusion_builder_column_1_1 1_1 fusion-flex-column col-devis-personnalise\" style=\"--awb-bg-size:cover;--awb-width-large:100%;--awb-margin-top-large:0px;--awb-spacing-right-large:1.92%;--awb-margin-bottom-large:20px;--awb-spacing-left-large:1.92%;--awb-width-medium:100%;--awb-order-medium:0;--awb-spacing-right-medium:1.92%;--awb-spacing-left-medium:1.92%;--awb-width-small:100%;--awb-order-small:0;--awb-spacing-right-small:1.92%;--awb-spacing-left-small:1.92%;\"><div class=\"fusion-column-wrapper fusion-column-has-shadow fusion-flex-justify-content-flex-start fusion-content-layout-column\"><\/div><\/div>\n<\/div><\/div><\/p>\n","protected":false},"excerpt":{"rendered":"","protected":false},"author":6,"featured_media":0,"parent":0,"menu_order":0,"comment_status":"closed","ping_status":"closed","template":"100-width.php","meta":{"footnotes":""},"class_list":["post-6696","page","type-page","status-publish","hentry"],"yoast_head":"<!-- This site is optimized with the Yoast SEO plugin v27.3 - https:\/\/yoast.com\/product\/yoast-seo-wordpress\/ -->\n<title>Radiateurs, planchers chauffants \u00e9lectriques et VMC - MyDATEC<\/title>\n<meta name=\"description\" content=\"Chauffez en p\u00e9riode de grand froid. Compl\u00e9ment de votre VMC double flux. Radiateurs, plancher chauffant \u00e9lectrique : avantages, inconv\u00e9nients\" \/>\n<meta name=\"robots\" content=\"index, follow, max-snippet:-1, max-image-preview:large, max-video-preview:-1\" \/>\n<link rel=\"canonical\" href=\"https:\/\/www.mydatec.com\/fr\/radiateur-plancher-chauffant-electrique\/\" \/>\n<meta property=\"og:locale\" content=\"fr_FR\" \/>\n<meta property=\"og:type\" content=\"article\" \/>\n<meta property=\"og:title\" content=\"Radiateurs, planchers chauffants \u00e9lectriques et VMC - MyDATEC\" \/>\n<meta property=\"og:description\" content=\"Chauffez en p\u00e9riode de grand froid. Compl\u00e9ment de votre VMC double flux. Radiateurs, plancher chauffant \u00e9lectrique : avantages, inconv\u00e9nients\" \/>\n<meta property=\"og:url\" content=\"https:\/\/www.mydatec.com\/fr\/radiateur-plancher-chauffant-electrique\/\" \/>\n<meta property=\"og:site_name\" content=\"MyDATEC\" \/>\n<meta property=\"article:modified_time\" content=\"2021-12-03T08:03:53+00:00\" \/>\n<meta name=\"twitter:label1\" content=\"Dur\u00e9e de lecture estim\u00e9e\" \/>\n\t<meta name=\"twitter:data1\" content=\"11 minutes\" \/>\n<script type=\"application\/ld+json\" class=\"yoast-schema-graph\">{\"@context\":\"https:\\\/\\\/schema.org\",\"@graph\":[{\"@type\":\"WebPage\",\"@id\":\"https:\\\/\\\/www.mydatec.com\\\/fr\\\/radiateur-plancher-chauffant-electrique\\\/\",\"url\":\"https:\\\/\\\/www.mydatec.com\\\/fr\\\/radiateur-plancher-chauffant-electrique\\\/\",\"name\":\"Radiateurs, planchers chauffants \u00e9lectriques et VMC - MyDATEC\",\"isPartOf\":{\"@id\":\"https:\\\/\\\/www.mydatec.com\\\/fr\\\/#website\"},\"datePublished\":\"2021-11-27T15:07:03+00:00\",\"dateModified\":\"2021-12-03T08:03:53+00:00\",\"description\":\"Chauffez en p\u00e9riode de grand froid. Compl\u00e9ment de votre VMC double flux. Radiateurs, plancher chauffant \u00e9lectrique : avantages, inconv\u00e9nients\",\"breadcrumb\":{\"@id\":\"https:\\\/\\\/www.mydatec.com\\\/fr\\\/radiateur-plancher-chauffant-electrique\\\/#breadcrumb\"},\"inLanguage\":\"fr-FR\",\"potentialAction\":[{\"@type\":\"ReadAction\",\"target\":[\"https:\\\/\\\/www.mydatec.com\\\/fr\\\/radiateur-plancher-chauffant-electrique\\\/\"]}]},{\"@type\":\"BreadcrumbList\",\"@id\":\"https:\\\/\\\/www.mydatec.com\\\/fr\\\/radiateur-plancher-chauffant-electrique\\\/#breadcrumb\",\"itemListElement\":[{\"@type\":\"ListItem\",\"position\":1,\"name\":\"Accueil\",\"item\":\"https:\\\/\\\/www.mydatec.com\\\/fr\\\/\"},{\"@type\":\"ListItem\",\"position\":2,\"name\":\"4.4. Radiateurs, planchers chauffants \u00e9l\u00e9ctriques&#8230;\"}]},{\"@type\":\"WebSite\",\"@id\":\"https:\\\/\\\/www.mydatec.com\\\/fr\\\/#website\",\"url\":\"https:\\\/\\\/www.mydatec.com\\\/fr\\\/\",\"name\":\"MyDATEC\",\"description\":\"La solution thermodynamique\",\"publisher\":{\"@id\":\"https:\\\/\\\/www.mydatec.com\\\/fr\\\/#organization\"},\"potentialAction\":[{\"@type\":\"SearchAction\",\"target\":{\"@type\":\"EntryPoint\",\"urlTemplate\":\"https:\\\/\\\/www.mydatec.com\\\/fr\\\/?s={search_term_string}\"},\"query-input\":{\"@type\":\"PropertyValueSpecification\",\"valueRequired\":true,\"valueName\":\"search_term_string\"}}],\"inLanguage\":\"fr-FR\"},{\"@type\":\"Organization\",\"@id\":\"https:\\\/\\\/www.mydatec.com\\\/fr\\\/#organization\",\"name\":\"MyDatec\",\"url\":\"https:\\\/\\\/www.mydatec.com\\\/fr\\\/\",\"logo\":{\"@type\":\"ImageObject\",\"inLanguage\":\"fr-FR\",\"@id\":\"https:\\\/\\\/www.mydatec.com\\\/fr\\\/#\\\/schema\\\/logo\\\/image\\\/\",\"url\":\"https:\\\/\\\/www.mydatec.com\\\/wp-content\\\/uploads\\\/2022\\\/01\\\/logo-mydatec.jpg\",\"contentUrl\":\"https:\\\/\\\/www.mydatec.com\\\/wp-content\\\/uploads\\\/2022\\\/01\\\/logo-mydatec.jpg\",\"width\":434,\"height\":351,\"caption\":\"MyDatec\"},\"image\":{\"@id\":\"https:\\\/\\\/www.mydatec.com\\\/fr\\\/#\\\/schema\\\/logo\\\/image\\\/\"},\"sameAs\":[\"http:\\\/\\\/www.linkedin.com\\\/in\\\/MyDATEC\"]}]}<\/script>\n<!-- \/ Yoast SEO plugin. -->","yoast_head_json":{"title":"Radiateurs, planchers chauffants \u00e9lectriques et VMC - MyDATEC","description":"Chauffez en p\u00e9riode de grand froid. Compl\u00e9ment de votre VMC double flux. Radiateurs, plancher chauffant \u00e9lectrique : avantages, inconv\u00e9nients","robots":{"index":"index","follow":"follow","max-snippet":"max-snippet:-1","max-image-preview":"max-image-preview:large","max-video-preview":"max-video-preview:-1"},"canonical":"https:\/\/www.mydatec.com\/fr\/radiateur-plancher-chauffant-electrique\/","og_locale":"fr_FR","og_type":"article","og_title":"Radiateurs, planchers chauffants \u00e9lectriques et VMC - MyDATEC","og_description":"Chauffez en p\u00e9riode de grand froid. Compl\u00e9ment de votre VMC double flux. Radiateurs, plancher chauffant \u00e9lectrique : avantages, inconv\u00e9nients","og_url":"https:\/\/www.mydatec.com\/fr\/radiateur-plancher-chauffant-electrique\/","og_site_name":"MyDATEC","article_modified_time":"2021-12-03T08:03:53+00:00","twitter_misc":{"Dur\u00e9e de lecture estim\u00e9e":"11 minutes"},"schema":{"@context":"https:\/\/schema.org","@graph":[{"@type":"WebPage","@id":"https:\/\/www.mydatec.com\/fr\/radiateur-plancher-chauffant-electrique\/","url":"https:\/\/www.mydatec.com\/fr\/radiateur-plancher-chauffant-electrique\/","name":"Radiateurs, planchers chauffants \u00e9lectriques et VMC - MyDATEC","isPartOf":{"@id":"https:\/\/www.mydatec.com\/fr\/#website"},"datePublished":"2021-11-27T15:07:03+00:00","dateModified":"2021-12-03T08:03:53+00:00","description":"Chauffez en p\u00e9riode de grand froid. Compl\u00e9ment de votre VMC double flux. Radiateurs, plancher chauffant \u00e9lectrique : avantages, inconv\u00e9nients","breadcrumb":{"@id":"https:\/\/www.mydatec.com\/fr\/radiateur-plancher-chauffant-electrique\/#breadcrumb"},"inLanguage":"fr-FR","potentialAction":[{"@type":"ReadAction","target":["https:\/\/www.mydatec.com\/fr\/radiateur-plancher-chauffant-electrique\/"]}]},{"@type":"BreadcrumbList","@id":"https:\/\/www.mydatec.com\/fr\/radiateur-plancher-chauffant-electrique\/#breadcrumb","itemListElement":[{"@type":"ListItem","position":1,"name":"Accueil","item":"https:\/\/www.mydatec.com\/fr\/"},{"@type":"ListItem","position":2,"name":"4.4. Radiateurs, planchers chauffants \u00e9l\u00e9ctriques&#8230;"}]},{"@type":"WebSite","@id":"https:\/\/www.mydatec.com\/fr\/#website","url":"https:\/\/www.mydatec.com\/fr\/","name":"MyDATEC","description":"La solution thermodynamique","publisher":{"@id":"https:\/\/www.mydatec.com\/fr\/#organization"},"potentialAction":[{"@type":"SearchAction","target":{"@type":"EntryPoint","urlTemplate":"https:\/\/www.mydatec.com\/fr\/?s={search_term_string}"},"query-input":{"@type":"PropertyValueSpecification","valueRequired":true,"valueName":"search_term_string"}}],"inLanguage":"fr-FR"},{"@type":"Organization","@id":"https:\/\/www.mydatec.com\/fr\/#organization","name":"MyDatec","url":"https:\/\/www.mydatec.com\/fr\/","logo":{"@type":"ImageObject","inLanguage":"fr-FR","@id":"https:\/\/www.mydatec.com\/fr\/#\/schema\/logo\/image\/","url":"https:\/\/www.mydatec.com\/wp-content\/uploads\/2022\/01\/logo-mydatec.jpg","contentUrl":"https:\/\/www.mydatec.com\/wp-content\/uploads\/2022\/01\/logo-mydatec.jpg","width":434,"height":351,"caption":"MyDatec"},"image":{"@id":"https:\/\/www.mydatec.com\/fr\/#\/schema\/logo\/image\/"},"sameAs":["http:\/\/www.linkedin.com\/in\/MyDATEC"]}]}},"_links":{"self":[{"href":"https:\/\/www.mydatec.com\/fr\/wp-json\/wp\/v2\/pages\/6696","targetHints":{"allow":["GET"]}}],"collection":[{"href":"https:\/\/www.mydatec.com\/fr\/wp-json\/wp\/v2\/pages"}],"about":[{"href":"https:\/\/www.mydatec.com\/fr\/wp-json\/wp\/v2\/types\/page"}],"author":[{"embeddable":true,"href":"https:\/\/www.mydatec.com\/fr\/wp-json\/wp\/v2\/users\/6"}],"replies":[{"embeddable":true,"href":"https:\/\/www.mydatec.com\/fr\/wp-json\/wp\/v2\/comments?post=6696"}],"version-history":[{"count":5,"href":"https:\/\/www.mydatec.com\/fr\/wp-json\/wp\/v2\/pages\/6696\/revisions"}],"predecessor-version":[{"id":7155,"href":"https:\/\/www.mydatec.com\/fr\/wp-json\/wp\/v2\/pages\/6696\/revisions\/7155"}],"wp:attachment":[{"href":"https:\/\/www.mydatec.com\/fr\/wp-json\/wp\/v2\/media?parent=6696"}],"curies":[{"name":"wp","href":"https:\/\/api.w.org\/{rel}","templated":true}]}}