{"id":4998,"date":"2018-07-10T09:56:56","date_gmt":"2018-07-10T08:56:56","guid":{"rendered":"https:\/\/www.mydatec.com\/?page_id=4998"},"modified":"2020-07-17T15:00:45","modified_gmt":"2020-07-17T14:00:45","slug":"vmc-thermodynamique-double-flux","status":"publish","type":"page","link":"https:\/\/www.mydatec.com\/fr\/vmc-thermodynamique-double-flux\/","title":{"rendered":"VMC thermodynamique double flux"},"content":{"rendered":"<h2 class=\"entry-title\">MyDatec : VMC thermodynamique \u00e0 double flux<\/h2>\n<div class=\"entry-content\">\n<p><img decoding=\"async\" width=\"160\" height=\"116\" class=\"alignnone size-full wp-image-5246\" alt=\"\" src=\"https:\/\/www.mydatec.com\/wp-content\/uploads\/2018\/09\/vmc-mydatec.png\" srcset=\"https:\/\/www.mydatec.com\/wp-content\/uploads\/2018\/09\/vmc-mydatec-31x22.png 31w, https:\/\/www.mydatec.com\/wp-content\/uploads\/2018\/09\/vmc-mydatec-38x28.png 38w, https:\/\/www.mydatec.com\/wp-content\/uploads\/2018\/09\/vmc-mydatec-148x107.png 148w, https:\/\/www.mydatec.com\/wp-content\/uploads\/2018\/09\/vmc-mydatec.png 160w\" sizes=\"(max-width: 160px) 100vw, 160px\" \/><\/p>\n<p>Le syst\u00e8me&nbsp;<a href=\"https:\/\/www.mydatec.com\/principe-vmc-thermodynamique\/machine-comment-ca-marche\/\"><strong>VMC thermodynamique \u00e0 double flux<\/strong><\/a>&nbsp;MyDATEC, assure l&rsquo;assainissement de l&rsquo;air par ventilation.<\/p>\n<p>A la fois performant et \u00e9conomique, ce syst\u00e8me permet de diffuser dans votre maison, un air filtr\u00e9, d\u00e9shumidifi\u00e9, rafra\u00eechi ou r\u00e9chauff\u00e9 selon la saison gr\u00e2ce \u00e0 sa pompe \u00e0 chaleur int\u00e9gr\u00e9e (pas d\u2019unit\u00e9 ext\u00e9rieur).<\/p>\n<p>Avec le&nbsp;<a href=\"https:\/\/www.mydatec.com\/principe-vmc-thermodynamique\/machine-comment-ca-marche\/\">concept MyDATEC<\/a>, d\u00e9couvrez le confort que vous procure la VMC thermodynamique double flux.<\/p>\n<h2>Plus d&rsquo;informations sur le VMC thermodynamique \u00e0 double flux<\/h2>\n<p>Pour en savoir davantage sur le&nbsp;<strong>VMC thermodynamique \u00e0 double flux<\/strong>,&nbsp;<a href=\"https:\/\/www.mydatec.com\/mydatec-demande-de-devis-vmc\/\">contactez-nous<\/a>.<\/p>\n<h2>Suggestion de liens \u00e0 visiter pour VMC thermodynamique double flux<\/h2>\n<div id=\"autosearch_liens\">\n<ul>\n<li id=\"aS_link_1\"><a href=\"https:\/\/www.mydatec.com\/produits-vmc-double-flux-thermodynamique\/\">vmc double flux thermodynamique prix MyDATEC<\/a><br>\nvmc double flux thermodynamique prix MyDATEC pompe \u00e0 chaleur ventilation simple flux VMC pas cher made in France ventilation m\u00e9canique contr\u00f4l\u00e9e<\/li>\n<li id=\"aS_link_2\"><a href=\"https:\/\/www.mydatec.com\/principe-vmc-thermodynamique\/machine-comment-ca-marche\/\">Comment fonctionne une Ventilation M\u00e9canique Contr\u00f4l\u00e9e VMC ?<\/a><br>\nComment fonctionne une Ventilation M\u00e9canique Contr\u00f4l\u00e9e VMC ? VMC simple flux VMC double flux thermodynamique pompe \u00e0 chaleur animation pour comprendre le fonctionnement MyDATEC<\/li>\n<li id=\"aS_link_3\"><a href=\"https:\/\/www.mydatec.com\/principe-de-la-vmc\/\">Principe VMC double flux thermodynamique<\/a><br>\nPrincipe VMC double flux thermodynamique ventilation chauffage rafra\u00eechissement pompe \u00e0 chaleur sur air extrait<\/li>\n<li id=\"aS_link_4\"><a href=\"https:\/\/www.mydatec.com\/un-bon-exemple-dapplication-de-la-vmc-double-flux-thermodynamique-mydatec-en-renovation-temoignage\/\">Un bon exemple d&rsquo;application de la VMC double flux thermodynamique MyDATEC en r\u00e9novation: T\u00e9moignage &#8211; MyDatecMyDatec<\/a><br>\nMarie et Serges nous donnent un bon exemple d\u2019application de r\u00e9novation, pour laquelle la VMC thermodynamique MyDATEC peut s\u2019averer \u00eatre un choix judicieux.<\/li>\n<li id=\"aS_link_5\"><a href=\"https:\/\/www.mydatec.com\/ventilation-par-puits-canadien\/\">MyDATEC : VMC double flux et puits canadien&nbsp;<\/a><br>\nMyDATEC : VMC double flux et puits canadien VMC double flux thermodynamique installation puits canadien climatisation chauffage et ventilation maison BBC<\/li>\n<li id=\"aS_link_6\"><a href=\"https:\/\/www.mydatec.com\/applications-vmc-thermodynamique\/mydatec-vmc-maison-neuve\/\">Construction neuve BBC VMC pompe \u00e0 chaleur MyDATEC<\/a><br>\nConstruction neuve BBC VMC pompe \u00e0 chaleur MyDATEC double flux thermodynamique ventilation chauffage air frais made in France<\/li>\n<li id=\"aS_link_7\"><a href=\"https:\/\/www.mydatec.com\/mydatec-la-vmc-thermodynamique-membre-du-cluster-rhone-alpes-depuis-2011\/\">Mydatec la VMC thermodynamique, membre du cluster Rh\u00f4ne Alpes depuis 2011MyDatec<\/a><br>\nMembre du Cluster depuis 2011, Mydatec la VMC thermodynamique a r\u00e9cemment r\u00e9pondu \u00e0 une interview pour la newsletter du cluster \u00e9co-\u00e9nergies<\/li>\n<li id=\"aS_link_8\"><a href=\"https:\/\/www.mydatec.com\/principe-vmc-thermodynamique\/\">Principe &#8211; MyDATEC les principes d&rsquo;une VMC double flux thermodynamique<\/a><br>\nPrincipe &#8211; MyDATEC les principes d&rsquo;une VMC double flux thermodynamique ventilation chauffage rafra\u00eechissement ventilez chauffez rafra\u00eechissez maison BBC<\/li>\n<li id=\"aS_link_9\"><a href=\"https:\/\/www.mydatec.com\/reference\/cest-tout-une-question-de-confort-et-dhygiene-de-vie\/\">VMC double flux thermodynamique et qualit\u00e9 de l&rsquo;air MyDATEC<\/a><br>\nVMC double flux thermodynamique et qualit\u00e9 de l&rsquo;air<\/li>\n<li id=\"aS_link_10\"><a href=\"https:\/\/www.mydatec.com\/des-references-clients-dans-votre-region\/\">T\u00e9moignages VMC<\/a><br>\nT\u00e9moignages VMC Des r\u00e9f\u00e9rences clients dans votre r\u00e9gion VMC double flux thermodynamique MyDATEC<\/li>\n<\/ul>\n<\/div>\n<\/div>\n\n\n<p><em>Toutes  les donn\u00e9es, photos publi\u00e9es sur ce site sont fournies \u00e0 titre indicatif. Elles sont susceptibles d&rsquo;\u00eatre modifi\u00e9es \u00e0 tout moment en raison de leur caract\u00e8re non contractuel .<\/em><\/p>\n","protected":false},"excerpt":{"rendered":"<p>MyDatec : VMC thermodynamique \u00e0 double flux Le syst\u00e8me&nbsp;VMC thermodynamique \u00e0 double flux&nbsp;MyDATEC, assure l&rsquo;assainissement de l&rsquo;air par ventilation. A la fois performant et \u00e9conomique,  [&#8230;]<\/p>\n","protected":false},"author":6,"featured_media":0,"parent":0,"menu_order":0,"comment_status":"closed","ping_status":"closed","template":"","meta":{"footnotes":""},"class_list":["post-4998","page","type-page","status-publish","hentry"],"yoast_head":"<!-- This site is optimized with the Yoast SEO plugin v27.5 - https:\/\/yoast.com\/product\/yoast-seo-wordpress\/ -->\n<title>VMC thermodynamique double flux facile \u00e0 installer et performante<\/title>\n<meta name=\"description\" content=\"VMC thermodynamique double flux permettant de diffuser un air filtr\u00e9, d\u00e9shumidifi\u00e9, rafra\u00eechi ou r\u00e9chauff\u00e9 selon la saison gr\u00e2ce \u00e0 sa PAC int\u00e9gr\u00e9e (pas d\u2019unit\u00e9 ext\u00e9rieur).\" \/>\n<meta name=\"robots\" content=\"index, follow, max-snippet:-1, max-image-preview:large, max-video-preview:-1\" \/>\n<link rel=\"canonical\" href=\"https:\/\/www.mydatec.com\/fr\/vmc-thermodynamique-double-flux\/\" \/>\n<meta property=\"og:locale\" content=\"fr_FR\" \/>\n<meta property=\"og:type\" content=\"article\" \/>\n<meta property=\"og:title\" content=\"VMC thermodynamique double flux facile \u00e0 installer et performante\" \/>\n<meta property=\"og:description\" content=\"VMC thermodynamique double flux permettant de diffuser un air filtr\u00e9, d\u00e9shumidifi\u00e9, rafra\u00eechi ou r\u00e9chauff\u00e9 selon la saison gr\u00e2ce \u00e0 sa PAC int\u00e9gr\u00e9e (pas d\u2019unit\u00e9 ext\u00e9rieur).\" \/>\n<meta property=\"og:url\" content=\"https:\/\/www.mydatec.com\/fr\/vmc-thermodynamique-double-flux\/\" \/>\n<meta property=\"og:site_name\" content=\"MyDATEC\" \/>\n<meta property=\"article:modified_time\" content=\"2020-07-17T14:00:45+00:00\" \/>\n<meta property=\"og:image\" content=\"https:\/\/www.mydatec.com\/wp-content\/uploads\/2018\/09\/vmc-mydatec.png\" \/>\n<meta name=\"twitter:label1\" content=\"Dur\u00e9e de lecture estim\u00e9e\" \/>\n\t<meta name=\"twitter:data1\" content=\"2 minutes\" \/>\n<script type=\"application\/ld+json\" class=\"yoast-schema-graph\">{\"@context\":\"https:\\\/\\\/schema.org\",\"@graph\":[{\"@type\":\"WebPage\",\"@id\":\"https:\\\/\\\/www.mydatec.com\\\/fr\\\/vmc-thermodynamique-double-flux\\\/\",\"url\":\"https:\\\/\\\/www.mydatec.com\\\/fr\\\/vmc-thermodynamique-double-flux\\\/\",\"name\":\"VMC thermodynamique double flux facile \u00e0 installer et performante\",\"isPartOf\":{\"@id\":\"https:\\\/\\\/www.mydatec.com\\\/fr\\\/#website\"},\"primaryImageOfPage\":{\"@id\":\"https:\\\/\\\/www.mydatec.com\\\/fr\\\/vmc-thermodynamique-double-flux\\\/#primaryimage\"},\"image\":{\"@id\":\"https:\\\/\\\/www.mydatec.com\\\/fr\\\/vmc-thermodynamique-double-flux\\\/#primaryimage\"},\"thumbnailUrl\":\"https:\\\/\\\/www.mydatec.com\\\/wp-content\\\/uploads\\\/2018\\\/09\\\/vmc-mydatec.png\",\"datePublished\":\"2018-07-10T08:56:56+00:00\",\"dateModified\":\"2020-07-17T14:00:45+00:00\",\"description\":\"VMC thermodynamique double flux permettant de diffuser un air filtr\u00e9, d\u00e9shumidifi\u00e9, rafra\u00eechi ou r\u00e9chauff\u00e9 selon la saison gr\u00e2ce \u00e0 sa PAC int\u00e9gr\u00e9e (pas d\u2019unit\u00e9 ext\u00e9rieur).\",\"breadcrumb\":{\"@id\":\"https:\\\/\\\/www.mydatec.com\\\/fr\\\/vmc-thermodynamique-double-flux\\\/#breadcrumb\"},\"inLanguage\":\"fr-FR\",\"potentialAction\":[{\"@type\":\"ReadAction\",\"target\":[\"https:\\\/\\\/www.mydatec.com\\\/fr\\\/vmc-thermodynamique-double-flux\\\/\"]}]},{\"@type\":\"ImageObject\",\"inLanguage\":\"fr-FR\",\"@id\":\"https:\\\/\\\/www.mydatec.com\\\/fr\\\/vmc-thermodynamique-double-flux\\\/#primaryimage\",\"url\":\"https:\\\/\\\/www.mydatec.com\\\/wp-content\\\/uploads\\\/2018\\\/09\\\/vmc-mydatec.png\",\"contentUrl\":\"https:\\\/\\\/www.mydatec.com\\\/wp-content\\\/uploads\\\/2018\\\/09\\\/vmc-mydatec.png\"},{\"@type\":\"BreadcrumbList\",\"@id\":\"https:\\\/\\\/www.mydatec.com\\\/fr\\\/vmc-thermodynamique-double-flux\\\/#breadcrumb\",\"itemListElement\":[{\"@type\":\"ListItem\",\"position\":1,\"name\":\"Accueil\",\"item\":\"https:\\\/\\\/www.mydatec.com\\\/fr\\\/\"},{\"@type\":\"ListItem\",\"position\":2,\"name\":\"VMC thermodynamique double flux\"}]},{\"@type\":\"WebSite\",\"@id\":\"https:\\\/\\\/www.mydatec.com\\\/fr\\\/#website\",\"url\":\"https:\\\/\\\/www.mydatec.com\\\/fr\\\/\",\"name\":\"MyDATEC\",\"description\":\"La solution thermodynamique\",\"publisher\":{\"@id\":\"https:\\\/\\\/www.mydatec.com\\\/fr\\\/#organization\"},\"potentialAction\":[{\"@type\":\"SearchAction\",\"target\":{\"@type\":\"EntryPoint\",\"urlTemplate\":\"https:\\\/\\\/www.mydatec.com\\\/fr\\\/?s={search_term_string}\"},\"query-input\":{\"@type\":\"PropertyValueSpecification\",\"valueRequired\":true,\"valueName\":\"search_term_string\"}}],\"inLanguage\":\"fr-FR\"},{\"@type\":\"Organization\",\"@id\":\"https:\\\/\\\/www.mydatec.com\\\/fr\\\/#organization\",\"name\":\"MyDatec\",\"url\":\"https:\\\/\\\/www.mydatec.com\\\/fr\\\/\",\"logo\":{\"@type\":\"ImageObject\",\"inLanguage\":\"fr-FR\",\"@id\":\"https:\\\/\\\/www.mydatec.com\\\/fr\\\/#\\\/schema\\\/logo\\\/image\\\/\",\"url\":\"https:\\\/\\\/www.mydatec.com\\\/wp-content\\\/uploads\\\/2022\\\/01\\\/logo-mydatec.jpg\",\"contentUrl\":\"https:\\\/\\\/www.mydatec.com\\\/wp-content\\\/uploads\\\/2022\\\/01\\\/logo-mydatec.jpg\",\"width\":434,\"height\":351,\"caption\":\"MyDatec\"},\"image\":{\"@id\":\"https:\\\/\\\/www.mydatec.com\\\/fr\\\/#\\\/schema\\\/logo\\\/image\\\/\"},\"sameAs\":[\"http:\\\/\\\/www.linkedin.com\\\/in\\\/MyDATEC\"]}]}<\/script>\n<!-- \/ Yoast SEO plugin. -->","yoast_head_json":{"title":"VMC thermodynamique double flux facile \u00e0 installer et performante","description":"VMC thermodynamique double flux permettant de diffuser un air filtr\u00e9, d\u00e9shumidifi\u00e9, rafra\u00eechi ou r\u00e9chauff\u00e9 selon la saison gr\u00e2ce \u00e0 sa PAC int\u00e9gr\u00e9e (pas d\u2019unit\u00e9 ext\u00e9rieur).","robots":{"index":"index","follow":"follow","max-snippet":"max-snippet:-1","max-image-preview":"max-image-preview:large","max-video-preview":"max-video-preview:-1"},"canonical":"https:\/\/www.mydatec.com\/fr\/vmc-thermodynamique-double-flux\/","og_locale":"fr_FR","og_type":"article","og_title":"VMC thermodynamique double flux facile \u00e0 installer et performante","og_description":"VMC thermodynamique double flux permettant de diffuser un air filtr\u00e9, d\u00e9shumidifi\u00e9, rafra\u00eechi ou r\u00e9chauff\u00e9 selon la saison gr\u00e2ce \u00e0 sa PAC int\u00e9gr\u00e9e (pas d\u2019unit\u00e9 ext\u00e9rieur).","og_url":"https:\/\/www.mydatec.com\/fr\/vmc-thermodynamique-double-flux\/","og_site_name":"MyDATEC","article_modified_time":"2020-07-17T14:00:45+00:00","og_image":[{"url":"https:\/\/www.mydatec.com\/wp-content\/uploads\/2018\/09\/vmc-mydatec.png","type":"","width":"","height":""}],"twitter_misc":{"Dur\u00e9e de lecture estim\u00e9e":"2 minutes"},"schema":{"@context":"https:\/\/schema.org","@graph":[{"@type":"WebPage","@id":"https:\/\/www.mydatec.com\/fr\/vmc-thermodynamique-double-flux\/","url":"https:\/\/www.mydatec.com\/fr\/vmc-thermodynamique-double-flux\/","name":"VMC thermodynamique double flux facile \u00e0 installer et performante","isPartOf":{"@id":"https:\/\/www.mydatec.com\/fr\/#website"},"primaryImageOfPage":{"@id":"https:\/\/www.mydatec.com\/fr\/vmc-thermodynamique-double-flux\/#primaryimage"},"image":{"@id":"https:\/\/www.mydatec.com\/fr\/vmc-thermodynamique-double-flux\/#primaryimage"},"thumbnailUrl":"https:\/\/www.mydatec.com\/wp-content\/uploads\/2018\/09\/vmc-mydatec.png","datePublished":"2018-07-10T08:56:56+00:00","dateModified":"2020-07-17T14:00:45+00:00","description":"VMC thermodynamique double flux permettant de diffuser un air filtr\u00e9, d\u00e9shumidifi\u00e9, rafra\u00eechi ou r\u00e9chauff\u00e9 selon la saison gr\u00e2ce \u00e0 sa PAC int\u00e9gr\u00e9e (pas d\u2019unit\u00e9 ext\u00e9rieur).","breadcrumb":{"@id":"https:\/\/www.mydatec.com\/fr\/vmc-thermodynamique-double-flux\/#breadcrumb"},"inLanguage":"fr-FR","potentialAction":[{"@type":"ReadAction","target":["https:\/\/www.mydatec.com\/fr\/vmc-thermodynamique-double-flux\/"]}]},{"@type":"ImageObject","inLanguage":"fr-FR","@id":"https:\/\/www.mydatec.com\/fr\/vmc-thermodynamique-double-flux\/#primaryimage","url":"https:\/\/www.mydatec.com\/wp-content\/uploads\/2018\/09\/vmc-mydatec.png","contentUrl":"https:\/\/www.mydatec.com\/wp-content\/uploads\/2018\/09\/vmc-mydatec.png"},{"@type":"BreadcrumbList","@id":"https:\/\/www.mydatec.com\/fr\/vmc-thermodynamique-double-flux\/#breadcrumb","itemListElement":[{"@type":"ListItem","position":1,"name":"Accueil","item":"https:\/\/www.mydatec.com\/fr\/"},{"@type":"ListItem","position":2,"name":"VMC thermodynamique double flux"}]},{"@type":"WebSite","@id":"https:\/\/www.mydatec.com\/fr\/#website","url":"https:\/\/www.mydatec.com\/fr\/","name":"MyDATEC","description":"La solution thermodynamique","publisher":{"@id":"https:\/\/www.mydatec.com\/fr\/#organization"},"potentialAction":[{"@type":"SearchAction","target":{"@type":"EntryPoint","urlTemplate":"https:\/\/www.mydatec.com\/fr\/?s={search_term_string}"},"query-input":{"@type":"PropertyValueSpecification","valueRequired":true,"valueName":"search_term_string"}}],"inLanguage":"fr-FR"},{"@type":"Organization","@id":"https:\/\/www.mydatec.com\/fr\/#organization","name":"MyDatec","url":"https:\/\/www.mydatec.com\/fr\/","logo":{"@type":"ImageObject","inLanguage":"fr-FR","@id":"https:\/\/www.mydatec.com\/fr\/#\/schema\/logo\/image\/","url":"https:\/\/www.mydatec.com\/wp-content\/uploads\/2022\/01\/logo-mydatec.jpg","contentUrl":"https:\/\/www.mydatec.com\/wp-content\/uploads\/2022\/01\/logo-mydatec.jpg","width":434,"height":351,"caption":"MyDatec"},"image":{"@id":"https:\/\/www.mydatec.com\/fr\/#\/schema\/logo\/image\/"},"sameAs":["http:\/\/www.linkedin.com\/in\/MyDATEC"]}]}},"_links":{"self":[{"href":"https:\/\/www.mydatec.com\/fr\/wp-json\/wp\/v2\/pages\/4998","targetHints":{"allow":["GET"]}}],"collection":[{"href":"https:\/\/www.mydatec.com\/fr\/wp-json\/wp\/v2\/pages"}],"about":[{"href":"https:\/\/www.mydatec.com\/fr\/wp-json\/wp\/v2\/types\/page"}],"author":[{"embeddable":true,"href":"https:\/\/www.mydatec.com\/fr\/wp-json\/wp\/v2\/users\/6"}],"replies":[{"embeddable":true,"href":"https:\/\/www.mydatec.com\/fr\/wp-json\/wp\/v2\/comments?post=4998"}],"version-history":[{"count":3,"href":"https:\/\/www.mydatec.com\/fr\/wp-json\/wp\/v2\/pages\/4998\/revisions"}],"predecessor-version":[{"id":6425,"href":"https:\/\/www.mydatec.com\/fr\/wp-json\/wp\/v2\/pages\/4998\/revisions\/6425"}],"wp:attachment":[{"href":"https:\/\/www.mydatec.com\/fr\/wp-json\/wp\/v2\/media?parent=4998"}],"curies":[{"name":"wp","href":"https:\/\/api.w.org\/{rel}","templated":true}]}}