{"id":4996,"date":"2018-07-10T09:49:37","date_gmt":"2018-07-10T08:49:37","guid":{"rendered":"https:\/\/www.mydatec.com\/?page_id=4996"},"modified":"2022-11-24T15:12:45","modified_gmt":"2022-11-24T14:12:45","slug":"rtr-3000","status":"publish","type":"page","link":"https:\/\/www.mydatec.com\/fr\/rtr-3000\/","title":{"rendered":"Remplacer un syst\u00e8me MyDATEC RTR 3000"},"content":{"rendered":"<p><div class=\"fusion-fullwidth fullwidth-box fusion-builder-row-1 fusion-flex-container nonhundred-percent-fullwidth non-hundred-percent-height-scrolling ctnr-top-h1-classique\" style=\"--awb-border-radius-top-left:0px;--awb-border-radius-top-right:0px;--awb-border-radius-bottom-right:0px;--awb-border-radius-bottom-left:0px;--awb-flex-wrap:wrap;\" ><div class=\"fusion-builder-row fusion-row fusion-flex-align-items-flex-start fusion-flex-justify-content-center fusion-flex-content-wrap\" style=\"max-width:1144px;margin-left: calc(-4% \/ 2 );margin-right: calc(-4% \/ 2 );\"><div class=\"fusion-layout-column fusion_builder_column fusion-builder-column-0 fusion_builder_column_1_1 1_1 fusion-flex-column col-texte\" style=\"--awb-bg-size:cover;--awb-width-large:100%;--awb-margin-top-large:0px;--awb-spacing-right-large:1.92%;--awb-margin-bottom-large:20px;--awb-spacing-left-large:1.92%;--awb-width-medium:100%;--awb-order-medium:0;--awb-spacing-right-medium:1.92%;--awb-spacing-left-medium:1.92%;--awb-width-small:100%;--awb-order-small:0;--awb-spacing-right-small:1.92%;--awb-spacing-left-small:1.92%;\"><div class=\"fusion-column-wrapper fusion-column-has-shadow fusion-flex-justify-content-flex-start fusion-content-layout-column\"><div class=\"fusion-title title fusion-title-1 fusion-sep-none fusion-title-text fusion-title-size-one\" style=\"--awb-margin-top-small:0px;--awb-margin-right-small:0px;--awb-margin-bottom-small:20px;--awb-margin-left-small:0px;\"><h1 class=\"fusion-title-heading title-heading-left\" style=\"margin:0;\">Comment remplacer un syst\u00e8me RTR 3000 ?<\/h1><\/div><div class=\"fusion-image-element \" style=\"text-align:center;--awb-caption-title-font-family:var(--h2_typography-font-family);--awb-caption-title-font-weight:var(--h2_typography-font-weight);--awb-caption-title-font-style:var(--h2_typography-font-style);--awb-caption-title-size:var(--h2_typography-font-size);--awb-caption-title-transform:var(--h2_typography-text-transform);--awb-caption-title-line-height:var(--h2_typography-line-height);--awb-caption-title-letter-spacing:var(--h2_typography-letter-spacing);\"><span class=\" fusion-imageframe imageframe-none imageframe-1 hover-type-none\"><img decoding=\"async\" width=\"300\" height=\"185\" title=\"RTR 3000\" src=\"https:\/\/www.mydatec.com\/wp-content\/uploads\/2022\/09\/RTR-3000-300x185.png\" alt class=\"img-responsive wp-image-10106\" srcset=\"https:\/\/www.mydatec.com\/wp-content\/uploads\/2022\/09\/RTR-3000-200x123.png 200w, https:\/\/www.mydatec.com\/wp-content\/uploads\/2022\/09\/RTR-3000.png 323w\" sizes=\"(max-width: 900px) 100vw, (max-width: 640px) 100vw, 300px\" \/><\/span><\/div><div class=\"fusion-text fusion-text-1\" style=\"--awb-text-transform:none;\"><h2>Par quel syst\u00e8me remplacer votre RTR 3000 ?<\/h2>\n<p>Vous avez l&rsquo;habitude des syst\u00e8mes MyDATEC mais votre RTR est d\u00e9sormais devenue obsol\u00e8te. Nous avons la solution pour assurer le remplacement de votre RTR 3000 par un autre mod\u00e8le de notre gamme.<\/p>\n<p>La\u00a0<strong><a href=\"https:\/\/www.mydatec.com\/produits-vmc-double-flux-thermodynamique\/smart-r\/\">RTR 3000<\/a><\/strong> a \u00e9t\u00e9 remplac\u00e9e par le <a href=\"https:\/\/www.mydatec.com\/fr\/produits-vmc-double-flux-thermodynamique\/\">syst\u00e8me SMART<\/a> , plus performant et garantissant un air renouvel\u00e9 sain et \u00e9conomique comme <a href=\"https:\/\/www.mydatec.com\/fr\/produits-vmc-double-flux-thermodynamique\/\">tous les syst\u00e8mes<\/a> <a href=\"https:\/\/www.mydatec.com\/fr\/qui-sommes-nous\/\">MyDATEC<\/a>. Ainsi vous continuez \u00e0 ventiler, chauffer et rafra\u00eechir gr\u00e2ce \u00e0 cette remise au go\u00fbt du jour !<\/p>\n<p>Aujourd\u2019hui, la version <a href=\"https:\/\/www.mydatec.com\/fr\/vmc-double-flux-thermodynamique-smart-h\/\">SMART<\/a> est plut\u00f4t utilis\u00e9e en r\u00e9novation mais aussi beaucoup pour la ventilation des petits locaux tertiaires (bureaux, cabinets m\u00e9dicaux&#8230;<\/p>\n<p>Un <strong><a href=\"https:\/\/www.mydatec.com\/fr\/kit-gaine-accessoires-vmc\/\">kit d&rsquo;adaptation sp\u00e9cifique<\/a><\/strong> vous sera propos\u00e9 afin de faciliter ce remplacement. En effet, le kit de suspension, les platines, les gaines et autres accessoires sont sp\u00e9cifiquement d\u00e9di\u00e9s au mat\u00e9riel remplac\u00e9.<\/p>\n<p>Vous souhaitez aller plus loin et en savoir plus sur cette possibilit\u00e9 de remplacement ? <a href=\"https:\/\/www.mydatec.com\/fr\/mydatec-demande-de-devis-vmc\/\">Contactez-nous !\u00a0<\/a><\/p>\n<p>Vous n&rsquo;\u00eates pas certain du mod\u00e8le que vous avez mais souhaitez avoir des informations sur les possibilit\u00e9s de remplacement ? <a href=\"https:\/\/www.mydatec.com\/fr\/mydatec-demande-de-devis-vmc\/\">Prenez rendez-vous<\/a> avec un conseiller expert MyDATEC !<\/p>\n<\/div><\/div><\/div><\/div><\/div><div class=\"fusion-fullwidth fullwidth-box fusion-builder-row-2 fusion-flex-container nonhundred-percent-fullwidth non-hundred-percent-height-scrolling ctnr-simple\" style=\"--awb-border-radius-top-left:0px;--awb-border-radius-top-right:0px;--awb-border-radius-bottom-right:0px;--awb-border-radius-bottom-left:0px;--awb-flex-wrap:wrap;\" ><div class=\"fusion-builder-row fusion-row fusion-flex-align-items-center fusion-flex-justify-content-center fusion-flex-content-wrap\" style=\"max-width:1144px;margin-left: calc(-4% \/ 2 );margin-right: calc(-4% \/ 2 );\"><div class=\"fusion-layout-column fusion_builder_column fusion-builder-column-1 fusion_builder_column_1_1 1_1 fusion-flex-column col-inside\" style=\"--awb-bg-size:cover;--awb-width-large:100%;--awb-margin-top-large:0px;--awb-spacing-right-large:1.92%;--awb-margin-bottom-large:20px;--awb-spacing-left-large:1.92%;--awb-width-medium:100%;--awb-order-medium:0;--awb-spacing-right-medium:1.92%;--awb-spacing-left-medium:1.92%;--awb-width-small:100%;--awb-order-small:0;--awb-spacing-right-small:1.92%;--awb-spacing-left-small:1.92%;\"><div class=\"fusion-column-wrapper fusion-column-has-shadow fusion-flex-justify-content-center fusion-content-layout-column\"><div class=\"fusion-text fusion-text-2\" style=\"--awb-text-transform:none;\"><h2>Ils sont satisfaits de leur remplacement ! Retrouvez, quelques t\u00e9moignages :<\/h2>\n<ul>\n<li id=\"aS_link_1\"><strong><a href=\"https:\/\/www.mydatec.com\/reference\/modele-rtr-3000-rth-mydatec-convient-parfaitement-au-remplacement-du-modele-rae-1500-de-dietrich\/\">Mod\u00e8le RTR 3000 (RTH MyDATEC) convient parfaitement au remplacement du mod\u00e8le RAE 1500 De DIETRICH<\/a><\/strong><br \/>\nMod\u00e8le RTR 3000 (RTH MyDATEC) convient parfaitement au remplacement du mod\u00e8le RAE 1500 De DIETRICH<\/li>\n<li id=\"aS_link_3\"><strong><a href=\"https:\/\/www.mydatec.com\/reference\/changeur-thermodynamique-rae\/\">Echangeur thermodynamique RAE de DIETRICH<\/a><\/strong><br \/>\nEchangeur thermodynamique RAE de DIETRICH<\/li>\n<li id=\"aS_link_4\"><strong><a href=\"https:\/\/www.mydatec.com\/reference\/pompe-a-chaleur-double-flux-airair-de-dietrich-rae-2300\/\">Remplacement PAC double flux De DIETRICH RAE 2300<\/a><\/strong><br \/>\nRemplacement PAC double flux De DIETRICH RAE 2300<\/li>\n<li id=\"aS_link_5\"><strong><a href=\"https:\/\/www.mydatec.com\/des-references-clients-dans-votre-region\/\">T\u00e9moignages VMC<\/a><\/strong><br \/>\nT\u00e9moignages VMC Des r\u00e9f\u00e9rences clients dans votre r\u00e9gion VMC double flux thermodynamique MyDATEC<\/li>\n<li id=\"aS_link_7\"><strong><a href=\"https:\/\/www.mydatec.com\/reference\/defaillance-de-notre-pompe-aeroplast-et-installation-dun-kit-complet-permettant-dadapter-la-pompe-mydatec-sur-linstallation-existante\/\">D\u00e9faillance de notre pompe AEROPLAST et installation d\u2019un kit complet permettant d\u2019adapter la pompe MyDATEC sur l\u2019installation existanteMyDatec<\/a><\/strong><br \/>\nD\u00e9faillance de notre pompe AEROPLAST et installation d\u2019un kit complet permettant d\u2019adapter la pompe MyDATEC sur l\u2019installation existante<\/li>\n<li id=\"aS_link_8\"><strong><a href=\"https:\/\/www.mydatec.com\/reference\/remplacement-pompe-a-chaleur-jacrays\/\">Remplacement d\u2019une pompe \u00e0 chaleur JACRAY\u2019S<\/a><\/strong><br \/>\nCela faisait 23 ans que j\u2019avais install\u00e9 la pompe \u00e0 chaleur JACRAY\u2019S (radiateurs \u00e9lectriques + PAC) lorsque le syst\u00e8me a irr\u00e9m\u00e9diablement rendu l\u2019\u00e2me.<\/li>\n<li id=\"aS_link_9\"><strong><a href=\"https:\/\/www.mydatec.com\/reference\/remplacement-rae-2300-de-dietrich-et-service\/\">Remplacement RAE 2300 de DIETRICH et service MyDATEC<\/a><\/strong><br \/>\nRemplacement RAE 2300 de DIETRICH et service: Apr\u00e8s une RAE 2300 en 1983, la RTH MyDATEC. Cette fid\u00e9lit\u00e9 et la meilleure preuve de notre satisfaction<\/li>\n<\/ul>\n<\/div><\/div><\/div><\/div><\/div><\/p>\n","protected":false},"excerpt":{"rendered":"","protected":false},"author":6,"featured_media":0,"parent":0,"menu_order":0,"comment_status":"closed","ping_status":"closed","template":"100-width.php","meta":{"footnotes":""},"class_list":["post-4996","page","type-page","status-publish","hentry"],"yoast_head":"<!-- This site is optimized with the Yoast SEO plugin v27.5 - https:\/\/yoast.com\/product\/yoast-seo-wordpress\/ -->\n<title>RTR 3000 remplac\u00e9e par la gamme SMART -<\/title>\n<meta name=\"description\" content=\"Le syst\u00e8me SMART H vient en remplacement de votre ancien syst\u00e8me RTR 3000 MyDATEC. L&#039;intelligence MyDATEC reste garantie !\" \/>\n<meta name=\"robots\" content=\"index, follow, max-snippet:-1, max-image-preview:large, max-video-preview:-1\" \/>\n<link rel=\"canonical\" href=\"https:\/\/www.mydatec.com\/fr\/rtr-3000\/\" \/>\n<meta property=\"og:locale\" content=\"fr_FR\" \/>\n<meta property=\"og:type\" content=\"article\" \/>\n<meta property=\"og:title\" content=\"RTR 3000 remplac\u00e9e par la gamme SMART -\" \/>\n<meta property=\"og:description\" content=\"Le syst\u00e8me SMART H vient en remplacement de votre ancien syst\u00e8me RTR 3000 MyDATEC. L&#039;intelligence MyDATEC reste garantie !\" \/>\n<meta property=\"og:url\" content=\"https:\/\/www.mydatec.com\/fr\/rtr-3000\/\" \/>\n<meta property=\"og:site_name\" content=\"MyDATEC\" \/>\n<meta property=\"article:modified_time\" content=\"2022-11-24T14:12:45+00:00\" \/>\n<meta name=\"twitter:label1\" content=\"Dur\u00e9e de lecture estim\u00e9e\" \/>\n\t<meta name=\"twitter:data1\" content=\"11 minutes\" \/>\n<script type=\"application\/ld+json\" class=\"yoast-schema-graph\">{\"@context\":\"https:\\\/\\\/schema.org\",\"@graph\":[{\"@type\":\"WebPage\",\"@id\":\"https:\\\/\\\/www.mydatec.com\\\/fr\\\/rtr-3000\\\/\",\"url\":\"https:\\\/\\\/www.mydatec.com\\\/fr\\\/rtr-3000\\\/\",\"name\":\"RTR 3000 remplac\u00e9e par la gamme SMART -\",\"isPartOf\":{\"@id\":\"https:\\\/\\\/www.mydatec.com\\\/fr\\\/#website\"},\"datePublished\":\"2018-07-10T08:49:37+00:00\",\"dateModified\":\"2022-11-24T14:12:45+00:00\",\"description\":\"Le syst\u00e8me SMART H vient en remplacement de votre ancien syst\u00e8me RTR 3000 MyDATEC. L'intelligence MyDATEC reste garantie !\",\"breadcrumb\":{\"@id\":\"https:\\\/\\\/www.mydatec.com\\\/fr\\\/rtr-3000\\\/#breadcrumb\"},\"inLanguage\":\"fr-FR\",\"potentialAction\":[{\"@type\":\"ReadAction\",\"target\":[\"https:\\\/\\\/www.mydatec.com\\\/fr\\\/rtr-3000\\\/\"]}]},{\"@type\":\"BreadcrumbList\",\"@id\":\"https:\\\/\\\/www.mydatec.com\\\/fr\\\/rtr-3000\\\/#breadcrumb\",\"itemListElement\":[{\"@type\":\"ListItem\",\"position\":1,\"name\":\"Accueil\",\"item\":\"https:\\\/\\\/www.mydatec.com\\\/fr\\\/\"},{\"@type\":\"ListItem\",\"position\":2,\"name\":\"Remplacer un syst\u00e8me MyDATEC RTR 3000\"}]},{\"@type\":\"WebSite\",\"@id\":\"https:\\\/\\\/www.mydatec.com\\\/fr\\\/#website\",\"url\":\"https:\\\/\\\/www.mydatec.com\\\/fr\\\/\",\"name\":\"MyDATEC\",\"description\":\"La solution thermodynamique\",\"publisher\":{\"@id\":\"https:\\\/\\\/www.mydatec.com\\\/fr\\\/#organization\"},\"potentialAction\":[{\"@type\":\"SearchAction\",\"target\":{\"@type\":\"EntryPoint\",\"urlTemplate\":\"https:\\\/\\\/www.mydatec.com\\\/fr\\\/?s={search_term_string}\"},\"query-input\":{\"@type\":\"PropertyValueSpecification\",\"valueRequired\":true,\"valueName\":\"search_term_string\"}}],\"inLanguage\":\"fr-FR\"},{\"@type\":\"Organization\",\"@id\":\"https:\\\/\\\/www.mydatec.com\\\/fr\\\/#organization\",\"name\":\"MyDatec\",\"url\":\"https:\\\/\\\/www.mydatec.com\\\/fr\\\/\",\"logo\":{\"@type\":\"ImageObject\",\"inLanguage\":\"fr-FR\",\"@id\":\"https:\\\/\\\/www.mydatec.com\\\/fr\\\/#\\\/schema\\\/logo\\\/image\\\/\",\"url\":\"https:\\\/\\\/www.mydatec.com\\\/wp-content\\\/uploads\\\/2022\\\/01\\\/logo-mydatec.jpg\",\"contentUrl\":\"https:\\\/\\\/www.mydatec.com\\\/wp-content\\\/uploads\\\/2022\\\/01\\\/logo-mydatec.jpg\",\"width\":434,\"height\":351,\"caption\":\"MyDatec\"},\"image\":{\"@id\":\"https:\\\/\\\/www.mydatec.com\\\/fr\\\/#\\\/schema\\\/logo\\\/image\\\/\"},\"sameAs\":[\"http:\\\/\\\/www.linkedin.com\\\/in\\\/MyDATEC\"]}]}<\/script>\n<!-- \/ Yoast SEO plugin. -->","yoast_head_json":{"title":"RTR 3000 remplac\u00e9e par la gamme SMART -","description":"Le syst\u00e8me SMART H vient en remplacement de votre ancien syst\u00e8me RTR 3000 MyDATEC. L'intelligence MyDATEC reste garantie !","robots":{"index":"index","follow":"follow","max-snippet":"max-snippet:-1","max-image-preview":"max-image-preview:large","max-video-preview":"max-video-preview:-1"},"canonical":"https:\/\/www.mydatec.com\/fr\/rtr-3000\/","og_locale":"fr_FR","og_type":"article","og_title":"RTR 3000 remplac\u00e9e par la gamme SMART -","og_description":"Le syst\u00e8me SMART H vient en remplacement de votre ancien syst\u00e8me RTR 3000 MyDATEC. L'intelligence MyDATEC reste garantie !","og_url":"https:\/\/www.mydatec.com\/fr\/rtr-3000\/","og_site_name":"MyDATEC","article_modified_time":"2022-11-24T14:12:45+00:00","twitter_misc":{"Dur\u00e9e de lecture estim\u00e9e":"11 minutes"},"schema":{"@context":"https:\/\/schema.org","@graph":[{"@type":"WebPage","@id":"https:\/\/www.mydatec.com\/fr\/rtr-3000\/","url":"https:\/\/www.mydatec.com\/fr\/rtr-3000\/","name":"RTR 3000 remplac\u00e9e par la gamme SMART -","isPartOf":{"@id":"https:\/\/www.mydatec.com\/fr\/#website"},"datePublished":"2018-07-10T08:49:37+00:00","dateModified":"2022-11-24T14:12:45+00:00","description":"Le syst\u00e8me SMART H vient en remplacement de votre ancien syst\u00e8me RTR 3000 MyDATEC. L'intelligence MyDATEC reste garantie !","breadcrumb":{"@id":"https:\/\/www.mydatec.com\/fr\/rtr-3000\/#breadcrumb"},"inLanguage":"fr-FR","potentialAction":[{"@type":"ReadAction","target":["https:\/\/www.mydatec.com\/fr\/rtr-3000\/"]}]},{"@type":"BreadcrumbList","@id":"https:\/\/www.mydatec.com\/fr\/rtr-3000\/#breadcrumb","itemListElement":[{"@type":"ListItem","position":1,"name":"Accueil","item":"https:\/\/www.mydatec.com\/fr\/"},{"@type":"ListItem","position":2,"name":"Remplacer un syst\u00e8me MyDATEC RTR 3000"}]},{"@type":"WebSite","@id":"https:\/\/www.mydatec.com\/fr\/#website","url":"https:\/\/www.mydatec.com\/fr\/","name":"MyDATEC","description":"La solution thermodynamique","publisher":{"@id":"https:\/\/www.mydatec.com\/fr\/#organization"},"potentialAction":[{"@type":"SearchAction","target":{"@type":"EntryPoint","urlTemplate":"https:\/\/www.mydatec.com\/fr\/?s={search_term_string}"},"query-input":{"@type":"PropertyValueSpecification","valueRequired":true,"valueName":"search_term_string"}}],"inLanguage":"fr-FR"},{"@type":"Organization","@id":"https:\/\/www.mydatec.com\/fr\/#organization","name":"MyDatec","url":"https:\/\/www.mydatec.com\/fr\/","logo":{"@type":"ImageObject","inLanguage":"fr-FR","@id":"https:\/\/www.mydatec.com\/fr\/#\/schema\/logo\/image\/","url":"https:\/\/www.mydatec.com\/wp-content\/uploads\/2022\/01\/logo-mydatec.jpg","contentUrl":"https:\/\/www.mydatec.com\/wp-content\/uploads\/2022\/01\/logo-mydatec.jpg","width":434,"height":351,"caption":"MyDatec"},"image":{"@id":"https:\/\/www.mydatec.com\/fr\/#\/schema\/logo\/image\/"},"sameAs":["http:\/\/www.linkedin.com\/in\/MyDATEC"]}]}},"_links":{"self":[{"href":"https:\/\/www.mydatec.com\/fr\/wp-json\/wp\/v2\/pages\/4996","targetHints":{"allow":["GET"]}}],"collection":[{"href":"https:\/\/www.mydatec.com\/fr\/wp-json\/wp\/v2\/pages"}],"about":[{"href":"https:\/\/www.mydatec.com\/fr\/wp-json\/wp\/v2\/types\/page"}],"author":[{"embeddable":true,"href":"https:\/\/www.mydatec.com\/fr\/wp-json\/wp\/v2\/users\/6"}],"replies":[{"embeddable":true,"href":"https:\/\/www.mydatec.com\/fr\/wp-json\/wp\/v2\/comments?post=4996"}],"version-history":[{"count":5,"href":"https:\/\/www.mydatec.com\/fr\/wp-json\/wp\/v2\/pages\/4996\/revisions"}],"predecessor-version":[{"id":10414,"href":"https:\/\/www.mydatec.com\/fr\/wp-json\/wp\/v2\/pages\/4996\/revisions\/10414"}],"wp:attachment":[{"href":"https:\/\/www.mydatec.com\/fr\/wp-json\/wp\/v2\/media?parent=4996"}],"curies":[{"name":"wp","href":"https:\/\/api.w.org\/{rel}","templated":true}]}}