{"id":4985,"date":"2018-07-10T09:15:43","date_gmt":"2018-07-10T08:15:43","guid":{"rendered":"https:\/\/www.mydatec.com\/?page_id=4985"},"modified":"2023-01-13T14:45:51","modified_gmt":"2023-01-13T13:45:51","slug":"remplacement-pompe-chaleur-air-air","status":"publish","type":"page","link":"https:\/\/www.mydatec.com\/fr\/remplacement-pompe-chaleur-air-air\/","title":{"rendered":"Remplacement"},"content":{"rendered":"<p><div class=\"fusion-fullwidth fullwidth-box fusion-builder-row-1 fusion-flex-container nonhundred-percent-fullwidth non-hundred-percent-height-scrolling ctnr-top-h1-classique\" style=\"--awb-border-radius-top-left:0px;--awb-border-radius-top-right:0px;--awb-border-radius-bottom-right:0px;--awb-border-radius-bottom-left:0px;--awb-flex-wrap:wrap;\" ><div class=\"fusion-builder-row fusion-row fusion-flex-align-items-flex-start fusion-flex-justify-content-center fusion-flex-content-wrap\" style=\"max-width:1144px;margin-left: calc(-4% \/ 2 );margin-right: calc(-4% \/ 2 );\"><div class=\"fusion-layout-column fusion_builder_column fusion-builder-column-0 fusion_builder_column_1_1 1_1 fusion-flex-column col-texte\" style=\"--awb-bg-size:cover;--awb-width-large:100%;--awb-margin-top-large:0px;--awb-spacing-right-large:1.92%;--awb-margin-bottom-large:20px;--awb-spacing-left-large:1.92%;--awb-width-medium:100%;--awb-order-medium:0;--awb-spacing-right-medium:1.92%;--awb-spacing-left-medium:1.92%;--awb-width-small:100%;--awb-order-small:0;--awb-spacing-right-small:1.92%;--awb-spacing-left-small:1.92%;\"><div class=\"fusion-column-wrapper fusion-column-has-shadow fusion-flex-justify-content-flex-start fusion-content-layout-column\"><div class=\"fusion-title title fusion-title-1 fusion-sep-none fusion-title-text fusion-title-size-one\" style=\"--awb-margin-top-small:0px;--awb-margin-right-small:0px;--awb-margin-bottom-small:20px;--awb-margin-left-small:0px;\"><h1 class=\"fusion-title-heading title-heading-left\" style=\"margin:0;\">Remplacer un ancien syst\u00e8me de VMC<\/h1><\/div><div class=\"fusion-text fusion-text-1\" style=\"--awb-text-transform:none;\"><p><img decoding=\"async\" class=\"alignnone size-full wp-image-10925 aligncenter\" src=\"https:\/\/www.mydatec.com\/wp-content\/uploads\/2023\/01\/Capture-decran-2023-01-12-163855.png\" alt=\"\" width=\"563\" height=\"437\" srcset=\"https:\/\/www.mydatec.com\/wp-content\/uploads\/2023\/01\/Capture-decran-2023-01-12-163855-200x155.png 200w, https:\/\/www.mydatec.com\/wp-content\/uploads\/2023\/01\/Capture-decran-2023-01-12-163855-300x233.png 300w, https:\/\/www.mydatec.com\/wp-content\/uploads\/2023\/01\/Capture-decran-2023-01-12-163855-400x310.png 400w, https:\/\/www.mydatec.com\/wp-content\/uploads\/2023\/01\/Capture-decran-2023-01-12-163855.png 563w\" sizes=\"(max-width: 563px) 100vw, 563px\" \/><\/p>\n<h2><\/h2>\n<\/div><div class=\"fusion-title title fusion-title-2 fusion-sep-none fusion-title-text fusion-title-size-one\" style=\"--awb-margin-top-small:0px;--awb-margin-right-small:0px;--awb-margin-bottom-small:20px;--awb-margin-left-small:0px;\"><h1 class=\"fusion-title-heading title-heading-left\" style=\"margin:0;\">Un nouvel air &#8230;<\/h1><\/div><div class=\"fusion-title title fusion-title-3 fusion-sep-none fusion-title-text fusion-title-size-one\" style=\"--awb-margin-top-small:0px;--awb-margin-right-small:0px;--awb-margin-bottom-small:20px;--awb-margin-left-small:0px;\"><h1 class=\"fusion-title-heading title-heading-left\" style=\"margin:0;\"><\/h1><\/div><div class=\"fusion-text fusion-text-2\" style=\"--awb-text-transform:none;\"><h2><strong>D\u00e9couvrez l\u2019assainissement de l\u2019air performant et \u00e9conomique !<\/strong><\/h2>\n<p>Un syst\u00e8me vieillissant, une panne ou le besoin d&rsquo;avoir un syst\u00e8me v\u00e9ritablement optimal ? Nous avons la <strong><a href=\"https:\/\/www.mydatec.com\/fr\/applications-vmc-thermodynamique-mydatec-vmc-maison-neuve\/\">solution pour le remplacement<\/a> <\/strong>de votre mat\u00e9riel existant !<\/p>\n<p>Avec le<strong>\u00a0<a href=\"https:\/\/www.mydatec.com\/principe-vmc-thermodynamique\/machine-comment-ca-marche\/\">concept MyDATEC<\/a>,<\/strong> vous pouvez facilement proc\u00e9der au\u00a0<strong><a href=\"https:\/\/www.mydatec.com\/applications-vmc-thermodynamique\/remplacement-vmc\/\">remplacement de votre ancien syst\u00e8me . <\/a><\/strong>On parlera alors souvent de remplacement d&rsquo;une pompe \u00e0 chaleur lorsque l&rsquo;on \u00e9voque les anciens syst\u00e8mes\u00a0 (pompe \u00e0 chaleur sur air extrait uniquement).<\/p>\n<p>Par rapport \u00e0 votre ancienne machine, la VMC thermodynamique de MyDATEC r\u00e9pond \u00e0 vos exigences de confort en toute saison, de mani\u00e8re plus performante, et avec <strong><a href=\"https:\/\/www.mydatec.com\/principe-vmc-thermodynamique\/economie-denergie\/\">moins de consommation<\/a>\u00a0<\/strong>\u00e9lectrique.<\/p>\n<\/div><div class=\"fusion-title title fusion-title-4 fusion-sep-none fusion-title-text fusion-title-size-one\" style=\"--awb-margin-top-small:0px;--awb-margin-right-small:0px;--awb-margin-bottom-small:20px;--awb-margin-left-small:0px;\"><h1 class=\"fusion-title-heading title-heading-left\" style=\"margin:0;\"><h3>Que va m&rsquo;apporter la solution de remplacement propos\u00e9e par MyDATEC ?<\/h3><\/h1><\/div><div class=\"fusion-text fusion-text-3\" style=\"--awb-text-transform:none;\"><p>Un remplacement par la solution efficace de <a href=\"https:\/\/www.mydatec.com\/fr\/produits-vmc-double-flux-thermodynamique\/\">VMC double flux thermodynamique MyDATEC<\/a> permet de diffuser dans toute la maison, un air <strong><a href=\"https:\/\/www.mydatec.com\/filtration\/\">filtr\u00e9<\/a><\/strong>, rafra\u00eechi ou r\u00e9chauff\u00e9 suivant la saison.<\/p>\n<p>Nous sommes capables de remplacer de nombreux mod\u00e8les tels que <strong>De Dietrich, Jacray&rsquo;s, Aeroplast&#8230;\u00a0<\/strong> gr\u00e2ce \u00e0 <strong><a href=\"https:\/\/www.mydatec.com\/fr\/kit-gaine-accessoires-vmc\/\">un kit complet d&rsquo;adaptation<\/a><\/strong>.<\/p>\n<p>Ce dernier vous assure un remplacement ais\u00e9 gr\u00e2ce au kit de suspension, aux platines coud\u00e9es, aux gaines, colliers de serrage et les raccords sp\u00e9cifiques li\u00e9s \u00e0 votre ancienne machine. Une notice vous permettra de suivre pas \u00e0 pas toutes les \u00e9tapes pour assurer la r\u00e9ussite du changement de syst\u00e8me.<\/p>\n<p>Un doute sur le type de mod\u00e8le vous avez \u00e0 votre domicile ? N&rsquo;h\u00e9sitez pas \u00e0 <a href=\"https:\/\/www.mydatec.com\/fr\/mydatec-demande-de-devis-vmc\/\">nous contacter<\/a> ! Un expert MyDATEC affinera avec vous les possibilit\u00e9s existantes.<\/p>\n<\/div><div ><a class=\"fusion-button button-flat fusion-button-default-size button-default fusion-button-default button-1 fusion-button-default-span fusion-button-default-type\" target=\"_self\" href=\"https:\/\/f0c4e0af.sibforms.com\/serve\/MUIEANUxik5FgKw72UYefUJ89VEPkHV4Ebk4EUOpxPHQDhnfZS9xJeD74gK-cOYlbZg2I5Iul7A7ZfPIIcWzRneDwlp8yyXhiXwoUA3nesKR6ER2Eb_GiRDA-qdcW5oJHH-HhFvNoR4gcXrwDPD09FIf3ia746ROxaUCBPko_ZTl8GtFCmCRnpqkx-QUYByaJAWrwMvKmgB3L7zE\"><span class=\"fusion-button-text awb-button__text awb-button__text--default\">Pour obtenir un devis de remplacement <\/span><\/a><\/div><div class=\"fusion-title title fusion-title-5 fusion-sep-none fusion-title-text fusion-title-size-one\" style=\"--awb-margin-top-small:0px;--awb-margin-right-small:0px;--awb-margin-bottom-small:20px;--awb-margin-left-small:0px;\"><h1 class=\"fusion-title-heading title-heading-left\" style=\"margin:0;\"><img decoding=\"async\" class=\"size-full wp-image-10916 alignleft\" src=\"https:\/\/www.mydatec.com\/wp-content\/uploads\/2023\/01\/Capture-decran-2023-01-12-161753.png\" alt=\"\" width=\"555\" height=\"831\" srcset=\"https:\/\/www.mydatec.com\/wp-content\/uploads\/2023\/01\/Capture-decran-2023-01-12-161753-200x299.png 200w, https:\/\/www.mydatec.com\/wp-content\/uploads\/2023\/01\/Capture-decran-2023-01-12-161753-400x599.png 400w, https:\/\/www.mydatec.com\/wp-content\/uploads\/2023\/01\/Capture-decran-2023-01-12-161753.png 555w\" sizes=\"(max-width: 555px) 100vw, 555px\" \/><\/h1><\/div><div class=\"fusion-title title fusion-title-6 fusion-sep-none fusion-title-text fusion-title-size-one\" style=\"--awb-margin-top-small:0px;--awb-margin-right-small:0px;--awb-margin-bottom-small:20px;--awb-margin-left-small:0px;\"><h1 class=\"fusion-title-heading title-heading-left\" style=\"margin:0;\"><h3><strong>Les principales questions que vous vous posez par rapport \u00e0 votre projet de remplacement\u00a0<\/strong><\/h3><\/h1><\/div><div class=\"fusion-text fusion-text-4\" style=\"--awb-text-transform:none;\"><ul>\n<li><em>Est-ce le syst\u00e8me MyDATEC s&rsquo;adapte dans les combles ?<\/em><\/li>\n<\/ul>\n<p>Votre nouvelle machine MYDATEC est capable de passer \u00e0 travers des trappes de visite standard. Vous pouvez donc tout \u00e0 fait la remplacer \u00e0 votre ancien syst\u00e8me existant dans les combles. Cette op\u00e9ration est tr\u00e8s courante et s&rsquo;op\u00e8re facilement.<\/p>\n<ul>\n<li><em>Combien de personnes sont n\u00e9cessaires ?<\/em><\/li>\n<\/ul>\n<p>Pour effectuer un remplacement de mani\u00e8re efficace et confortable, nous vous conseillons de r\u00e9aliser l&rsquo;op\u00e9ration \u00e0 deux personnes.<\/p>\n<ul>\n<li><em>Que dois-je faire de mon ancien syst\u00e8me ?<\/em><\/li>\n<\/ul>\n<p>La machine remplac\u00e9e doit \u00eatre d\u00e9pos\u00e9e en d\u00e9chetterie ou dans un centre de valorisation des d\u00e9chets proche de chez vous.<\/p>\n<ul>\n<li>Je ne suis pas certain d&rsquo;\u00eatre capable de savoir effectuer le remplacement moi-m\u00eame<\/li>\n<\/ul>\n<p>Nous \u00e9galement pouvons vous proposer les services d&rsquo;un installateur partenaire.<\/p>\n<\/div><div ><a class=\"fusion-button button-flat fusion-button-default-size button-default fusion-button-default button-2 fusion-button-default-span fusion-button-default-type\" target=\"_self\" href=\"https:\/\/f0c4e0af.sibforms.com\/serve\/MUIEALUZ3sVfyNZ8GyPttrCA9XNL9wcIaNw1Oj_8iyMIOOb20jEi5rOhl6p5ENjtxiFp7mfNuXGL0joD-HwtgmWvApxuHYay1kI2CqFrJ_jScOAT7PmoEW4zlYXRjb0IA49Is1zeqzdrKYRkPKqKze1Yx3i8wYWYPTmmI0p8JtrrWF8VxHCH2rmzexp_H3z4Bhy1-i7hE7zpG8lN\"><span class=\"fusion-button-text awb-button__text awb-button__text--default\">Demander un devis personnalis\u00e9<\/span><\/a><\/div><\/div><\/div><\/div><\/div><div class=\"fusion-fullwidth fullwidth-box fusion-builder-row-2 fusion-flex-container nonhundred-percent-fullwidth non-hundred-percent-height-scrolling ctnr-simple\" style=\"--awb-border-radius-top-left:0px;--awb-border-radius-top-right:0px;--awb-border-radius-bottom-right:0px;--awb-border-radius-bottom-left:0px;--awb-flex-wrap:wrap;\" ><div class=\"fusion-builder-row fusion-row fusion-flex-align-items-center fusion-flex-justify-content-center fusion-flex-content-wrap\" style=\"max-width:1144px;margin-left: calc(-4% \/ 2 );margin-right: calc(-4% \/ 2 );\"><div class=\"fusion-layout-column fusion_builder_column fusion-builder-column-1 fusion_builder_column_1_1 1_1 fusion-flex-column col-inside\" style=\"--awb-bg-size:cover;--awb-width-large:100%;--awb-margin-top-large:0px;--awb-spacing-right-large:1.92%;--awb-margin-bottom-large:20px;--awb-spacing-left-large:1.92%;--awb-width-medium:100%;--awb-order-medium:0;--awb-spacing-right-medium:1.92%;--awb-spacing-left-medium:1.92%;--awb-width-small:100%;--awb-order-small:0;--awb-spacing-right-small:1.92%;--awb-spacing-left-small:1.92%;\"><div class=\"fusion-column-wrapper fusion-column-has-shadow fusion-flex-justify-content-center fusion-content-layout-column\"><div class=\"fusion-text fusion-text-5\" style=\"--awb-text-transform:none;\"><h2>Quelques t\u00e9moignages :<\/h2>\n<ul>\n<li id=\"aS_link_1\"><strong><a href=\"https:\/\/www.mydatec.com\/reference\/remplacement-pompe-a-chaleur-air-air\/\">Remplacement pompe \u00e0 chaleur air air MyDATEC<\/a><\/strong><br \/>\nDepuis le remplacement de notre pompe \u00e0 chaleur air air par une VMC double flux thermodynamique MyDATEC, nous appr\u00e9cions notre confort retrouv\u00e9.<\/li>\n<li id=\"aS_link_2\"><strong><a href=\"https:\/\/www.mydatec.com\/reference\/remplacement-pompe-a-chaleur-air-extrait\/\">Remplacement pompe \u00e0 chaleur air extrait<\/a><\/strong><br \/>\nMa pompe \u00e0 chaleur de 20 ans \u00e9tant en panne, je ne trouvais pas de solution en remplacement pompe \u00e0 chaleur air extrait qui soit \u00e9conomique<\/li>\n<li id=\"aS_link_3\"><strong><a href=\"https:\/\/www.mydatec.com\/applications-vmc-thermodynamique\/remplacement-vmc\/\">Remplacement d\u2019anciens syst\u00e8mes VMC et pompe \u00e0 chaleur<\/a><\/strong><br \/>\nRemplacement d\u2019anciens syst\u00e8mes VMC et pompe \u00e0 chaleur par VMC double flux thermodynamique myDATEC De dietrich RAE AEROPLAST COMELA JACRAY\u2019S NATHER<\/li>\n<li id=\"aS_link_4\"><strong><a href=\"https:\/\/www.mydatec.com\/fr\/pompe-a-chaleur-air-air\/\">Remplacement pompe \u00e0 chaleur Air-Air MyDATEC<\/a><\/strong><br \/>\nLa VMC fonctionne en permanence. Nous avons pu l\u2019appr\u00e9cier lors des grandes chaleurs de l\u2019\u00e9t\u00e9. Il faisait m\u00eame un peu frais la nuit dans les chambres !<\/li>\n<li id=\"aS_link_5\"><strong><a href=\"https:\/\/www.mydatec.com\/reference\/remplacement-pompe-a-chaleur\/\">Remplacement pompe \u00e0 chaleur \u2013 MyDATEC<\/a><\/strong><br \/>\nRemplacement pompe \u00e0 chaleur AIR-AIR extrait<\/li>\n<li id=\"aS_link_7\"><strong><a href=\"https:\/\/www.mydatec.com\/reference\/pompe-a-chaleur-double-flux\/\">Remplacement Pompe \u00e0 chaleur double flux air-air<\/a><\/strong><br \/>\nNous avons une pompe \u00e0 chaleur double flux air-air depuis 1980. Je l\u2019ai remplac\u00e9 apr\u00e8s 25 ans par une VMC thermodynamique RTH MyDATEC.<\/li>\n<li id=\"aS_link_8\"><strong><a href=\"https:\/\/www.mydatec.com\/reference\/remplacement-pompe-a-chaleur-sur-air-extrait\/\">Remplacement pompe \u00e0 chaleur sur air extrait<\/a><\/strong><br \/>\nC\u2019\u00e9tait pour remplacer mon ancienne pompe \u00e0 chaleur sur air extrait, que j\u2019ai trouv\u00e9 les coordonn\u00e9es de GAC-MyDATEC sur internet.<\/li>\n<\/ul>\n<\/div><div ><a class=\"fusion-button button-flat fusion-button-default-size button-default fusion-button-default button-3 fusion-button-default-span fusion-button-default-type\" target=\"_self\" href=\"https:\/\/f0c4e0af.sibforms.com\/serve\/MUIEALUZ3sVfyNZ8GyPttrCA9XNL9wcIaNw1Oj_8iyMIOOb20jEi5rOhl6p5ENjtxiFp7mfNuXGL0joD-HwtgmWvApxuHYay1kI2CqFrJ_jScOAT7PmoEW4zlYXRjb0IA49Is1zeqzdrKYRkPKqKze1Yx3i8wYWYPTmmI0p8JtrrWF8VxHCH2rmzexp_H3z4Bhy1-i7hE7zpG8lN\"><span class=\"fusion-button-text awb-button__text awb-button__text--default\">Nous contacter pour obtenir une \u00e9tude de votre projet<\/span><\/a><\/div><\/div><\/div><\/div><\/div><\/p>\n","protected":false},"excerpt":{"rendered":"","protected":false},"author":6,"featured_media":0,"parent":0,"menu_order":0,"comment_status":"closed","ping_status":"closed","template":"","meta":{"footnotes":""},"class_list":["post-4985","page","type-page","status-publish","hentry"],"yoast_head":"<!-- This site is optimized with the Yoast SEO plugin v27.5 - https:\/\/yoast.com\/product\/yoast-seo-wordpress\/ -->\n<title>Remplacement remplacement<\/title>\n<meta name=\"description\" content=\"Remplacer de mani\u00e8re simple et efficace une PAC ou une VMC devenue vieillissante gr\u00e2ce au kit d&#039;adaptation MYDATEC.\" \/>\n<meta name=\"robots\" content=\"index, follow, max-snippet:-1, max-image-preview:large, max-video-preview:-1\" \/>\n<link rel=\"canonical\" href=\"https:\/\/www.mydatec.com\/fr\/remplacement-pompe-chaleur-air-air\/\" \/>\n<meta property=\"og:locale\" content=\"fr_FR\" \/>\n<meta property=\"og:type\" content=\"article\" \/>\n<meta property=\"og:title\" content=\"Remplacement remplacement\" \/>\n<meta property=\"og:description\" content=\"Remplacer de mani\u00e8re simple et efficace une PAC ou une VMC devenue vieillissante gr\u00e2ce au kit d&#039;adaptation MYDATEC.\" \/>\n<meta property=\"og:url\" content=\"https:\/\/www.mydatec.com\/fr\/remplacement-pompe-chaleur-air-air\/\" \/>\n<meta property=\"og:site_name\" content=\"MyDATEC\" \/>\n<meta property=\"article:modified_time\" content=\"2023-01-13T13:45:51+00:00\" \/>\n<meta property=\"og:image\" content=\"https:\/\/www.mydatec.com\/wp-content\/uploads\/2023\/01\/Capture-decran-2023-01-12-163855.png\" \/>\n<meta name=\"twitter:label1\" content=\"Dur\u00e9e de lecture estim\u00e9e\" \/>\n\t<meta name=\"twitter:data1\" content=\"20 minutes\" \/>\n<script type=\"application\/ld+json\" class=\"yoast-schema-graph\">{\"@context\":\"https:\\\/\\\/schema.org\",\"@graph\":[{\"@type\":\"WebPage\",\"@id\":\"https:\\\/\\\/www.mydatec.com\\\/fr\\\/remplacement-pompe-chaleur-air-air\\\/\",\"url\":\"https:\\\/\\\/www.mydatec.com\\\/fr\\\/remplacement-pompe-chaleur-air-air\\\/\",\"name\":\"Remplacement remplacement\",\"isPartOf\":{\"@id\":\"https:\\\/\\\/www.mydatec.com\\\/fr\\\/#website\"},\"primaryImageOfPage\":{\"@id\":\"https:\\\/\\\/www.mydatec.com\\\/fr\\\/remplacement-pompe-chaleur-air-air\\\/#primaryimage\"},\"image\":{\"@id\":\"https:\\\/\\\/www.mydatec.com\\\/fr\\\/remplacement-pompe-chaleur-air-air\\\/#primaryimage\"},\"thumbnailUrl\":\"https:\\\/\\\/www.mydatec.com\\\/wp-content\\\/uploads\\\/2023\\\/01\\\/Capture-decran-2023-01-12-163855.png\",\"datePublished\":\"2018-07-10T08:15:43+00:00\",\"dateModified\":\"2023-01-13T13:45:51+00:00\",\"description\":\"Remplacer de mani\u00e8re simple et efficace une PAC ou une VMC devenue vieillissante gr\u00e2ce au kit d'adaptation MYDATEC.\",\"breadcrumb\":{\"@id\":\"https:\\\/\\\/www.mydatec.com\\\/fr\\\/remplacement-pompe-chaleur-air-air\\\/#breadcrumb\"},\"inLanguage\":\"fr-FR\",\"potentialAction\":[{\"@type\":\"ReadAction\",\"target\":[\"https:\\\/\\\/www.mydatec.com\\\/fr\\\/remplacement-pompe-chaleur-air-air\\\/\"]}]},{\"@type\":\"ImageObject\",\"inLanguage\":\"fr-FR\",\"@id\":\"https:\\\/\\\/www.mydatec.com\\\/fr\\\/remplacement-pompe-chaleur-air-air\\\/#primaryimage\",\"url\":\"https:\\\/\\\/www.mydatec.com\\\/wp-content\\\/uploads\\\/2023\\\/01\\\/Capture-decran-2023-01-12-163855.png\",\"contentUrl\":\"https:\\\/\\\/www.mydatec.com\\\/wp-content\\\/uploads\\\/2023\\\/01\\\/Capture-decran-2023-01-12-163855.png\"},{\"@type\":\"BreadcrumbList\",\"@id\":\"https:\\\/\\\/www.mydatec.com\\\/fr\\\/remplacement-pompe-chaleur-air-air\\\/#breadcrumb\",\"itemListElement\":[{\"@type\":\"ListItem\",\"position\":1,\"name\":\"Accueil\",\"item\":\"https:\\\/\\\/www.mydatec.com\\\/fr\\\/\"},{\"@type\":\"ListItem\",\"position\":2,\"name\":\"Remplacement\"}]},{\"@type\":\"WebSite\",\"@id\":\"https:\\\/\\\/www.mydatec.com\\\/fr\\\/#website\",\"url\":\"https:\\\/\\\/www.mydatec.com\\\/fr\\\/\",\"name\":\"MyDATEC\",\"description\":\"La solution thermodynamique\",\"publisher\":{\"@id\":\"https:\\\/\\\/www.mydatec.com\\\/fr\\\/#organization\"},\"potentialAction\":[{\"@type\":\"SearchAction\",\"target\":{\"@type\":\"EntryPoint\",\"urlTemplate\":\"https:\\\/\\\/www.mydatec.com\\\/fr\\\/?s={search_term_string}\"},\"query-input\":{\"@type\":\"PropertyValueSpecification\",\"valueRequired\":true,\"valueName\":\"search_term_string\"}}],\"inLanguage\":\"fr-FR\"},{\"@type\":\"Organization\",\"@id\":\"https:\\\/\\\/www.mydatec.com\\\/fr\\\/#organization\",\"name\":\"MyDatec\",\"url\":\"https:\\\/\\\/www.mydatec.com\\\/fr\\\/\",\"logo\":{\"@type\":\"ImageObject\",\"inLanguage\":\"fr-FR\",\"@id\":\"https:\\\/\\\/www.mydatec.com\\\/fr\\\/#\\\/schema\\\/logo\\\/image\\\/\",\"url\":\"https:\\\/\\\/www.mydatec.com\\\/wp-content\\\/uploads\\\/2022\\\/01\\\/logo-mydatec.jpg\",\"contentUrl\":\"https:\\\/\\\/www.mydatec.com\\\/wp-content\\\/uploads\\\/2022\\\/01\\\/logo-mydatec.jpg\",\"width\":434,\"height\":351,\"caption\":\"MyDatec\"},\"image\":{\"@id\":\"https:\\\/\\\/www.mydatec.com\\\/fr\\\/#\\\/schema\\\/logo\\\/image\\\/\"},\"sameAs\":[\"http:\\\/\\\/www.linkedin.com\\\/in\\\/MyDATEC\"]}]}<\/script>\n<!-- \/ Yoast SEO plugin. -->","yoast_head_json":{"title":"Remplacement remplacement","description":"Remplacer de mani\u00e8re simple et efficace une PAC ou une VMC devenue vieillissante gr\u00e2ce au kit d'adaptation MYDATEC.","robots":{"index":"index","follow":"follow","max-snippet":"max-snippet:-1","max-image-preview":"max-image-preview:large","max-video-preview":"max-video-preview:-1"},"canonical":"https:\/\/www.mydatec.com\/fr\/remplacement-pompe-chaleur-air-air\/","og_locale":"fr_FR","og_type":"article","og_title":"Remplacement remplacement","og_description":"Remplacer de mani\u00e8re simple et efficace une PAC ou une VMC devenue vieillissante gr\u00e2ce au kit d'adaptation MYDATEC.","og_url":"https:\/\/www.mydatec.com\/fr\/remplacement-pompe-chaleur-air-air\/","og_site_name":"MyDATEC","article_modified_time":"2023-01-13T13:45:51+00:00","og_image":[{"url":"https:\/\/www.mydatec.com\/wp-content\/uploads\/2023\/01\/Capture-decran-2023-01-12-163855.png","type":"","width":"","height":""}],"twitter_misc":{"Dur\u00e9e de lecture estim\u00e9e":"20 minutes"},"schema":{"@context":"https:\/\/schema.org","@graph":[{"@type":"WebPage","@id":"https:\/\/www.mydatec.com\/fr\/remplacement-pompe-chaleur-air-air\/","url":"https:\/\/www.mydatec.com\/fr\/remplacement-pompe-chaleur-air-air\/","name":"Remplacement remplacement","isPartOf":{"@id":"https:\/\/www.mydatec.com\/fr\/#website"},"primaryImageOfPage":{"@id":"https:\/\/www.mydatec.com\/fr\/remplacement-pompe-chaleur-air-air\/#primaryimage"},"image":{"@id":"https:\/\/www.mydatec.com\/fr\/remplacement-pompe-chaleur-air-air\/#primaryimage"},"thumbnailUrl":"https:\/\/www.mydatec.com\/wp-content\/uploads\/2023\/01\/Capture-decran-2023-01-12-163855.png","datePublished":"2018-07-10T08:15:43+00:00","dateModified":"2023-01-13T13:45:51+00:00","description":"Remplacer de mani\u00e8re simple et efficace une PAC ou une VMC devenue vieillissante gr\u00e2ce au kit d'adaptation MYDATEC.","breadcrumb":{"@id":"https:\/\/www.mydatec.com\/fr\/remplacement-pompe-chaleur-air-air\/#breadcrumb"},"inLanguage":"fr-FR","potentialAction":[{"@type":"ReadAction","target":["https:\/\/www.mydatec.com\/fr\/remplacement-pompe-chaleur-air-air\/"]}]},{"@type":"ImageObject","inLanguage":"fr-FR","@id":"https:\/\/www.mydatec.com\/fr\/remplacement-pompe-chaleur-air-air\/#primaryimage","url":"https:\/\/www.mydatec.com\/wp-content\/uploads\/2023\/01\/Capture-decran-2023-01-12-163855.png","contentUrl":"https:\/\/www.mydatec.com\/wp-content\/uploads\/2023\/01\/Capture-decran-2023-01-12-163855.png"},{"@type":"BreadcrumbList","@id":"https:\/\/www.mydatec.com\/fr\/remplacement-pompe-chaleur-air-air\/#breadcrumb","itemListElement":[{"@type":"ListItem","position":1,"name":"Accueil","item":"https:\/\/www.mydatec.com\/fr\/"},{"@type":"ListItem","position":2,"name":"Remplacement"}]},{"@type":"WebSite","@id":"https:\/\/www.mydatec.com\/fr\/#website","url":"https:\/\/www.mydatec.com\/fr\/","name":"MyDATEC","description":"La solution thermodynamique","publisher":{"@id":"https:\/\/www.mydatec.com\/fr\/#organization"},"potentialAction":[{"@type":"SearchAction","target":{"@type":"EntryPoint","urlTemplate":"https:\/\/www.mydatec.com\/fr\/?s={search_term_string}"},"query-input":{"@type":"PropertyValueSpecification","valueRequired":true,"valueName":"search_term_string"}}],"inLanguage":"fr-FR"},{"@type":"Organization","@id":"https:\/\/www.mydatec.com\/fr\/#organization","name":"MyDatec","url":"https:\/\/www.mydatec.com\/fr\/","logo":{"@type":"ImageObject","inLanguage":"fr-FR","@id":"https:\/\/www.mydatec.com\/fr\/#\/schema\/logo\/image\/","url":"https:\/\/www.mydatec.com\/wp-content\/uploads\/2022\/01\/logo-mydatec.jpg","contentUrl":"https:\/\/www.mydatec.com\/wp-content\/uploads\/2022\/01\/logo-mydatec.jpg","width":434,"height":351,"caption":"MyDatec"},"image":{"@id":"https:\/\/www.mydatec.com\/fr\/#\/schema\/logo\/image\/"},"sameAs":["http:\/\/www.linkedin.com\/in\/MyDATEC"]}]}},"_links":{"self":[{"href":"https:\/\/www.mydatec.com\/fr\/wp-json\/wp\/v2\/pages\/4985","targetHints":{"allow":["GET"]}}],"collection":[{"href":"https:\/\/www.mydatec.com\/fr\/wp-json\/wp\/v2\/pages"}],"about":[{"href":"https:\/\/www.mydatec.com\/fr\/wp-json\/wp\/v2\/types\/page"}],"author":[{"embeddable":true,"href":"https:\/\/www.mydatec.com\/fr\/wp-json\/wp\/v2\/users\/6"}],"replies":[{"embeddable":true,"href":"https:\/\/www.mydatec.com\/fr\/wp-json\/wp\/v2\/comments?post=4985"}],"version-history":[{"count":5,"href":"https:\/\/www.mydatec.com\/fr\/wp-json\/wp\/v2\/pages\/4985\/revisions"}],"predecessor-version":[{"id":10964,"href":"https:\/\/www.mydatec.com\/fr\/wp-json\/wp\/v2\/pages\/4985\/revisions\/10964"}],"wp:attachment":[{"href":"https:\/\/www.mydatec.com\/fr\/wp-json\/wp\/v2\/media?parent=4985"}],"curies":[{"name":"wp","href":"https:\/\/api.w.org\/{rel}","templated":true}]}}