{"id":4983,"date":"2018-07-10T09:09:14","date_gmt":"2018-07-10T08:09:14","guid":{"rendered":"https:\/\/www.mydatec.com\/?page_id=4983"},"modified":"2020-04-14T23:29:25","modified_gmt":"2020-04-14T22:29:25","slug":"changer-vmc","status":"publish","type":"page","link":"https:\/\/www.mydatec.com\/fr\/changer-vmc\/","title":{"rendered":"Changer de VMC"},"content":{"rendered":"<h2 class=\"entry-title\">MyDATEC : Changer votre VMC simplement et rapidement<\/h2>\n<div class=\"entry-content\">\n<p><img decoding=\"async\" class=\"alignnone size-full wp-image-5246\" src=\"https:\/\/www.mydatec.com\/wp-content\/uploads\/2018\/09\/vmc-mydatec.png\" alt=\"\" width=\"160\" height=\"116\" srcset=\"https:\/\/www.mydatec.com\/wp-content\/uploads\/2018\/09\/vmc-mydatec-31x22.png 31w, https:\/\/www.mydatec.com\/wp-content\/uploads\/2018\/09\/vmc-mydatec-38x28.png 38w, https:\/\/www.mydatec.com\/wp-content\/uploads\/2018\/09\/vmc-mydatec-148x107.png 148w, https:\/\/www.mydatec.com\/wp-content\/uploads\/2018\/09\/vmc-mydatec.png 160w\" sizes=\"(max-width: 160px) 100vw, 160px\" \/><\/p>\n<p><a href=\"https:\/\/www.mydatec.com\/applications-vmc-thermodynamique\/remplacement-vmc\/\"><strong>Changer votre VMC<\/strong><\/a>&nbsp;: Simple et rapide \u00e0 installer, le&nbsp;<a href=\"https:\/\/www.mydatec.com\/principe-vmc-thermodynamique\/machine-comment-ca-marche\/\">syst\u00e8me thermodynamique MyDATEC<\/a>&nbsp;fournis en kit pr\u00eat-\u00e0-poser,&nbsp; peut utiliser votre r\u00e9seau de VMC existant et vient en remplacement de votre pompe \u00e0 chaleur ou autre syst\u00e8me devenu obsol\u00e8te.<\/p>\n<p>Contrairement \u00e0 votre ancien syst\u00e8me, la VMC thermodynamique ou syst\u00e8me multifonction 3 en 1 de MyDATEC (ventilation, chauffage, climatisation douce)&nbsp; r\u00e9pond \u00e0 vos exigences de confort en s&rsquo;adaptant aux constructions performantes de type BBC (Basse Consommation), maisons RT 2012 et maisons passives ou b\u00e2timents \u00e0 \u00e9nergie positive (BEPOS).<\/p>\n<p>Changer&nbsp; ma VMC simple flux : pensez d\u2019abord \u00e0 revoir l\u2019isolation et l\u2019\u00e9tanch\u00e9it\u00e9 de votre maison. En effet, la VMC thermodynamique MyDATEC est un syst\u00e8me qui sera surtout valoris\u00e9 dans les maisons performantes thermiquement.<\/p>\n<p>Pensez \u00e9galement que les r\u00e9seaux a\u00e9rauliques devront passer dans toutes les pi\u00e8ces de votre maison. Pr\u00e9voyez qu\u2019il faudra sans doute des espaces type faux plafond ou combles perdues. Les conseillers techniques MyDATEC sont \u00e0 votre disposition pour diagnostiquer le remplacement de votre VMC simple flux.<\/p>\n<p>Changer ma VMC double flux : Pensez que nous ne pourrons pas toujours remplacer uniquement le groupe et se brancher sur le r\u00e9seau a\u00e9raulique existant. Dans certain cas, il faudra remplacer le r\u00e9seau a\u00e9raulique \u00e9galement. Les \u00e9quipes de conseillers techniques MyDATEC sont \u00e0 votre disposition pour diagnostiquer le remplacement de votre VMC double flux.<\/p>\n<p>Changer ma VMC thermodynamique (pompe \u00e0 chaleur sur air extrait type RAE de DIETRCH, AEROPLAST, JACRAY\u2019S, NATHER, COMELA\u2026) : MyDATEC propose des kits de remplacement pour ce type de remplacement de VMC. Dans la plupart des cas, le changement du groupe VMC est suffisant. Les \u00e9quipes de conseillers techniques MyDATEC sont \u00e0 votre disposition pour diagnostiquer le remplacement de votre VMC thermodynamique ou PAC (pompe \u00e0 chaleur) sur air extrait.<\/p>\n<h2>Plus d&rsquo;informations sur comment changer votre VMC<\/h2>\n<p>Pour en savoir davantage sur&nbsp;<strong>comment changer votre VMC<\/strong>,&nbsp;<a href=\"https:\/\/www.mydatec.com\/mydatec-demande-de-devis-vmc\/\">contactez-nous<\/a>.<\/p>\n<h2>Suggestion de liens \u00e0 visiter pour Changer VMC<\/h2>\n<div id=\"autosearch_liens\">\n<ul>\n<li id=\"aS_link_1\"><a href=\"https:\/\/www.mydatec.com\/reference\/changer-ma-vmc-simple-flux\/\">Changer ma VMC simple flux<\/a><br \/>\nChanger ma VMC simple flux<\/li>\n<li id=\"aS_link_2\"><a href=\"https:\/\/www.mydatec.com\/reference\/changement-dun-equipement-vetuste-par-une-vmc-thermodynamique-mydatec\/\">Changement d&rsquo;un \u00e9quipement v\u00e9tuste par une VMC Thermodynamique MyDATECMyDatec<\/a><br \/>\nChangement d&rsquo;un \u00e9quipement v\u00e9tuste par une VMC Thermodynamique MyDATEC<\/li>\n<li id=\"aS_link_3\"><a href=\"https:\/\/www.mydatec.com\/faq\/est-il-possible-de-transformer-une-vmc-simple-flux-en-vmc-double-flux-voire-une-vmc-double-flux-thermodynamique\/\">VMC double flux thermodynamique (Transformez votre VMC simple flux)MyDatec<\/a><br \/>\nComment transformez votre VMC simple flux en une VMC double flux thermodynamique<\/li>\n<li id=\"aS_link_5\"><a href=\"https:\/\/www.mydatec.com\/service-vmc-double-flux-assistance\/commandez-des-accessoires\/\">Obtenir des filtres VMC MyDATEC<\/a><br \/>\nCommander et obtenir des filtres VMC MyDATEC pour double flux thermodynamique gamme horizontale gamme verticale<\/li>\n<li id=\"aS_link_6\"><a href=\"https:\/\/www.mydatec.com\/foire-aux-questions\/\">FAQ Foire aux questions MyDATEC<\/a><br \/>\nFoire aux questions (FAQ) MyDATEC sur la VMC double flux thermodynamique. Trouvez les r\u00e9ponses \u00e0 vos questions sur les produits MyDATEC<\/li>\n<li id=\"aS_link_7\"><a href=\"https:\/\/www.mydatec.com\/reference\/temperature-agreable-et-homogene-dans-toute-la-maison-tout-en-renouvelant-lair\/\">Poser une VMC double flux thermodynamique seul en r\u00e9novation<\/a><br \/>\nPoser une VMC double flux thermodynamique seul en r\u00e9novation<\/li>\n<li id=\"aS_link_9\"><a href=\"https:\/\/www.mydatec.com\/reference\/vmc-thermodynamique-appoint-electriques\/\">VMC thermodynamique + appoint \u00e9lectriques &#8211; MyDATECMyDatec<\/a><br \/>\nAyant fait l&rsquo;acquisition d&rsquo;un syst\u00e8me RTH MyDATEC (VMC thermodynamique + appoint \u00e9lectriques) depuis plus d&rsquo;un an, j&rsquo;ai donc pu appr\u00e9cier son efficacit\u00e9 en p\u00e9riode hivernale.<\/li>\n<\/ul>\n<\/div>\n<\/div>\n","protected":false},"excerpt":{"rendered":"<p>MyDATEC : Changer votre VMC simplement et rapidement Changer votre VMC&nbsp;: Simple et rapide \u00e0 installer, le&nbsp;syst\u00e8me thermodynamique MyDATEC&nbsp;fournis en kit pr\u00eat-\u00e0-poser,&nbsp; peut utiliser votre  [&#8230;]<\/p>\n","protected":false},"author":6,"featured_media":0,"parent":0,"menu_order":0,"comment_status":"closed","ping_status":"closed","template":"","meta":{"footnotes":""},"class_list":["post-4983","page","type-page","status-publish","hentry"],"yoast_head":"<!-- This site is optimized with the Yoast SEO plugin v27.5 - https:\/\/yoast.com\/product\/yoast-seo-wordpress\/ -->\n<title>Comment changer votre VMC rapidement et simplement ?<\/title>\n<meta name=\"description\" content=\"Changer votre VMC: Simple et rapide \u00e0 installer, le\u00a0syst\u00e8me thermodynamique MyDATEC\u00a0fournis en kit pr\u00eat-\u00e0-poser,\u00a0 peut utiliser votre r\u00e9seau de VMC existant.\" \/>\n<meta name=\"robots\" content=\"index, follow, max-snippet:-1, max-image-preview:large, max-video-preview:-1\" \/>\n<link rel=\"canonical\" href=\"https:\/\/www.mydatec.com\/fr\/changer-vmc\/\" \/>\n<meta property=\"og:locale\" content=\"fr_FR\" \/>\n<meta property=\"og:type\" content=\"article\" \/>\n<meta property=\"og:title\" content=\"Comment changer votre VMC rapidement et simplement ?\" \/>\n<meta property=\"og:description\" content=\"Changer votre VMC: Simple et rapide \u00e0 installer, le\u00a0syst\u00e8me thermodynamique MyDATEC\u00a0fournis en kit pr\u00eat-\u00e0-poser,\u00a0 peut utiliser votre r\u00e9seau de VMC existant.\" \/>\n<meta property=\"og:url\" content=\"https:\/\/www.mydatec.com\/fr\/changer-vmc\/\" \/>\n<meta property=\"og:site_name\" content=\"MyDATEC\" \/>\n<meta property=\"article:modified_time\" content=\"2020-04-14T22:29:25+00:00\" \/>\n<meta property=\"og:image\" content=\"https:\/\/www.mydatec.com\/wp-content\/uploads\/2018\/09\/vmc-mydatec.png\" \/>\n<meta name=\"twitter:label1\" content=\"Dur\u00e9e de lecture estim\u00e9e\" \/>\n\t<meta name=\"twitter:data1\" content=\"2 minutes\" \/>\n<script type=\"application\/ld+json\" class=\"yoast-schema-graph\">{\"@context\":\"https:\\\/\\\/schema.org\",\"@graph\":[{\"@type\":\"WebPage\",\"@id\":\"https:\\\/\\\/www.mydatec.com\\\/fr\\\/changer-vmc\\\/\",\"url\":\"https:\\\/\\\/www.mydatec.com\\\/fr\\\/changer-vmc\\\/\",\"name\":\"Comment changer votre VMC rapidement et simplement ?\",\"isPartOf\":{\"@id\":\"https:\\\/\\\/www.mydatec.com\\\/fr\\\/#website\"},\"primaryImageOfPage\":{\"@id\":\"https:\\\/\\\/www.mydatec.com\\\/fr\\\/changer-vmc\\\/#primaryimage\"},\"image\":{\"@id\":\"https:\\\/\\\/www.mydatec.com\\\/fr\\\/changer-vmc\\\/#primaryimage\"},\"thumbnailUrl\":\"https:\\\/\\\/www.mydatec.com\\\/wp-content\\\/uploads\\\/2018\\\/09\\\/vmc-mydatec.png\",\"datePublished\":\"2018-07-10T08:09:14+00:00\",\"dateModified\":\"2020-04-14T22:29:25+00:00\",\"description\":\"Changer votre VMC: Simple et rapide \u00e0 installer, le\u00a0syst\u00e8me thermodynamique MyDATEC\u00a0fournis en kit pr\u00eat-\u00e0-poser,\u00a0 peut utiliser votre r\u00e9seau de VMC existant.\",\"breadcrumb\":{\"@id\":\"https:\\\/\\\/www.mydatec.com\\\/fr\\\/changer-vmc\\\/#breadcrumb\"},\"inLanguage\":\"fr-FR\",\"potentialAction\":[{\"@type\":\"ReadAction\",\"target\":[\"https:\\\/\\\/www.mydatec.com\\\/fr\\\/changer-vmc\\\/\"]}]},{\"@type\":\"ImageObject\",\"inLanguage\":\"fr-FR\",\"@id\":\"https:\\\/\\\/www.mydatec.com\\\/fr\\\/changer-vmc\\\/#primaryimage\",\"url\":\"https:\\\/\\\/www.mydatec.com\\\/wp-content\\\/uploads\\\/2018\\\/09\\\/vmc-mydatec.png\",\"contentUrl\":\"https:\\\/\\\/www.mydatec.com\\\/wp-content\\\/uploads\\\/2018\\\/09\\\/vmc-mydatec.png\"},{\"@type\":\"BreadcrumbList\",\"@id\":\"https:\\\/\\\/www.mydatec.com\\\/fr\\\/changer-vmc\\\/#breadcrumb\",\"itemListElement\":[{\"@type\":\"ListItem\",\"position\":1,\"name\":\"Accueil\",\"item\":\"https:\\\/\\\/www.mydatec.com\\\/fr\\\/\"},{\"@type\":\"ListItem\",\"position\":2,\"name\":\"Changer de VMC\"}]},{\"@type\":\"WebSite\",\"@id\":\"https:\\\/\\\/www.mydatec.com\\\/fr\\\/#website\",\"url\":\"https:\\\/\\\/www.mydatec.com\\\/fr\\\/\",\"name\":\"MyDATEC\",\"description\":\"La solution thermodynamique\",\"publisher\":{\"@id\":\"https:\\\/\\\/www.mydatec.com\\\/fr\\\/#organization\"},\"potentialAction\":[{\"@type\":\"SearchAction\",\"target\":{\"@type\":\"EntryPoint\",\"urlTemplate\":\"https:\\\/\\\/www.mydatec.com\\\/fr\\\/?s={search_term_string}\"},\"query-input\":{\"@type\":\"PropertyValueSpecification\",\"valueRequired\":true,\"valueName\":\"search_term_string\"}}],\"inLanguage\":\"fr-FR\"},{\"@type\":\"Organization\",\"@id\":\"https:\\\/\\\/www.mydatec.com\\\/fr\\\/#organization\",\"name\":\"MyDatec\",\"url\":\"https:\\\/\\\/www.mydatec.com\\\/fr\\\/\",\"logo\":{\"@type\":\"ImageObject\",\"inLanguage\":\"fr-FR\",\"@id\":\"https:\\\/\\\/www.mydatec.com\\\/fr\\\/#\\\/schema\\\/logo\\\/image\\\/\",\"url\":\"https:\\\/\\\/www.mydatec.com\\\/wp-content\\\/uploads\\\/2022\\\/01\\\/logo-mydatec.jpg\",\"contentUrl\":\"https:\\\/\\\/www.mydatec.com\\\/wp-content\\\/uploads\\\/2022\\\/01\\\/logo-mydatec.jpg\",\"width\":434,\"height\":351,\"caption\":\"MyDatec\"},\"image\":{\"@id\":\"https:\\\/\\\/www.mydatec.com\\\/fr\\\/#\\\/schema\\\/logo\\\/image\\\/\"},\"sameAs\":[\"http:\\\/\\\/www.linkedin.com\\\/in\\\/MyDATEC\"]}]}<\/script>\n<!-- \/ Yoast SEO plugin. -->","yoast_head_json":{"title":"Comment changer votre VMC rapidement et simplement ?","description":"Changer votre VMC: Simple et rapide \u00e0 installer, le\u00a0syst\u00e8me thermodynamique MyDATEC\u00a0fournis en kit pr\u00eat-\u00e0-poser,\u00a0 peut utiliser votre r\u00e9seau de VMC existant.","robots":{"index":"index","follow":"follow","max-snippet":"max-snippet:-1","max-image-preview":"max-image-preview:large","max-video-preview":"max-video-preview:-1"},"canonical":"https:\/\/www.mydatec.com\/fr\/changer-vmc\/","og_locale":"fr_FR","og_type":"article","og_title":"Comment changer votre VMC rapidement et simplement ?","og_description":"Changer votre VMC: Simple et rapide \u00e0 installer, le\u00a0syst\u00e8me thermodynamique MyDATEC\u00a0fournis en kit pr\u00eat-\u00e0-poser,\u00a0 peut utiliser votre r\u00e9seau de VMC existant.","og_url":"https:\/\/www.mydatec.com\/fr\/changer-vmc\/","og_site_name":"MyDATEC","article_modified_time":"2020-04-14T22:29:25+00:00","og_image":[{"url":"https:\/\/www.mydatec.com\/wp-content\/uploads\/2018\/09\/vmc-mydatec.png","type":"","width":"","height":""}],"twitter_misc":{"Dur\u00e9e de lecture estim\u00e9e":"2 minutes"},"schema":{"@context":"https:\/\/schema.org","@graph":[{"@type":"WebPage","@id":"https:\/\/www.mydatec.com\/fr\/changer-vmc\/","url":"https:\/\/www.mydatec.com\/fr\/changer-vmc\/","name":"Comment changer votre VMC rapidement et simplement ?","isPartOf":{"@id":"https:\/\/www.mydatec.com\/fr\/#website"},"primaryImageOfPage":{"@id":"https:\/\/www.mydatec.com\/fr\/changer-vmc\/#primaryimage"},"image":{"@id":"https:\/\/www.mydatec.com\/fr\/changer-vmc\/#primaryimage"},"thumbnailUrl":"https:\/\/www.mydatec.com\/wp-content\/uploads\/2018\/09\/vmc-mydatec.png","datePublished":"2018-07-10T08:09:14+00:00","dateModified":"2020-04-14T22:29:25+00:00","description":"Changer votre VMC: Simple et rapide \u00e0 installer, le\u00a0syst\u00e8me thermodynamique MyDATEC\u00a0fournis en kit pr\u00eat-\u00e0-poser,\u00a0 peut utiliser votre r\u00e9seau de VMC existant.","breadcrumb":{"@id":"https:\/\/www.mydatec.com\/fr\/changer-vmc\/#breadcrumb"},"inLanguage":"fr-FR","potentialAction":[{"@type":"ReadAction","target":["https:\/\/www.mydatec.com\/fr\/changer-vmc\/"]}]},{"@type":"ImageObject","inLanguage":"fr-FR","@id":"https:\/\/www.mydatec.com\/fr\/changer-vmc\/#primaryimage","url":"https:\/\/www.mydatec.com\/wp-content\/uploads\/2018\/09\/vmc-mydatec.png","contentUrl":"https:\/\/www.mydatec.com\/wp-content\/uploads\/2018\/09\/vmc-mydatec.png"},{"@type":"BreadcrumbList","@id":"https:\/\/www.mydatec.com\/fr\/changer-vmc\/#breadcrumb","itemListElement":[{"@type":"ListItem","position":1,"name":"Accueil","item":"https:\/\/www.mydatec.com\/fr\/"},{"@type":"ListItem","position":2,"name":"Changer de VMC"}]},{"@type":"WebSite","@id":"https:\/\/www.mydatec.com\/fr\/#website","url":"https:\/\/www.mydatec.com\/fr\/","name":"MyDATEC","description":"La solution thermodynamique","publisher":{"@id":"https:\/\/www.mydatec.com\/fr\/#organization"},"potentialAction":[{"@type":"SearchAction","target":{"@type":"EntryPoint","urlTemplate":"https:\/\/www.mydatec.com\/fr\/?s={search_term_string}"},"query-input":{"@type":"PropertyValueSpecification","valueRequired":true,"valueName":"search_term_string"}}],"inLanguage":"fr-FR"},{"@type":"Organization","@id":"https:\/\/www.mydatec.com\/fr\/#organization","name":"MyDatec","url":"https:\/\/www.mydatec.com\/fr\/","logo":{"@type":"ImageObject","inLanguage":"fr-FR","@id":"https:\/\/www.mydatec.com\/fr\/#\/schema\/logo\/image\/","url":"https:\/\/www.mydatec.com\/wp-content\/uploads\/2022\/01\/logo-mydatec.jpg","contentUrl":"https:\/\/www.mydatec.com\/wp-content\/uploads\/2022\/01\/logo-mydatec.jpg","width":434,"height":351,"caption":"MyDatec"},"image":{"@id":"https:\/\/www.mydatec.com\/fr\/#\/schema\/logo\/image\/"},"sameAs":["http:\/\/www.linkedin.com\/in\/MyDATEC"]}]}},"_links":{"self":[{"href":"https:\/\/www.mydatec.com\/fr\/wp-json\/wp\/v2\/pages\/4983","targetHints":{"allow":["GET"]}}],"collection":[{"href":"https:\/\/www.mydatec.com\/fr\/wp-json\/wp\/v2\/pages"}],"about":[{"href":"https:\/\/www.mydatec.com\/fr\/wp-json\/wp\/v2\/types\/page"}],"author":[{"embeddable":true,"href":"https:\/\/www.mydatec.com\/fr\/wp-json\/wp\/v2\/users\/6"}],"replies":[{"embeddable":true,"href":"https:\/\/www.mydatec.com\/fr\/wp-json\/wp\/v2\/comments?post=4983"}],"version-history":[{"count":5,"href":"https:\/\/www.mydatec.com\/fr\/wp-json\/wp\/v2\/pages\/4983\/revisions"}],"predecessor-version":[{"id":6040,"href":"https:\/\/www.mydatec.com\/fr\/wp-json\/wp\/v2\/pages\/4983\/revisions\/6040"}],"wp:attachment":[{"href":"https:\/\/www.mydatec.com\/fr\/wp-json\/wp\/v2\/media?parent=4983"}],"curies":[{"name":"wp","href":"https:\/\/api.w.org\/{rel}","templated":true}]}}