{"id":4981,"date":"2018-07-09T16:10:13","date_gmt":"2018-07-09T15:10:13","guid":{"rendered":"https:\/\/www.mydatec.com\/?page_id=4981"},"modified":"2022-07-20T01:35:59","modified_gmt":"2022-07-20T00:35:59","slug":"installateur-double-flux-thermodynamique","status":"publish","type":"page","link":"https:\/\/www.mydatec.com\/fr\/installateur-double-flux-thermodynamique\/","title":{"rendered":"Installateurs"},"content":{"rendered":"<p><div class=\"fusion-fullwidth fullwidth-box fusion-builder-row-1 fusion-flex-container nonhundred-percent-fullwidth non-hundred-percent-height-scrolling ctnr-top-h1-classique\" style=\"--awb-border-radius-top-left:0px;--awb-border-radius-top-right:0px;--awb-border-radius-bottom-right:0px;--awb-border-radius-bottom-left:0px;--awb-flex-wrap:wrap;\" ><div class=\"fusion-builder-row fusion-row fusion-flex-align-items-flex-start fusion-flex-justify-content-center fusion-flex-content-wrap\" style=\"max-width:1144px;margin-left: calc(-4% \/ 2 );margin-right: calc(-4% \/ 2 );\"><div class=\"fusion-layout-column fusion_builder_column fusion-builder-column-0 fusion_builder_column_1_1 1_1 fusion-flex-column col-texte\" style=\"--awb-bg-size:cover;--awb-width-large:100%;--awb-margin-top-large:0px;--awb-spacing-right-large:1.92%;--awb-margin-bottom-large:20px;--awb-spacing-left-large:1.92%;--awb-width-medium:100%;--awb-order-medium:0;--awb-spacing-right-medium:1.92%;--awb-spacing-left-medium:1.92%;--awb-width-small:100%;--awb-order-small:0;--awb-spacing-right-small:1.92%;--awb-spacing-left-small:1.92%;\"><div class=\"fusion-column-wrapper fusion-column-has-shadow fusion-flex-justify-content-flex-start fusion-content-layout-column\"><div class=\"fusion-title title fusion-title-1 fusion-sep-none fusion-title-text fusion-title-size-one\" style=\"--awb-margin-top-small:0px;--awb-margin-right-small:0px;--awb-margin-bottom-small:20px;--awb-margin-left-small:0px;\"><h1 class=\"fusion-title-heading title-heading-left\" style=\"margin:0;\">Installateur double flux thermodynamique<\/h1><\/div><div class=\"fusion-text fusion-text-1\" style=\"--awb-text-transform:none;\"><h2 class=\"entry-title\">MYDATEC : INSTALLATEUR DE DOUBLE FLUX THERMODYNAMIQUE<\/h2>\n<h3 class=\"entry-title\">\u00a0<\/h3>\n<p>&nbsp;<\/p>\n<\/div><div class=\"fusion-image-element \" style=\"text-align:center;--awb-caption-title-font-family:var(--h2_typography-font-family);--awb-caption-title-font-weight:var(--h2_typography-font-weight);--awb-caption-title-font-style:var(--h2_typography-font-style);--awb-caption-title-size:var(--h2_typography-font-size);--awb-caption-title-transform:var(--h2_typography-text-transform);--awb-caption-title-line-height:var(--h2_typography-line-height);--awb-caption-title-letter-spacing:var(--h2_typography-letter-spacing);\"><span class=\" fusion-imageframe imageframe-none imageframe-1 hover-type-none\"><img decoding=\"async\" width=\"371\" height=\"330\" title=\"vmc thermodynamique MyDATEC SMART\" src=\"https:\/\/www.mydatec.com\/wp-content\/uploads\/2021\/11\/vmc-mydatec.jpg\" alt class=\"img-responsive wp-image-7000\" srcset=\"https:\/\/www.mydatec.com\/wp-content\/uploads\/2021\/11\/vmc-mydatec-200x178.jpg 200w, https:\/\/www.mydatec.com\/wp-content\/uploads\/2021\/11\/vmc-mydatec.jpg 371w\" sizes=\"(max-width: 900px) 100vw, (max-width: 640px) 100vw, 371px\" \/><\/span><\/div><div class=\"fusion-text fusion-text-2\" style=\"--awb-text-transform:none;\"><p>Fabriquant 100% fran\u00e7ais de VMC thermodynamique ou syst\u00e8me compact 3 en 1 (ventilation, chauffage, climatisation douce), MyDATEC s\u2019appuie sur un r\u00e9seau national d<strong>\u2019<a href=\"https:\/\/www.mydatec.com\/trouver-un-installateur\/\">installateur de VMC double flux thermodynamique<\/a>.<\/strong><\/p>\n<p><strong>Voir les installateurs partenaires MyDATEC :<\/strong><\/p>\n<p>Simple, rapide \u00e0 installer et adapt\u00e9 aux nouveaux standards de constructions \u00e9conomes en \u00e9nergie, le\u00a0<strong>syst\u00e8me de VMC thermodynamique MyDATEC<\/strong>\u00a0s\u2019installe en lieu et place d\u2019une VMC double flux classique. Gr\u00e2ce \u00e0 sa pompe \u00e0 chaleur int\u00e9gr\u00e9e, profitez de son confort thermique toute saison, d\u2019une tr\u00e8s grande qualit\u00e9 de l\u2019air int\u00e9rieur, et d\u2019un maximum d\u2019\u00e9conomies d\u2019\u00e9nergies.<br \/>MyDATEC pourra vous sugg\u00e9rer un ou plusieurs installateurs de double flux thermodynamique pr\u00e8s de chez vous.<\/p>\n<\/div><\/div><\/div><\/div><\/div><div class=\"fusion-fullwidth fullwidth-box fusion-builder-row-2 fusion-flex-container nonhundred-percent-fullwidth non-hundred-percent-height-scrolling ctnr-simple\" style=\"--awb-border-radius-top-left:0px;--awb-border-radius-top-right:0px;--awb-border-radius-bottom-right:0px;--awb-border-radius-bottom-left:0px;--awb-flex-wrap:wrap;\" ><div class=\"fusion-builder-row fusion-row fusion-flex-align-items-center fusion-flex-justify-content-center fusion-flex-content-wrap\" style=\"max-width:1144px;margin-left: calc(-4% \/ 2 );margin-right: calc(-4% \/ 2 );\"><div class=\"fusion-layout-column fusion_builder_column fusion-builder-column-1 fusion_builder_column_1_1 1_1 fusion-flex-column col-inside\" style=\"--awb-bg-size:cover;--awb-width-large:100%;--awb-margin-top-large:0px;--awb-spacing-right-large:1.92%;--awb-margin-bottom-large:20px;--awb-spacing-left-large:1.92%;--awb-width-medium:100%;--awb-order-medium:0;--awb-spacing-right-medium:1.92%;--awb-spacing-left-medium:1.92%;--awb-width-small:100%;--awb-order-small:0;--awb-spacing-right-small:1.92%;--awb-spacing-left-small:1.92%;\"><div class=\"fusion-column-wrapper fusion-column-has-shadow fusion-flex-justify-content-center fusion-content-layout-column\"><div class=\"fusion-text fusion-text-3\" style=\"--awb-text-transform:none;\"><h2>PLUS D\u2019INFORMATIONS SUR L\u2019INSTALLATEUR DE DOUBLE FLUX THERMODYNAMIQUE<\/h2>\n<p>Pour en savoir davantage sur :<\/p>\n<ul>\n<li><strong>l\u2019installateur de double flux thermodynamique<\/strong>,<strong>\u00a0<a href=\"https:\/\/www.mydatec.com\/mydatec-demande-de-devis-vmc\/\">contactez-nous<\/a>.<\/strong><\/li>\n<li>nos\u00a0<strong><a href=\"https:\/\/www.mydatec.com\/formation-installateurs-experts-mydatec\/\">formations installateurs, cliquez ici<\/a><\/strong><\/li>\n<\/ul>\n<\/div><div class=\"fusion-text fusion-text-4\" style=\"--awb-text-transform:none;\"><h2>SUGGESTION DE LIENS \u00c0 VISITER POUR INSTALLATEUR DOUBLE FLUX THERMODYNAMIQUE<\/h2>\n<ul>\n<li id=\"aS_link_1\"><strong><a href=\"https:\/\/www.mydatec.com\/un-bon-exemple-dapplication-de-la-vmc-double-flux-thermodynamique-mydatec-en-renovation-temoignage\/\">Un bon exemple d\u2019application de la VMC double flux thermodynamique MyDATEC en r\u00e9novation: T\u00e9moignage \u2013\u00a0<\/a><\/strong><br \/>Marie et Serges nous donnent un bon exemple d\u2019application de r\u00e9novation, pour laquelle la VMC thermodynamique MyDATEC peut s\u2019averer \u00eatre un choix judicieux.<\/li>\n<li id=\"aS_link_2\"><strong><a href=\"https:\/\/www.mydatec.com\/principe-vmc-thermodynamique\/machine-comment-ca-marche\/\">Comment fonctionne une Ventilation M\u00e9canique Contr\u00f4l\u00e9e VMC ?<\/a><\/strong><br \/>Comment fonctionne une Ventilation M\u00e9canique Contr\u00f4l\u00e9e VMC ? VMC simple flux VMC double flux thermodynamique pompe \u00e0 chaleur animation pour comprendre le fonctionnement MyDATEC<\/li>\n<li id=\"aS_link_3\"><strong><a href=\"https:\/\/www.mydatec.com\/reference\/temoignage-economies-denergie\/\">Economie d\u2019\u00e9nergie VMC MyDATEC<\/a><\/strong><br \/>Economie d\u2019\u00e9nergie VMC MyDATEC double flux thermodynamique vmc simple flux vmc double flux pompe \u00e0 chaleur ventilation chauffage \u00e9conomies<\/li>\n<li id=\"aS_link_4\"><strong><a href=\"https:\/\/www.mydatec.com\/reference\/cest-tout-une-question-de-confort-et-dhygiene-de-vie\/\">VMC double flux thermodynamique et qualit\u00e9 de l\u2019air\u00a0<\/a><\/strong><br \/>VMC double flux thermodynamique et qualit\u00e9 de l\u2019air<\/li>\n<li id=\"aS_link_6\"><strong><a href=\"https:\/\/www.mydatec.com\/service-vmc-double-flux-assistance\/preparation-kit-vmc-pret-a-poser\/\">Pr\u00e9paration kit \u00ab\u00a0pr\u00eat \u00e0 poser\u00a0\u00bb \u2013 MyDATEC<\/a><\/strong><br \/>Pr\u00e9paration kit \u00ab\u00a0pr\u00eat \u00e0 poser\u00a0\u00bb \u2013 MyDatec VMC double flux thermodynamique pompe \u00e0 chaleur ventilation maison neuve BBC installation<\/li>\n<li id=\"aS_link_7\"><strong><a href=\"https:\/\/www.mydatec.com\/reference\/jai-couple-la-pac-a-un-puits-canadien\/\">MyDATEC : VMC double flux et puits canadien\u00a0<\/a><\/strong><br \/>MyDATEC : VMC double flux et puits canadien VMC double flux thermodynamique installation puits canadien climatisation chauffage et ventilation maison BBC<\/li>\n<li id=\"aS_link_8\"><strong><a href=\"https:\/\/www.mydatec.com\/faq\/est-il-possible-de-transformer-une-vmc-simple-flux-en-vmc-double-flux-voire-une-vmc-double-flux-thermodynamique\/\">VMC double flux thermodynamique (Transformez votre VMC simple flux)<\/a><\/strong><br \/>Comment transformez votre VMC simple flux en une VMC double flux thermodynamique<\/li>\n<li id=\"aS_link_10\"><strong><a href=\"https:\/\/www.mydatec.com\/actualites-vmc-double-flux-thermodynamique\/\">MyDATEC Actualit\u00e9s : VMC double flux MyDatec | La VMC double flux thermodynamique<\/a><\/strong><br \/>MyDATEC VMC double flux , VMC thermodynamique actualit\u00e9s climatisation chauffage et ventilation<\/li>\n<\/ul>\n<\/div><\/div><\/div><\/div><\/div><\/p>\n","protected":false},"excerpt":{"rendered":"","protected":false},"author":6,"featured_media":0,"parent":0,"menu_order":0,"comment_status":"closed","ping_status":"closed","template":"100-width.php","meta":{"footnotes":""},"class_list":["post-4981","page","type-page","status-publish","hentry"],"yoast_head":"<!-- This site is optimized with the Yoast SEO plugin v27.5 - https:\/\/yoast.com\/product\/yoast-seo-wordpress\/ -->\n<title>Installateur VMC double flux thermodynamique MyDATEC<\/title>\n<meta name=\"description\" content=\"Simple, rapide \u00e0 installer et adapt\u00e9 aux nouveaux standards de constructions \u00e9conomes en \u00e9nergie, le\u00a0syst\u00e8me de VMC thermodynamique MyDATEC\u00a0s\u2019installe en lieu et place d\u2019une VMC double flux classique.\" \/>\n<meta name=\"robots\" content=\"index, follow, max-snippet:-1, max-image-preview:large, max-video-preview:-1\" \/>\n<link rel=\"canonical\" href=\"https:\/\/www.mydatec.com\/fr\/installateur-double-flux-thermodynamique\/\" \/>\n<meta property=\"og:locale\" content=\"fr_FR\" \/>\n<meta property=\"og:type\" content=\"article\" \/>\n<meta property=\"og:title\" content=\"Installateur VMC double flux thermodynamique MyDATEC\" \/>\n<meta property=\"og:description\" content=\"Simple, rapide \u00e0 installer et adapt\u00e9 aux nouveaux standards de constructions \u00e9conomes en \u00e9nergie, le\u00a0syst\u00e8me de VMC thermodynamique MyDATEC\u00a0s\u2019installe en lieu et place d\u2019une VMC double flux classique.\" \/>\n<meta property=\"og:url\" content=\"https:\/\/www.mydatec.com\/fr\/installateur-double-flux-thermodynamique\/\" \/>\n<meta property=\"og:site_name\" content=\"MyDATEC\" \/>\n<meta property=\"article:modified_time\" content=\"2022-07-20T00:35:59+00:00\" \/>\n<meta name=\"twitter:label1\" content=\"Dur\u00e9e de lecture estim\u00e9e\" \/>\n\t<meta name=\"twitter:data1\" content=\"11 minutes\" \/>\n<script type=\"application\/ld+json\" class=\"yoast-schema-graph\">{\"@context\":\"https:\\\/\\\/schema.org\",\"@graph\":[{\"@type\":\"WebPage\",\"@id\":\"https:\\\/\\\/www.mydatec.com\\\/fr\\\/installateur-double-flux-thermodynamique\\\/\",\"url\":\"https:\\\/\\\/www.mydatec.com\\\/fr\\\/installateur-double-flux-thermodynamique\\\/\",\"name\":\"Installateur VMC double flux thermodynamique MyDATEC\",\"isPartOf\":{\"@id\":\"https:\\\/\\\/www.mydatec.com\\\/fr\\\/#website\"},\"datePublished\":\"2018-07-09T15:10:13+00:00\",\"dateModified\":\"2022-07-20T00:35:59+00:00\",\"description\":\"Simple, rapide \u00e0 installer et adapt\u00e9 aux nouveaux standards de constructions \u00e9conomes en \u00e9nergie, le\u00a0syst\u00e8me de VMC thermodynamique MyDATEC\u00a0s\u2019installe en lieu et place d\u2019une VMC double flux classique.\",\"breadcrumb\":{\"@id\":\"https:\\\/\\\/www.mydatec.com\\\/fr\\\/installateur-double-flux-thermodynamique\\\/#breadcrumb\"},\"inLanguage\":\"fr-FR\",\"potentialAction\":[{\"@type\":\"ReadAction\",\"target\":[\"https:\\\/\\\/www.mydatec.com\\\/fr\\\/installateur-double-flux-thermodynamique\\\/\"]}]},{\"@type\":\"BreadcrumbList\",\"@id\":\"https:\\\/\\\/www.mydatec.com\\\/fr\\\/installateur-double-flux-thermodynamique\\\/#breadcrumb\",\"itemListElement\":[{\"@type\":\"ListItem\",\"position\":1,\"name\":\"Accueil\",\"item\":\"https:\\\/\\\/www.mydatec.com\\\/fr\\\/\"},{\"@type\":\"ListItem\",\"position\":2,\"name\":\"Installateurs\"}]},{\"@type\":\"WebSite\",\"@id\":\"https:\\\/\\\/www.mydatec.com\\\/fr\\\/#website\",\"url\":\"https:\\\/\\\/www.mydatec.com\\\/fr\\\/\",\"name\":\"MyDATEC\",\"description\":\"La solution thermodynamique\",\"publisher\":{\"@id\":\"https:\\\/\\\/www.mydatec.com\\\/fr\\\/#organization\"},\"potentialAction\":[{\"@type\":\"SearchAction\",\"target\":{\"@type\":\"EntryPoint\",\"urlTemplate\":\"https:\\\/\\\/www.mydatec.com\\\/fr\\\/?s={search_term_string}\"},\"query-input\":{\"@type\":\"PropertyValueSpecification\",\"valueRequired\":true,\"valueName\":\"search_term_string\"}}],\"inLanguage\":\"fr-FR\"},{\"@type\":\"Organization\",\"@id\":\"https:\\\/\\\/www.mydatec.com\\\/fr\\\/#organization\",\"name\":\"MyDatec\",\"url\":\"https:\\\/\\\/www.mydatec.com\\\/fr\\\/\",\"logo\":{\"@type\":\"ImageObject\",\"inLanguage\":\"fr-FR\",\"@id\":\"https:\\\/\\\/www.mydatec.com\\\/fr\\\/#\\\/schema\\\/logo\\\/image\\\/\",\"url\":\"https:\\\/\\\/www.mydatec.com\\\/wp-content\\\/uploads\\\/2022\\\/01\\\/logo-mydatec.jpg\",\"contentUrl\":\"https:\\\/\\\/www.mydatec.com\\\/wp-content\\\/uploads\\\/2022\\\/01\\\/logo-mydatec.jpg\",\"width\":434,\"height\":351,\"caption\":\"MyDatec\"},\"image\":{\"@id\":\"https:\\\/\\\/www.mydatec.com\\\/fr\\\/#\\\/schema\\\/logo\\\/image\\\/\"},\"sameAs\":[\"http:\\\/\\\/www.linkedin.com\\\/in\\\/MyDATEC\"]}]}<\/script>\n<!-- \/ Yoast SEO plugin. -->","yoast_head_json":{"title":"Installateur VMC double flux thermodynamique MyDATEC","description":"Simple, rapide \u00e0 installer et adapt\u00e9 aux nouveaux standards de constructions \u00e9conomes en \u00e9nergie, le\u00a0syst\u00e8me de VMC thermodynamique MyDATEC\u00a0s\u2019installe en lieu et place d\u2019une VMC double flux classique.","robots":{"index":"index","follow":"follow","max-snippet":"max-snippet:-1","max-image-preview":"max-image-preview:large","max-video-preview":"max-video-preview:-1"},"canonical":"https:\/\/www.mydatec.com\/fr\/installateur-double-flux-thermodynamique\/","og_locale":"fr_FR","og_type":"article","og_title":"Installateur VMC double flux thermodynamique MyDATEC","og_description":"Simple, rapide \u00e0 installer et adapt\u00e9 aux nouveaux standards de constructions \u00e9conomes en \u00e9nergie, le\u00a0syst\u00e8me de VMC thermodynamique MyDATEC\u00a0s\u2019installe en lieu et place d\u2019une VMC double flux classique.","og_url":"https:\/\/www.mydatec.com\/fr\/installateur-double-flux-thermodynamique\/","og_site_name":"MyDATEC","article_modified_time":"2022-07-20T00:35:59+00:00","twitter_misc":{"Dur\u00e9e de lecture estim\u00e9e":"11 minutes"},"schema":{"@context":"https:\/\/schema.org","@graph":[{"@type":"WebPage","@id":"https:\/\/www.mydatec.com\/fr\/installateur-double-flux-thermodynamique\/","url":"https:\/\/www.mydatec.com\/fr\/installateur-double-flux-thermodynamique\/","name":"Installateur VMC double flux thermodynamique MyDATEC","isPartOf":{"@id":"https:\/\/www.mydatec.com\/fr\/#website"},"datePublished":"2018-07-09T15:10:13+00:00","dateModified":"2022-07-20T00:35:59+00:00","description":"Simple, rapide \u00e0 installer et adapt\u00e9 aux nouveaux standards de constructions \u00e9conomes en \u00e9nergie, le\u00a0syst\u00e8me de VMC thermodynamique MyDATEC\u00a0s\u2019installe en lieu et place d\u2019une VMC double flux classique.","breadcrumb":{"@id":"https:\/\/www.mydatec.com\/fr\/installateur-double-flux-thermodynamique\/#breadcrumb"},"inLanguage":"fr-FR","potentialAction":[{"@type":"ReadAction","target":["https:\/\/www.mydatec.com\/fr\/installateur-double-flux-thermodynamique\/"]}]},{"@type":"BreadcrumbList","@id":"https:\/\/www.mydatec.com\/fr\/installateur-double-flux-thermodynamique\/#breadcrumb","itemListElement":[{"@type":"ListItem","position":1,"name":"Accueil","item":"https:\/\/www.mydatec.com\/fr\/"},{"@type":"ListItem","position":2,"name":"Installateurs"}]},{"@type":"WebSite","@id":"https:\/\/www.mydatec.com\/fr\/#website","url":"https:\/\/www.mydatec.com\/fr\/","name":"MyDATEC","description":"La solution thermodynamique","publisher":{"@id":"https:\/\/www.mydatec.com\/fr\/#organization"},"potentialAction":[{"@type":"SearchAction","target":{"@type":"EntryPoint","urlTemplate":"https:\/\/www.mydatec.com\/fr\/?s={search_term_string}"},"query-input":{"@type":"PropertyValueSpecification","valueRequired":true,"valueName":"search_term_string"}}],"inLanguage":"fr-FR"},{"@type":"Organization","@id":"https:\/\/www.mydatec.com\/fr\/#organization","name":"MyDatec","url":"https:\/\/www.mydatec.com\/fr\/","logo":{"@type":"ImageObject","inLanguage":"fr-FR","@id":"https:\/\/www.mydatec.com\/fr\/#\/schema\/logo\/image\/","url":"https:\/\/www.mydatec.com\/wp-content\/uploads\/2022\/01\/logo-mydatec.jpg","contentUrl":"https:\/\/www.mydatec.com\/wp-content\/uploads\/2022\/01\/logo-mydatec.jpg","width":434,"height":351,"caption":"MyDatec"},"image":{"@id":"https:\/\/www.mydatec.com\/fr\/#\/schema\/logo\/image\/"},"sameAs":["http:\/\/www.linkedin.com\/in\/MyDATEC"]}]}},"_links":{"self":[{"href":"https:\/\/www.mydatec.com\/fr\/wp-json\/wp\/v2\/pages\/4981","targetHints":{"allow":["GET"]}}],"collection":[{"href":"https:\/\/www.mydatec.com\/fr\/wp-json\/wp\/v2\/pages"}],"about":[{"href":"https:\/\/www.mydatec.com\/fr\/wp-json\/wp\/v2\/types\/page"}],"author":[{"embeddable":true,"href":"https:\/\/www.mydatec.com\/fr\/wp-json\/wp\/v2\/users\/6"}],"replies":[{"embeddable":true,"href":"https:\/\/www.mydatec.com\/fr\/wp-json\/wp\/v2\/comments?post=4981"}],"version-history":[{"count":5,"href":"https:\/\/www.mydatec.com\/fr\/wp-json\/wp\/v2\/pages\/4981\/revisions"}],"predecessor-version":[{"id":9540,"href":"https:\/\/www.mydatec.com\/fr\/wp-json\/wp\/v2\/pages\/4981\/revisions\/9540"}],"wp:attachment":[{"href":"https:\/\/www.mydatec.com\/fr\/wp-json\/wp\/v2\/media?parent=4981"}],"curies":[{"name":"wp","href":"https:\/\/api.w.org\/{rel}","templated":true}]}}