{"id":468,"date":"2012-12-19T14:32:44","date_gmt":"2012-12-19T13:32:44","guid":{"rendered":"https:\/\/www.mydatec.com\/?page_id=468"},"modified":"2020-04-14T23:33:26","modified_gmt":"2020-04-14T22:33:26","slug":"principe-dune-pompe-a-chaleur","status":"publish","type":"page","link":"https:\/\/www.mydatec.com\/fr\/principe-dune-pompe-a-chaleur\/","title":{"rendered":"Principe d&rsquo;une pompe \u00e0 chaleur"},"content":{"rendered":"<h3 style=\"text-align: justify;\">D\u00e9finition de la pompe \u00e0 chaleur<\/h3>\n<p style=\"text-align: justify;\">Une pompe \u00e0 chaleur ou PAC est un dispositif thermodynamique qui pr\u00e9l\u00e8ve la chaleur pr\u00e9sente dans un milieu (par exemple l&rsquo;air, l&rsquo;eau, la terre) pour la transf\u00e9rer vers un autre (par exemple dans un logement pour le chauffer). Le r\u00e9frig\u00e9rateur est le syst\u00e8me de pompe \u00e0 chaleur le plus connu. Une pompe \u00e0 chaleur r\u00e9versible produira du frais en \u00e9t\u00e9 et de la chaleur en hiver.<\/p>\n<p style=\"text-align: justify;\">On distingue 3 types principaux de pompe \u00e0 chaleur:<\/p>\n<ul style=\"text-align: justify;\">\n<li><span style=\"color: #000000;\"><strong>Pompe \u00e0 chaleur air\/air<\/strong>: la chaleur est pr\u00e9lev\u00e9e sur l&rsquo;air et est transf\u00e9r\u00e9e directement \u00e0 l&rsquo;air du local \u00e0 chauffer ou refroidir.<\/span><\/li>\n<li><span style=\"color: #000000;\"><strong>Pompe \u00e0 chaleur air\/eau<\/strong>: la chaleur est pr\u00e9lev\u00e9e sur l&rsquo;air et est transf\u00e9r\u00e9e \u00e0 un circuit d&rsquo;eau qui alimentera un plancher et\/ou plafond chauffant et\/ou rafra\u00eechissant, des radiateurs ventilo-convecteurs ou a\u00e9rothermes.<\/span><\/li>\n<li><span style=\"color: #000000;\"><strong>Pompe \u00e0 chaleur eau\/eau<\/strong>: le syst\u00e8me pr\u00e9l\u00e8ve la chaleur dans un circuit d&rsquo;eau en contact avec un \u00e9l\u00e9ment qui lui fournira la chaleur (terre, nappe phr\u00e9atique) pour la transf\u00e9rer \u00e0 un autre circuit d&rsquo;eau<\/span><\/li>\n<\/ul>\n<h3 style=\"text-align: justify;\">Principe d&rsquo;une pompe \u00e0 chaleur sur air extrait<\/h3>\n<p style=\"text-align: justify;\">A l\u2019int\u00e9rieur de la centrale thermodynamique MyDATEC, le premier flux d\u2019air (Extraction -&gt; Rejet Ext\u00e9rieur) traverse une batterie \u00e9changeur \u00ab \u00e9vaporateur&nbsp;\u00bb. Le flux d\u2019air c\u00e8de les calories contenues dans l\u2019air pour le transmettre au fluide caloporteur du cycle thermodynamique. Le flux d\u2019air d\u2019une temp\u00e9rature d\u2019environ 20\u00b0C \u00e0 l\u2019extraction est rejet\u00e9, apr\u00e8s avoir c\u00e9d\u00e9 ses calories, vers l\u2019ext\u00e9rieur \u00e0 une temp\u00e9rature de l\u2019ordre de 2\u00b0C.<\/p>\n<p style=\"text-align: justify;\">Dans le m\u00eame temps, le second flux d\u2019air (Air neuf Ext\u00e9rieur -&gt; Insufflation dans le logement) traverse une seconde batterie \u00e9changeur \u00ab&nbsp;Condenseur&nbsp;\u00bb. Le flux d\u2019air r\u00e9cup\u00e8re les calories du fluide caloporteur du cycle thermodynamique. L\u2019augmentation de temp\u00e9rature entre l\u2019air neuf, pris \u00e0 l\u2019ext\u00e9rieur du logement, et l\u2019air insuffl\u00e9 dans le logement est de l\u2019ordre de 35\u00b0C. Ce qui signifie que pour un air ext\u00e9rieur de 0\u00b0C, l\u2019insufflation dans le logement est de l\u2019ordre de 35\u00b0C.<\/p>\n<ul style=\"text-align: justify;\">\n<li>Les deux flux d\u2019air sont bien distincts et il n\u2019y a aucun m\u00e9lange entre les deux flux d\u2019air ce qui assure parfaitement le renouvellement d\u2019air neuf du logement.<\/li>\n<li>L\u2019utilisation d\u2019un syst\u00e8me pompe \u00e0 chaleur, \u00e0 cycle thermodynamique, permet, contrairement au syst\u00e8me double flux statique (\u00e0 \u00e9changeur statique) de chauffer l\u2019air entrant \u00e0 une temp\u00e9rature sup\u00e9rieure \u00e0 la temp\u00e9rature de l\u2019air extrait (20\u00b0C) de l\u2019habitation permettant d\u2019assurer en fonction des d\u00e9perditions du logement tout ou partie du besoin de chauffage.<\/li>\n<\/ul>\n<h3 style=\"text-align: justify;\">La diff\u00e9rence entre MyDATEC et les autres PAC<\/h3>\n<p style=\"text-align: justify;\">Contrairement \u00e0 d\u2019autres syst\u00e8mes, <a title=\"Site MyDATEC\" href=\"https:\/\/www.mydatec.com\">MyDATEC<\/a> se sert de l\u2019air extrait du logement pour les besoins de la ventilation. Cette source d\u2019\u00e9nergie est renouvelable, puisque si on ne la r\u00e9utilisait pas, elle serait perdue, et surtout, cette source est naturellement chaude (environ 20\u00b0C toute l\u2019ann\u00e9e) et riche en humidit\u00e9&nbsp;! Tout ce qu\u2019aime une pompe \u00e0 chaleur&nbsp;! C\u2019est pourquoi les rendements de MyDATEC sont si spectaculaires. En contrepartie, la source qu\u2019utilise MyDATEC, l\u2019air extrait de la VMC, est limit\u00e9e&nbsp;: la r\u00e9cup\u00e9ration de chaleur sur l\u2019air extrait n\u2019a plus d\u2019int\u00e9r\u00eat si on n\u2019a plus besoin de ventiler&nbsp;! C\u2019est pourquoi, la puissance fournie par MyDATEC est limit\u00e9 (jusqu\u2019\u00e0 3 kW pour la PAC) alors qu\u2019une PAC air air pourrait fournir une puissance illimit\u00e9e.<\/p>\n<p style=\"text-align: justify;\">[button link=\u00a0\u00bbhttps:\/\/www.mydatec.com\/principe-de-la-vmc\/\u00a0\u00bb]Principe d&rsquo;une VMC [\/button]<\/p>\n<p style=\"text-align: justify;\"><span style=\"color: #ffffff;\">.<\/span><\/p>\n","protected":false},"excerpt":{"rendered":"<p>D\u00e9finition de la pompe \u00e0 chaleur Une pompe \u00e0 chaleur ou PAC est un dispositif thermodynamique qui pr\u00e9l\u00e8ve la chaleur pr\u00e9sente dans un milieu (par  [&#8230;]<\/p>\n","protected":false},"author":6,"featured_media":0,"parent":0,"menu_order":29,"comment_status":"closed","ping_status":"open","template":"","meta":{"footnotes":""},"class_list":["post-468","page","type-page","status-publish","hentry"],"yoast_head":"<!-- This site is optimized with the Yoast SEO plugin v27.5 - https:\/\/yoast.com\/product\/yoast-seo-wordpress\/ -->\n<title>Principe d&#039;une pompe \u00e0 chaleur<\/title>\n<meta name=\"description\" content=\"Principe d&#039;une pompe \u00e0 chaleur - MyDatec VMC double flux thermodynamique coupl\u00e9 \u00e0 pompe \u00e0 chlaeur sur air extrait air air\" \/>\n<meta name=\"robots\" content=\"index, follow, max-snippet:-1, max-image-preview:large, max-video-preview:-1\" \/>\n<link rel=\"canonical\" href=\"https:\/\/www.mydatec.com\/fr\/principe-dune-pompe-a-chaleur\/\" \/>\n<meta property=\"og:locale\" content=\"fr_FR\" \/>\n<meta property=\"og:type\" content=\"article\" \/>\n<meta property=\"og:title\" content=\"Principe d&#039;une pompe \u00e0 chaleur\" \/>\n<meta property=\"og:description\" content=\"Principe d&#039;une pompe \u00e0 chaleur - MyDatec VMC double flux thermodynamique coupl\u00e9 \u00e0 pompe \u00e0 chlaeur sur air extrait air air\" \/>\n<meta property=\"og:url\" content=\"https:\/\/www.mydatec.com\/fr\/principe-dune-pompe-a-chaleur\/\" \/>\n<meta property=\"og:site_name\" content=\"MyDATEC\" \/>\n<meta property=\"article:modified_time\" content=\"2020-04-14T22:33:26+00:00\" \/>\n<meta name=\"twitter:label1\" content=\"Dur\u00e9e de lecture estim\u00e9e\" \/>\n\t<meta name=\"twitter:data1\" content=\"3 minutes\" \/>\n<script type=\"application\/ld+json\" class=\"yoast-schema-graph\">{\"@context\":\"https:\\\/\\\/schema.org\",\"@graph\":[{\"@type\":\"WebPage\",\"@id\":\"https:\\\/\\\/www.mydatec.com\\\/fr\\\/principe-dune-pompe-a-chaleur\\\/\",\"url\":\"https:\\\/\\\/www.mydatec.com\\\/fr\\\/principe-dune-pompe-a-chaleur\\\/\",\"name\":\"Principe d'une pompe \u00e0 chaleur\",\"isPartOf\":{\"@id\":\"https:\\\/\\\/www.mydatec.com\\\/fr\\\/#website\"},\"datePublished\":\"2012-12-19T13:32:44+00:00\",\"dateModified\":\"2020-04-14T22:33:26+00:00\",\"description\":\"Principe d'une pompe \u00e0 chaleur - MyDatec VMC double flux thermodynamique coupl\u00e9 \u00e0 pompe \u00e0 chlaeur sur air extrait air air\",\"breadcrumb\":{\"@id\":\"https:\\\/\\\/www.mydatec.com\\\/fr\\\/principe-dune-pompe-a-chaleur\\\/#breadcrumb\"},\"inLanguage\":\"fr-FR\",\"potentialAction\":[{\"@type\":\"ReadAction\",\"target\":[\"https:\\\/\\\/www.mydatec.com\\\/fr\\\/principe-dune-pompe-a-chaleur\\\/\"]}]},{\"@type\":\"BreadcrumbList\",\"@id\":\"https:\\\/\\\/www.mydatec.com\\\/fr\\\/principe-dune-pompe-a-chaleur\\\/#breadcrumb\",\"itemListElement\":[{\"@type\":\"ListItem\",\"position\":1,\"name\":\"Accueil\",\"item\":\"https:\\\/\\\/www.mydatec.com\\\/fr\\\/\"},{\"@type\":\"ListItem\",\"position\":2,\"name\":\"Principe d&rsquo;une pompe \u00e0 chaleur\"}]},{\"@type\":\"WebSite\",\"@id\":\"https:\\\/\\\/www.mydatec.com\\\/fr\\\/#website\",\"url\":\"https:\\\/\\\/www.mydatec.com\\\/fr\\\/\",\"name\":\"MyDATEC\",\"description\":\"La solution thermodynamique\",\"publisher\":{\"@id\":\"https:\\\/\\\/www.mydatec.com\\\/fr\\\/#organization\"},\"potentialAction\":[{\"@type\":\"SearchAction\",\"target\":{\"@type\":\"EntryPoint\",\"urlTemplate\":\"https:\\\/\\\/www.mydatec.com\\\/fr\\\/?s={search_term_string}\"},\"query-input\":{\"@type\":\"PropertyValueSpecification\",\"valueRequired\":true,\"valueName\":\"search_term_string\"}}],\"inLanguage\":\"fr-FR\"},{\"@type\":\"Organization\",\"@id\":\"https:\\\/\\\/www.mydatec.com\\\/fr\\\/#organization\",\"name\":\"MyDatec\",\"url\":\"https:\\\/\\\/www.mydatec.com\\\/fr\\\/\",\"logo\":{\"@type\":\"ImageObject\",\"inLanguage\":\"fr-FR\",\"@id\":\"https:\\\/\\\/www.mydatec.com\\\/fr\\\/#\\\/schema\\\/logo\\\/image\\\/\",\"url\":\"https:\\\/\\\/www.mydatec.com\\\/wp-content\\\/uploads\\\/2022\\\/01\\\/logo-mydatec.jpg\",\"contentUrl\":\"https:\\\/\\\/www.mydatec.com\\\/wp-content\\\/uploads\\\/2022\\\/01\\\/logo-mydatec.jpg\",\"width\":434,\"height\":351,\"caption\":\"MyDatec\"},\"image\":{\"@id\":\"https:\\\/\\\/www.mydatec.com\\\/fr\\\/#\\\/schema\\\/logo\\\/image\\\/\"},\"sameAs\":[\"http:\\\/\\\/www.linkedin.com\\\/in\\\/MyDATEC\"]}]}<\/script>\n<!-- \/ Yoast SEO plugin. -->","yoast_head_json":{"title":"Principe d'une pompe \u00e0 chaleur","description":"Principe d'une pompe \u00e0 chaleur - MyDatec VMC double flux thermodynamique coupl\u00e9 \u00e0 pompe \u00e0 chlaeur sur air extrait air air","robots":{"index":"index","follow":"follow","max-snippet":"max-snippet:-1","max-image-preview":"max-image-preview:large","max-video-preview":"max-video-preview:-1"},"canonical":"https:\/\/www.mydatec.com\/fr\/principe-dune-pompe-a-chaleur\/","og_locale":"fr_FR","og_type":"article","og_title":"Principe d'une pompe \u00e0 chaleur","og_description":"Principe d'une pompe \u00e0 chaleur - MyDatec VMC double flux thermodynamique coupl\u00e9 \u00e0 pompe \u00e0 chlaeur sur air extrait air air","og_url":"https:\/\/www.mydatec.com\/fr\/principe-dune-pompe-a-chaleur\/","og_site_name":"MyDATEC","article_modified_time":"2020-04-14T22:33:26+00:00","twitter_misc":{"Dur\u00e9e de lecture estim\u00e9e":"3 minutes"},"schema":{"@context":"https:\/\/schema.org","@graph":[{"@type":"WebPage","@id":"https:\/\/www.mydatec.com\/fr\/principe-dune-pompe-a-chaleur\/","url":"https:\/\/www.mydatec.com\/fr\/principe-dune-pompe-a-chaleur\/","name":"Principe d'une pompe \u00e0 chaleur","isPartOf":{"@id":"https:\/\/www.mydatec.com\/fr\/#website"},"datePublished":"2012-12-19T13:32:44+00:00","dateModified":"2020-04-14T22:33:26+00:00","description":"Principe d'une pompe \u00e0 chaleur - MyDatec VMC double flux thermodynamique coupl\u00e9 \u00e0 pompe \u00e0 chlaeur sur air extrait air air","breadcrumb":{"@id":"https:\/\/www.mydatec.com\/fr\/principe-dune-pompe-a-chaleur\/#breadcrumb"},"inLanguage":"fr-FR","potentialAction":[{"@type":"ReadAction","target":["https:\/\/www.mydatec.com\/fr\/principe-dune-pompe-a-chaleur\/"]}]},{"@type":"BreadcrumbList","@id":"https:\/\/www.mydatec.com\/fr\/principe-dune-pompe-a-chaleur\/#breadcrumb","itemListElement":[{"@type":"ListItem","position":1,"name":"Accueil","item":"https:\/\/www.mydatec.com\/fr\/"},{"@type":"ListItem","position":2,"name":"Principe d&rsquo;une pompe \u00e0 chaleur"}]},{"@type":"WebSite","@id":"https:\/\/www.mydatec.com\/fr\/#website","url":"https:\/\/www.mydatec.com\/fr\/","name":"MyDATEC","description":"La solution thermodynamique","publisher":{"@id":"https:\/\/www.mydatec.com\/fr\/#organization"},"potentialAction":[{"@type":"SearchAction","target":{"@type":"EntryPoint","urlTemplate":"https:\/\/www.mydatec.com\/fr\/?s={search_term_string}"},"query-input":{"@type":"PropertyValueSpecification","valueRequired":true,"valueName":"search_term_string"}}],"inLanguage":"fr-FR"},{"@type":"Organization","@id":"https:\/\/www.mydatec.com\/fr\/#organization","name":"MyDatec","url":"https:\/\/www.mydatec.com\/fr\/","logo":{"@type":"ImageObject","inLanguage":"fr-FR","@id":"https:\/\/www.mydatec.com\/fr\/#\/schema\/logo\/image\/","url":"https:\/\/www.mydatec.com\/wp-content\/uploads\/2022\/01\/logo-mydatec.jpg","contentUrl":"https:\/\/www.mydatec.com\/wp-content\/uploads\/2022\/01\/logo-mydatec.jpg","width":434,"height":351,"caption":"MyDatec"},"image":{"@id":"https:\/\/www.mydatec.com\/fr\/#\/schema\/logo\/image\/"},"sameAs":["http:\/\/www.linkedin.com\/in\/MyDATEC"]}]}},"_links":{"self":[{"href":"https:\/\/www.mydatec.com\/fr\/wp-json\/wp\/v2\/pages\/468","targetHints":{"allow":["GET"]}}],"collection":[{"href":"https:\/\/www.mydatec.com\/fr\/wp-json\/wp\/v2\/pages"}],"about":[{"href":"https:\/\/www.mydatec.com\/fr\/wp-json\/wp\/v2\/types\/page"}],"author":[{"embeddable":true,"href":"https:\/\/www.mydatec.com\/fr\/wp-json\/wp\/v2\/users\/6"}],"replies":[{"embeddable":true,"href":"https:\/\/www.mydatec.com\/fr\/wp-json\/wp\/v2\/comments?post=468"}],"version-history":[{"count":4,"href":"https:\/\/www.mydatec.com\/fr\/wp-json\/wp\/v2\/pages\/468\/revisions"}],"predecessor-version":[{"id":6178,"href":"https:\/\/www.mydatec.com\/fr\/wp-json\/wp\/v2\/pages\/468\/revisions\/6178"}],"wp:attachment":[{"href":"https:\/\/www.mydatec.com\/fr\/wp-json\/wp\/v2\/media?parent=468"}],"curies":[{"name":"wp","href":"https:\/\/api.w.org\/{rel}","templated":true}]}}