{"id":4124,"date":"2017-01-16T18:34:26","date_gmt":"2017-01-16T17:34:26","guid":{"rendered":"https:\/\/www.mydatec.com\/?page_id=4124"},"modified":"2020-04-14T23:33:52","modified_gmt":"2020-04-14T22:33:52","slug":"kit-reseau-accessoires","status":"publish","type":"page","link":"https:\/\/www.mydatec.com\/fr\/kit-reseau-accessoires\/","title":{"rendered":"Votre kit r\u00e9seau et accessoires"},"content":{"rendered":"<p style=\"text-align: left;\">Le sch\u00e9ma d\u2019assemblage des accessoires du kit<\/p>\n<p style=\"text-align: center;\">[download link=\u00a0\u00bbhttps:\/\/www.mydatec.com\/le-schema-dassemblage-des-accessoires-du-kit\/\u00a0\u00bb]Le kit[\/download]<\/p>\n<p style=\"text-align: left;\">Gaine semi-rigide<\/p>\n<p style=\"text-align: center;\">[download link=\u00a0\u00bbhttps:\/\/www.mydatec.com\/gaine-nettoyable\/\u00a0\u00bb]Gaine semi-rigide[\/download]<\/p>\n<p style=\"text-align: left;\">&gt; En savoir plus sur la <a href=\"https:\/\/www.mydatec.com\/service-vmc-double-flux-assistance\/preparation-kit-vmc-pret-a-poser\/\">pr\u00e9paration de votre kit VMC pr\u00eat-\u00e0-poser<\/a><\/p>\n","protected":false},"excerpt":{"rendered":"<p>Le sch\u00e9ma d\u2019assemblage des accessoires du kit [download link=\u00a0\u00bbhttps:\/\/www.mydatec.com\/le-schema-dassemblage-des-accessoires-du-kit\/\u00a0\u00bb]Le kit[\/download] Gaine semi-rigide [download link=\u00a0\u00bbhttps:\/\/www.mydatec.com\/gaine-nettoyable\/\u00a0\u00bb]Gaine semi-rigide[\/download] &gt; En savoir plus sur la pr\u00e9paration de votre kit  [&#8230;]<\/p>\n","protected":false},"author":6,"featured_media":802,"parent":0,"menu_order":70,"comment_status":"closed","ping_status":"open","template":"","meta":{"footnotes":""},"class_list":["post-4124","page","type-page","status-publish","has-post-thumbnail","hentry"],"yoast_head":"<!-- This site is optimized with the Yoast SEO plugin v27.3 - https:\/\/yoast.com\/product\/yoast-seo-wordpress\/ -->\n<title>Votre kit r\u00e9seau et accessoires<\/title>\n<meta name=\"robots\" content=\"index, follow, max-snippet:-1, max-image-preview:large, max-video-preview:-1\" \/>\n<link rel=\"canonical\" href=\"https:\/\/www.mydatec.com\/fr\/kit-reseau-accessoires\/\" \/>\n<meta property=\"og:locale\" content=\"fr_FR\" \/>\n<meta property=\"og:type\" content=\"article\" \/>\n<meta property=\"og:title\" content=\"Votre kit r\u00e9seau et accessoires\" \/>\n<meta property=\"og:description\" content=\"Le sch\u00e9ma d\u2019assemblage des accessoires du kit [download link=\u00a0\u00bbhttps:\/\/www.mydatec.com\/le-schema-dassemblage-des-accessoires-du-kit\/\u00a0\u00bb]Le kit[\/download] Gaine semi-rigide [download link=\u00a0\u00bbhttps:\/\/www.mydatec.com\/gaine-nettoyable\/\u00a0\u00bb]Gaine semi-rigide[\/download] &gt; En savoir plus sur la pr\u00e9paration de votre kit [...]\" \/>\n<meta property=\"og:url\" content=\"https:\/\/www.mydatec.com\/fr\/kit-reseau-accessoires\/\" \/>\n<meta property=\"og:site_name\" content=\"MyDATEC\" \/>\n<meta property=\"article:modified_time\" content=\"2020-04-14T22:33:52+00:00\" \/>\n<meta property=\"og:image\" content=\"https:\/\/www.mydatec.com\/wp-content\/uploads\/2012\/12\/ico_accessoires.png\" \/>\n\t<meta property=\"og:image:width\" content=\"80\" \/>\n\t<meta property=\"og:image:height\" content=\"80\" \/>\n\t<meta property=\"og:image:type\" content=\"image\/png\" \/>\n<script type=\"application\/ld+json\" class=\"yoast-schema-graph\">{\"@context\":\"https:\\\/\\\/schema.org\",\"@graph\":[{\"@type\":\"WebPage\",\"@id\":\"https:\\\/\\\/www.mydatec.com\\\/fr\\\/kit-reseau-accessoires\\\/\",\"url\":\"https:\\\/\\\/www.mydatec.com\\\/fr\\\/kit-reseau-accessoires\\\/\",\"name\":\"Votre kit r\u00e9seau et accessoires\",\"isPartOf\":{\"@id\":\"https:\\\/\\\/www.mydatec.com\\\/fr\\\/#website\"},\"primaryImageOfPage\":{\"@id\":\"https:\\\/\\\/www.mydatec.com\\\/fr\\\/kit-reseau-accessoires\\\/#primaryimage\"},\"image\":{\"@id\":\"https:\\\/\\\/www.mydatec.com\\\/fr\\\/kit-reseau-accessoires\\\/#primaryimage\"},\"thumbnailUrl\":\"https:\\\/\\\/www.mydatec.com\\\/wp-content\\\/uploads\\\/2012\\\/12\\\/ico_accessoires.png\",\"datePublished\":\"2017-01-16T17:34:26+00:00\",\"dateModified\":\"2020-04-14T22:33:52+00:00\",\"breadcrumb\":{\"@id\":\"https:\\\/\\\/www.mydatec.com\\\/fr\\\/kit-reseau-accessoires\\\/#breadcrumb\"},\"inLanguage\":\"fr-FR\",\"potentialAction\":[{\"@type\":\"ReadAction\",\"target\":[\"https:\\\/\\\/www.mydatec.com\\\/fr\\\/kit-reseau-accessoires\\\/\"]}]},{\"@type\":\"ImageObject\",\"inLanguage\":\"fr-FR\",\"@id\":\"https:\\\/\\\/www.mydatec.com\\\/fr\\\/kit-reseau-accessoires\\\/#primaryimage\",\"url\":\"https:\\\/\\\/www.mydatec.com\\\/wp-content\\\/uploads\\\/2012\\\/12\\\/ico_accessoires.png\",\"contentUrl\":\"https:\\\/\\\/www.mydatec.com\\\/wp-content\\\/uploads\\\/2012\\\/12\\\/ico_accessoires.png\",\"width\":\"80\",\"height\":\"80\"},{\"@type\":\"BreadcrumbList\",\"@id\":\"https:\\\/\\\/www.mydatec.com\\\/fr\\\/kit-reseau-accessoires\\\/#breadcrumb\",\"itemListElement\":[{\"@type\":\"ListItem\",\"position\":1,\"name\":\"Accueil\",\"item\":\"https:\\\/\\\/www.mydatec.com\\\/fr\\\/\"},{\"@type\":\"ListItem\",\"position\":2,\"name\":\"Votre kit r\u00e9seau et accessoires\"}]},{\"@type\":\"WebSite\",\"@id\":\"https:\\\/\\\/www.mydatec.com\\\/fr\\\/#website\",\"url\":\"https:\\\/\\\/www.mydatec.com\\\/fr\\\/\",\"name\":\"MyDATEC\",\"description\":\"La solution thermodynamique\",\"publisher\":{\"@id\":\"https:\\\/\\\/www.mydatec.com\\\/fr\\\/#organization\"},\"potentialAction\":[{\"@type\":\"SearchAction\",\"target\":{\"@type\":\"EntryPoint\",\"urlTemplate\":\"https:\\\/\\\/www.mydatec.com\\\/fr\\\/?s={search_term_string}\"},\"query-input\":{\"@type\":\"PropertyValueSpecification\",\"valueRequired\":true,\"valueName\":\"search_term_string\"}}],\"inLanguage\":\"fr-FR\"},{\"@type\":\"Organization\",\"@id\":\"https:\\\/\\\/www.mydatec.com\\\/fr\\\/#organization\",\"name\":\"MyDatec\",\"url\":\"https:\\\/\\\/www.mydatec.com\\\/fr\\\/\",\"logo\":{\"@type\":\"ImageObject\",\"inLanguage\":\"fr-FR\",\"@id\":\"https:\\\/\\\/www.mydatec.com\\\/fr\\\/#\\\/schema\\\/logo\\\/image\\\/\",\"url\":\"https:\\\/\\\/www.mydatec.com\\\/wp-content\\\/uploads\\\/2022\\\/01\\\/logo-mydatec.jpg\",\"contentUrl\":\"https:\\\/\\\/www.mydatec.com\\\/wp-content\\\/uploads\\\/2022\\\/01\\\/logo-mydatec.jpg\",\"width\":434,\"height\":351,\"caption\":\"MyDatec\"},\"image\":{\"@id\":\"https:\\\/\\\/www.mydatec.com\\\/fr\\\/#\\\/schema\\\/logo\\\/image\\\/\"},\"sameAs\":[\"http:\\\/\\\/www.linkedin.com\\\/in\\\/MyDATEC\"]}]}<\/script>\n<!-- \/ Yoast SEO plugin. -->","yoast_head_json":{"title":"Votre kit r\u00e9seau et accessoires","robots":{"index":"index","follow":"follow","max-snippet":"max-snippet:-1","max-image-preview":"max-image-preview:large","max-video-preview":"max-video-preview:-1"},"canonical":"https:\/\/www.mydatec.com\/fr\/kit-reseau-accessoires\/","og_locale":"fr_FR","og_type":"article","og_title":"Votre kit r\u00e9seau et accessoires","og_description":"Le sch\u00e9ma d\u2019assemblage des accessoires du kit [download link=\u00a0\u00bbhttps:\/\/www.mydatec.com\/le-schema-dassemblage-des-accessoires-du-kit\/\u00a0\u00bb]Le kit[\/download] Gaine semi-rigide [download link=\u00a0\u00bbhttps:\/\/www.mydatec.com\/gaine-nettoyable\/\u00a0\u00bb]Gaine semi-rigide[\/download] &gt; En savoir plus sur la pr\u00e9paration de votre kit [...]","og_url":"https:\/\/www.mydatec.com\/fr\/kit-reseau-accessoires\/","og_site_name":"MyDATEC","article_modified_time":"2020-04-14T22:33:52+00:00","og_image":[{"width":80,"height":80,"url":"https:\/\/www.mydatec.com\/wp-content\/uploads\/2012\/12\/ico_accessoires.png","type":"image\/png"}],"schema":{"@context":"https:\/\/schema.org","@graph":[{"@type":"WebPage","@id":"https:\/\/www.mydatec.com\/fr\/kit-reseau-accessoires\/","url":"https:\/\/www.mydatec.com\/fr\/kit-reseau-accessoires\/","name":"Votre kit r\u00e9seau et accessoires","isPartOf":{"@id":"https:\/\/www.mydatec.com\/fr\/#website"},"primaryImageOfPage":{"@id":"https:\/\/www.mydatec.com\/fr\/kit-reseau-accessoires\/#primaryimage"},"image":{"@id":"https:\/\/www.mydatec.com\/fr\/kit-reseau-accessoires\/#primaryimage"},"thumbnailUrl":"https:\/\/www.mydatec.com\/wp-content\/uploads\/2012\/12\/ico_accessoires.png","datePublished":"2017-01-16T17:34:26+00:00","dateModified":"2020-04-14T22:33:52+00:00","breadcrumb":{"@id":"https:\/\/www.mydatec.com\/fr\/kit-reseau-accessoires\/#breadcrumb"},"inLanguage":"fr-FR","potentialAction":[{"@type":"ReadAction","target":["https:\/\/www.mydatec.com\/fr\/kit-reseau-accessoires\/"]}]},{"@type":"ImageObject","inLanguage":"fr-FR","@id":"https:\/\/www.mydatec.com\/fr\/kit-reseau-accessoires\/#primaryimage","url":"https:\/\/www.mydatec.com\/wp-content\/uploads\/2012\/12\/ico_accessoires.png","contentUrl":"https:\/\/www.mydatec.com\/wp-content\/uploads\/2012\/12\/ico_accessoires.png","width":"80","height":"80"},{"@type":"BreadcrumbList","@id":"https:\/\/www.mydatec.com\/fr\/kit-reseau-accessoires\/#breadcrumb","itemListElement":[{"@type":"ListItem","position":1,"name":"Accueil","item":"https:\/\/www.mydatec.com\/fr\/"},{"@type":"ListItem","position":2,"name":"Votre kit r\u00e9seau et accessoires"}]},{"@type":"WebSite","@id":"https:\/\/www.mydatec.com\/fr\/#website","url":"https:\/\/www.mydatec.com\/fr\/","name":"MyDATEC","description":"La solution thermodynamique","publisher":{"@id":"https:\/\/www.mydatec.com\/fr\/#organization"},"potentialAction":[{"@type":"SearchAction","target":{"@type":"EntryPoint","urlTemplate":"https:\/\/www.mydatec.com\/fr\/?s={search_term_string}"},"query-input":{"@type":"PropertyValueSpecification","valueRequired":true,"valueName":"search_term_string"}}],"inLanguage":"fr-FR"},{"@type":"Organization","@id":"https:\/\/www.mydatec.com\/fr\/#organization","name":"MyDatec","url":"https:\/\/www.mydatec.com\/fr\/","logo":{"@type":"ImageObject","inLanguage":"fr-FR","@id":"https:\/\/www.mydatec.com\/fr\/#\/schema\/logo\/image\/","url":"https:\/\/www.mydatec.com\/wp-content\/uploads\/2022\/01\/logo-mydatec.jpg","contentUrl":"https:\/\/www.mydatec.com\/wp-content\/uploads\/2022\/01\/logo-mydatec.jpg","width":434,"height":351,"caption":"MyDatec"},"image":{"@id":"https:\/\/www.mydatec.com\/fr\/#\/schema\/logo\/image\/"},"sameAs":["http:\/\/www.linkedin.com\/in\/MyDATEC"]}]}},"_links":{"self":[{"href":"https:\/\/www.mydatec.com\/fr\/wp-json\/wp\/v2\/pages\/4124","targetHints":{"allow":["GET"]}}],"collection":[{"href":"https:\/\/www.mydatec.com\/fr\/wp-json\/wp\/v2\/pages"}],"about":[{"href":"https:\/\/www.mydatec.com\/fr\/wp-json\/wp\/v2\/types\/page"}],"author":[{"embeddable":true,"href":"https:\/\/www.mydatec.com\/fr\/wp-json\/wp\/v2\/users\/6"}],"replies":[{"embeddable":true,"href":"https:\/\/www.mydatec.com\/fr\/wp-json\/wp\/v2\/comments?post=4124"}],"version-history":[{"count":5,"href":"https:\/\/www.mydatec.com\/fr\/wp-json\/wp\/v2\/pages\/4124\/revisions"}],"predecessor-version":[{"id":6110,"href":"https:\/\/www.mydatec.com\/fr\/wp-json\/wp\/v2\/pages\/4124\/revisions\/6110"}],"wp:featuredmedia":[{"embeddable":true,"href":"https:\/\/www.mydatec.com\/fr\/wp-json\/wp\/v2\/media\/802"}],"wp:attachment":[{"href":"https:\/\/www.mydatec.com\/fr\/wp-json\/wp\/v2\/media?parent=4124"}],"curies":[{"name":"wp","href":"https:\/\/api.w.org\/{rel}","templated":true}]}}