{"id":4009,"date":"2017-01-10T15:07:40","date_gmt":"2017-01-10T14:07:40","guid":{"rendered":"https:\/\/www.mydatec.com\/?page_id=4009"},"modified":"2020-04-14T23:34:54","modified_gmt":"2020-04-14T22:34:54","slug":"gaine-nettoyable","status":"publish","type":"page","link":"https:\/\/www.mydatec.com\/fr\/gaine-nettoyable\/","title":{"rendered":"Gaine semi-rigide"},"content":{"rendered":"<p style=\"text-align: center;\"><img decoding=\"async\" class=\"alignnone size-full wp-image-4011\" src=\"https:\/\/www.mydatec.com\/wp-content\/uploads\/2017\/01\/gaine-nettoyable-e1484057711661.jpg\" alt=\"gaine-semi-rigide\" width=\"300\" height=\"259\" \/><\/p>\n<p style=\"text-align: center;\">[download link=\u00a0\u00bbhttps:\/\/www.mydatec.com\/wp-content\/uploads\/2018\/10\/GAINE-SEMI-RIGIDE_19102018.pdf\u00a0\u00bb]Voir la fiche technique\u00a0 Gaine semi-rigide[\/download]<\/p>\n<h3><span style=\"color: #f6c555;\">Avantages<\/span><\/h3>\n<ul>\n<li>Isol\u00e9e<\/li>\n<li>\u00c9tanch\u00e9it\u00e9 renforc\u00e9e<\/li>\n<li>Facilit\u00e9 d\u2019entretien pour plus d\u2019hygi\u00e8ne<\/li>\n<li>Nettoyable<\/li>\n<li>M\u00e9moire de forme<\/li>\n<\/ul>\n<h3><span style=\"color: #f6c555;\">Conformit\u00e9<\/span><\/h3>\n<ul>\n<li>Qualit\u00e9 Alimentaire selon EU 10 \/ 2011<\/li>\n<li>Pas de COV, aucun relargage<\/li>\n<\/ul>\n<table border=\"1\" cellspacing=\"0\" cellpadding=\"0\">\n<tbody>\n<tr>\n<td nowrap=\"nowrap\"><span style=\"color: #f6c555;\">D\u00c9SIGNATION<\/span><\/td>\n<td valign=\"top\" nowrap=\"nowrap\"><span style=\"color: #f6c555;\">R\u00c9F\u00c9RENCE<\/span><\/td>\n<\/tr>\n<tr>\n<td nowrap=\"nowrap\">Gaine PVC Alimentaire blanche nettoyable \u00d8100<\/td>\n<td valign=\"top\" nowrap=\"nowrap\">GAINE_NETTOYABLE_ISOLEE_D100<\/td>\n<\/tr>\n<tr>\n<td nowrap=\"nowrap\">Gaine PVC Alimentaire blanche nettoyable \u00d8125<\/td>\n<td valign=\"top\" nowrap=\"nowrap\">GAINE_NETTOYABLE_ISOLEE_D125<\/td>\n<\/tr>\n<\/tbody>\n<\/table>\n<h3><span style=\"color: #f6c555;\">Domaine d\u2018application<\/span><\/h3>\n<p>Installation de ventilation, chauffage et conditionnement d\u2019air dans tout type de construction y compris les salles propres techniques et les h\u00f4pitaux.<\/p>\n<p>&nbsp;<\/p>\n<h3><span style=\"color: #f6c555;\">Description<\/span><\/h3>\n<p><img decoding=\"async\" class=\"alignnone size-full wp-image-4012\" src=\"https:\/\/www.mydatec.com\/wp-content\/uploads\/2017\/01\/gaine-nettoyable-description.jpg\" alt=\"gaine-nettoyable-description\" width=\"441\" height=\"309\" srcset=\"https:\/\/www.mydatec.com\/wp-content\/uploads\/2017\/01\/gaine-nettoyable-description-31x22.jpg 31w, https:\/\/www.mydatec.com\/wp-content\/uploads\/2017\/01\/gaine-nettoyable-description-38x27.jpg 38w, https:\/\/www.mydatec.com\/wp-content\/uploads\/2017\/01\/gaine-nettoyable-description-148x104.jpg 148w, https:\/\/www.mydatec.com\/wp-content\/uploads\/2017\/01\/gaine-nettoyable-description-300x210.jpg 300w, https:\/\/www.mydatec.com\/wp-content\/uploads\/2017\/01\/gaine-nettoyable-description-307x215.jpg 307w, https:\/\/www.mydatec.com\/wp-content\/uploads\/2017\/01\/gaine-nettoyable-description.jpg 441w\" sizes=\"(max-width: 441px) 100vw, 441px\" \/><\/p>\n<ul>\n<li style=\"list-style-type: none;\">\n<ul>\n<li>Gaine \u00e9tanche en PVC non relargant 100% recyclable<\/li>\n<li>Tenue \u00e0 la temp\u00e9rature: -10\u00b0C \u00e0 60\u00b0C<\/li>\n<li>Caract\u00e9ristiques A\u00e9rauliques :<br \/>\nLe document NF DTU 68.3 d\u00e9finit en Partie 1.1.1 Annexe A les pertes de charge lin\u00e9ique des conduits a\u00e9rauliques suivant la formule :<br \/>\n\u0394P : diff\u00e9rence de pression totale<br \/>\nexprim\u00e9e en Pascal (Pa)<br \/>\nQ : d\u00e9bit air exprim\u00e9 en m3\/h<br \/>\nD : Diam\u00e8tre du conduit exprim\u00e9 en mm<br \/>\nL : Longueur du conduit exprim\u00e9 en m<\/li>\n<\/ul>\n<p><img decoding=\"async\" class=\"alignnone size-full wp-image-4408\" src=\"https:\/\/www.mydatec.com\/wp-content\/uploads\/2017\/01\/gaine-formule.jpg\" alt=\"\" width=\"115\" height=\"65\" srcset=\"https:\/\/www.mydatec.com\/wp-content\/uploads\/2017\/01\/gaine-formule-31x18.jpg 31w, https:\/\/www.mydatec.com\/wp-content\/uploads\/2017\/01\/gaine-formule-38x21.jpg 38w, https:\/\/www.mydatec.com\/wp-content\/uploads\/2017\/01\/gaine-formule.jpg 115w\" sizes=\"(max-width: 115px) 100vw, 115px\" \/><\/p>\n<p>Les essais a\u00e9rauliques sur notre gaine semi-rigide nous ont permis de d\u00e9finir le coefficient k de la formule. Vous trouverez dans le tableau ci-apr\u00e8s les valeurs de ce coefficient k en fonction du diam\u00e8tre de gaine utilis\u00e9 vous permettant d\u2019\u00e9valuer les pertes de charge lin\u00e9ique de votre r\u00e9seau a\u00e9raulique.<\/p>\n<p><img decoding=\"async\" src=\"https:\/\/www.mydatec.com\/wp-content\/uploads\/2017\/01\/gaine-dimensions.jpg\" alt=\"\" width=\"176\" height=\"77\" class=\"alignnone size-full wp-image-4409\" srcset=\"https:\/\/www.mydatec.com\/wp-content\/uploads\/2017\/01\/gaine-dimensions-31x14.jpg 31w, https:\/\/www.mydatec.com\/wp-content\/uploads\/2017\/01\/gaine-dimensions-38x17.jpg 38w, https:\/\/www.mydatec.com\/wp-content\/uploads\/2017\/01\/gaine-dimensions-148x65.jpg 148w, https:\/\/www.mydatec.com\/wp-content\/uploads\/2017\/01\/gaine-dimensions.jpg 176w\" sizes=\"(max-width: 176px) 100vw, 176px\" \/><\/p>\n<h3><span style=\"color: #f6c555;\">Mise en oeuvre<\/span><\/h3>\n<ul>\n<li>Conduits livr\u00e9s en couronne de 10 m de longueur<\/li>\n<li>Conduits d\u00e9ploy\u00e9s sur le cheminement pr\u00e9vu au plan<\/li>\n<li>Isolant laine de verre 25 mm<\/li>\n<li>Surveillez que les conduits ne soient pas \u00e9cras\u00e9s sur l\u2019ensemble du r\u00e9seau<\/li>\n<li>Surveillez que les rayons de courbure soient respect\u00e9s pour \u00e9viter tout probl\u00e8me de pertes de charge non ma\u00eetris\u00e9 sur le r\u00e9seau a\u00e9raulique<\/li>\n<li>L\u2019ensemble des interconnexions des diff\u00e9rentes pi\u00e8ces du r\u00e9seau avec les gaines sera assur\u00e9 au moyen de collier de serrage et de ruban adh\u00e9sif MyDATEC.<\/li>\n<\/ul>\n","protected":false},"excerpt":{"rendered":"<p>[download link=\u00a0\u00bbhttps:\/\/www.mydatec.com\/wp-content\/uploads\/2018\/10\/GAINE-SEMI-RIGIDE_19102018.pdf\u00a0\u00bb]Voir la fiche technique\u00a0 Gaine semi-rigide[\/download] Avantages Isol\u00e9e \u00c9tanch\u00e9it\u00e9 renforc\u00e9e Facilit\u00e9 d\u2019entretien pour plus d\u2019hygi\u00e8ne Nettoyable M\u00e9moire de forme Conformit\u00e9 Qualit\u00e9 Alimentaire selon EU  [&#8230;]<\/p>\n","protected":false},"author":6,"featured_media":0,"parent":0,"menu_order":60,"comment_status":"closed","ping_status":"open","template":"","meta":{"footnotes":""},"class_list":["post-4009","page","type-page","status-publish","hentry"],"yoast_head":"<!-- This site is optimized with the Yoast SEO plugin v27.5 - https:\/\/yoast.com\/product\/yoast-seo-wordpress\/ -->\n<title>Gaine semi-rigide nettoyable pour ventillation et chauffage<\/title>\n<meta name=\"description\" content=\"Gaine nettoyable pour installation de ventilation, chauffage et conditionnement d\u2019air dans tout type de construction dont les salles propres et les hopitaux\" \/>\n<meta name=\"robots\" content=\"index, follow, max-snippet:-1, max-image-preview:large, max-video-preview:-1\" \/>\n<link rel=\"canonical\" href=\"https:\/\/www.mydatec.com\/fr\/gaine-nettoyable\/\" \/>\n<meta property=\"og:locale\" content=\"fr_FR\" \/>\n<meta property=\"og:type\" content=\"article\" \/>\n<meta property=\"og:title\" content=\"Gaine semi-rigide nettoyable pour ventillation et chauffage\" \/>\n<meta property=\"og:description\" content=\"Gaine nettoyable pour installation de ventilation, chauffage et conditionnement d\u2019air dans tout type de construction dont les salles propres et les hopitaux\" \/>\n<meta property=\"og:url\" content=\"https:\/\/www.mydatec.com\/fr\/gaine-nettoyable\/\" \/>\n<meta property=\"og:site_name\" content=\"MyDATEC\" \/>\n<meta property=\"article:modified_time\" content=\"2020-04-14T22:34:54+00:00\" \/>\n<meta property=\"og:image\" content=\"https:\/\/www.mydatec.com\/wp-content\/uploads\/2017\/01\/gaine-nettoyable-e1484057711661.jpg\" \/>\n<meta name=\"twitter:label1\" content=\"Dur\u00e9e de lecture estim\u00e9e\" \/>\n\t<meta name=\"twitter:data1\" content=\"2 minutes\" \/>\n<script type=\"application\/ld+json\" class=\"yoast-schema-graph\">{\"@context\":\"https:\\\/\\\/schema.org\",\"@graph\":[{\"@type\":\"WebPage\",\"@id\":\"https:\\\/\\\/www.mydatec.com\\\/fr\\\/gaine-nettoyable\\\/\",\"url\":\"https:\\\/\\\/www.mydatec.com\\\/fr\\\/gaine-nettoyable\\\/\",\"name\":\"Gaine semi-rigide nettoyable pour ventillation et chauffage\",\"isPartOf\":{\"@id\":\"https:\\\/\\\/www.mydatec.com\\\/fr\\\/#website\"},\"primaryImageOfPage\":{\"@id\":\"https:\\\/\\\/www.mydatec.com\\\/fr\\\/gaine-nettoyable\\\/#primaryimage\"},\"image\":{\"@id\":\"https:\\\/\\\/www.mydatec.com\\\/fr\\\/gaine-nettoyable\\\/#primaryimage\"},\"thumbnailUrl\":\"https:\\\/\\\/www.mydatec.com\\\/wp-content\\\/uploads\\\/2017\\\/01\\\/gaine-nettoyable-e1484057711661.jpg\",\"datePublished\":\"2017-01-10T14:07:40+00:00\",\"dateModified\":\"2020-04-14T22:34:54+00:00\",\"description\":\"Gaine nettoyable pour installation de ventilation, chauffage et conditionnement d\u2019air dans tout type de construction dont les salles propres et les hopitaux\",\"breadcrumb\":{\"@id\":\"https:\\\/\\\/www.mydatec.com\\\/fr\\\/gaine-nettoyable\\\/#breadcrumb\"},\"inLanguage\":\"fr-FR\",\"potentialAction\":[{\"@type\":\"ReadAction\",\"target\":[\"https:\\\/\\\/www.mydatec.com\\\/fr\\\/gaine-nettoyable\\\/\"]}]},{\"@type\":\"ImageObject\",\"inLanguage\":\"fr-FR\",\"@id\":\"https:\\\/\\\/www.mydatec.com\\\/fr\\\/gaine-nettoyable\\\/#primaryimage\",\"url\":\"https:\\\/\\\/www.mydatec.com\\\/wp-content\\\/uploads\\\/2017\\\/01\\\/gaine-nettoyable-e1484057711661.jpg\",\"contentUrl\":\"https:\\\/\\\/www.mydatec.com\\\/wp-content\\\/uploads\\\/2017\\\/01\\\/gaine-nettoyable-e1484057711661.jpg\"},{\"@type\":\"BreadcrumbList\",\"@id\":\"https:\\\/\\\/www.mydatec.com\\\/fr\\\/gaine-nettoyable\\\/#breadcrumb\",\"itemListElement\":[{\"@type\":\"ListItem\",\"position\":1,\"name\":\"Accueil\",\"item\":\"https:\\\/\\\/www.mydatec.com\\\/fr\\\/\"},{\"@type\":\"ListItem\",\"position\":2,\"name\":\"Gaine semi-rigide\"}]},{\"@type\":\"WebSite\",\"@id\":\"https:\\\/\\\/www.mydatec.com\\\/fr\\\/#website\",\"url\":\"https:\\\/\\\/www.mydatec.com\\\/fr\\\/\",\"name\":\"MyDATEC\",\"description\":\"La solution thermodynamique\",\"publisher\":{\"@id\":\"https:\\\/\\\/www.mydatec.com\\\/fr\\\/#organization\"},\"potentialAction\":[{\"@type\":\"SearchAction\",\"target\":{\"@type\":\"EntryPoint\",\"urlTemplate\":\"https:\\\/\\\/www.mydatec.com\\\/fr\\\/?s={search_term_string}\"},\"query-input\":{\"@type\":\"PropertyValueSpecification\",\"valueRequired\":true,\"valueName\":\"search_term_string\"}}],\"inLanguage\":\"fr-FR\"},{\"@type\":\"Organization\",\"@id\":\"https:\\\/\\\/www.mydatec.com\\\/fr\\\/#organization\",\"name\":\"MyDatec\",\"url\":\"https:\\\/\\\/www.mydatec.com\\\/fr\\\/\",\"logo\":{\"@type\":\"ImageObject\",\"inLanguage\":\"fr-FR\",\"@id\":\"https:\\\/\\\/www.mydatec.com\\\/fr\\\/#\\\/schema\\\/logo\\\/image\\\/\",\"url\":\"https:\\\/\\\/www.mydatec.com\\\/wp-content\\\/uploads\\\/2022\\\/01\\\/logo-mydatec.jpg\",\"contentUrl\":\"https:\\\/\\\/www.mydatec.com\\\/wp-content\\\/uploads\\\/2022\\\/01\\\/logo-mydatec.jpg\",\"width\":434,\"height\":351,\"caption\":\"MyDatec\"},\"image\":{\"@id\":\"https:\\\/\\\/www.mydatec.com\\\/fr\\\/#\\\/schema\\\/logo\\\/image\\\/\"},\"sameAs\":[\"http:\\\/\\\/www.linkedin.com\\\/in\\\/MyDATEC\"]}]}<\/script>\n<!-- \/ Yoast SEO plugin. -->","yoast_head_json":{"title":"Gaine semi-rigide nettoyable pour ventillation et chauffage","description":"Gaine nettoyable pour installation de ventilation, chauffage et conditionnement d\u2019air dans tout type de construction dont les salles propres et les hopitaux","robots":{"index":"index","follow":"follow","max-snippet":"max-snippet:-1","max-image-preview":"max-image-preview:large","max-video-preview":"max-video-preview:-1"},"canonical":"https:\/\/www.mydatec.com\/fr\/gaine-nettoyable\/","og_locale":"fr_FR","og_type":"article","og_title":"Gaine semi-rigide nettoyable pour ventillation et chauffage","og_description":"Gaine nettoyable pour installation de ventilation, chauffage et conditionnement d\u2019air dans tout type de construction dont les salles propres et les hopitaux","og_url":"https:\/\/www.mydatec.com\/fr\/gaine-nettoyable\/","og_site_name":"MyDATEC","article_modified_time":"2020-04-14T22:34:54+00:00","og_image":[{"url":"https:\/\/www.mydatec.com\/wp-content\/uploads\/2017\/01\/gaine-nettoyable-e1484057711661.jpg","type":"","width":"","height":""}],"twitter_misc":{"Dur\u00e9e de lecture estim\u00e9e":"2 minutes"},"schema":{"@context":"https:\/\/schema.org","@graph":[{"@type":"WebPage","@id":"https:\/\/www.mydatec.com\/fr\/gaine-nettoyable\/","url":"https:\/\/www.mydatec.com\/fr\/gaine-nettoyable\/","name":"Gaine semi-rigide nettoyable pour ventillation et chauffage","isPartOf":{"@id":"https:\/\/www.mydatec.com\/fr\/#website"},"primaryImageOfPage":{"@id":"https:\/\/www.mydatec.com\/fr\/gaine-nettoyable\/#primaryimage"},"image":{"@id":"https:\/\/www.mydatec.com\/fr\/gaine-nettoyable\/#primaryimage"},"thumbnailUrl":"https:\/\/www.mydatec.com\/wp-content\/uploads\/2017\/01\/gaine-nettoyable-e1484057711661.jpg","datePublished":"2017-01-10T14:07:40+00:00","dateModified":"2020-04-14T22:34:54+00:00","description":"Gaine nettoyable pour installation de ventilation, chauffage et conditionnement d\u2019air dans tout type de construction dont les salles propres et les hopitaux","breadcrumb":{"@id":"https:\/\/www.mydatec.com\/fr\/gaine-nettoyable\/#breadcrumb"},"inLanguage":"fr-FR","potentialAction":[{"@type":"ReadAction","target":["https:\/\/www.mydatec.com\/fr\/gaine-nettoyable\/"]}]},{"@type":"ImageObject","inLanguage":"fr-FR","@id":"https:\/\/www.mydatec.com\/fr\/gaine-nettoyable\/#primaryimage","url":"https:\/\/www.mydatec.com\/wp-content\/uploads\/2017\/01\/gaine-nettoyable-e1484057711661.jpg","contentUrl":"https:\/\/www.mydatec.com\/wp-content\/uploads\/2017\/01\/gaine-nettoyable-e1484057711661.jpg"},{"@type":"BreadcrumbList","@id":"https:\/\/www.mydatec.com\/fr\/gaine-nettoyable\/#breadcrumb","itemListElement":[{"@type":"ListItem","position":1,"name":"Accueil","item":"https:\/\/www.mydatec.com\/fr\/"},{"@type":"ListItem","position":2,"name":"Gaine semi-rigide"}]},{"@type":"WebSite","@id":"https:\/\/www.mydatec.com\/fr\/#website","url":"https:\/\/www.mydatec.com\/fr\/","name":"MyDATEC","description":"La solution thermodynamique","publisher":{"@id":"https:\/\/www.mydatec.com\/fr\/#organization"},"potentialAction":[{"@type":"SearchAction","target":{"@type":"EntryPoint","urlTemplate":"https:\/\/www.mydatec.com\/fr\/?s={search_term_string}"},"query-input":{"@type":"PropertyValueSpecification","valueRequired":true,"valueName":"search_term_string"}}],"inLanguage":"fr-FR"},{"@type":"Organization","@id":"https:\/\/www.mydatec.com\/fr\/#organization","name":"MyDatec","url":"https:\/\/www.mydatec.com\/fr\/","logo":{"@type":"ImageObject","inLanguage":"fr-FR","@id":"https:\/\/www.mydatec.com\/fr\/#\/schema\/logo\/image\/","url":"https:\/\/www.mydatec.com\/wp-content\/uploads\/2022\/01\/logo-mydatec.jpg","contentUrl":"https:\/\/www.mydatec.com\/wp-content\/uploads\/2022\/01\/logo-mydatec.jpg","width":434,"height":351,"caption":"MyDatec"},"image":{"@id":"https:\/\/www.mydatec.com\/fr\/#\/schema\/logo\/image\/"},"sameAs":["http:\/\/www.linkedin.com\/in\/MyDATEC"]}]}},"_links":{"self":[{"href":"https:\/\/www.mydatec.com\/fr\/wp-json\/wp\/v2\/pages\/4009","targetHints":{"allow":["GET"]}}],"collection":[{"href":"https:\/\/www.mydatec.com\/fr\/wp-json\/wp\/v2\/pages"}],"about":[{"href":"https:\/\/www.mydatec.com\/fr\/wp-json\/wp\/v2\/types\/page"}],"author":[{"embeddable":true,"href":"https:\/\/www.mydatec.com\/fr\/wp-json\/wp\/v2\/users\/6"}],"replies":[{"embeddable":true,"href":"https:\/\/www.mydatec.com\/fr\/wp-json\/wp\/v2\/comments?post=4009"}],"version-history":[{"count":4,"href":"https:\/\/www.mydatec.com\/fr\/wp-json\/wp\/v2\/pages\/4009\/revisions"}],"predecessor-version":[{"id":5469,"href":"https:\/\/www.mydatec.com\/fr\/wp-json\/wp\/v2\/pages\/4009\/revisions\/5469"}],"wp:attachment":[{"href":"https:\/\/www.mydatec.com\/fr\/wp-json\/wp\/v2\/media?parent=4009"}],"curies":[{"name":"wp","href":"https:\/\/api.w.org\/{rel}","templated":true}]}}