{"id":3920,"date":"2017-01-10T10:32:58","date_gmt":"2017-01-10T09:32:58","guid":{"rendered":"https:\/\/www.mydatec.com\/?page_id=3920"},"modified":"2020-07-17T15:02:26","modified_gmt":"2020-07-17T14:02:26","slug":"machine-comment-ca-marche","status":"publish","type":"page","link":"https:\/\/www.mydatec.com\/fr\/principe-vmc-thermodynamique\/machine-comment-ca-marche\/","title":{"rendered":"Votre machine : comment \u00e7a marche ?"},"content":{"rendered":"<h2><span style=\"color: #78b1c7;\">Smart+ V<\/span><\/h2>\n<div style=\"float: left;\"><img decoding=\"async\" width=\"355\" height=\"332\" class=\"alignnone size-full wp-image-3925\" alt=\"ccm-smart-v\" src=\"https:\/\/www.mydatec.com\/wp-content\/uploads\/2017\/01\/ccm-smart-v.jpg\" srcset=\"https:\/\/www.mydatec.com\/wp-content\/uploads\/2017\/01\/ccm-smart-v-31x29.jpg 31w, https:\/\/www.mydatec.com\/wp-content\/uploads\/2017\/01\/ccm-smart-v-38x36.jpg 38w, https:\/\/www.mydatec.com\/wp-content\/uploads\/2017\/01\/ccm-smart-v-148x138.jpg 148w, https:\/\/www.mydatec.com\/wp-content\/uploads\/2017\/01\/ccm-smart-v-230x215.jpg 230w, https:\/\/www.mydatec.com\/wp-content\/uploads\/2017\/01\/ccm-smart-v-300x281.jpg 300w, https:\/\/www.mydatec.com\/wp-content\/uploads\/2017\/01\/ccm-smart-v.jpg 355w\" sizes=\"(max-width: 355px) 100vw, 355px\" \/><\/div>\n<div style=\"float: left;\">\n<table border=\"1\" cellspacing=\"0\" cellpadding=\"0\">\n<tbody>\n<tr>\n<td nowrap=\"nowrap\" valign=\"top\" style=\"text-align: center;\"><img decoding=\"async\" width=\"75\" height=\"57\" class=\"alignnone size-full wp-image-3921\" alt=\"ccm-1\" src=\"https:\/\/www.mydatec.com\/wp-content\/uploads\/2017\/01\/ccm-1.png\" srcset=\"https:\/\/www.mydatec.com\/wp-content\/uploads\/2017\/01\/ccm-1-31x24.png 31w, https:\/\/www.mydatec.com\/wp-content\/uploads\/2017\/01\/ccm-1-38x29.png 38w, https:\/\/www.mydatec.com\/wp-content\/uploads\/2017\/01\/ccm-1.png 75w\" sizes=\"(max-width: 75px) 100vw, 75px\" \/><\/td>\n<td nowrap=\"nowrap\" valign=\"top\">Syst\u00e8me r\u00e9actif (pas d&rsquo;inertie)<\/td>\n<\/tr>\n<tr>\n<td nowrap=\"nowrap\" valign=\"top\" style=\"text-align: center;\"><img decoding=\"async\" width=\"75\" height=\"58\" class=\"alignnone size-full wp-image-3922\" alt=\"ccm-2\" src=\"https:\/\/www.mydatec.com\/wp-content\/uploads\/2017\/01\/ccm-2.png\" srcset=\"https:\/\/www.mydatec.com\/wp-content\/uploads\/2017\/01\/ccm-2-31x24.png 31w, https:\/\/www.mydatec.com\/wp-content\/uploads\/2017\/01\/ccm-2-38x29.png 38w, https:\/\/www.mydatec.com\/wp-content\/uploads\/2017\/01\/ccm-2.png 75w\" sizes=\"(max-width: 75px) 100vw, 75px\" \/><\/td>\n<td nowrap=\"nowrap\" valign=\"top\">PAC int\u00e9gr\u00e9e, pas de groupe ext\u00e9rieur<p><\/p>\n<p><img decoding=\"async\" width=\"89\" height=\"92\" class=\"size-full wp-image-4458 aligncenter\" alt=\"\" src=\"https:\/\/www.mydatec.com\/wp-content\/uploads\/2017\/01\/groupe-exterieur.jpg\" srcset=\"https:\/\/www.mydatec.com\/wp-content\/uploads\/2017\/01\/groupe-exterieur-31x31.jpg 31w, https:\/\/www.mydatec.com\/wp-content\/uploads\/2017\/01\/groupe-exterieur-38x38.jpg 38w, https:\/\/www.mydatec.com\/wp-content\/uploads\/2017\/01\/groupe-exterieur.jpg 89w\" sizes=\"(max-width: 89px) 100vw, 89px\" \/><\/p><\/td>\n<\/tr>\n<tr>\n<td nowrap=\"nowrap\" valign=\"top\" style=\"text-align: center;\"><img decoding=\"async\" width=\"75\" height=\"61\" class=\"alignnone size-full wp-image-3923\" alt=\"ccm-3\" src=\"https:\/\/www.mydatec.com\/wp-content\/uploads\/2017\/01\/ccm-3.png\" srcset=\"https:\/\/www.mydatec.com\/wp-content\/uploads\/2017\/01\/ccm-3-31x25.png 31w, https:\/\/www.mydatec.com\/wp-content\/uploads\/2017\/01\/ccm-3-38x31.png 38w, https:\/\/www.mydatec.com\/wp-content\/uploads\/2017\/01\/ccm-3.png 75w\" sizes=\"(max-width: 75px) 100vw, 75px\" \/><\/td>\n<td nowrap=\"nowrap\" valign=\"top\">Maintenance filtre \u00e0 partir de 30\u20ac \/ an<\/td>\n<\/tr>\n<tr>\n<td nowrap=\"nowrap\" valign=\"top\" style=\"text-align: center;\"><img decoding=\"async\" width=\"75\" height=\"57\" class=\"alignnone size-full wp-image-3924\" alt=\"ccm-4\" src=\"https:\/\/www.mydatec.com\/wp-content\/uploads\/2017\/01\/ccm-4.png\" srcset=\"https:\/\/www.mydatec.com\/wp-content\/uploads\/2017\/01\/ccm-4-31x24.png 31w, https:\/\/www.mydatec.com\/wp-content\/uploads\/2017\/01\/ccm-4-38x29.png 38w, https:\/\/www.mydatec.com\/wp-content\/uploads\/2017\/01\/ccm-4.png 75w\" sizes=\"(max-width: 75px) 100vw, 75px\" \/><\/td>\n<td nowrap=\"nowrap\" valign=\"top\">Distribution air chaud (<a href=\"https:\/\/www.mydatec.com\/poele-granules\/\">VMC et po\u00eale \u00e0 bois<\/a>)<\/td>\n<\/tr>\n<\/tbody>\n<\/table>\n<\/div>\n<div style=\"clear: both;\"><\/div>\n<p><span style=\"color: #99ccff; font-size: 24px;\">Mod\u00e8les<\/span><br>\n<img decoding=\"async\" width=\"341\" height=\"304\" class=\"size-full wp-image-4471 aligncenter\" alt=\"\" src=\"https:\/\/www.mydatec.com\/wp-content\/uploads\/2017\/01\/modeles.jpg\" srcset=\"https:\/\/www.mydatec.com\/wp-content\/uploads\/2017\/01\/modeles-31x28.jpg 31w, https:\/\/www.mydatec.com\/wp-content\/uploads\/2017\/01\/modeles-38x34.jpg 38w, https:\/\/www.mydatec.com\/wp-content\/uploads\/2017\/01\/modeles-148x132.jpg 148w, https:\/\/www.mydatec.com\/wp-content\/uploads\/2017\/01\/modeles-241x215.jpg 241w, https:\/\/www.mydatec.com\/wp-content\/uploads\/2017\/01\/modeles-300x267.jpg 300w, https:\/\/www.mydatec.com\/wp-content\/uploads\/2017\/01\/modeles.jpg 341w\" sizes=\"(max-width: 341px) 100vw, 341px\" \/><\/p>\n<p><strong><span style=\"color: #339966; font-size: 24px;\">Mode ventilation<\/span><img decoding=\"async\" width=\"726\" height=\"407\" class=\"alignnone size-full wp-image-4462\" alt=\"\" src=\"https:\/\/www.mydatec.com\/wp-content\/uploads\/2017\/01\/mode-ventilation.jpg\" srcset=\"https:\/\/www.mydatec.com\/wp-content\/uploads\/2017\/01\/mode-ventilation-31x17.jpg 31w, https:\/\/www.mydatec.com\/wp-content\/uploads\/2017\/01\/mode-ventilation-38x21.jpg 38w, https:\/\/www.mydatec.com\/wp-content\/uploads\/2017\/01\/mode-ventilation-148x83.jpg 148w, https:\/\/www.mydatec.com\/wp-content\/uploads\/2017\/01\/mode-ventilation-300x168.jpg 300w, https:\/\/www.mydatec.com\/wp-content\/uploads\/2017\/01\/mode-ventilation-384x215.jpg 384w, https:\/\/www.mydatec.com\/wp-content\/uploads\/2017\/01\/mode-ventilation.jpg 726w\" sizes=\"(max-width: 726px) 100vw, 726px\" \/><\/strong><\/p>\n<p style=\"text-align: left;\">*Chauffage : MyDATEC est un syst\u00e8me de ventilation, qui par r\u00e9cup\u00e9ration thermodynamique sur l\u2019air extrait, apporte une puissance calorifique ou frigorifique. Ce syst\u00e8me doit toujours \u00eatre associ\u00e9 \u00e0 un <a href=\"https:\/\/www.mydatec.com\/produits-vmc-double-flux-thermodynamique\/couplage-poele-a-bois\/\">compl\u00e9ment de chauffage<\/a>. L\u2019installation globale de chauffage doit \u00eatre d\u00e9finie au travers d\u2019une \u00e9tude de dimensionnement&nbsp;(thermique, a\u00e9raulique, etc.) qui doit \u00eatre r\u00e9alis\u00e9e par un professionnel qualifi\u00e9.<\/p>\n<h2>Comment \u00e7a marche ?<\/h2>\n<p>Le confort thermodynamique, id\u00e9al pour les b\u00e2tis performants (<a href=\"https:\/\/www.mydatec.com\/applications-vmc-thermodynamique\/mydatec-vmc-maison-neuve\/\">RT2012<\/a> \/ passif)<\/p>\n<p style=\"float: left;\"><span style=\"color: #99ccff; font-size: 24px;\">Mode rafra\u00eechissement<\/span><\/p>\n<p><img decoding=\"async\" width=\"734\" height=\"392\" class=\"alignnone size-full wp-image-4464\" alt=\"\" src=\"https:\/\/www.mydatec.com\/wp-content\/uploads\/2017\/01\/mode-rafraichissement20072017.jpg\" srcset=\"https:\/\/www.mydatec.com\/wp-content\/uploads\/2017\/01\/mode-rafraichissement20072017-31x17.jpg 31w, https:\/\/www.mydatec.com\/wp-content\/uploads\/2017\/01\/mode-rafraichissement20072017-38x20.jpg 38w, https:\/\/www.mydatec.com\/wp-content\/uploads\/2017\/01\/mode-rafraichissement20072017-148x79.jpg 148w, https:\/\/www.mydatec.com\/wp-content\/uploads\/2017\/01\/mode-rafraichissement20072017-300x160.jpg 300w, https:\/\/www.mydatec.com\/wp-content\/uploads\/2017\/01\/mode-rafraichissement20072017-403x215.jpg 403w, https:\/\/www.mydatec.com\/wp-content\/uploads\/2017\/01\/mode-rafraichissement20072017.jpg 734w\" sizes=\"(max-width: 734px) 100vw, 734px\" \/><br>\n<span style=\"color: #ff9900; font-size: 24px;\">Mode chauffage<\/span><\/p>\n<p><img decoding=\"async\" width=\"741\" height=\"328\" class=\"alignnone size-full wp-image-4465\" alt=\"\" src=\"https:\/\/www.mydatec.com\/wp-content\/uploads\/2017\/01\/mode-chauffage.jpg\" srcset=\"https:\/\/www.mydatec.com\/wp-content\/uploads\/2017\/01\/mode-chauffage-31x14.jpg 31w, https:\/\/www.mydatec.com\/wp-content\/uploads\/2017\/01\/mode-chauffage-38x17.jpg 38w, https:\/\/www.mydatec.com\/wp-content\/uploads\/2017\/01\/mode-chauffage-148x66.jpg 148w, https:\/\/www.mydatec.com\/wp-content\/uploads\/2017\/01\/mode-chauffage-300x133.jpg 300w, https:\/\/www.mydatec.com\/wp-content\/uploads\/2017\/01\/mode-chauffage-425x188.jpg 425w, https:\/\/www.mydatec.com\/wp-content\/uploads\/2017\/01\/mode-chauffage.jpg 741w\" sizes=\"(max-width: 741px) 100vw, 741px\" \/><\/p>\n<p style=\"float: left;\"><span style=\"font-size: 24px;\">Option bizone<\/span><\/p>\n<p><img decoding=\"async\" width=\"331\" height=\"225\" class=\"size-full wp-image-4466 aligncenter\" alt=\"\" src=\"https:\/\/www.mydatec.com\/wp-content\/uploads\/2017\/01\/option-bizone.jpg\" srcset=\"https:\/\/www.mydatec.com\/wp-content\/uploads\/2017\/01\/option-bizone-31x21.jpg 31w, https:\/\/www.mydatec.com\/wp-content\/uploads\/2017\/01\/option-bizone-38x26.jpg 38w, https:\/\/www.mydatec.com\/wp-content\/uploads\/2017\/01\/option-bizone-148x101.jpg 148w, https:\/\/www.mydatec.com\/wp-content\/uploads\/2017\/01\/option-bizone-300x204.jpg 300w, https:\/\/www.mydatec.com\/wp-content\/uploads\/2017\/01\/option-bizone-316x215.jpg 316w, https:\/\/www.mydatec.com\/wp-content\/uploads\/2017\/01\/option-bizone.jpg 331w\" sizes=\"(max-width: 331px) 100vw, 331px\" \/><\/p>\n<p style=\"text-align: left;\"><strong>Explication<\/strong><\/p>\n<p>Le r\u00e9seau d\u2019insufflation de l\u2019appareil MyDATEC est divis\u00e9 en deux d\u00e9parts. Un premier d\u00e9part&nbsp;vers les insufflations de la Zone dite de Jour et un second d\u00e9part vers les insufflations de la&nbsp;Zone dite de Nuit.<br>\nLe fonctionnement de l\u2019<strong>option BIZONE<\/strong> est de concentrer une grande part de la puissance de&nbsp;chauffage ou de rafra\u00eechissement de l\u2019appareil MyDATEC sur la zone en demande lorsque une&nbsp;seule des deux zones est en demande.<br>\nLe volet Bi-d\u00e9bit permet dans le cas o\u00f9 il n\u2019est pas actionn\u00e9 (ferm\u00e9 au repos) de faire passer un&nbsp;d\u00e9bit maximum de 60 m\u00b3\/h dans la branche d\u2019insufflation sur laquelle il est mont\u00e9. Dans le cas&nbsp;o\u00f9 il est actionn\u00e9 (ouvert sous tension), le d\u00e9bit n\u2019est plus limit\u00e9.<br>\nLe fonctionnement du BIZONE est totalement automatique, vous n\u2019avez rien \u00e0 faire pour qu\u2019il&nbsp;fonctionne. Cependant des informations sont disponibles sur votre <a href=\"https:\/\/www.mydatec.com\/pilotage-tactile-2\/\">\u00e9cran tactile<\/a> pour vous&nbsp;indiquer son fonctionnement.<\/p>\n<p style=\"text-align: center; padding-left: 30px;\"><em><strong><span style=\"color: #888888;\">D\u00e9couvrez comment fonctionne une Ventilation M\u00e9canique Contr\u00f4l\u00e9e (VMC) et les diff\u00e9rences &#8211; avantages &amp; inconv\u00e9nients &#8211; entre les types de VMC en cliquant sur les options ci-dessous et en choisissant votre saison (Et\u00e9 \/ Hiver)<br>\n<\/span><\/strong><\/em><\/p>\n<p style=\"text-align: center; padding-left: 30px;\">Le comparatif des types de Ventilation M\u00e9canique Contr\u00f4l\u00e9e<\/p>\n<p>[kml_flashembed movie=\u00a0\u00bbhttps:\/\/www.mydatec.com\/wp-content\/uploads\/2012\/12\/maison9.swf\u00a0\u00bb width=\u00a0\u00bb790&Prime; height=\u00a0\u00bb908&Prime;\/]<\/p>\n<p style=\"text-align: center;\">[button link=\u00a0\u00bbhttps:\/\/www.mydatec.com\/principe-de-la-vmc\/\u00a0\u00bb]Le principe d&rsquo;une VMC[\/button][button link=\u00a0\u00bbhttps:\/\/www.mydatec.com\/principe-dune-pompe-a-chaleur\/\u00a0\u00bb]Le principe d&rsquo;une pompe \u00e0 chaleur (PAC) [\/button][button link=\u00a0\u00bbhttps:\/\/www.mydatec.com\/mydatec-vmc-a-coeur-ouvert\/\u00a0\u00bb]MyDatec \u00e0 c\u0153ur ouvert[\/button]<\/p>\n<p style=\"text-align: center;\"><span style=\"color: #ffffff;\">.<\/span><\/p>\n\n\n<p><em>Toutes  les donn\u00e9es, photos publi\u00e9es sur ce site sont fournies \u00e0 titre indicatif. Elles sont susceptibles d&rsquo;\u00eatre modifi\u00e9es \u00e0 tout moment en raison de leur caract\u00e8re non contractuel .<\/em><\/p>\n","protected":false},"excerpt":{"rendered":"<p>Smart+ V Syst\u00e8me r\u00e9actif (pas d&rsquo;inertie) PAC int\u00e9gr\u00e9e, pas de groupe ext\u00e9rieur Maintenance filtre \u00e0 partir de 30\u20ac \/ an Distribution air chaud (VMC et  [&#8230;]<\/p>\n","protected":false},"author":6,"featured_media":312,"parent":9,"menu_order":0,"comment_status":"closed","ping_status":"open","template":"","meta":{"footnotes":""},"class_list":["post-3920","page","type-page","status-publish","has-post-thumbnail","hentry"],"yoast_head":"<!-- This site is optimized with the Yoast SEO plugin v27.5 - https:\/\/yoast.com\/product\/yoast-seo-wordpress\/ -->\n<title>Comment fonctionne une VMC ?<\/title>\n<meta name=\"description\" content=\"Comment fonctionne une Ventilation M\u00e9canique Contr\u00f4l\u00e9e VMC ? VMC simple ou double flux, pompe \u00e0 chaleur , animation pour comprendre le fonctionnement MyDatec\" \/>\n<meta name=\"robots\" content=\"index, follow, max-snippet:-1, max-image-preview:large, max-video-preview:-1\" \/>\n<link rel=\"canonical\" href=\"https:\/\/www.mydatec.com\/fr\/principe-vmc-thermodynamique\/machine-comment-ca-marche\/\" \/>\n<meta property=\"og:locale\" content=\"fr_FR\" \/>\n<meta property=\"og:type\" content=\"article\" \/>\n<meta property=\"og:title\" content=\"Comment fonctionne une VMC ?\" \/>\n<meta property=\"og:description\" content=\"Comment fonctionne une Ventilation M\u00e9canique Contr\u00f4l\u00e9e VMC ? VMC simple ou double flux, pompe \u00e0 chaleur , animation pour comprendre le fonctionnement MyDatec\" \/>\n<meta property=\"og:url\" content=\"https:\/\/www.mydatec.com\/fr\/principe-vmc-thermodynamique\/machine-comment-ca-marche\/\" \/>\n<meta property=\"og:site_name\" content=\"MyDATEC\" \/>\n<meta property=\"article:modified_time\" content=\"2020-07-17T14:02:26+00:00\" \/>\n<meta property=\"og:image\" content=\"https:\/\/www.mydatec.com\/wp-content\/uploads\/2012\/12\/ico_commentcamarche.png\" \/>\n\t<meta property=\"og:image:width\" content=\"80\" \/>\n\t<meta property=\"og:image:height\" content=\"80\" \/>\n\t<meta property=\"og:image:type\" content=\"image\/png\" \/>\n<meta name=\"twitter:label1\" content=\"Dur\u00e9e de lecture estim\u00e9e\" \/>\n\t<meta name=\"twitter:data1\" content=\"2 minutes\" \/>\n<script type=\"application\/ld+json\" class=\"yoast-schema-graph\">{\"@context\":\"https:\\\/\\\/schema.org\",\"@graph\":[{\"@type\":\"WebPage\",\"@id\":\"https:\\\/\\\/www.mydatec.com\\\/fr\\\/principe-vmc-thermodynamique\\\/machine-comment-ca-marche\\\/\",\"url\":\"https:\\\/\\\/www.mydatec.com\\\/fr\\\/principe-vmc-thermodynamique\\\/machine-comment-ca-marche\\\/\",\"name\":\"Comment fonctionne une VMC ?\",\"isPartOf\":{\"@id\":\"https:\\\/\\\/www.mydatec.com\\\/fr\\\/#website\"},\"primaryImageOfPage\":{\"@id\":\"https:\\\/\\\/www.mydatec.com\\\/fr\\\/principe-vmc-thermodynamique\\\/machine-comment-ca-marche\\\/#primaryimage\"},\"image\":{\"@id\":\"https:\\\/\\\/www.mydatec.com\\\/fr\\\/principe-vmc-thermodynamique\\\/machine-comment-ca-marche\\\/#primaryimage\"},\"thumbnailUrl\":\"https:\\\/\\\/www.mydatec.com\\\/wp-content\\\/uploads\\\/2012\\\/12\\\/ico_commentcamarche.png\",\"datePublished\":\"2017-01-10T09:32:58+00:00\",\"dateModified\":\"2020-07-17T14:02:26+00:00\",\"description\":\"Comment fonctionne une Ventilation M\u00e9canique Contr\u00f4l\u00e9e VMC ? VMC simple ou double flux, pompe \u00e0 chaleur , animation pour comprendre le fonctionnement MyDatec\",\"breadcrumb\":{\"@id\":\"https:\\\/\\\/www.mydatec.com\\\/fr\\\/principe-vmc-thermodynamique\\\/machine-comment-ca-marche\\\/#breadcrumb\"},\"inLanguage\":\"fr-FR\",\"potentialAction\":[{\"@type\":\"ReadAction\",\"target\":[\"https:\\\/\\\/www.mydatec.com\\\/fr\\\/principe-vmc-thermodynamique\\\/machine-comment-ca-marche\\\/\"]}]},{\"@type\":\"ImageObject\",\"inLanguage\":\"fr-FR\",\"@id\":\"https:\\\/\\\/www.mydatec.com\\\/fr\\\/principe-vmc-thermodynamique\\\/machine-comment-ca-marche\\\/#primaryimage\",\"url\":\"https:\\\/\\\/www.mydatec.com\\\/wp-content\\\/uploads\\\/2012\\\/12\\\/ico_commentcamarche.png\",\"contentUrl\":\"https:\\\/\\\/www.mydatec.com\\\/wp-content\\\/uploads\\\/2012\\\/12\\\/ico_commentcamarche.png\",\"width\":\"80\",\"height\":\"80\"},{\"@type\":\"BreadcrumbList\",\"@id\":\"https:\\\/\\\/www.mydatec.com\\\/fr\\\/principe-vmc-thermodynamique\\\/machine-comment-ca-marche\\\/#breadcrumb\",\"itemListElement\":[{\"@type\":\"ListItem\",\"position\":1,\"name\":\"Accueil\",\"item\":\"https:\\\/\\\/www.mydatec.com\\\/fr\\\/\"},{\"@type\":\"ListItem\",\"position\":2,\"name\":\"Principe VMC thermodynamique\",\"item\":\"https:\\\/\\\/www.mydatec.com\\\/fr\\\/principe-vmc-thermodynamique\\\/\"},{\"@type\":\"ListItem\",\"position\":3,\"name\":\"Votre machine : comment \u00e7a marche ?\"}]},{\"@type\":\"WebSite\",\"@id\":\"https:\\\/\\\/www.mydatec.com\\\/fr\\\/#website\",\"url\":\"https:\\\/\\\/www.mydatec.com\\\/fr\\\/\",\"name\":\"MyDATEC\",\"description\":\"La solution thermodynamique\",\"publisher\":{\"@id\":\"https:\\\/\\\/www.mydatec.com\\\/fr\\\/#organization\"},\"potentialAction\":[{\"@type\":\"SearchAction\",\"target\":{\"@type\":\"EntryPoint\",\"urlTemplate\":\"https:\\\/\\\/www.mydatec.com\\\/fr\\\/?s={search_term_string}\"},\"query-input\":{\"@type\":\"PropertyValueSpecification\",\"valueRequired\":true,\"valueName\":\"search_term_string\"}}],\"inLanguage\":\"fr-FR\"},{\"@type\":\"Organization\",\"@id\":\"https:\\\/\\\/www.mydatec.com\\\/fr\\\/#organization\",\"name\":\"MyDatec\",\"url\":\"https:\\\/\\\/www.mydatec.com\\\/fr\\\/\",\"logo\":{\"@type\":\"ImageObject\",\"inLanguage\":\"fr-FR\",\"@id\":\"https:\\\/\\\/www.mydatec.com\\\/fr\\\/#\\\/schema\\\/logo\\\/image\\\/\",\"url\":\"https:\\\/\\\/www.mydatec.com\\\/wp-content\\\/uploads\\\/2022\\\/01\\\/logo-mydatec.jpg\",\"contentUrl\":\"https:\\\/\\\/www.mydatec.com\\\/wp-content\\\/uploads\\\/2022\\\/01\\\/logo-mydatec.jpg\",\"width\":434,\"height\":351,\"caption\":\"MyDatec\"},\"image\":{\"@id\":\"https:\\\/\\\/www.mydatec.com\\\/fr\\\/#\\\/schema\\\/logo\\\/image\\\/\"},\"sameAs\":[\"http:\\\/\\\/www.linkedin.com\\\/in\\\/MyDATEC\"]}]}<\/script>\n<!-- \/ Yoast SEO plugin. -->","yoast_head_json":{"title":"Comment fonctionne une VMC ?","description":"Comment fonctionne une Ventilation M\u00e9canique Contr\u00f4l\u00e9e VMC ? VMC simple ou double flux, pompe \u00e0 chaleur , animation pour comprendre le fonctionnement MyDatec","robots":{"index":"index","follow":"follow","max-snippet":"max-snippet:-1","max-image-preview":"max-image-preview:large","max-video-preview":"max-video-preview:-1"},"canonical":"https:\/\/www.mydatec.com\/fr\/principe-vmc-thermodynamique\/machine-comment-ca-marche\/","og_locale":"fr_FR","og_type":"article","og_title":"Comment fonctionne une VMC ?","og_description":"Comment fonctionne une Ventilation M\u00e9canique Contr\u00f4l\u00e9e VMC ? VMC simple ou double flux, pompe \u00e0 chaleur , animation pour comprendre le fonctionnement MyDatec","og_url":"https:\/\/www.mydatec.com\/fr\/principe-vmc-thermodynamique\/machine-comment-ca-marche\/","og_site_name":"MyDATEC","article_modified_time":"2020-07-17T14:02:26+00:00","og_image":[{"width":80,"height":80,"url":"https:\/\/www.mydatec.com\/wp-content\/uploads\/2012\/12\/ico_commentcamarche.png","type":"image\/png"}],"twitter_misc":{"Dur\u00e9e de lecture estim\u00e9e":"2 minutes"},"schema":{"@context":"https:\/\/schema.org","@graph":[{"@type":"WebPage","@id":"https:\/\/www.mydatec.com\/fr\/principe-vmc-thermodynamique\/machine-comment-ca-marche\/","url":"https:\/\/www.mydatec.com\/fr\/principe-vmc-thermodynamique\/machine-comment-ca-marche\/","name":"Comment fonctionne une VMC ?","isPartOf":{"@id":"https:\/\/www.mydatec.com\/fr\/#website"},"primaryImageOfPage":{"@id":"https:\/\/www.mydatec.com\/fr\/principe-vmc-thermodynamique\/machine-comment-ca-marche\/#primaryimage"},"image":{"@id":"https:\/\/www.mydatec.com\/fr\/principe-vmc-thermodynamique\/machine-comment-ca-marche\/#primaryimage"},"thumbnailUrl":"https:\/\/www.mydatec.com\/wp-content\/uploads\/2012\/12\/ico_commentcamarche.png","datePublished":"2017-01-10T09:32:58+00:00","dateModified":"2020-07-17T14:02:26+00:00","description":"Comment fonctionne une Ventilation M\u00e9canique Contr\u00f4l\u00e9e VMC ? VMC simple ou double flux, pompe \u00e0 chaleur , animation pour comprendre le fonctionnement MyDatec","breadcrumb":{"@id":"https:\/\/www.mydatec.com\/fr\/principe-vmc-thermodynamique\/machine-comment-ca-marche\/#breadcrumb"},"inLanguage":"fr-FR","potentialAction":[{"@type":"ReadAction","target":["https:\/\/www.mydatec.com\/fr\/principe-vmc-thermodynamique\/machine-comment-ca-marche\/"]}]},{"@type":"ImageObject","inLanguage":"fr-FR","@id":"https:\/\/www.mydatec.com\/fr\/principe-vmc-thermodynamique\/machine-comment-ca-marche\/#primaryimage","url":"https:\/\/www.mydatec.com\/wp-content\/uploads\/2012\/12\/ico_commentcamarche.png","contentUrl":"https:\/\/www.mydatec.com\/wp-content\/uploads\/2012\/12\/ico_commentcamarche.png","width":"80","height":"80"},{"@type":"BreadcrumbList","@id":"https:\/\/www.mydatec.com\/fr\/principe-vmc-thermodynamique\/machine-comment-ca-marche\/#breadcrumb","itemListElement":[{"@type":"ListItem","position":1,"name":"Accueil","item":"https:\/\/www.mydatec.com\/fr\/"},{"@type":"ListItem","position":2,"name":"Principe VMC thermodynamique","item":"https:\/\/www.mydatec.com\/fr\/principe-vmc-thermodynamique\/"},{"@type":"ListItem","position":3,"name":"Votre machine : comment \u00e7a marche ?"}]},{"@type":"WebSite","@id":"https:\/\/www.mydatec.com\/fr\/#website","url":"https:\/\/www.mydatec.com\/fr\/","name":"MyDATEC","description":"La solution thermodynamique","publisher":{"@id":"https:\/\/www.mydatec.com\/fr\/#organization"},"potentialAction":[{"@type":"SearchAction","target":{"@type":"EntryPoint","urlTemplate":"https:\/\/www.mydatec.com\/fr\/?s={search_term_string}"},"query-input":{"@type":"PropertyValueSpecification","valueRequired":true,"valueName":"search_term_string"}}],"inLanguage":"fr-FR"},{"@type":"Organization","@id":"https:\/\/www.mydatec.com\/fr\/#organization","name":"MyDatec","url":"https:\/\/www.mydatec.com\/fr\/","logo":{"@type":"ImageObject","inLanguage":"fr-FR","@id":"https:\/\/www.mydatec.com\/fr\/#\/schema\/logo\/image\/","url":"https:\/\/www.mydatec.com\/wp-content\/uploads\/2022\/01\/logo-mydatec.jpg","contentUrl":"https:\/\/www.mydatec.com\/wp-content\/uploads\/2022\/01\/logo-mydatec.jpg","width":434,"height":351,"caption":"MyDatec"},"image":{"@id":"https:\/\/www.mydatec.com\/fr\/#\/schema\/logo\/image\/"},"sameAs":["http:\/\/www.linkedin.com\/in\/MyDATEC"]}]}},"_links":{"self":[{"href":"https:\/\/www.mydatec.com\/fr\/wp-json\/wp\/v2\/pages\/3920","targetHints":{"allow":["GET"]}}],"collection":[{"href":"https:\/\/www.mydatec.com\/fr\/wp-json\/wp\/v2\/pages"}],"about":[{"href":"https:\/\/www.mydatec.com\/fr\/wp-json\/wp\/v2\/types\/page"}],"author":[{"embeddable":true,"href":"https:\/\/www.mydatec.com\/fr\/wp-json\/wp\/v2\/users\/6"}],"replies":[{"embeddable":true,"href":"https:\/\/www.mydatec.com\/fr\/wp-json\/wp\/v2\/comments?post=3920"}],"version-history":[{"count":5,"href":"https:\/\/www.mydatec.com\/fr\/wp-json\/wp\/v2\/pages\/3920\/revisions"}],"predecessor-version":[{"id":6427,"href":"https:\/\/www.mydatec.com\/fr\/wp-json\/wp\/v2\/pages\/3920\/revisions\/6427"}],"up":[{"embeddable":true,"href":"https:\/\/www.mydatec.com\/fr\/wp-json\/wp\/v2\/pages\/9"}],"wp:featuredmedia":[{"embeddable":true,"href":"https:\/\/www.mydatec.com\/fr\/wp-json\/wp\/v2\/media\/312"}],"wp:attachment":[{"href":"https:\/\/www.mydatec.com\/fr\/wp-json\/wp\/v2\/media?parent=3920"}],"curies":[{"name":"wp","href":"https:\/\/api.w.org\/{rel}","templated":true}]}}