{"id":3867,"date":"2017-01-09T15:46:23","date_gmt":"2017-01-09T14:46:23","guid":{"rendered":"https:\/\/www.mydatec.com\/?page_id=3867"},"modified":"2021-12-01T13:49:59","modified_gmt":"2021-12-01T12:49:59","slug":"bypass-automatique","status":"publish","type":"page","link":"https:\/\/www.mydatec.com\/fr\/bypass-automatique\/","title":{"rendered":"20. Bypass automatique"},"content":{"rendered":"<p><div class=\"fusion-fullwidth fullwidth-box fusion-builder-row-1 fusion-flex-container nonhundred-percent-fullwidth non-hundred-percent-height-scrolling ctnr-top-h1-classique\" style=\"--awb-border-radius-top-left:0px;--awb-border-radius-top-right:0px;--awb-border-radius-bottom-right:0px;--awb-border-radius-bottom-left:0px;--awb-flex-wrap:wrap;\" ><div class=\"fusion-builder-row fusion-row fusion-flex-align-items-flex-start fusion-flex-justify-content-center fusion-flex-content-wrap\" style=\"max-width:1144px;margin-left: calc(-4% \/ 2 );margin-right: calc(-4% \/ 2 );\"><div class=\"fusion-layout-column fusion_builder_column fusion-builder-column-0 fusion_builder_column_1_1 1_1 fusion-flex-column col-texte\" style=\"--awb-bg-size:cover;--awb-width-large:100%;--awb-margin-top-large:0px;--awb-spacing-right-large:1.92%;--awb-margin-bottom-large:20px;--awb-spacing-left-large:1.92%;--awb-width-medium:100%;--awb-order-medium:0;--awb-spacing-right-medium:1.92%;--awb-spacing-left-medium:1.92%;--awb-width-small:100%;--awb-order-small:0;--awb-spacing-right-small:1.92%;--awb-spacing-left-small:1.92%;\"><div class=\"fusion-column-wrapper fusion-column-has-shadow fusion-flex-justify-content-flex-start fusion-content-layout-column\"><div class=\"fusion-title title fusion-title-1 fusion-sep-none fusion-title-text fusion-title-size-one\" style=\"--awb-margin-top-small:0px;--awb-margin-right-small:0px;--awb-margin-bottom-small:20px;--awb-margin-left-small:0px;\"><h1 class=\"fusion-title-heading title-heading-left\" style=\"margin:0;\">Bypass automatique<\/h1><\/div><div class=\"fusion-text fusion-text-1\" style=\"--awb-text-transform:none;\"><p><strong>S\u2019utilise avec un puits canadien a\u00e9raulique, non fourni<\/strong><\/p>\n<\/div><div class=\"fusion-image-element \" style=\"text-align:center;--awb-caption-title-font-family:var(--h2_typography-font-family);--awb-caption-title-font-weight:var(--h2_typography-font-weight);--awb-caption-title-font-style:var(--h2_typography-font-style);--awb-caption-title-size:var(--h2_typography-font-size);--awb-caption-title-transform:var(--h2_typography-text-transform);--awb-caption-title-line-height:var(--h2_typography-line-height);--awb-caption-title-letter-spacing:var(--h2_typography-letter-spacing);\"><span class=\" fusion-imageframe imageframe-none imageframe-1 hover-type-none\"><img decoding=\"async\" width=\"505\" height=\"338\" title=\"bypass\" src=\"https:\/\/www.mydatec.com\/wp-content\/uploads\/2017\/01\/bypass.jpg\" alt class=\"img-responsive wp-image-3872\" srcset=\"https:\/\/www.mydatec.com\/wp-content\/uploads\/2017\/01\/bypass-31x21.jpg 31w, https:\/\/www.mydatec.com\/wp-content\/uploads\/2017\/01\/bypass-38x25.jpg 38w, https:\/\/www.mydatec.com\/wp-content\/uploads\/2017\/01\/bypass-148x99.jpg 148w, https:\/\/www.mydatec.com\/wp-content\/uploads\/2017\/01\/bypass-300x201.jpg 300w, https:\/\/www.mydatec.com\/wp-content\/uploads\/2017\/01\/bypass-321x215.jpg 321w, https:\/\/www.mydatec.com\/wp-content\/uploads\/2017\/01\/bypass.jpg 505w\" sizes=\"(max-width: 505px) 100vw, 505px\" \/><\/span><\/div><div style=\"text-align:center;\"><a class=\"fusion-button button-flat fusion-button-default-size button-default fusion-button-default button-1 fusion-button-default-span fusion-button-default-type\" target=\"_self\" href=\"https:\/\/www.mydatec.com\/wp-content\/uploads\/2018\/10\/BY-PASS_19102018.pdf\"><span class=\"fusion-button-text awb-button__text awb-button__text--default\">Voir la fiche technique gamme Bypass automatique<\/span><\/a><\/div><\/div><\/div><\/div><\/div><div class=\"fusion-fullwidth fullwidth-box fusion-builder-row-2 fusion-flex-container nonhundred-percent-fullwidth non-hundred-percent-height-scrolling ctnr-simple\" style=\"--awb-border-radius-top-left:0px;--awb-border-radius-top-right:0px;--awb-border-radius-bottom-right:0px;--awb-border-radius-bottom-left:0px;--awb-flex-wrap:wrap;\" ><div class=\"fusion-builder-row fusion-row fusion-flex-align-items-center fusion-flex-justify-content-center fusion-flex-content-wrap\" style=\"max-width:1144px;margin-left: calc(-4% \/ 2 );margin-right: calc(-4% \/ 2 );\"><div class=\"fusion-layout-column fusion_builder_column fusion-builder-column-1 fusion_builder_column_1_1 1_1 fusion-flex-column col-inside\" style=\"--awb-bg-size:cover;--awb-width-large:100%;--awb-margin-top-large:0px;--awb-spacing-right-large:1.92%;--awb-margin-bottom-large:20px;--awb-spacing-left-large:1.92%;--awb-width-medium:100%;--awb-order-medium:0;--awb-spacing-right-medium:1.92%;--awb-spacing-left-medium:1.92%;--awb-width-small:100%;--awb-order-small:0;--awb-spacing-right-small:1.92%;--awb-spacing-left-small:1.92%;\"><div class=\"fusion-column-wrapper fusion-column-has-shadow fusion-flex-justify-content-center fusion-content-layout-column\"><div class=\"fusion-text fusion-text-2\" style=\"--awb-text-transform:none;\"><h2>Optimisez les performances de votre VMC en utilisant l\u2019air de votre puits canadien a\u00e9raulique \u00e0 bon escient, pour rafra\u00eechir ou chauffer votre maison.<\/h2>\n<h3>Avantages<\/h3>\n<ul>\n<li>Gestion intelligente de votre puits canadien a\u00e9raulique<\/li>\n<li>Temp\u00e9ratures et dur\u00e9es optimis\u00e9es<\/li>\n<\/ul>\n<h3>Domaine d\u2019application<\/h3>\n<ul>\n<li>Habitat<\/li>\n<li>Tertiaire<br \/>\n\u2022 Syst\u00e8me de ventilation Double Flux<br \/>\n\u2022 Syst\u00e8me de ventilation par insufflation<\/li>\n<\/ul>\n<h3>Mise en oeuvre<\/h3>\n<ul>\n<li style=\"list-style-type: none;\">\n<ul>\n<li>Montage \u00e0 plat imp\u00e9ratif<\/li>\n<li>2 Entr\u00e9es A\u00e9raulique \u00d8200 \/ 1 Sortie A\u00e9raulique \u00d8200<\/li>\n<li>Alimentation \u00e9lectrique 230 VAC (1.5mm\u00b2)<\/li>\n<li>Connnexion \u00e9cran 4 conducteurs 0.5mm\u00b2 (12V + liaison Modbus)<br \/>\ndepuis le bypass<\/li>\n<\/ul>\n<\/li>\n<\/ul>\n<\/div><div class=\"fusion-text fusion-text-3\" style=\"--awb-text-transform:none;\"><h3>Description<\/h3>\n<\/div><div class=\"fusion-image-element \" style=\"--awb-caption-title-font-family:var(--h2_typography-font-family);--awb-caption-title-font-weight:var(--h2_typography-font-weight);--awb-caption-title-font-style:var(--h2_typography-font-style);--awb-caption-title-size:var(--h2_typography-font-size);--awb-caption-title-transform:var(--h2_typography-text-transform);--awb-caption-title-line-height:var(--h2_typography-line-height);--awb-caption-title-letter-spacing:var(--h2_typography-letter-spacing);\"><span class=\" fusion-imageframe imageframe-none imageframe-2 hover-type-none\"><img decoding=\"async\" width=\"446\" height=\"312\" title=\"bypass-description\" src=\"https:\/\/www.mydatec.com\/wp-content\/uploads\/2017\/01\/bypass-description.jpg\" alt class=\"img-responsive wp-image-3868\" srcset=\"https:\/\/www.mydatec.com\/wp-content\/uploads\/2017\/01\/bypass-description-31x22.jpg 31w, https:\/\/www.mydatec.com\/wp-content\/uploads\/2017\/01\/bypass-description-38x27.jpg 38w, https:\/\/www.mydatec.com\/wp-content\/uploads\/2017\/01\/bypass-description-148x104.jpg 148w, https:\/\/www.mydatec.com\/wp-content\/uploads\/2017\/01\/bypass-description-300x210.jpg 300w, https:\/\/www.mydatec.com\/wp-content\/uploads\/2017\/01\/bypass-description-307x215.jpg 307w, https:\/\/www.mydatec.com\/wp-content\/uploads\/2017\/01\/bypass-description.jpg 446w\" sizes=\"(max-width: 446px) 100vw, 446px\" \/><\/span><\/div><div class=\"fusion-text fusion-text-4\" style=\"--awb-text-transform:none;\"><p>Le ByPASS automatique MyDATEC est un distributeur a\u00e9raulique 3 voies, avec 2 positions \u00e0 commande \u00e9lectrique g\u00e9r\u00e9es par une commande tactile. En fonction de la temp\u00e9rature de chauffage et de rafra\u00eechissement param\u00e9trables ind\u00e9pendamment, la r\u00e9gulation permet le choix d\u2019une entr\u00e9e plut\u00f4t que l\u2019autre par comparaison des temp\u00e9ratures pour assurer une optimisation de la fonction chauffage ou de la fonction rafra\u00eechissement.<\/p>\n<\/div><div class=\"fusion-image-element \" style=\"--awb-caption-title-font-family:var(--h2_typography-font-family);--awb-caption-title-font-weight:var(--h2_typography-font-weight);--awb-caption-title-font-style:var(--h2_typography-font-style);--awb-caption-title-size:var(--h2_typography-font-size);--awb-caption-title-transform:var(--h2_typography-text-transform);--awb-caption-title-line-height:var(--h2_typography-line-height);--awb-caption-title-letter-spacing:var(--h2_typography-letter-spacing);\"><span class=\" fusion-imageframe imageframe-none imageframe-3 hover-type-none\"><img decoding=\"async\" width=\"314\" height=\"301\" title=\"bouche-chauffante-plafond-caracteristiques_19102018\" src=\"https:\/\/www.mydatec.com\/wp-content\/uploads\/2018\/10\/bouche-chauffante-plafond-caracteristiques_19102018.jpg\" alt class=\"img-responsive wp-image-5518\" srcset=\"https:\/\/www.mydatec.com\/wp-content\/uploads\/2018\/10\/bouche-chauffante-plafond-caracteristiques_19102018-31x31.jpg 31w, https:\/\/www.mydatec.com\/wp-content\/uploads\/2018\/10\/bouche-chauffante-plafond-caracteristiques_19102018-38x36.jpg 38w, https:\/\/www.mydatec.com\/wp-content\/uploads\/2018\/10\/bouche-chauffante-plafond-caracteristiques_19102018-148x142.jpg 148w, https:\/\/www.mydatec.com\/wp-content\/uploads\/2018\/10\/bouche-chauffante-plafond-caracteristiques_19102018-224x215.jpg 224w, https:\/\/www.mydatec.com\/wp-content\/uploads\/2018\/10\/bouche-chauffante-plafond-caracteristiques_19102018-300x288.jpg 300w, https:\/\/www.mydatec.com\/wp-content\/uploads\/2018\/10\/bouche-chauffante-plafond-caracteristiques_19102018.jpg 314w\" sizes=\"(max-width: 314px) 100vw, 314px\" \/><\/span><\/div><\/div><\/div><\/div><\/div><div class=\"fusion-fullwidth fullwidth-box fusion-builder-row-3 fusion-flex-container nonhundred-percent-fullwidth non-hundred-percent-height-scrolling ctnr-simple ctnr-gris\" style=\"--awb-border-radius-top-left:0px;--awb-border-radius-top-right:0px;--awb-border-radius-bottom-right:0px;--awb-border-radius-bottom-left:0px;--awb-flex-wrap:wrap;\" ><div class=\"fusion-builder-row fusion-row fusion-flex-align-items-center fusion-flex-justify-content-center fusion-flex-content-wrap\" style=\"max-width:1144px;margin-left: calc(-4% \/ 2 );margin-right: calc(-4% \/ 2 );\"><div class=\"fusion-layout-column fusion_builder_column fusion-builder-column-2 fusion_builder_column_1_1 1_1 fusion-flex-column col-inside\" style=\"--awb-bg-size:cover;--awb-width-large:100%;--awb-margin-top-large:0px;--awb-spacing-right-large:1.92%;--awb-margin-bottom-large:20px;--awb-spacing-left-large:1.92%;--awb-width-medium:100%;--awb-order-medium:0;--awb-spacing-right-medium:1.92%;--awb-spacing-left-medium:1.92%;--awb-width-small:100%;--awb-order-small:0;--awb-spacing-right-small:1.92%;--awb-spacing-left-small:1.92%;\"><div class=\"fusion-column-wrapper fusion-column-has-shadow fusion-flex-justify-content-center fusion-content-layout-column\"><div class=\"fusion-text fusion-text-5\" style=\"--awb-text-transform:none;\"><h3>Gamme<\/h3>\n<\/div>\n<div class=\"table-1\">\n<table width=\"100%\">\n<thead>\n<tr>\n<th align=\"left\">D\u00c9SIGNATION<\/th>\n<th align=\"left\">R\u00c9F\u00c9RENCE<\/th>\n<\/tr>\n<\/thead>\n<tbody>\n<tr>\n<td align=\"left\">Bypass automatique \u00d8200<\/td>\n<td align=\"left\"><strong>KIT_BYPASS_AUTO_D200<\/strong><\/td>\n<\/tr>\n<\/tbody>\n<\/table>\n<\/div>\n<div class=\"fusion-text fusion-text-6\" style=\"--awb-text-transform:none;\"><h3>Caract\u00e9ristiques techniques<\/h3>\n<p>Page Bypass sur l\u2019\u00e9cran tactile<\/p>\n<\/div><div class=\"fusion-image-element \" style=\"--awb-caption-title-font-family:var(--h2_typography-font-family);--awb-caption-title-font-weight:var(--h2_typography-font-weight);--awb-caption-title-font-style:var(--h2_typography-font-style);--awb-caption-title-size:var(--h2_typography-font-size);--awb-caption-title-transform:var(--h2_typography-text-transform);--awb-caption-title-line-height:var(--h2_typography-line-height);--awb-caption-title-letter-spacing:var(--h2_typography-letter-spacing);\"><span class=\" fusion-imageframe imageframe-none imageframe-4 hover-type-none\"><img decoding=\"async\" width=\"611\" height=\"386\" title=\"bypass-ecran\" src=\"https:\/\/www.mydatec.com\/wp-content\/uploads\/2017\/01\/bypass-ecran.jpg\" alt class=\"img-responsive wp-image-3869\" srcset=\"https:\/\/www.mydatec.com\/wp-content\/uploads\/2017\/01\/bypass-ecran-31x20.jpg 31w, https:\/\/www.mydatec.com\/wp-content\/uploads\/2017\/01\/bypass-ecran-38x24.jpg 38w, https:\/\/www.mydatec.com\/wp-content\/uploads\/2017\/01\/bypass-ecran-148x93.jpg 148w, https:\/\/www.mydatec.com\/wp-content\/uploads\/2017\/01\/bypass-ecran-300x190.jpg 300w, https:\/\/www.mydatec.com\/wp-content\/uploads\/2017\/01\/bypass-ecran-340x215.jpg 340w, https:\/\/www.mydatec.com\/wp-content\/uploads\/2017\/01\/bypass-ecran.jpg 611w\" sizes=\"(max-width: 611px) 100vw, 611px\" \/><\/span><\/div><div class=\"fusion-text fusion-text-7\" style=\"--awb-text-transform:none;\"><p>Fonctionnement du bypass automatique<\/p>\n<\/div><div class=\"fusion-image-element \" style=\"--awb-caption-title-font-family:var(--h2_typography-font-family);--awb-caption-title-font-weight:var(--h2_typography-font-weight);--awb-caption-title-font-style:var(--h2_typography-font-style);--awb-caption-title-size:var(--h2_typography-font-size);--awb-caption-title-transform:var(--h2_typography-text-transform);--awb-caption-title-line-height:var(--h2_typography-line-height);--awb-caption-title-letter-spacing:var(--h2_typography-letter-spacing);\"><span class=\" fusion-imageframe imageframe-none imageframe-5 hover-type-none\"><img decoding=\"async\" width=\"641\" height=\"552\" title=\"bypass-fonctionnement\" src=\"https:\/\/www.mydatec.com\/wp-content\/uploads\/2017\/01\/bypass-fonctionnement.jpg\" alt class=\"img-responsive wp-image-3870\" srcset=\"https:\/\/www.mydatec.com\/wp-content\/uploads\/2017\/01\/bypass-fonctionnement-31x27.jpg 31w, https:\/\/www.mydatec.com\/wp-content\/uploads\/2017\/01\/bypass-fonctionnement-38x33.jpg 38w, https:\/\/www.mydatec.com\/wp-content\/uploads\/2017\/01\/bypass-fonctionnement-148x127.jpg 148w, https:\/\/www.mydatec.com\/wp-content\/uploads\/2017\/01\/bypass-fonctionnement-250x215.jpg 250w, https:\/\/www.mydatec.com\/wp-content\/uploads\/2017\/01\/bypass-fonctionnement-300x258.jpg 300w, https:\/\/www.mydatec.com\/wp-content\/uploads\/2017\/01\/bypass-fonctionnement.jpg 641w\" sizes=\"(max-width: 641px) 100vw, 641px\" \/><\/span><\/div><div class=\"fusion-text fusion-text-8\" style=\"--awb-text-transform:none;\"><p>LEGENDE<\/p>\n<p><span style=\"color: #f79259;\">\u2014\u2014\u2014\u2014\u2014\u2014\u2014\u2014-<\/span>Temp\u00e9rature du puits canadien a\u00e9raulique<\/p>\n<p><span style=\"color: #4ebfa1;\">\u2014\u2014\u2014\u2014\u2014\u2014\u2014\u2014-<\/span>Temp\u00e9rature de l\u2019air ext\u00e9rieur<\/p>\n<p>\u2022 Mode 1 :\u00a0Chauffage par r\u00e9cup\u00e9ration air sur le puits<br \/>\nTemp\u00e9rature Ext\u00e9rieure &lt; Temp\u00e9rature de consigne<br \/>\nchauffage et Temp. Puits &gt; Temp. Air Ext\u00e9rieur<br \/>\n\u2022 Mode 2 : Pas de r\u00e9cup\u00e9ration<br \/>\nTemp\u00e9rature Ext\u00e9rieure &lt; Temp\u00e9rature de chauffage et Temp.<br \/>\nPuits &lt; Temp. Air Ext\u00e9rieur<br \/>\n\u2022 Mode 3 : Pas de r\u00e9cup\u00e9ration<br \/>\nTemp\u00e9rature de chauffage &lt; Temp\u00e9rature Ext\u00e9rieure &lt;<br \/>\nTemp\u00e9rature de rafra\u00eechissement<br \/>\n\u2022 Mode 4 : Pas de r\u00e9cup\u00e9ration<br \/>\nTemp\u00e9rature Ext\u00e9rieure &gt; Temp\u00e9rature de rafra\u00eechissement<br \/>\net Temp. Puits &gt; Temp. Air Ext\u00e9rieur<br \/>\n\u2022 Mode 5 :\u00a0Rafra\u00eechissement par r\u00e9cup\u00e9ration air sur puits<br \/>\nTemp\u00e9rature Ext\u00e9rieure &gt; Temp\u00e9rature de rafraichissement<br \/>\net Temp. Puits &lt; Temp. Air Ext\u00e9rieur<\/p>\n<\/div><\/div><\/div><\/div><\/div><\/p>\n","protected":false},"excerpt":{"rendered":"","protected":false},"author":6,"featured_media":0,"parent":0,"menu_order":6,"comment_status":"closed","ping_status":"open","template":"100-width.php","meta":{"footnotes":""},"class_list":["post-3867","page","type-page","status-publish","hentry"],"yoast_head":"<!-- This site is optimized with the Yoast SEO plugin v27.5 - https:\/\/yoast.com\/product\/yoast-seo-wordpress\/ -->\n<title>Bypass automatique pour puit canadien<\/title>\n<meta name=\"description\" content=\"Bypass automatique pour optimiser les performances de votre VMC en utilisant l\u2019air de votre puits canadien a\u00e9raulique pour rafra\u00eechir ou chauffer la maison.\" \/>\n<meta name=\"robots\" content=\"index, follow, max-snippet:-1, max-image-preview:large, max-video-preview:-1\" \/>\n<link rel=\"canonical\" href=\"https:\/\/www.mydatec.com\/fr\/bypass-automatique\/\" \/>\n<meta property=\"og:locale\" content=\"fr_FR\" \/>\n<meta property=\"og:type\" content=\"article\" \/>\n<meta property=\"og:title\" content=\"Bypass automatique pour puit canadien\" \/>\n<meta property=\"og:description\" content=\"Bypass automatique pour optimiser les performances de votre VMC en utilisant l\u2019air de votre puits canadien a\u00e9raulique pour rafra\u00eechir ou chauffer la maison.\" \/>\n<meta property=\"og:url\" content=\"https:\/\/www.mydatec.com\/fr\/bypass-automatique\/\" \/>\n<meta property=\"og:site_name\" content=\"MyDATEC\" \/>\n<meta property=\"article:modified_time\" content=\"2021-12-01T12:49:59+00:00\" \/>\n<meta name=\"twitter:label1\" content=\"Dur\u00e9e de lecture estim\u00e9e\" \/>\n\t<meta name=\"twitter:data1\" content=\"21 minutes\" \/>\n<script type=\"application\/ld+json\" class=\"yoast-schema-graph\">{\"@context\":\"https:\\\/\\\/schema.org\",\"@graph\":[{\"@type\":\"WebPage\",\"@id\":\"https:\\\/\\\/www.mydatec.com\\\/fr\\\/bypass-automatique\\\/\",\"url\":\"https:\\\/\\\/www.mydatec.com\\\/fr\\\/bypass-automatique\\\/\",\"name\":\"Bypass automatique pour puit canadien\",\"isPartOf\":{\"@id\":\"https:\\\/\\\/www.mydatec.com\\\/fr\\\/#website\"},\"datePublished\":\"2017-01-09T14:46:23+00:00\",\"dateModified\":\"2021-12-01T12:49:59+00:00\",\"description\":\"Bypass automatique pour optimiser les performances de votre VMC en utilisant l\u2019air de votre puits canadien a\u00e9raulique pour rafra\u00eechir ou chauffer la maison.\",\"breadcrumb\":{\"@id\":\"https:\\\/\\\/www.mydatec.com\\\/fr\\\/bypass-automatique\\\/#breadcrumb\"},\"inLanguage\":\"fr-FR\",\"potentialAction\":[{\"@type\":\"ReadAction\",\"target\":[\"https:\\\/\\\/www.mydatec.com\\\/fr\\\/bypass-automatique\\\/\"]}]},{\"@type\":\"BreadcrumbList\",\"@id\":\"https:\\\/\\\/www.mydatec.com\\\/fr\\\/bypass-automatique\\\/#breadcrumb\",\"itemListElement\":[{\"@type\":\"ListItem\",\"position\":1,\"name\":\"Accueil\",\"item\":\"https:\\\/\\\/www.mydatec.com\\\/fr\\\/\"},{\"@type\":\"ListItem\",\"position\":2,\"name\":\"20. Bypass automatique\"}]},{\"@type\":\"WebSite\",\"@id\":\"https:\\\/\\\/www.mydatec.com\\\/fr\\\/#website\",\"url\":\"https:\\\/\\\/www.mydatec.com\\\/fr\\\/\",\"name\":\"MyDATEC\",\"description\":\"La solution thermodynamique\",\"publisher\":{\"@id\":\"https:\\\/\\\/www.mydatec.com\\\/fr\\\/#organization\"},\"potentialAction\":[{\"@type\":\"SearchAction\",\"target\":{\"@type\":\"EntryPoint\",\"urlTemplate\":\"https:\\\/\\\/www.mydatec.com\\\/fr\\\/?s={search_term_string}\"},\"query-input\":{\"@type\":\"PropertyValueSpecification\",\"valueRequired\":true,\"valueName\":\"search_term_string\"}}],\"inLanguage\":\"fr-FR\"},{\"@type\":\"Organization\",\"@id\":\"https:\\\/\\\/www.mydatec.com\\\/fr\\\/#organization\",\"name\":\"MyDatec\",\"url\":\"https:\\\/\\\/www.mydatec.com\\\/fr\\\/\",\"logo\":{\"@type\":\"ImageObject\",\"inLanguage\":\"fr-FR\",\"@id\":\"https:\\\/\\\/www.mydatec.com\\\/fr\\\/#\\\/schema\\\/logo\\\/image\\\/\",\"url\":\"https:\\\/\\\/www.mydatec.com\\\/wp-content\\\/uploads\\\/2022\\\/01\\\/logo-mydatec.jpg\",\"contentUrl\":\"https:\\\/\\\/www.mydatec.com\\\/wp-content\\\/uploads\\\/2022\\\/01\\\/logo-mydatec.jpg\",\"width\":434,\"height\":351,\"caption\":\"MyDatec\"},\"image\":{\"@id\":\"https:\\\/\\\/www.mydatec.com\\\/fr\\\/#\\\/schema\\\/logo\\\/image\\\/\"},\"sameAs\":[\"http:\\\/\\\/www.linkedin.com\\\/in\\\/MyDATEC\"]}]}<\/script>\n<!-- \/ Yoast SEO plugin. -->","yoast_head_json":{"title":"Bypass automatique pour puit canadien","description":"Bypass automatique pour optimiser les performances de votre VMC en utilisant l\u2019air de votre puits canadien a\u00e9raulique pour rafra\u00eechir ou chauffer la maison.","robots":{"index":"index","follow":"follow","max-snippet":"max-snippet:-1","max-image-preview":"max-image-preview:large","max-video-preview":"max-video-preview:-1"},"canonical":"https:\/\/www.mydatec.com\/fr\/bypass-automatique\/","og_locale":"fr_FR","og_type":"article","og_title":"Bypass automatique pour puit canadien","og_description":"Bypass automatique pour optimiser les performances de votre VMC en utilisant l\u2019air de votre puits canadien a\u00e9raulique pour rafra\u00eechir ou chauffer la maison.","og_url":"https:\/\/www.mydatec.com\/fr\/bypass-automatique\/","og_site_name":"MyDATEC","article_modified_time":"2021-12-01T12:49:59+00:00","twitter_misc":{"Dur\u00e9e de lecture estim\u00e9e":"21 minutes"},"schema":{"@context":"https:\/\/schema.org","@graph":[{"@type":"WebPage","@id":"https:\/\/www.mydatec.com\/fr\/bypass-automatique\/","url":"https:\/\/www.mydatec.com\/fr\/bypass-automatique\/","name":"Bypass automatique pour puit canadien","isPartOf":{"@id":"https:\/\/www.mydatec.com\/fr\/#website"},"datePublished":"2017-01-09T14:46:23+00:00","dateModified":"2021-12-01T12:49:59+00:00","description":"Bypass automatique pour optimiser les performances de votre VMC en utilisant l\u2019air de votre puits canadien a\u00e9raulique pour rafra\u00eechir ou chauffer la maison.","breadcrumb":{"@id":"https:\/\/www.mydatec.com\/fr\/bypass-automatique\/#breadcrumb"},"inLanguage":"fr-FR","potentialAction":[{"@type":"ReadAction","target":["https:\/\/www.mydatec.com\/fr\/bypass-automatique\/"]}]},{"@type":"BreadcrumbList","@id":"https:\/\/www.mydatec.com\/fr\/bypass-automatique\/#breadcrumb","itemListElement":[{"@type":"ListItem","position":1,"name":"Accueil","item":"https:\/\/www.mydatec.com\/fr\/"},{"@type":"ListItem","position":2,"name":"20. Bypass automatique"}]},{"@type":"WebSite","@id":"https:\/\/www.mydatec.com\/fr\/#website","url":"https:\/\/www.mydatec.com\/fr\/","name":"MyDATEC","description":"La solution thermodynamique","publisher":{"@id":"https:\/\/www.mydatec.com\/fr\/#organization"},"potentialAction":[{"@type":"SearchAction","target":{"@type":"EntryPoint","urlTemplate":"https:\/\/www.mydatec.com\/fr\/?s={search_term_string}"},"query-input":{"@type":"PropertyValueSpecification","valueRequired":true,"valueName":"search_term_string"}}],"inLanguage":"fr-FR"},{"@type":"Organization","@id":"https:\/\/www.mydatec.com\/fr\/#organization","name":"MyDatec","url":"https:\/\/www.mydatec.com\/fr\/","logo":{"@type":"ImageObject","inLanguage":"fr-FR","@id":"https:\/\/www.mydatec.com\/fr\/#\/schema\/logo\/image\/","url":"https:\/\/www.mydatec.com\/wp-content\/uploads\/2022\/01\/logo-mydatec.jpg","contentUrl":"https:\/\/www.mydatec.com\/wp-content\/uploads\/2022\/01\/logo-mydatec.jpg","width":434,"height":351,"caption":"MyDatec"},"image":{"@id":"https:\/\/www.mydatec.com\/fr\/#\/schema\/logo\/image\/"},"sameAs":["http:\/\/www.linkedin.com\/in\/MyDATEC"]}]}},"_links":{"self":[{"href":"https:\/\/www.mydatec.com\/fr\/wp-json\/wp\/v2\/pages\/3867","targetHints":{"allow":["GET"]}}],"collection":[{"href":"https:\/\/www.mydatec.com\/fr\/wp-json\/wp\/v2\/pages"}],"about":[{"href":"https:\/\/www.mydatec.com\/fr\/wp-json\/wp\/v2\/types\/page"}],"author":[{"embeddable":true,"href":"https:\/\/www.mydatec.com\/fr\/wp-json\/wp\/v2\/users\/6"}],"replies":[{"embeddable":true,"href":"https:\/\/www.mydatec.com\/fr\/wp-json\/wp\/v2\/comments?post=3867"}],"version-history":[{"count":5,"href":"https:\/\/www.mydatec.com\/fr\/wp-json\/wp\/v2\/pages\/3867\/revisions"}],"predecessor-version":[{"id":7059,"href":"https:\/\/www.mydatec.com\/fr\/wp-json\/wp\/v2\/pages\/3867\/revisions\/7059"}],"wp:attachment":[{"href":"https:\/\/www.mydatec.com\/fr\/wp-json\/wp\/v2\/media?parent=3867"}],"curies":[{"name":"wp","href":"https:\/\/api.w.org\/{rel}","templated":true}]}}