{"id":3796,"date":"2017-01-09T11:01:09","date_gmt":"2017-01-09T10:01:09","guid":{"rendered":"https:\/\/www.mydatec.com\/?page_id=3796"},"modified":"2020-04-14T23:33:41","modified_gmt":"2020-04-14T22:33:41","slug":"reserve-puissance","status":"publish","type":"page","link":"https:\/\/www.mydatec.com\/fr\/reserve-puissance\/","title":{"rendered":"Votre r\u00e9serve de puissance"},"content":{"rendered":"<h2>Po\u00eale \u00e0 granul\u00e9s<\/h2>\n<p style=\"text-align: right;\"><a href=\"https:\/\/www.mydatec.com\/poele-granules\/\"><img decoding=\"async\" width=\"776\" height=\"331\" class=\"alignnone size-medium wp-image-5327\" src=\"https:\/\/www.mydatec.com\/wp-content\/uploads\/2018\/09\/poele-reserve-puissance.jpg\" alt=\"\" srcset=\"https:\/\/www.mydatec.com\/wp-content\/uploads\/2018\/09\/poele-reserve-puissance-31x13.jpg 31w, https:\/\/www.mydatec.com\/wp-content\/uploads\/2018\/09\/poele-reserve-puissance-38x16.jpg 38w, https:\/\/www.mydatec.com\/wp-content\/uploads\/2018\/09\/poele-reserve-puissance-148x63.jpg 148w, https:\/\/www.mydatec.com\/wp-content\/uploads\/2018\/09\/poele-reserve-puissance-300x128.jpg 300w, https:\/\/www.mydatec.com\/wp-content\/uploads\/2018\/09\/poele-reserve-puissance-425x181.jpg 425w, https:\/\/www.mydatec.com\/wp-content\/uploads\/2018\/09\/poele-reserve-puissance-768x328.jpg 768w, https:\/\/www.mydatec.com\/wp-content\/uploads\/2018\/09\/poele-reserve-puissance.jpg 776w\" sizes=\"(max-width: 776px) 100vw, 776px\" \/><\/a><\/p>\n<p style=\"text-align: right;\"><a href=\"https:\/\/www.mydatec.com\/poele-granules\/\">Puissance du po\u00eale allant de +1.4 kW \u00e0 +8.3 kW<\/a><\/p>\n<p><em>&gt; En savoir plus sur les <a href=\"https:\/\/www.mydatec.com\/poele-granules\/\">avantages du po\u00eale \u00e0 granul\u00e9s.<\/a><\/em><\/p>\n<h2>Puits canadien hydraulique<\/h2>\n<p><a href=\"https:\/\/www.mydatec.com\/puits-canadien-hydraulique\/\"><img decoding=\"async\" class=\"alignnone size-full wp-image-3859\" src=\"https:\/\/www.mydatec.com\/wp-content\/uploads\/2017\/01\/puit-canadien4.jpg\" alt=\"puit-canadien4\" width=\"800\" height=\"388\" srcset=\"https:\/\/www.mydatec.com\/wp-content\/uploads\/2017\/01\/puit-canadien4-31x15.jpg 31w, https:\/\/www.mydatec.com\/wp-content\/uploads\/2017\/01\/puit-canadien4-38x18.jpg 38w, https:\/\/www.mydatec.com\/wp-content\/uploads\/2017\/01\/puit-canadien4-148x72.jpg 148w, https:\/\/www.mydatec.com\/wp-content\/uploads\/2017\/01\/puit-canadien4-300x146.jpg 300w, https:\/\/www.mydatec.com\/wp-content\/uploads\/2017\/01\/puit-canadien4-425x206.jpg 425w, https:\/\/www.mydatec.com\/wp-content\/uploads\/2017\/01\/puit-canadien4.jpg 800w\" sizes=\"(max-width: 800px) 100vw, 800px\" \/><\/a><\/p>\n<p style=\"text-align: right;\"><a href=\"https:\/\/www.mydatec.com\/puits-canadien-hydraulique\/\">Puissance du puits d\u00e9taill\u00e9e en cliquant ici<\/a><\/p>\n<p><em>&gt; D\u00e9couvrir le fonctionnement et les avantages du <a href=\"https:\/\/www.mydatec.com\/puits-canadien-hydraulique\/\">puits canadien hydraulique<\/a><\/em><\/p>\n<h2>Bypass automatique<\/h2>\n<p style=\"text-align: left;\"><a href=\"https:\/\/www.mydatec.com\/bypass-automatique\/\"><img decoding=\"async\" class=\"alignnone size-full wp-image-3806\" src=\"https:\/\/www.mydatec.com\/wp-content\/uploads\/2017\/01\/by-pass-automatique.jpg\" alt=\"by-pass-automatique\" width=\"800\" height=\"331\" srcset=\"https:\/\/www.mydatec.com\/wp-content\/uploads\/2017\/01\/by-pass-automatique-31x13.jpg 31w, https:\/\/www.mydatec.com\/wp-content\/uploads\/2017\/01\/by-pass-automatique-38x16.jpg 38w, https:\/\/www.mydatec.com\/wp-content\/uploads\/2017\/01\/by-pass-automatique-148x61.jpg 148w, https:\/\/www.mydatec.com\/wp-content\/uploads\/2017\/01\/by-pass-automatique-300x124.jpg 300w, https:\/\/www.mydatec.com\/wp-content\/uploads\/2017\/01\/by-pass-automatique-425x176.jpg 425w, https:\/\/www.mydatec.com\/wp-content\/uploads\/2017\/01\/by-pass-automatique.jpg 800w\" sizes=\"(max-width: 800px) 100vw, 800px\" \/><\/a><\/p>\n<p style=\"text-align: right;\">Puissance du bypass allant de -1 kW \u00e0 +1 kW<\/p>\n<p>Vous pouvez am\u00e9liorer les performances de votre VMC thermodynamique en utilisant l\u2019air de votre puits canadien a\u00e9raulique \u00e0 bon escient (pour rafra\u00eechir ou chauffer votre habitat) &gt; <a href=\"https:\/\/www.mydatec.com\/bypass-automatique\/\">tout savoir sur le bypass automatique.<\/a><\/p>\n<h2>Pr\u00e9chauffage de l&rsquo;air neuf (+ r\u00e9chauffeur seul)<\/h2>\n<p style=\"text-align: right;\"><a href=\"https:\/\/www.mydatec.com\/prechauffage-lair-neuf\/\"><img decoding=\"async\" class=\"alignnone size-full wp-image-3811\" src=\"https:\/\/www.mydatec.com\/wp-content\/uploads\/2017\/01\/prechauffage-air-neuf-2.jpg\" alt=\"prechauffage-air-neuf-2\" width=\"800\" height=\"367\" srcset=\"https:\/\/www.mydatec.com\/wp-content\/uploads\/2017\/01\/prechauffage-air-neuf-2-31x14.jpg 31w, https:\/\/www.mydatec.com\/wp-content\/uploads\/2017\/01\/prechauffage-air-neuf-2-38x17.jpg 38w, https:\/\/www.mydatec.com\/wp-content\/uploads\/2017\/01\/prechauffage-air-neuf-2-148x68.jpg 148w, https:\/\/www.mydatec.com\/wp-content\/uploads\/2017\/01\/prechauffage-air-neuf-2-300x138.jpg 300w, https:\/\/www.mydatec.com\/wp-content\/uploads\/2017\/01\/prechauffage-air-neuf-2-425x195.jpg 425w, https:\/\/www.mydatec.com\/wp-content\/uploads\/2017\/01\/prechauffage-air-neuf-2.jpg 800w\" sizes=\"(max-width: 800px) 100vw, 800px\" \/><\/a>Puissance de 2 kW par r\u00e9chauffeur<\/p>\n<p>Le <a href=\"https:\/\/www.mydatec.com\/prechauffage-lair-neuf\/\">pr\u00e9chauffage de l&rsquo;air<\/a> neuf permet de r\u00e9guler automatiquement la temp\u00e9rature d\u2019arriv\u00e9e d\u2019air neuf sur votre syst\u00e8me de ventilation double flux.<\/p>\n<h2>Bouches chauffantes<\/h2>\n<p style=\"text-align: right;\"><a href=\"https:\/\/www.mydatec.com\/bouche-chauffante\/\"><img decoding=\"async\" class=\"alignnone size-full wp-image-3805\" src=\"https:\/\/www.mydatec.com\/wp-content\/uploads\/2018\/10\/shema-bouches-chauffante.jpg\" alt=\"Puissance de 450 W par bouche chauffante\" \/><\/a><br \/>\nPuissance de 450 W par bouche chauffante<\/p>\n<table style=\"border: none;\" border=\"0\" cellspacing=\"0\" cellpadding=\"0\">\n<tbody>\n<tr>\n<td style=\"border: none; width: 26%; text-align: left;\" valign=\"top\" nowrap=\"nowrap\">\n<p style=\"text-align: center;\"><a href=\"https:\/\/www.mydatec.com\/bouche-chauffante-pour-plafond\/\"><img decoding=\"async\" class=\"size-full wp-image-3805 aligncenter\" src=\"https:\/\/www.mydatec.com\/wp-content\/uploads\/2018\/10\/bouche-chauffante-plafond-19102018.jpg\" alt=\"bouche chauffante\" width=\"\" height=\"215\" \/><\/a><\/p>\n<p style=\"text-align: center;\"><a href=\"https:\/\/www.mydatec.com\/bouche-chauffante-pour-plafond\/\">Bouche chauffante pour plafond<\/a><\/p>\n<\/td>\n<td style=\"border: none; width: 25%; text-align: left;\" valign=\"top\" nowrap=\"nowrap\" width=\"25%\">\n<p style=\"text-align: center;\"><a href=\"https:\/\/www.mydatec.com\/bouche-chauffante\/\"><img decoding=\"async\" class=\"wp-image-3805 aligncenter\" src=\"https:\/\/www.mydatec.com\/wp-content\/uploads\/2018\/10\/bouche-chauffante-19102018.jpg\" alt=\"bouche chauffante\" width=\"216\" height=\"215\" \/><\/a><\/p>\n<p style=\"text-align: center;\"><a href=\"https:\/\/www.mydatec.com\/bouche-chauffante\/\">Bouche chauffante murale<\/a><\/p>\n<p style=\"text-align: center;\"><strong>\u00a0<\/strong><\/p>\n<\/td>\n<\/tr>\n<\/tbody>\n<\/table>\n","protected":false},"excerpt":{"rendered":"<p>Po\u00eale \u00e0 granul\u00e9s Puissance du po\u00eale allant de +1.4 kW \u00e0 +8.3 kW &gt; En savoir plus sur les avantages du po\u00eale \u00e0 granul\u00e9s. Puits  [&#8230;]<\/p>\n","protected":false},"author":6,"featured_media":806,"parent":0,"menu_order":50,"comment_status":"closed","ping_status":"open","template":"","meta":{"footnotes":""},"class_list":["post-3796","page","type-page","status-publish","has-post-thumbnail","hentry"],"yoast_head":"<!-- This site is optimized with the Yoast SEO plugin v27.5 - https:\/\/yoast.com\/product\/yoast-seo-wordpress\/ -->\n<title>Votre r\u00e9serve de puissance<\/title>\n<meta name=\"robots\" content=\"index, follow, max-snippet:-1, max-image-preview:large, max-video-preview:-1\" \/>\n<link rel=\"canonical\" href=\"https:\/\/www.mydatec.com\/fr\/reserve-puissance\/\" \/>\n<meta property=\"og:locale\" content=\"fr_FR\" \/>\n<meta property=\"og:type\" content=\"article\" \/>\n<meta property=\"og:title\" content=\"Votre r\u00e9serve de puissance\" \/>\n<meta property=\"og:description\" content=\"Po\u00eale \u00e0 granul\u00e9s Puissance du po\u00eale allant de +1.4 kW \u00e0 +8.3 kW &gt; En savoir plus sur les avantages du po\u00eale \u00e0 granul\u00e9s. Puits [...]\" \/>\n<meta property=\"og:url\" content=\"https:\/\/www.mydatec.com\/fr\/reserve-puissance\/\" \/>\n<meta property=\"og:site_name\" content=\"MyDATEC\" \/>\n<meta property=\"article:modified_time\" content=\"2020-04-14T22:33:41+00:00\" \/>\n<meta property=\"og:image\" content=\"https:\/\/www.mydatec.com\/wp-content\/uploads\/2012\/12\/ico-poelebois.png\" \/>\n\t<meta property=\"og:image:width\" content=\"80\" \/>\n\t<meta property=\"og:image:height\" content=\"80\" \/>\n\t<meta property=\"og:image:type\" content=\"image\/png\" \/>\n<meta name=\"twitter:label1\" content=\"Dur\u00e9e de lecture estim\u00e9e\" \/>\n\t<meta name=\"twitter:data1\" content=\"1 minute\" \/>\n<script type=\"application\/ld+json\" class=\"yoast-schema-graph\">{\"@context\":\"https:\\\/\\\/schema.org\",\"@graph\":[{\"@type\":\"WebPage\",\"@id\":\"https:\\\/\\\/www.mydatec.com\\\/fr\\\/reserve-puissance\\\/\",\"url\":\"https:\\\/\\\/www.mydatec.com\\\/fr\\\/reserve-puissance\\\/\",\"name\":\"Votre r\u00e9serve de puissance\",\"isPartOf\":{\"@id\":\"https:\\\/\\\/www.mydatec.com\\\/fr\\\/#website\"},\"primaryImageOfPage\":{\"@id\":\"https:\\\/\\\/www.mydatec.com\\\/fr\\\/reserve-puissance\\\/#primaryimage\"},\"image\":{\"@id\":\"https:\\\/\\\/www.mydatec.com\\\/fr\\\/reserve-puissance\\\/#primaryimage\"},\"thumbnailUrl\":\"https:\\\/\\\/www.mydatec.com\\\/wp-content\\\/uploads\\\/2012\\\/12\\\/ico-poelebois.png\",\"datePublished\":\"2017-01-09T10:01:09+00:00\",\"dateModified\":\"2020-04-14T22:33:41+00:00\",\"breadcrumb\":{\"@id\":\"https:\\\/\\\/www.mydatec.com\\\/fr\\\/reserve-puissance\\\/#breadcrumb\"},\"inLanguage\":\"fr-FR\",\"potentialAction\":[{\"@type\":\"ReadAction\",\"target\":[\"https:\\\/\\\/www.mydatec.com\\\/fr\\\/reserve-puissance\\\/\"]}]},{\"@type\":\"ImageObject\",\"inLanguage\":\"fr-FR\",\"@id\":\"https:\\\/\\\/www.mydatec.com\\\/fr\\\/reserve-puissance\\\/#primaryimage\",\"url\":\"https:\\\/\\\/www.mydatec.com\\\/wp-content\\\/uploads\\\/2012\\\/12\\\/ico-poelebois.png\",\"contentUrl\":\"https:\\\/\\\/www.mydatec.com\\\/wp-content\\\/uploads\\\/2012\\\/12\\\/ico-poelebois.png\",\"width\":\"80\",\"height\":\"80\"},{\"@type\":\"BreadcrumbList\",\"@id\":\"https:\\\/\\\/www.mydatec.com\\\/fr\\\/reserve-puissance\\\/#breadcrumb\",\"itemListElement\":[{\"@type\":\"ListItem\",\"position\":1,\"name\":\"Accueil\",\"item\":\"https:\\\/\\\/www.mydatec.com\\\/fr\\\/\"},{\"@type\":\"ListItem\",\"position\":2,\"name\":\"Votre r\u00e9serve de puissance\"}]},{\"@type\":\"WebSite\",\"@id\":\"https:\\\/\\\/www.mydatec.com\\\/fr\\\/#website\",\"url\":\"https:\\\/\\\/www.mydatec.com\\\/fr\\\/\",\"name\":\"MyDATEC\",\"description\":\"La solution thermodynamique\",\"publisher\":{\"@id\":\"https:\\\/\\\/www.mydatec.com\\\/fr\\\/#organization\"},\"potentialAction\":[{\"@type\":\"SearchAction\",\"target\":{\"@type\":\"EntryPoint\",\"urlTemplate\":\"https:\\\/\\\/www.mydatec.com\\\/fr\\\/?s={search_term_string}\"},\"query-input\":{\"@type\":\"PropertyValueSpecification\",\"valueRequired\":true,\"valueName\":\"search_term_string\"}}],\"inLanguage\":\"fr-FR\"},{\"@type\":\"Organization\",\"@id\":\"https:\\\/\\\/www.mydatec.com\\\/fr\\\/#organization\",\"name\":\"MyDatec\",\"url\":\"https:\\\/\\\/www.mydatec.com\\\/fr\\\/\",\"logo\":{\"@type\":\"ImageObject\",\"inLanguage\":\"fr-FR\",\"@id\":\"https:\\\/\\\/www.mydatec.com\\\/fr\\\/#\\\/schema\\\/logo\\\/image\\\/\",\"url\":\"https:\\\/\\\/www.mydatec.com\\\/wp-content\\\/uploads\\\/2022\\\/01\\\/logo-mydatec.jpg\",\"contentUrl\":\"https:\\\/\\\/www.mydatec.com\\\/wp-content\\\/uploads\\\/2022\\\/01\\\/logo-mydatec.jpg\",\"width\":434,\"height\":351,\"caption\":\"MyDatec\"},\"image\":{\"@id\":\"https:\\\/\\\/www.mydatec.com\\\/fr\\\/#\\\/schema\\\/logo\\\/image\\\/\"},\"sameAs\":[\"http:\\\/\\\/www.linkedin.com\\\/in\\\/MyDATEC\"]}]}<\/script>\n<!-- \/ Yoast SEO plugin. -->","yoast_head_json":{"title":"Votre r\u00e9serve de puissance","robots":{"index":"index","follow":"follow","max-snippet":"max-snippet:-1","max-image-preview":"max-image-preview:large","max-video-preview":"max-video-preview:-1"},"canonical":"https:\/\/www.mydatec.com\/fr\/reserve-puissance\/","og_locale":"fr_FR","og_type":"article","og_title":"Votre r\u00e9serve de puissance","og_description":"Po\u00eale \u00e0 granul\u00e9s Puissance du po\u00eale allant de +1.4 kW \u00e0 +8.3 kW &gt; En savoir plus sur les avantages du po\u00eale \u00e0 granul\u00e9s. Puits [...]","og_url":"https:\/\/www.mydatec.com\/fr\/reserve-puissance\/","og_site_name":"MyDATEC","article_modified_time":"2020-04-14T22:33:41+00:00","og_image":[{"width":80,"height":80,"url":"https:\/\/www.mydatec.com\/wp-content\/uploads\/2012\/12\/ico-poelebois.png","type":"image\/png"}],"twitter_misc":{"Dur\u00e9e de lecture estim\u00e9e":"1 minute"},"schema":{"@context":"https:\/\/schema.org","@graph":[{"@type":"WebPage","@id":"https:\/\/www.mydatec.com\/fr\/reserve-puissance\/","url":"https:\/\/www.mydatec.com\/fr\/reserve-puissance\/","name":"Votre r\u00e9serve de puissance","isPartOf":{"@id":"https:\/\/www.mydatec.com\/fr\/#website"},"primaryImageOfPage":{"@id":"https:\/\/www.mydatec.com\/fr\/reserve-puissance\/#primaryimage"},"image":{"@id":"https:\/\/www.mydatec.com\/fr\/reserve-puissance\/#primaryimage"},"thumbnailUrl":"https:\/\/www.mydatec.com\/wp-content\/uploads\/2012\/12\/ico-poelebois.png","datePublished":"2017-01-09T10:01:09+00:00","dateModified":"2020-04-14T22:33:41+00:00","breadcrumb":{"@id":"https:\/\/www.mydatec.com\/fr\/reserve-puissance\/#breadcrumb"},"inLanguage":"fr-FR","potentialAction":[{"@type":"ReadAction","target":["https:\/\/www.mydatec.com\/fr\/reserve-puissance\/"]}]},{"@type":"ImageObject","inLanguage":"fr-FR","@id":"https:\/\/www.mydatec.com\/fr\/reserve-puissance\/#primaryimage","url":"https:\/\/www.mydatec.com\/wp-content\/uploads\/2012\/12\/ico-poelebois.png","contentUrl":"https:\/\/www.mydatec.com\/wp-content\/uploads\/2012\/12\/ico-poelebois.png","width":"80","height":"80"},{"@type":"BreadcrumbList","@id":"https:\/\/www.mydatec.com\/fr\/reserve-puissance\/#breadcrumb","itemListElement":[{"@type":"ListItem","position":1,"name":"Accueil","item":"https:\/\/www.mydatec.com\/fr\/"},{"@type":"ListItem","position":2,"name":"Votre r\u00e9serve de puissance"}]},{"@type":"WebSite","@id":"https:\/\/www.mydatec.com\/fr\/#website","url":"https:\/\/www.mydatec.com\/fr\/","name":"MyDATEC","description":"La solution thermodynamique","publisher":{"@id":"https:\/\/www.mydatec.com\/fr\/#organization"},"potentialAction":[{"@type":"SearchAction","target":{"@type":"EntryPoint","urlTemplate":"https:\/\/www.mydatec.com\/fr\/?s={search_term_string}"},"query-input":{"@type":"PropertyValueSpecification","valueRequired":true,"valueName":"search_term_string"}}],"inLanguage":"fr-FR"},{"@type":"Organization","@id":"https:\/\/www.mydatec.com\/fr\/#organization","name":"MyDatec","url":"https:\/\/www.mydatec.com\/fr\/","logo":{"@type":"ImageObject","inLanguage":"fr-FR","@id":"https:\/\/www.mydatec.com\/fr\/#\/schema\/logo\/image\/","url":"https:\/\/www.mydatec.com\/wp-content\/uploads\/2022\/01\/logo-mydatec.jpg","contentUrl":"https:\/\/www.mydatec.com\/wp-content\/uploads\/2022\/01\/logo-mydatec.jpg","width":434,"height":351,"caption":"MyDatec"},"image":{"@id":"https:\/\/www.mydatec.com\/fr\/#\/schema\/logo\/image\/"},"sameAs":["http:\/\/www.linkedin.com\/in\/MyDATEC"]}]}},"_links":{"self":[{"href":"https:\/\/www.mydatec.com\/fr\/wp-json\/wp\/v2\/pages\/3796","targetHints":{"allow":["GET"]}}],"collection":[{"href":"https:\/\/www.mydatec.com\/fr\/wp-json\/wp\/v2\/pages"}],"about":[{"href":"https:\/\/www.mydatec.com\/fr\/wp-json\/wp\/v2\/types\/page"}],"author":[{"embeddable":true,"href":"https:\/\/www.mydatec.com\/fr\/wp-json\/wp\/v2\/users\/6"}],"replies":[{"embeddable":true,"href":"https:\/\/www.mydatec.com\/fr\/wp-json\/wp\/v2\/comments?post=3796"}],"version-history":[{"count":5,"href":"https:\/\/www.mydatec.com\/fr\/wp-json\/wp\/v2\/pages\/3796\/revisions"}],"predecessor-version":[{"id":6084,"href":"https:\/\/www.mydatec.com\/fr\/wp-json\/wp\/v2\/pages\/3796\/revisions\/6084"}],"wp:featuredmedia":[{"embeddable":true,"href":"https:\/\/www.mydatec.com\/fr\/wp-json\/wp\/v2\/media\/806"}],"wp:attachment":[{"href":"https:\/\/www.mydatec.com\/fr\/wp-json\/wp\/v2\/media?parent=3796"}],"curies":[{"name":"wp","href":"https:\/\/api.w.org\/{rel}","templated":true}]}}