{"id":3717,"date":"2017-01-06T16:04:43","date_gmt":"2017-01-06T15:04:43","guid":{"rendered":"https:\/\/www.mydatec.com\/?page_id=3717"},"modified":"2020-07-17T11:27:12","modified_gmt":"2020-07-17T10:27:12","slug":"smart-h","status":"publish","type":"page","link":"https:\/\/www.mydatec.com\/fr\/smart-h\/","title":{"rendered":"Smart H"},"content":{"rendered":"<p style=\"text-align: center;\"><img decoding=\"async\" width=\"580\" height=\"365\" class=\"alignnone size-full wp-image-3723\" alt=\"smarth\" src=\"https:\/\/www.mydatec.com\/wp-content\/uploads\/2017\/01\/smartH.jpg\" srcset=\"https:\/\/www.mydatec.com\/wp-content\/uploads\/2017\/01\/smartH-31x20.jpg 31w, https:\/\/www.mydatec.com\/wp-content\/uploads\/2017\/01\/smartH-38x24.jpg 38w, https:\/\/www.mydatec.com\/wp-content\/uploads\/2017\/01\/smartH-148x93.jpg 148w, https:\/\/www.mydatec.com\/wp-content\/uploads\/2017\/01\/smartH-300x189.jpg 300w, https:\/\/www.mydatec.com\/wp-content\/uploads\/2017\/01\/smartH-342x215.jpg 342w, https:\/\/www.mydatec.com\/wp-content\/uploads\/2017\/01\/smartH.jpg 580w\" sizes=\"(max-width: 580px) 100vw, 580px\" \/><\/p>\n<p style=\"text-align: center;\">[download link=\u00a0\u00bbhttps:\/\/www.mydatec.com\/wp-content\/uploads\/2018\/10\/SMART-H_19102018.pdf\u00a0\u00bb]Voir la fiche technique gamme SMART H[\/download]<\/p>\n<p style=\"text-align: center;\"><strong>Ventilez, chauffez, rafra\u00eechissez, \u00e9conomisez !<\/strong><\/p>\n<h2 class=\"sanstrait\">La Smart H est une CTA (Centrale de&nbsp;Traitement d\u2019Air) \u00e0 r\u00e9cup\u00e9ration thermodynamique adapt\u00e9e \u00e0 votre projet&nbsp;tertaire.<\/h2>\n<h3><span style=\"color: #f37469;\">Avantages<\/span><\/h3>\n<ul>\n<li><span style=\"color: #f37469;\">CTA Double flux thermodynamique<\/span><\/li>\n<li>Rafra\u00eechissement free cooling ou actif<\/li>\n<li>D\u00e9shumidification<\/li>\n<li>Ventilation modul\u00e9e tertiaire avec capteur de COV et hygrom\u00e9trie<\/li>\n<li>Basculement automatique chauffage \/ rafra\u00eechissement (change over)<\/li>\n<li>Design plat (montage faux plafond possible)<\/li>\n<\/ul>\n<p><a href=\"https:\/\/www.mydatec.com\/temoignage-client-my-datec-comme-solution-globale-de-chauffage\/\">Comprendre la solution de chauffage globale d&rsquo;une VMC MyDatec<\/a><\/p>\n<h3><span style=\"color: #f37469;\">Domaine d\u2019application<\/span><\/h3>\n<ul>\n<li><strong>CTA d\u00e9centralis\u00e9e<\/strong> pour locaux tertiaires, jusqu\u2019\u00e0 30 personnes<\/li>\n<li>Habitat (neuf ou r\u00e9novation)<\/li>\n<\/ul>\n<h3><span style=\"color: #f37469;\">Mise en oeuvre de la Smart H&nbsp;<\/span><\/h3>\n<ul>\n<li>En local technique isol\u00e9<\/li>\n<li>Condensat \u00e0 pr\u00e9voir<\/li>\n<li>Conduits d\u2018insufflation isol\u00e9s (min. 25mm)<\/li>\n<li>Conduits d\u2018extraction isol\u00e9s (min. 25mm)<\/li>\n<li>Rejet \/ air neuf conduits isol\u00e9s 25mm ou 50mm<\/li>\n<li>Electrique : alimentation 230V &#8211; 50Hz (2.5mm\u00b2)<\/li>\n<li>Communication : 4 fils 0.5mm\u00b2 max.<\/li>\n<\/ul>\n<h3><span style=\"color: #f37469;\">Configurations a\u00e9rauliques possibles<\/span><\/h3>\n<p style=\"text-align: center;\"><img decoding=\"async\" width=\"502\" height=\"707\" class=\"alignnone size-full wp-image-3725\" alt=\"configurations-smarth\" src=\"https:\/\/www.mydatec.com\/wp-content\/uploads\/2017\/01\/configurations-smartH.jpg\" srcset=\"https:\/\/www.mydatec.com\/wp-content\/uploads\/2017\/01\/configurations-smartH-22x31.jpg 22w, https:\/\/www.mydatec.com\/wp-content\/uploads\/2017\/01\/configurations-smartH-27x38.jpg 27w, https:\/\/www.mydatec.com\/wp-content\/uploads\/2017\/01\/configurations-smartH-105x148.jpg 105w, https:\/\/www.mydatec.com\/wp-content\/uploads\/2017\/01\/configurations-smartH-153x215.jpg 153w, https:\/\/www.mydatec.com\/wp-content\/uploads\/2017\/01\/configurations-smartH-213x300.jpg 213w, https:\/\/www.mydatec.com\/wp-content\/uploads\/2017\/01\/configurations-smartH.jpg 502w\" sizes=\"(max-width: 502px) 100vw, 502px\" \/><\/p>\n<h3><span style=\"color: #f37469;\">Description<\/span><\/h3>\n<ul>\n<li style=\"text-align: left;\">Mise en service automatique<\/li>\n<li style=\"text-align: left;\">Monobloc compact, sans unit\u00e9 ext\u00e9rieure<\/li>\n<li style=\"text-align: left;\">Finition aluminium pr\u00e9-laqu\u00e9 blanc 20\/10<\/li>\n<li style=\"text-align: left;\">Isolation thermoacoustique<\/li>\n<li style=\"text-align: left;\">Pompe \u00e0 chaleur sur air extrait, int\u00e9gr\u00e9e<\/li>\n<li style=\"text-align: left;\">Compresseur rotatif, fran\u00e7ais<\/li>\n<li style=\"text-align: left;\">Ventilateurs \u00e0 basse consommation (EC ERF 2015)<\/li>\n<li style=\"text-align: left;\">D\u00e9bit de ventilation ajustable<\/li>\n<li style=\"text-align: left;\">Appareil pr\u00e9charg\u00e9 avec gaz R407C<\/li>\n<li style=\"text-align: left;\">Entretien par la face avant<\/li>\n<li style=\"text-align: left;\">Support mural, avec sch\u00e9ma de montage<\/li>\n<\/ul>\n<h3><span style=\"color: #f37469;\">Dimensions<\/span><\/h3>\n<p><img decoding=\"async\" width=\"570\" height=\"303\" class=\"alignnone size-full wp-image-3721\" alt=\"dimensions1-smarth\" src=\"https:\/\/www.mydatec.com\/wp-content\/uploads\/2017\/01\/dimensions1-smartH.jpg\" srcset=\"https:\/\/www.mydatec.com\/wp-content\/uploads\/2017\/01\/dimensions1-smartH-31x16.jpg 31w, https:\/\/www.mydatec.com\/wp-content\/uploads\/2017\/01\/dimensions1-smartH-38x20.jpg 38w, https:\/\/www.mydatec.com\/wp-content\/uploads\/2017\/01\/dimensions1-smartH-148x79.jpg 148w, https:\/\/www.mydatec.com\/wp-content\/uploads\/2017\/01\/dimensions1-smartH-300x159.jpg 300w, https:\/\/www.mydatec.com\/wp-content\/uploads\/2017\/01\/dimensions1-smartH-404x215.jpg 404w, https:\/\/www.mydatec.com\/wp-content\/uploads\/2017\/01\/dimensions1-smartH.jpg 570w\" sizes=\"(max-width: 570px) 100vw, 570px\" \/><br>\n<img decoding=\"async\" width=\"530\" height=\"437\" class=\"alignnone size-full wp-image-3732\" alt=\"dimensions21-smarth\" src=\"https:\/\/www.mydatec.com\/wp-content\/uploads\/2017\/01\/dimensions21-smartH.jpg\" srcset=\"https:\/\/www.mydatec.com\/wp-content\/uploads\/2017\/01\/dimensions21-smartH-31x26.jpg 31w, https:\/\/www.mydatec.com\/wp-content\/uploads\/2017\/01\/dimensions21-smartH-38x31.jpg 38w, https:\/\/www.mydatec.com\/wp-content\/uploads\/2017\/01\/dimensions21-smartH-148x122.jpg 148w, https:\/\/www.mydatec.com\/wp-content\/uploads\/2017\/01\/dimensions21-smartH-261x215.jpg 261w, https:\/\/www.mydatec.com\/wp-content\/uploads\/2017\/01\/dimensions21-smartH-300x247.jpg 300w, https:\/\/www.mydatec.com\/wp-content\/uploads\/2017\/01\/dimensions21-smartH.jpg 530w\" sizes=\"(max-width: 530px) 100vw, 530px\" \/><\/p>\n<h3>Gamme CTA \u00e0 r\u00e9cup\u00e9ration thermodynamique<\/h3>\n<table border=\"1\" cellspacing=\"0\" cellpadding=\"0\">\n<tbody>\n<tr>\n<td nowrap=\"nowrap\" valign=\"top\" style=\"text-align: center; width: 26%;\"><span style=\"color: #000000;\">D\u00c9SIGNATION<\/span><\/td>\n<td width=\"25%\" nowrap=\"nowrap\" valign=\"top\" style=\"width: 25%; text-align: left;\">DESCRIPTION<strong><br>\n<\/strong><\/td>\n<\/tr>\n<tr>\n<td nowrap=\"nowrap\" valign=\"top\" style=\"text-align: center; width: 26%;\">KIT Centrale MyDATEC Smart 200H<\/td>\n<td width=\"25%\" nowrap=\"nowrap\" valign=\"top\" style=\"width: 25%; text-align: left;\">VMC double flux thermodynamique<br>\nChauffage 3.9kW (dont 2kW de r\u00e9chauffeurs sup.)<br>\nRafra\u00eechissement 1.78kW (free cooling ou actif)<br>\nSupport mural<br>\n<a href=\"https:\/\/www.mydatec.com\/pilotage-tactile-2\/\">Pilotage tactile<\/a><\/td>\n<\/tr>\n<tr>\n<td nowrap=\"nowrap\" valign=\"top\" style=\"text-align: center; width: 26%;\">KIT Centrale MyDATEC Smart 300H<\/td>\n<td width=\"25%\" nowrap=\"nowrap\" valign=\"top\" style=\"width: 25%; text-align: left;\">VMC double flux thermodynamique<br>\nChauffage 5.1kW (dont 2kW de r\u00e9chauffeurs sup.)<br>\nRafra\u00eechissement 2.67kW (free cooling ou actif)<br>\nSupport mural<br>\n<a href=\"https:\/\/www.mydatec.com\/pilotage-tactile-2\/\">Pilotage tactile<\/a><\/td>\n<\/tr>\n<\/tbody>\n<\/table>\n<h3 style=\"text-align: justify;\"><span style=\"color: #f37469;\">Caract\u00e9ristiques techniques<\/span><\/h3>\n<table border=\"1\" cellspacing=\"0\" cellpadding=\"0\">\n<tbody>\n<tr>\n<td width=\"48%\" nowrap=\"nowrap\" valign=\"top\"><\/td>\n<td nowrap=\"nowrap\" valign=\"top\" style=\"text-align: center; width: 26%;\"><span style=\"color: #f37469;\">Smart 200H<\/span><\/td>\n<td width=\"25%\" nowrap=\"nowrap\" valign=\"top\" style=\"text-align: center; width: 25%;\"><span style=\"color: #f37469;\">Smart 300H<\/span><\/td>\n<\/tr>\n<tr>\n<td nowrap=\"nowrap\" valign=\"top\" style=\"text-align: center;\">COP (+7\u00b0C ext. \/ -7\u00b0C ext.) avec<br>\n20\u00b0C int.<\/td>\n<td nowrap=\"nowrap\" valign=\"top\">\n<p align=\"center\">3,67 \/ 4,79<\/p>\n<\/td>\n<td nowrap=\"nowrap\" valign=\"top\">\n<p align=\"center\">3.67 \/ 4.79<\/p>\n<\/td>\n<\/tr>\n<tr>\n<td nowrap=\"nowrap\" valign=\"top\" style=\"text-align: center;\">Puissance chaud fournie \u00e0 -7\u00b0C<br>\next. \/ 20\u00b0C int.<\/td>\n<td nowrap=\"nowrap\" valign=\"top\">\n<p align=\"center\">1,9kW<\/p>\n<\/td>\n<td nowrap=\"nowrap\" valign=\"top\">\n<p align=\"center\">3.1 kW<\/p>\n<\/td>\n<\/tr>\n<tr>\n<td nowrap=\"nowrap\" valign=\"top\">Puissance PAC absorb\u00e9e<br>\nnormative \u00e0 +7\u00b0C ext. \/ 20\u00b0C int.<\/td>\n<td nowrap=\"nowrap\" valign=\"top\">\n<p align=\"center\">0,52 kW<\/p>\n<\/td>\n<td nowrap=\"nowrap\" valign=\"top\">\n<p align=\"center\">0.87 kW<\/p>\n<\/td>\n<\/tr>\n<tr>\n<td nowrap=\"nowrap\" valign=\"top\">EER \u00e0 35\u00b0 C ext. \/27\u00b0C int.<\/td>\n<td nowrap=\"nowrap\" valign=\"top\">\n<p align=\"center\">2,41<\/p>\n<\/td>\n<td nowrap=\"nowrap\" valign=\"top\">\n<p align=\"center\">2.39<\/p>\n<\/td>\n<\/tr>\n<tr>\n<td nowrap=\"nowrap\" valign=\"top\">Puissance PAC froid fournie \u00e0<br>\n35\u00b0 C ext \/+27\u00b0C int.<\/td>\n<td nowrap=\"nowrap\" valign=\"top\">\n<p align=\"center\">1,78 kW<\/p>\n<\/td>\n<td nowrap=\"nowrap\" valign=\"top\">\n<p align=\"center\">2.67 kW<\/p>\n<\/td>\n<\/tr>\n<tr>\n<td nowrap=\"nowrap\" valign=\"top\">D\u00e9bit d&rsquo;air nominal \u00e0 prendre en<br>\ncompte pour le calcul thermique<\/td>\n<td nowrap=\"nowrap\" valign=\"top\">\n<p align=\"center\">200 m3\/h<\/p>\n<\/td>\n<td nowrap=\"nowrap\" valign=\"top\">\n<p align=\"center\">300 m3\/h<\/p>\n<\/td>\n<\/tr>\n<tr>\n<td nowrap=\"nowrap\" valign=\"top\">D\u00e9bit d&rsquo;air maxi. param\u00e9trable<br>\n(200 Pa)<\/td>\n<td nowrap=\"nowrap\" valign=\"top\">\n<p align=\"center\">600 m3\/h<\/p>\n<\/td>\n<td nowrap=\"nowrap\" valign=\"top\">\n<p align=\"center\">600 m3\/h<\/p>\n<\/td>\n<\/tr>\n<tr>\n<td nowrap=\"nowrap\" valign=\"top\">Intensit\u00e9 moyenne absorb\u00e9e<\/td>\n<td nowrap=\"nowrap\" valign=\"top\">\n<p align=\"center\">2,3A<\/p>\n<\/td>\n<td nowrap=\"nowrap\" valign=\"top\">\n<p align=\"center\">3,8A<\/p>\n<\/td>\n<\/tr>\n<tr>\n<td nowrap=\"nowrap\" valign=\"top\">Puissance r\u00e9chauffeurs<br>\ncompl\u00e9mentaires max.<\/td>\n<td nowrap=\"nowrap\" valign=\"top\" colspan=\"2\">\n<p align=\"center\">2 kW<\/p>\n<\/td>\n<\/tr>\n<tr>\n<td width=\"48%\" nowrap=\"nowrap\" valign=\"top\">Alimentation \u00e9lectrique<\/td>\n<td nowrap=\"nowrap\" valign=\"top\" colspan=\"2\">\n<p align=\"center\">230 V &#8211; 50 Hz<\/p>\n<\/td>\n<\/tr>\n<tr>\n<td width=\"48%\" nowrap=\"nowrap\" valign=\"top\">Protection conseill\u00e9e<\/td>\n<td nowrap=\"nowrap\" valign=\"top\" colspan=\"2\">\n<p align=\"center\">10 A courbe D<\/p>\n<\/td>\n<\/tr>\n<tr>\n<td width=\"48%\" nowrap=\"nowrap\" valign=\"top\">Filtration<\/td>\n<td nowrap=\"nowrap\" valign=\"top\" colspan=\"2\">\n<p align=\"center\">G4<\/p>\n<\/td>\n<\/tr>\n<tr>\n<td width=\"48%\" nowrap=\"nowrap\" valign=\"top\">Fluide frigorig\u00e8ne<\/td>\n<td nowrap=\"nowrap\" valign=\"top\" colspan=\"2\">\n<p align=\"center\">R 407 C<\/p>\n<\/td>\n<\/tr>\n<tr>\n<td width=\"48%\" nowrap=\"nowrap\" valign=\"top\">Masse de fluide frigorig\u00e8ne<\/td>\n<td nowrap=\"nowrap\" valign=\"top\" colspan=\"2\">\n<p align=\"center\" style=\"text-align: center;\">900 g<\/p>\n<\/td>\n<\/tr>\n<tr>\n<td width=\"48%\" nowrap=\"nowrap\" valign=\"top\">Poids de la centrale<\/td>\n<td nowrap=\"nowrap\" valign=\"top\" colspan=\"2\">\n<p align=\"center\">60 Kg<\/p>\n<\/td>\n<\/tr>\n<\/tbody>\n<\/table>\n<p><img decoding=\"async\" width=\"495\" height=\"289\" class=\"alignnone size-full wp-image-3718\" alt=\"caracteristique1-smarth\" src=\"https:\/\/www.mydatec.com\/wp-content\/uploads\/2017\/01\/caracteristique1-smartH.jpg\" srcset=\"https:\/\/www.mydatec.com\/wp-content\/uploads\/2017\/01\/caracteristique1-smartH-31x18.jpg 31w, https:\/\/www.mydatec.com\/wp-content\/uploads\/2017\/01\/caracteristique1-smartH-38x22.jpg 38w, https:\/\/www.mydatec.com\/wp-content\/uploads\/2017\/01\/caracteristique1-smartH-148x86.jpg 148w, https:\/\/www.mydatec.com\/wp-content\/uploads\/2017\/01\/caracteristique1-smartH-300x175.jpg 300w, https:\/\/www.mydatec.com\/wp-content\/uploads\/2017\/01\/caracteristique1-smartH-368x215.jpg 368w, https:\/\/www.mydatec.com\/wp-content\/uploads\/2017\/01\/caracteristique1-smartH.jpg 495w\" sizes=\"(max-width: 495px) 100vw, 495px\" \/><\/p>\n<p><img decoding=\"async\" width=\"639\" height=\"386\" class=\"alignnone size-full wp-image-3719\" alt=\"caracteristique2-smarth\" src=\"https:\/\/www.mydatec.com\/wp-content\/uploads\/2017\/01\/caracteristique2-smartH.jpg\" srcset=\"https:\/\/www.mydatec.com\/wp-content\/uploads\/2017\/01\/caracteristique2-smartH-31x19.jpg 31w, https:\/\/www.mydatec.com\/wp-content\/uploads\/2017\/01\/caracteristique2-smartH-38x23.jpg 38w, https:\/\/www.mydatec.com\/wp-content\/uploads\/2017\/01\/caracteristique2-smartH-148x89.jpg 148w, https:\/\/www.mydatec.com\/wp-content\/uploads\/2017\/01\/caracteristique2-smartH-300x181.jpg 300w, https:\/\/www.mydatec.com\/wp-content\/uploads\/2017\/01\/caracteristique2-smartH-356x215.jpg 356w, https:\/\/www.mydatec.com\/wp-content\/uploads\/2017\/01\/caracteristique2-smartH.jpg 639w\" sizes=\"(max-width: 639px) 100vw, 639px\" \/><\/p>\n\n\n<p><em>Toutes  les donn\u00e9es, photos publi\u00e9es sur ce site sont fournies \u00e0 titre indicatif. Elles sont susceptibles d&rsquo;\u00eatre modifi\u00e9es \u00e0 tout moment en raison de leur caract\u00e8re non contractuel .<\/em><\/p>\n","protected":false},"excerpt":{"rendered":"<p>[download link=\u00a0\u00bbhttps:\/\/www.mydatec.com\/wp-content\/uploads\/2018\/10\/SMART-H_19102018.pdf\u00a0\u00bb]Voir la fiche technique gamme SMART H[\/download] Ventilez, chauffez, rafra\u00eechissez, \u00e9conomisez ! La Smart H est une CTA (Centrale de&nbsp;Traitement d\u2019Air) \u00e0 r\u00e9cup\u00e9ration thermodynamique  [&#8230;]<\/p>\n","protected":false},"author":6,"featured_media":798,"parent":0,"menu_order":30,"comment_status":"closed","ping_status":"open","template":"","meta":{"footnotes":""},"class_list":["post-3717","page","type-page","status-publish","has-post-thumbnail","hentry"],"yoast_head":"<!-- This site is optimized with the Yoast SEO plugin v27.6 - https:\/\/yoast.com\/product\/yoast-seo-wordpress\/ -->\n<title>Centrale de Traitement d\u2019Air \u00e0 r\u00e9cup\u00e9ration thermodynamique<\/title>\n<meta name=\"description\" content=\"La Smart H est une CTA (Centrale de Traitement d\u2019Air) \u00e0 r\u00e9cup\u00e9ration thermodynamique adapt\u00e9e \u00e0 votre projet tertiaire.\" \/>\n<meta name=\"robots\" content=\"index, follow, max-snippet:-1, max-image-preview:large, max-video-preview:-1\" \/>\n<link rel=\"canonical\" href=\"https:\/\/www.mydatec.com\/fr\/smart-h\/\" \/>\n<meta property=\"og:locale\" content=\"fr_FR\" \/>\n<meta property=\"og:type\" content=\"article\" \/>\n<meta property=\"og:title\" content=\"Centrale de Traitement d\u2019Air \u00e0 r\u00e9cup\u00e9ration thermodynamique\" \/>\n<meta property=\"og:description\" content=\"La Smart H est une CTA (Centrale de Traitement d\u2019Air) \u00e0 r\u00e9cup\u00e9ration thermodynamique adapt\u00e9e \u00e0 votre projet tertiaire.\" \/>\n<meta property=\"og:url\" content=\"https:\/\/www.mydatec.com\/fr\/smart-h\/\" \/>\n<meta property=\"og:site_name\" content=\"MyDATEC\" \/>\n<meta property=\"article:modified_time\" content=\"2020-07-17T10:27:12+00:00\" \/>\n<meta property=\"og:image\" content=\"https:\/\/www.mydatec.com\/wp-content\/uploads\/2012\/12\/ico_gammeH.png\" \/>\n\t<meta property=\"og:image:width\" content=\"80\" \/>\n\t<meta property=\"og:image:height\" content=\"80\" \/>\n\t<meta property=\"og:image:type\" content=\"image\/png\" \/>\n<meta name=\"twitter:label1\" content=\"Dur\u00e9e de lecture estim\u00e9e\" \/>\n\t<meta name=\"twitter:data1\" content=\"2 minutes\" \/>\n<script type=\"application\/ld+json\" class=\"yoast-schema-graph\">{\"@context\":\"https:\\\/\\\/schema.org\",\"@graph\":[{\"@type\":\"WebPage\",\"@id\":\"https:\\\/\\\/www.mydatec.com\\\/fr\\\/smart-h\\\/\",\"url\":\"https:\\\/\\\/www.mydatec.com\\\/fr\\\/smart-h\\\/\",\"name\":\"Centrale de Traitement d\u2019Air \u00e0 r\u00e9cup\u00e9ration thermodynamique\",\"isPartOf\":{\"@id\":\"https:\\\/\\\/www.mydatec.com\\\/fr\\\/#website\"},\"primaryImageOfPage\":{\"@id\":\"https:\\\/\\\/www.mydatec.com\\\/fr\\\/smart-h\\\/#primaryimage\"},\"image\":{\"@id\":\"https:\\\/\\\/www.mydatec.com\\\/fr\\\/smart-h\\\/#primaryimage\"},\"thumbnailUrl\":\"https:\\\/\\\/www.mydatec.com\\\/wp-content\\\/uploads\\\/2012\\\/12\\\/ico_gammeH.png\",\"datePublished\":\"2017-01-06T15:04:43+00:00\",\"dateModified\":\"2020-07-17T10:27:12+00:00\",\"description\":\"La Smart H est une CTA (Centrale de Traitement d\u2019Air) \u00e0 r\u00e9cup\u00e9ration thermodynamique adapt\u00e9e \u00e0 votre projet tertiaire.\",\"breadcrumb\":{\"@id\":\"https:\\\/\\\/www.mydatec.com\\\/fr\\\/smart-h\\\/#breadcrumb\"},\"inLanguage\":\"fr-FR\",\"potentialAction\":[{\"@type\":\"ReadAction\",\"target\":[\"https:\\\/\\\/www.mydatec.com\\\/fr\\\/smart-h\\\/\"]}]},{\"@type\":\"ImageObject\",\"inLanguage\":\"fr-FR\",\"@id\":\"https:\\\/\\\/www.mydatec.com\\\/fr\\\/smart-h\\\/#primaryimage\",\"url\":\"https:\\\/\\\/www.mydatec.com\\\/wp-content\\\/uploads\\\/2012\\\/12\\\/ico_gammeH.png\",\"contentUrl\":\"https:\\\/\\\/www.mydatec.com\\\/wp-content\\\/uploads\\\/2012\\\/12\\\/ico_gammeH.png\",\"width\":\"80\",\"height\":\"80\"},{\"@type\":\"BreadcrumbList\",\"@id\":\"https:\\\/\\\/www.mydatec.com\\\/fr\\\/smart-h\\\/#breadcrumb\",\"itemListElement\":[{\"@type\":\"ListItem\",\"position\":1,\"name\":\"Accueil\",\"item\":\"https:\\\/\\\/www.mydatec.com\\\/fr\\\/\"},{\"@type\":\"ListItem\",\"position\":2,\"name\":\"Smart H\"}]},{\"@type\":\"WebSite\",\"@id\":\"https:\\\/\\\/www.mydatec.com\\\/fr\\\/#website\",\"url\":\"https:\\\/\\\/www.mydatec.com\\\/fr\\\/\",\"name\":\"MyDATEC\",\"description\":\"La solution thermodynamique\",\"publisher\":{\"@id\":\"https:\\\/\\\/www.mydatec.com\\\/fr\\\/#organization\"},\"potentialAction\":[{\"@type\":\"SearchAction\",\"target\":{\"@type\":\"EntryPoint\",\"urlTemplate\":\"https:\\\/\\\/www.mydatec.com\\\/fr\\\/?s={search_term_string}\"},\"query-input\":{\"@type\":\"PropertyValueSpecification\",\"valueRequired\":true,\"valueName\":\"search_term_string\"}}],\"inLanguage\":\"fr-FR\"},{\"@type\":\"Organization\",\"@id\":\"https:\\\/\\\/www.mydatec.com\\\/fr\\\/#organization\",\"name\":\"MyDatec\",\"url\":\"https:\\\/\\\/www.mydatec.com\\\/fr\\\/\",\"logo\":{\"@type\":\"ImageObject\",\"inLanguage\":\"fr-FR\",\"@id\":\"https:\\\/\\\/www.mydatec.com\\\/fr\\\/#\\\/schema\\\/logo\\\/image\\\/\",\"url\":\"https:\\\/\\\/www.mydatec.com\\\/wp-content\\\/uploads\\\/2022\\\/01\\\/logo-mydatec.jpg\",\"contentUrl\":\"https:\\\/\\\/www.mydatec.com\\\/wp-content\\\/uploads\\\/2022\\\/01\\\/logo-mydatec.jpg\",\"width\":434,\"height\":351,\"caption\":\"MyDatec\"},\"image\":{\"@id\":\"https:\\\/\\\/www.mydatec.com\\\/fr\\\/#\\\/schema\\\/logo\\\/image\\\/\"},\"sameAs\":[\"http:\\\/\\\/www.linkedin.com\\\/in\\\/MyDATEC\"]}]}<\/script>\n<!-- \/ Yoast SEO plugin. -->","yoast_head_json":{"title":"Centrale de Traitement d\u2019Air \u00e0 r\u00e9cup\u00e9ration thermodynamique","description":"La Smart H est une CTA (Centrale de Traitement d\u2019Air) \u00e0 r\u00e9cup\u00e9ration thermodynamique adapt\u00e9e \u00e0 votre projet tertiaire.","robots":{"index":"index","follow":"follow","max-snippet":"max-snippet:-1","max-image-preview":"max-image-preview:large","max-video-preview":"max-video-preview:-1"},"canonical":"https:\/\/www.mydatec.com\/fr\/smart-h\/","og_locale":"fr_FR","og_type":"article","og_title":"Centrale de Traitement d\u2019Air \u00e0 r\u00e9cup\u00e9ration thermodynamique","og_description":"La Smart H est une CTA (Centrale de Traitement d\u2019Air) \u00e0 r\u00e9cup\u00e9ration thermodynamique adapt\u00e9e \u00e0 votre projet tertiaire.","og_url":"https:\/\/www.mydatec.com\/fr\/smart-h\/","og_site_name":"MyDATEC","article_modified_time":"2020-07-17T10:27:12+00:00","og_image":[{"width":80,"height":80,"url":"https:\/\/www.mydatec.com\/wp-content\/uploads\/2012\/12\/ico_gammeH.png","type":"image\/png"}],"twitter_misc":{"Dur\u00e9e de lecture estim\u00e9e":"2 minutes"},"schema":{"@context":"https:\/\/schema.org","@graph":[{"@type":"WebPage","@id":"https:\/\/www.mydatec.com\/fr\/smart-h\/","url":"https:\/\/www.mydatec.com\/fr\/smart-h\/","name":"Centrale de Traitement d\u2019Air \u00e0 r\u00e9cup\u00e9ration thermodynamique","isPartOf":{"@id":"https:\/\/www.mydatec.com\/fr\/#website"},"primaryImageOfPage":{"@id":"https:\/\/www.mydatec.com\/fr\/smart-h\/#primaryimage"},"image":{"@id":"https:\/\/www.mydatec.com\/fr\/smart-h\/#primaryimage"},"thumbnailUrl":"https:\/\/www.mydatec.com\/wp-content\/uploads\/2012\/12\/ico_gammeH.png","datePublished":"2017-01-06T15:04:43+00:00","dateModified":"2020-07-17T10:27:12+00:00","description":"La Smart H est une CTA (Centrale de Traitement d\u2019Air) \u00e0 r\u00e9cup\u00e9ration thermodynamique adapt\u00e9e \u00e0 votre projet tertiaire.","breadcrumb":{"@id":"https:\/\/www.mydatec.com\/fr\/smart-h\/#breadcrumb"},"inLanguage":"fr-FR","potentialAction":[{"@type":"ReadAction","target":["https:\/\/www.mydatec.com\/fr\/smart-h\/"]}]},{"@type":"ImageObject","inLanguage":"fr-FR","@id":"https:\/\/www.mydatec.com\/fr\/smart-h\/#primaryimage","url":"https:\/\/www.mydatec.com\/wp-content\/uploads\/2012\/12\/ico_gammeH.png","contentUrl":"https:\/\/www.mydatec.com\/wp-content\/uploads\/2012\/12\/ico_gammeH.png","width":"80","height":"80"},{"@type":"BreadcrumbList","@id":"https:\/\/www.mydatec.com\/fr\/smart-h\/#breadcrumb","itemListElement":[{"@type":"ListItem","position":1,"name":"Accueil","item":"https:\/\/www.mydatec.com\/fr\/"},{"@type":"ListItem","position":2,"name":"Smart H"}]},{"@type":"WebSite","@id":"https:\/\/www.mydatec.com\/fr\/#website","url":"https:\/\/www.mydatec.com\/fr\/","name":"MyDATEC","description":"La solution thermodynamique","publisher":{"@id":"https:\/\/www.mydatec.com\/fr\/#organization"},"potentialAction":[{"@type":"SearchAction","target":{"@type":"EntryPoint","urlTemplate":"https:\/\/www.mydatec.com\/fr\/?s={search_term_string}"},"query-input":{"@type":"PropertyValueSpecification","valueRequired":true,"valueName":"search_term_string"}}],"inLanguage":"fr-FR"},{"@type":"Organization","@id":"https:\/\/www.mydatec.com\/fr\/#organization","name":"MyDatec","url":"https:\/\/www.mydatec.com\/fr\/","logo":{"@type":"ImageObject","inLanguage":"fr-FR","@id":"https:\/\/www.mydatec.com\/fr\/#\/schema\/logo\/image\/","url":"https:\/\/www.mydatec.com\/wp-content\/uploads\/2022\/01\/logo-mydatec.jpg","contentUrl":"https:\/\/www.mydatec.com\/wp-content\/uploads\/2022\/01\/logo-mydatec.jpg","width":434,"height":351,"caption":"MyDatec"},"image":{"@id":"https:\/\/www.mydatec.com\/fr\/#\/schema\/logo\/image\/"},"sameAs":["http:\/\/www.linkedin.com\/in\/MyDATEC"]}]}},"_links":{"self":[{"href":"https:\/\/www.mydatec.com\/fr\/wp-json\/wp\/v2\/pages\/3717","targetHints":{"allow":["GET"]}}],"collection":[{"href":"https:\/\/www.mydatec.com\/fr\/wp-json\/wp\/v2\/pages"}],"about":[{"href":"https:\/\/www.mydatec.com\/fr\/wp-json\/wp\/v2\/types\/page"}],"author":[{"embeddable":true,"href":"https:\/\/www.mydatec.com\/fr\/wp-json\/wp\/v2\/users\/6"}],"replies":[{"embeddable":true,"href":"https:\/\/www.mydatec.com\/fr\/wp-json\/wp\/v2\/comments?post=3717"}],"version-history":[{"count":5,"href":"https:\/\/www.mydatec.com\/fr\/wp-json\/wp\/v2\/pages\/3717\/revisions"}],"predecessor-version":[{"id":6416,"href":"https:\/\/www.mydatec.com\/fr\/wp-json\/wp\/v2\/pages\/3717\/revisions\/6416"}],"wp:featuredmedia":[{"embeddable":true,"href":"https:\/\/www.mydatec.com\/fr\/wp-json\/wp\/v2\/media\/798"}],"wp:attachment":[{"href":"https:\/\/www.mydatec.com\/fr\/wp-json\/wp\/v2\/media?parent=3717"}],"curies":[{"name":"wp","href":"https:\/\/api.w.org\/{rel}","templated":true}]}}