{"id":298,"date":"2012-12-16T22:09:09","date_gmt":"2012-12-16T21:09:09","guid":{"rendered":"https:\/\/www.mydatec.com\/?page_id=298"},"modified":"2020-04-14T23:34:13","modified_gmt":"2020-04-14T22:34:13","slug":"entretien-vmc-ventilation-filtres","status":"publish","type":"page","link":"https:\/\/www.mydatec.com\/fr\/entretien-vmc-ventilation-filtres\/","title":{"rendered":"Entretien"},"content":{"rendered":"<h3 style=\"text-align: justify;\">Quel est l\u2019entretien n\u00e9cessaire \u00e0 une VMC thermodynamique MyDATEC\u00a0?<\/h3>\n<p style=\"text-align: justify;\">L\u2019entretien du syst\u00e8me MyDATEC s\u2019apparente \u00e0 celui d\u2019une VMC double flux. La pr\u00e9sence d\u2019une pompe \u00e0 chaleur ne donne pas lieu \u00e0 un entretien particulier. \u00a0<strong>Attention le nettoyage d\u00e9truit le film gras qui capte les micro poussi\u00e8res et risque d&rsquo;endommager votre machine. Idem en cas de non remplacement des filtres deux fois par an.\u00a0<\/strong><\/p>\n<p style=\"text-align: center;\">[button link=\u00a0\u00bbhttps:\/\/www.mydatec.com\/service-vmc-double-flux-assistance\/commandez-des-accessoires\/\u00a0\u00bb] Commandez des filtres VMC [\/button]<\/p>\n<p>&nbsp;<\/p>\n<h3>Comment remplacer ses filtres\u00a0?<\/h3>\n<p style=\"text-align: justify;\">Le remplacement des filtres est un exercice tout simple que vous pouvez r\u00e9aliser vous m\u00eame. Il se d\u00e9roule en cinq \u00e9tapes. Exemple sur une centrale MyDATEC de la gamme H\u00a0:<\/p>\n<div id=\"attachment_693\" style=\"width: 310px\" class=\"wp-caption aligncenter\"><img decoding=\"async\" aria-describedby=\"caption-attachment-693\" class=\"size-medium wp-image-693 \" title=\"entretien vmc thermodynmaique 1\" src=\"https:\/\/www.mydatec.com\/wp-content\/uploads\/2012\/12\/entretien-vmc-thermodynmaique-1-300x199.jpg\" alt=\"\" width=\"300\" height=\"199\" srcset=\"https:\/\/www.mydatec.com\/wp-content\/uploads\/2012\/12\/entretien-vmc-thermodynmaique-1-300x199.jpg 300w, https:\/\/www.mydatec.com\/wp-content\/uploads\/2012\/12\/entretien-vmc-thermodynmaique-1.jpg 1024w\" sizes=\"(max-width: 300px) 100vw, 300px\" \/><p id=\"caption-attachment-693\" class=\"wp-caption-text\">1. Retirer les vis situ\u00e9es en haut du tiroir filtre<\/p><\/div>\n<div id=\"attachment_694\" style=\"width: 310px\" class=\"wp-caption aligncenter\"><img decoding=\"async\" aria-describedby=\"caption-attachment-694\" class=\"size-medium wp-image-694 \" title=\"entretien vmc thermodynmaique 2\" src=\"https:\/\/www.mydatec.com\/wp-content\/uploads\/2012\/12\/entretien-vmc-thermodynmaique-2-300x199.jpg\" alt=\"\" width=\"300\" height=\"199\" srcset=\"https:\/\/www.mydatec.com\/wp-content\/uploads\/2012\/12\/entretien-vmc-thermodynmaique-2-300x199.jpg 300w, https:\/\/www.mydatec.com\/wp-content\/uploads\/2012\/12\/entretien-vmc-thermodynmaique-2.jpg 1024w\" sizes=\"(max-width: 300px) 100vw, 300px\" \/><p id=\"caption-attachment-694\" class=\"wp-caption-text\">2. Tirer vers le haut le tiroir filtre<\/p><\/div>\n<div id=\"attachment_696\" style=\"width: 310px\" class=\"wp-caption aligncenter\"><img decoding=\"async\" aria-describedby=\"caption-attachment-696\" class=\"size-medium wp-image-696 \" title=\"entretien vmc thermodynmaique 3\" src=\"https:\/\/www.mydatec.com\/wp-content\/uploads\/2012\/12\/entretien-vmc-thermodynmaique-31-300x199.jpg\" alt=\"\" width=\"300\" height=\"199\" srcset=\"https:\/\/www.mydatec.com\/wp-content\/uploads\/2012\/12\/entretien-vmc-thermodynmaique-31-300x199.jpg 300w, https:\/\/www.mydatec.com\/wp-content\/uploads\/2012\/12\/entretien-vmc-thermodynmaique-31.jpg 1024w\" sizes=\"(max-width: 300px) 100vw, 300px\" \/><p id=\"caption-attachment-696\" class=\"wp-caption-text\">3. Pincer d\u00e9licatement la barre m\u00e9tallique pour<br \/>la retirer<\/p><\/div>\n<div id=\"attachment_697\" style=\"width: 310px\" class=\"wp-caption aligncenter\"><img decoding=\"async\" aria-describedby=\"caption-attachment-697\" class=\"size-medium wp-image-697 \" title=\"entretien vmc thermodynmaique 4\" src=\"https:\/\/www.mydatec.com\/wp-content\/uploads\/2012\/12\/entretien-vmc-thermodynmaique-4-300x199.jpg\" alt=\"\" width=\"300\" height=\"199\" srcset=\"https:\/\/www.mydatec.com\/wp-content\/uploads\/2012\/12\/entretien-vmc-thermodynmaique-4-300x199.jpg 300w, https:\/\/www.mydatec.com\/wp-content\/uploads\/2012\/12\/entretien-vmc-thermodynmaique-4.jpg 1024w\" sizes=\"(max-width: 300px) 100vw, 300px\" \/><p id=\"caption-attachment-697\" class=\"wp-caption-text\">4. Sortir le filtre de son tiroir<\/p><\/div>\n","protected":false},"excerpt":{"rendered":"<p>Quel est l\u2019entretien n\u00e9cessaire \u00e0 une VMC thermodynamique MyDATEC\u00a0? L\u2019entretien du syst\u00e8me MyDATEC s\u2019apparente \u00e0 celui d\u2019une VMC double flux. La pr\u00e9sence d\u2019une pompe \u00e0  [&#8230;]<\/p>\n","protected":false},"author":6,"featured_media":812,"parent":0,"menu_order":3,"comment_status":"closed","ping_status":"open","template":"","meta":{"footnotes":""},"class_list":["post-298","page","type-page","status-publish","has-post-thumbnail","hentry"],"yoast_head":"<!-- This site is optimized with the Yoast SEO plugin v27.5 - https:\/\/yoast.com\/product\/yoast-seo-wordpress\/ -->\n<title>Entretien d&#039;une vmc double flux<\/title>\n<meta name=\"description\" content=\"entretien d&#039;une vmc double flux thermodynamique service MyDATEC entretien d&#039;une pompe \u00e0 chaleur installateur puits canadien assistance technique\" \/>\n<meta name=\"robots\" content=\"index, follow, max-snippet:-1, max-image-preview:large, max-video-preview:-1\" \/>\n<link rel=\"canonical\" href=\"https:\/\/www.mydatec.com\/fr\/entretien-vmc-ventilation-filtres\/\" \/>\n<meta property=\"og:locale\" content=\"fr_FR\" \/>\n<meta property=\"og:type\" content=\"article\" \/>\n<meta property=\"og:title\" content=\"Entretien d&#039;une vmc double flux\" \/>\n<meta property=\"og:description\" content=\"entretien d&#039;une vmc double flux thermodynamique service MyDATEC entretien d&#039;une pompe \u00e0 chaleur installateur puits canadien assistance technique\" \/>\n<meta property=\"og:url\" content=\"https:\/\/www.mydatec.com\/fr\/entretien-vmc-ventilation-filtres\/\" \/>\n<meta property=\"og:site_name\" content=\"MyDATEC\" \/>\n<meta property=\"article:modified_time\" content=\"2020-04-14T22:34:13+00:00\" \/>\n<meta property=\"og:image\" content=\"https:\/\/www.mydatec.com\/wp-content\/uploads\/2012\/12\/ico_entretien.png\" \/>\n\t<meta property=\"og:image:width\" content=\"80\" \/>\n\t<meta property=\"og:image:height\" content=\"80\" \/>\n\t<meta property=\"og:image:type\" content=\"image\/png\" \/>\n<meta name=\"twitter:label1\" content=\"Dur\u00e9e de lecture estim\u00e9e\" \/>\n\t<meta name=\"twitter:data1\" content=\"1 minute\" \/>\n<script type=\"application\/ld+json\" class=\"yoast-schema-graph\">{\"@context\":\"https:\\\/\\\/schema.org\",\"@graph\":[{\"@type\":\"WebPage\",\"@id\":\"https:\\\/\\\/www.mydatec.com\\\/fr\\\/entretien-vmc-ventilation-filtres\\\/\",\"url\":\"https:\\\/\\\/www.mydatec.com\\\/fr\\\/entretien-vmc-ventilation-filtres\\\/\",\"name\":\"Entretien d'une vmc double flux\",\"isPartOf\":{\"@id\":\"https:\\\/\\\/www.mydatec.com\\\/fr\\\/#website\"},\"primaryImageOfPage\":{\"@id\":\"https:\\\/\\\/www.mydatec.com\\\/fr\\\/entretien-vmc-ventilation-filtres\\\/#primaryimage\"},\"image\":{\"@id\":\"https:\\\/\\\/www.mydatec.com\\\/fr\\\/entretien-vmc-ventilation-filtres\\\/#primaryimage\"},\"thumbnailUrl\":\"https:\\\/\\\/www.mydatec.com\\\/wp-content\\\/uploads\\\/2012\\\/12\\\/ico_entretien.png\",\"datePublished\":\"2012-12-16T21:09:09+00:00\",\"dateModified\":\"2020-04-14T22:34:13+00:00\",\"description\":\"entretien d'une vmc double flux thermodynamique service MyDATEC entretien d'une pompe \u00e0 chaleur installateur puits canadien assistance technique\",\"breadcrumb\":{\"@id\":\"https:\\\/\\\/www.mydatec.com\\\/fr\\\/entretien-vmc-ventilation-filtres\\\/#breadcrumb\"},\"inLanguage\":\"fr-FR\",\"potentialAction\":[{\"@type\":\"ReadAction\",\"target\":[\"https:\\\/\\\/www.mydatec.com\\\/fr\\\/entretien-vmc-ventilation-filtres\\\/\"]}]},{\"@type\":\"ImageObject\",\"inLanguage\":\"fr-FR\",\"@id\":\"https:\\\/\\\/www.mydatec.com\\\/fr\\\/entretien-vmc-ventilation-filtres\\\/#primaryimage\",\"url\":\"https:\\\/\\\/www.mydatec.com\\\/wp-content\\\/uploads\\\/2012\\\/12\\\/ico_entretien.png\",\"contentUrl\":\"https:\\\/\\\/www.mydatec.com\\\/wp-content\\\/uploads\\\/2012\\\/12\\\/ico_entretien.png\",\"width\":\"80\",\"height\":\"80\"},{\"@type\":\"BreadcrumbList\",\"@id\":\"https:\\\/\\\/www.mydatec.com\\\/fr\\\/entretien-vmc-ventilation-filtres\\\/#breadcrumb\",\"itemListElement\":[{\"@type\":\"ListItem\",\"position\":1,\"name\":\"Accueil\",\"item\":\"https:\\\/\\\/www.mydatec.com\\\/fr\\\/\"},{\"@type\":\"ListItem\",\"position\":2,\"name\":\"Entretien\"}]},{\"@type\":\"WebSite\",\"@id\":\"https:\\\/\\\/www.mydatec.com\\\/fr\\\/#website\",\"url\":\"https:\\\/\\\/www.mydatec.com\\\/fr\\\/\",\"name\":\"MyDATEC\",\"description\":\"La solution thermodynamique\",\"publisher\":{\"@id\":\"https:\\\/\\\/www.mydatec.com\\\/fr\\\/#organization\"},\"potentialAction\":[{\"@type\":\"SearchAction\",\"target\":{\"@type\":\"EntryPoint\",\"urlTemplate\":\"https:\\\/\\\/www.mydatec.com\\\/fr\\\/?s={search_term_string}\"},\"query-input\":{\"@type\":\"PropertyValueSpecification\",\"valueRequired\":true,\"valueName\":\"search_term_string\"}}],\"inLanguage\":\"fr-FR\"},{\"@type\":\"Organization\",\"@id\":\"https:\\\/\\\/www.mydatec.com\\\/fr\\\/#organization\",\"name\":\"MyDatec\",\"url\":\"https:\\\/\\\/www.mydatec.com\\\/fr\\\/\",\"logo\":{\"@type\":\"ImageObject\",\"inLanguage\":\"fr-FR\",\"@id\":\"https:\\\/\\\/www.mydatec.com\\\/fr\\\/#\\\/schema\\\/logo\\\/image\\\/\",\"url\":\"https:\\\/\\\/www.mydatec.com\\\/wp-content\\\/uploads\\\/2022\\\/01\\\/logo-mydatec.jpg\",\"contentUrl\":\"https:\\\/\\\/www.mydatec.com\\\/wp-content\\\/uploads\\\/2022\\\/01\\\/logo-mydatec.jpg\",\"width\":434,\"height\":351,\"caption\":\"MyDatec\"},\"image\":{\"@id\":\"https:\\\/\\\/www.mydatec.com\\\/fr\\\/#\\\/schema\\\/logo\\\/image\\\/\"},\"sameAs\":[\"http:\\\/\\\/www.linkedin.com\\\/in\\\/MyDATEC\"]}]}<\/script>\n<!-- \/ Yoast SEO plugin. -->","yoast_head_json":{"title":"Entretien d'une vmc double flux","description":"entretien d'une vmc double flux thermodynamique service MyDATEC entretien d'une pompe \u00e0 chaleur installateur puits canadien assistance technique","robots":{"index":"index","follow":"follow","max-snippet":"max-snippet:-1","max-image-preview":"max-image-preview:large","max-video-preview":"max-video-preview:-1"},"canonical":"https:\/\/www.mydatec.com\/fr\/entretien-vmc-ventilation-filtres\/","og_locale":"fr_FR","og_type":"article","og_title":"Entretien d'une vmc double flux","og_description":"entretien d'une vmc double flux thermodynamique service MyDATEC entretien d'une pompe \u00e0 chaleur installateur puits canadien assistance technique","og_url":"https:\/\/www.mydatec.com\/fr\/entretien-vmc-ventilation-filtres\/","og_site_name":"MyDATEC","article_modified_time":"2020-04-14T22:34:13+00:00","og_image":[{"width":80,"height":80,"url":"https:\/\/www.mydatec.com\/wp-content\/uploads\/2012\/12\/ico_entretien.png","type":"image\/png"}],"twitter_misc":{"Dur\u00e9e de lecture estim\u00e9e":"1 minute"},"schema":{"@context":"https:\/\/schema.org","@graph":[{"@type":"WebPage","@id":"https:\/\/www.mydatec.com\/fr\/entretien-vmc-ventilation-filtres\/","url":"https:\/\/www.mydatec.com\/fr\/entretien-vmc-ventilation-filtres\/","name":"Entretien d'une vmc double flux","isPartOf":{"@id":"https:\/\/www.mydatec.com\/fr\/#website"},"primaryImageOfPage":{"@id":"https:\/\/www.mydatec.com\/fr\/entretien-vmc-ventilation-filtres\/#primaryimage"},"image":{"@id":"https:\/\/www.mydatec.com\/fr\/entretien-vmc-ventilation-filtres\/#primaryimage"},"thumbnailUrl":"https:\/\/www.mydatec.com\/wp-content\/uploads\/2012\/12\/ico_entretien.png","datePublished":"2012-12-16T21:09:09+00:00","dateModified":"2020-04-14T22:34:13+00:00","description":"entretien d'une vmc double flux thermodynamique service MyDATEC entretien d'une pompe \u00e0 chaleur installateur puits canadien assistance technique","breadcrumb":{"@id":"https:\/\/www.mydatec.com\/fr\/entretien-vmc-ventilation-filtres\/#breadcrumb"},"inLanguage":"fr-FR","potentialAction":[{"@type":"ReadAction","target":["https:\/\/www.mydatec.com\/fr\/entretien-vmc-ventilation-filtres\/"]}]},{"@type":"ImageObject","inLanguage":"fr-FR","@id":"https:\/\/www.mydatec.com\/fr\/entretien-vmc-ventilation-filtres\/#primaryimage","url":"https:\/\/www.mydatec.com\/wp-content\/uploads\/2012\/12\/ico_entretien.png","contentUrl":"https:\/\/www.mydatec.com\/wp-content\/uploads\/2012\/12\/ico_entretien.png","width":"80","height":"80"},{"@type":"BreadcrumbList","@id":"https:\/\/www.mydatec.com\/fr\/entretien-vmc-ventilation-filtres\/#breadcrumb","itemListElement":[{"@type":"ListItem","position":1,"name":"Accueil","item":"https:\/\/www.mydatec.com\/fr\/"},{"@type":"ListItem","position":2,"name":"Entretien"}]},{"@type":"WebSite","@id":"https:\/\/www.mydatec.com\/fr\/#website","url":"https:\/\/www.mydatec.com\/fr\/","name":"MyDATEC","description":"La solution thermodynamique","publisher":{"@id":"https:\/\/www.mydatec.com\/fr\/#organization"},"potentialAction":[{"@type":"SearchAction","target":{"@type":"EntryPoint","urlTemplate":"https:\/\/www.mydatec.com\/fr\/?s={search_term_string}"},"query-input":{"@type":"PropertyValueSpecification","valueRequired":true,"valueName":"search_term_string"}}],"inLanguage":"fr-FR"},{"@type":"Organization","@id":"https:\/\/www.mydatec.com\/fr\/#organization","name":"MyDatec","url":"https:\/\/www.mydatec.com\/fr\/","logo":{"@type":"ImageObject","inLanguage":"fr-FR","@id":"https:\/\/www.mydatec.com\/fr\/#\/schema\/logo\/image\/","url":"https:\/\/www.mydatec.com\/wp-content\/uploads\/2022\/01\/logo-mydatec.jpg","contentUrl":"https:\/\/www.mydatec.com\/wp-content\/uploads\/2022\/01\/logo-mydatec.jpg","width":434,"height":351,"caption":"MyDatec"},"image":{"@id":"https:\/\/www.mydatec.com\/fr\/#\/schema\/logo\/image\/"},"sameAs":["http:\/\/www.linkedin.com\/in\/MyDATEC"]}]}},"_links":{"self":[{"href":"https:\/\/www.mydatec.com\/fr\/wp-json\/wp\/v2\/pages\/298","targetHints":{"allow":["GET"]}}],"collection":[{"href":"https:\/\/www.mydatec.com\/fr\/wp-json\/wp\/v2\/pages"}],"about":[{"href":"https:\/\/www.mydatec.com\/fr\/wp-json\/wp\/v2\/types\/page"}],"author":[{"embeddable":true,"href":"https:\/\/www.mydatec.com\/fr\/wp-json\/wp\/v2\/users\/6"}],"replies":[{"embeddable":true,"href":"https:\/\/www.mydatec.com\/fr\/wp-json\/wp\/v2\/comments?post=298"}],"version-history":[{"count":3,"href":"https:\/\/www.mydatec.com\/fr\/wp-json\/wp\/v2\/pages\/298\/revisions"}],"predecessor-version":[{"id":5592,"href":"https:\/\/www.mydatec.com\/fr\/wp-json\/wp\/v2\/pages\/298\/revisions\/5592"}],"wp:featuredmedia":[{"embeddable":true,"href":"https:\/\/www.mydatec.com\/fr\/wp-json\/wp\/v2\/media\/812"}],"wp:attachment":[{"href":"https:\/\/www.mydatec.com\/fr\/wp-json\/wp\/v2\/media?parent=298"}],"curies":[{"name":"wp","href":"https:\/\/api.w.org\/{rel}","templated":true}]}}