{"id":281,"date":"2012-12-16T22:00:31","date_gmt":"2012-12-16T21:00:31","guid":{"rendered":"https:\/\/www.mydatec.com\/?page_id=281"},"modified":"2020-04-14T23:33:53","modified_gmt":"2020-04-14T22:33:53","slug":"couplage-poele-a-bois","status":"publish","type":"page","link":"https:\/\/www.mydatec.com\/fr\/couplage-poele-a-bois\/","title":{"rendered":"Couplage VMC double flux thermodynamique et po\u00eale \u00e0  bois"},"content":{"rendered":"<h2>\u00a0<\/h2>\n<h2 style=\"text-align: justify;\">\u00a0Principe:<\/h2>\n<p style=\"text-align: justify;\">On reproche souvent au po\u00eale \u00e0 bois de chauffer trop la pi\u00e8ce dans laquelle il est install\u00e9 et pas assez les chambres plus \u00e9loign\u00e9es ou \u00e0 un autre \u00e9tage. La <a href=\"https:\/\/www.mydatec.com\/principe-vmc-thermodynamique\/machine-comment-ca-marche\/\">VMC thermodynamique<\/a> de MyDATEC, gr\u00e2ce \u00e0 une bouche d\u2019aspiration sp\u00e9ciale (Option Brassage+), positionn\u00e9e \u00e0 proximit\u00e9 du po\u00eale \u00e0 bois, va capter une partie de la chaleur, puis la redistribuer au reste de la maison via le r\u00e9seau d\u2019insufflation d\u2019air de la VMC. Ainsi, la chaleur est plus homog\u00e8ne, mieux r\u00e9partie. Bien s\u00fbr il existe dans le commerce des distributeurs d\u2019air chaud mont\u00e9s sur les po\u00eales \u00e0 bois, mais le syst\u00e8me MyDATEC a l\u2019avantage d\u2019utiliser le r\u00e9seau existant de la VMC double flux thermodynamique, et ne demande donc pas d\u2019installation suppl\u00e9mentaire, tout en restant tr\u00e8s silencieux.<\/p>\n<p>De plus, le po\u00eale \u00e0 bois est synonyme, bien souvent, de \u00ab corv\u00e9e de bois \u00bb, et peu adapt\u00e9 au chauffage en mi- saison. Gr\u00e2ce \u00e0 sa pompe \u00e0 chaleur int\u00e9gr\u00e9e, la VMC thermodynamique de MyDATEC assure seule le chauffage en mi- saison, et la plus grande partie du chauffage en hiver \u00e0 condition que la maison respecte les nouveaux standards de constructions performantes (en savoir plus sur la<a href=\"https:\/\/www.mydatec.com\/reglementation\/\"> r\u00e9glementation des VMC<\/a>). Ce chauffage de base est diffus\u00e9 par la VMC via les bouches de ventilation, et consomme tr\u00e8s peu d\u2019\u00e9nergie gr\u00e2ce \u00e0 la performance de sa pompe \u00e0 chaleur, qui r\u00e9cup\u00e8re la chaleur de l\u2019air pollu\u00e9 de la maison avant de le faire sortir. Le po\u00eale \u00e0 bois fonctionne alors comme une r\u00e9serve de chauffage conviviale, que l\u2019on met en route les jours froids d\u2019hiver.<\/p>\n<p>&gt; D\u00e9couvrez les diff\u00e9rentes <a href=\"https:\/\/www.mydatec.com\/produits-vmc-double-flux-thermodynamique\/reserve-puissance\/\" data-wplink-edit=\"true\">r\u00e9serves de puissance existantes<\/a>.<\/p>\n<p>En cela, MyDATEC devient une solution compl\u00e9mentaire id\u00e9ale, pour tous les foyers qui souhaitent se chauffer avec un po\u00eale \u00e0 bois, tout en misant sur le confort.<\/p>\n<p style=\"text-align: justify;\">L&rsquo;option \u00ab\u00a0Brassage+\u00a0\u00bb est compatible avec n&rsquo;importe quel type d&rsquo;\u00e9quipement po\u00eale \u00e0 b\u00fbches ou pellets compatibles RT2012<\/p>\n<p style=\"text-align: center;\"><a class=\"devis\" href=\"https:\/\/www.mydatec.com\/mydatec-demande-de-devis-vmc\/\">Demandez<br \/>un devis<\/a><\/p>\n<h2 style=\"text-align: justify;\">MyDATEC +\u00a0po\u00eale\u00a0\u00e0 bois: le parfait duo RT2012<\/h2>\n<p><img decoding=\"async\" class=\"size-medium wp-image-3004 alignright\" title=\"VMC double flux poele bois\" src=\"https:\/\/www.mydatec.com\/wp-content\/uploads\/2012\/12\/visuelMyDatec72dpi-300x225.jpg\" alt=\"\" width=\"300\" height=\"225\" srcset=\"https:\/\/www.mydatec.com\/wp-content\/uploads\/2012\/12\/visuelMyDatec72dpi-31x23.jpg 31w, https:\/\/www.mydatec.com\/wp-content\/uploads\/2012\/12\/visuelMyDatec72dpi-38x28.jpg 38w, https:\/\/www.mydatec.com\/wp-content\/uploads\/2012\/12\/visuelMyDatec72dpi-148x111.jpg 148w, https:\/\/www.mydatec.com\/wp-content\/uploads\/2012\/12\/visuelMyDatec72dpi-286x215.jpg 286w, https:\/\/www.mydatec.com\/wp-content\/uploads\/2012\/12\/visuelMyDatec72dpi-300x225.jpg 300w, https:\/\/www.mydatec.com\/wp-content\/uploads\/2012\/12\/visuelMyDatec72dpi.jpg 1024w\" sizes=\"(max-width: 300px) 100vw, 300px\" \/><\/p>\n<p>Beaucoup de particuliers, notamment sur des maisons \u00e0 ossature bois, ont la volont\u00e9 de se chauffer par un po\u00eale \u00e0 bois. Probl\u00e8me\u00a0: selon la fiche d\u2019application <a href=\"https:\/\/www.mydatec.com\/reglementation\/titrev-rt2012-vmc-thermodynamique\/\">RT2012<\/a> concernant la prise en compte des appareils \u00e0 bois dans les simulations thermiques, les po\u00eales ne peuvent pas couvrir une zone de plus de 100m\u00b2, et n\u00e9cessitent donc forc\u00e9ment un appoint. L\u2019appoint \u00e9lectrique n\u2019est pas toujours possible, car en fonction de la surface on d\u00e9passe souvent les niveaux de consommations en \u00e9nergie primaire maximum autoris\u00e9s. En couplant une <a href=\"https:\/\/www.mydatec.com\/poele-granules\/\">VMC thermodynamique MyDATEC \u00e0 un po\u00eale \u00e0 bois<\/a>, la limite de surface est repouss\u00e9e jusqu\u2019\u00e0 200m\u00b2, et les r\u00e9sultats de simulations de calculs thermiques tr\u00e8s satisfaisants, port\u00e9s par l\u2019excellent rendement de la pompe \u00e0 chaleur int\u00e9gr\u00e9e.<\/p>\n<p>Avec la VMC thermodynamique, MyDATEC permet aussi d\u2019apporter une r\u00e9ponse performante au <a href=\"https:\/\/www.mydatec.com\/principe-vmc-thermodynamique\/machine-comment-ca-marche\/\">confort d\u2019\u00e9t\u00e9<\/a> (par le rafra\u00eechissement actif et passif) et aux probl\u00e8mes li\u00e9s \u00e0 la qualit\u00e9 de l\u2019air int\u00e9rieur (d\u00e9bits allant de 150m3\/h \u00e0 600m3\/h).<\/p>\n<p><a href=\"https:\/\/www.mydatec.com\/mydatec-demande-de-devis-vmc\/\">Demander un devis<\/a> pour le kit d&rsquo;accessoires pr\u00eat \u00e0 poser VMC thermodynamique + po\u00eale \u00e0 bois.<\/p>\n\n\n<blockquote class=\"wp-block-quote is-layout-flow wp-block-quote-is-layout-flow\"><p>D\u00e9couvrer nos diff\u00e9rentes<a href=\"https:\/\/www.mydatec.com\/produits-vmc-double-flux-thermodynamique\/reserve-puissance\/\"> solutions de r\u00e9serves de puissance<\/a> pour votre VMC thermodynamique.<\/p><\/blockquote>\n","protected":false},"excerpt":{"rendered":"<p>\u00a0 \u00a0Principe: On reproche souvent au po\u00eale \u00e0 bois de chauffer trop la pi\u00e8ce dans laquelle il est install\u00e9 et pas assez les chambres plus  [&#8230;]<\/p>\n","protected":false},"author":6,"featured_media":806,"parent":0,"menu_order":100,"comment_status":"closed","ping_status":"closed","template":"","meta":{"footnotes":""},"class_list":["post-281","page","type-page","status-publish","has-post-thumbnail","hentry"],"yoast_head":"<!-- This site is optimized with the Yoast SEO plugin v27.5 - https:\/\/yoast.com\/product\/yoast-seo-wordpress\/ -->\n<title>Couplage po\u00eale \u00e0 bois VMC thermodynamique -<\/title>\n<meta name=\"description\" content=\"MyDATEC devient une solution compl\u00e9mentaire id\u00e9ale, pour tous les foyers qui souhaitent se chauffer avec un po\u00eale \u00e0 bois, tout en misant sur le confort.\" \/>\n<meta name=\"robots\" content=\"index, follow, max-snippet:-1, max-image-preview:large, max-video-preview:-1\" \/>\n<link rel=\"canonical\" href=\"https:\/\/www.mydatec.com\/fr\/couplage-poele-a-bois\/\" \/>\n<meta property=\"og:locale\" content=\"fr_FR\" \/>\n<meta property=\"og:type\" content=\"article\" \/>\n<meta property=\"og:title\" content=\"Couplage po\u00eale \u00e0 bois VMC thermodynamique -\" \/>\n<meta property=\"og:description\" content=\"MyDATEC devient une solution compl\u00e9mentaire id\u00e9ale, pour tous les foyers qui souhaitent se chauffer avec un po\u00eale \u00e0 bois, tout en misant sur le confort.\" \/>\n<meta property=\"og:url\" content=\"https:\/\/www.mydatec.com\/fr\/couplage-poele-a-bois\/\" \/>\n<meta property=\"og:site_name\" content=\"MyDATEC\" \/>\n<meta property=\"article:modified_time\" content=\"2020-04-14T22:33:53+00:00\" \/>\n<meta property=\"og:image\" content=\"https:\/\/www.mydatec.com\/wp-content\/uploads\/2012\/12\/ico-poelebois.png\" \/>\n\t<meta property=\"og:image:width\" content=\"80\" \/>\n\t<meta property=\"og:image:height\" content=\"80\" \/>\n\t<meta property=\"og:image:type\" content=\"image\/png\" \/>\n<meta name=\"twitter:label1\" content=\"Dur\u00e9e de lecture estim\u00e9e\" \/>\n\t<meta name=\"twitter:data1\" content=\"3 minutes\" \/>\n<script type=\"application\/ld+json\" class=\"yoast-schema-graph\">{\"@context\":\"https:\\\/\\\/schema.org\",\"@graph\":[{\"@type\":\"WebPage\",\"@id\":\"https:\\\/\\\/www.mydatec.com\\\/fr\\\/couplage-poele-a-bois\\\/\",\"url\":\"https:\\\/\\\/www.mydatec.com\\\/fr\\\/couplage-poele-a-bois\\\/\",\"name\":\"Couplage po\u00eale \u00e0 bois VMC thermodynamique -\",\"isPartOf\":{\"@id\":\"https:\\\/\\\/www.mydatec.com\\\/fr\\\/#website\"},\"primaryImageOfPage\":{\"@id\":\"https:\\\/\\\/www.mydatec.com\\\/fr\\\/couplage-poele-a-bois\\\/#primaryimage\"},\"image\":{\"@id\":\"https:\\\/\\\/www.mydatec.com\\\/fr\\\/couplage-poele-a-bois\\\/#primaryimage\"},\"thumbnailUrl\":\"https:\\\/\\\/www.mydatec.com\\\/wp-content\\\/uploads\\\/2012\\\/12\\\/ico-poelebois.png\",\"datePublished\":\"2012-12-16T21:00:31+00:00\",\"dateModified\":\"2020-04-14T22:33:53+00:00\",\"description\":\"MyDATEC devient une solution compl\u00e9mentaire id\u00e9ale, pour tous les foyers qui souhaitent se chauffer avec un po\u00eale \u00e0 bois, tout en misant sur le confort.\",\"breadcrumb\":{\"@id\":\"https:\\\/\\\/www.mydatec.com\\\/fr\\\/couplage-poele-a-bois\\\/#breadcrumb\"},\"inLanguage\":\"fr-FR\",\"potentialAction\":[{\"@type\":\"ReadAction\",\"target\":[\"https:\\\/\\\/www.mydatec.com\\\/fr\\\/couplage-poele-a-bois\\\/\"]}]},{\"@type\":\"ImageObject\",\"inLanguage\":\"fr-FR\",\"@id\":\"https:\\\/\\\/www.mydatec.com\\\/fr\\\/couplage-poele-a-bois\\\/#primaryimage\",\"url\":\"https:\\\/\\\/www.mydatec.com\\\/wp-content\\\/uploads\\\/2012\\\/12\\\/ico-poelebois.png\",\"contentUrl\":\"https:\\\/\\\/www.mydatec.com\\\/wp-content\\\/uploads\\\/2012\\\/12\\\/ico-poelebois.png\",\"width\":\"80\",\"height\":\"80\"},{\"@type\":\"BreadcrumbList\",\"@id\":\"https:\\\/\\\/www.mydatec.com\\\/fr\\\/couplage-poele-a-bois\\\/#breadcrumb\",\"itemListElement\":[{\"@type\":\"ListItem\",\"position\":1,\"name\":\"Accueil\",\"item\":\"https:\\\/\\\/www.mydatec.com\\\/fr\\\/\"},{\"@type\":\"ListItem\",\"position\":2,\"name\":\"Couplage VMC double flux thermodynamique et po\u00eale \u00e0 bois\"}]},{\"@type\":\"WebSite\",\"@id\":\"https:\\\/\\\/www.mydatec.com\\\/fr\\\/#website\",\"url\":\"https:\\\/\\\/www.mydatec.com\\\/fr\\\/\",\"name\":\"MyDATEC\",\"description\":\"La solution thermodynamique\",\"publisher\":{\"@id\":\"https:\\\/\\\/www.mydatec.com\\\/fr\\\/#organization\"},\"potentialAction\":[{\"@type\":\"SearchAction\",\"target\":{\"@type\":\"EntryPoint\",\"urlTemplate\":\"https:\\\/\\\/www.mydatec.com\\\/fr\\\/?s={search_term_string}\"},\"query-input\":{\"@type\":\"PropertyValueSpecification\",\"valueRequired\":true,\"valueName\":\"search_term_string\"}}],\"inLanguage\":\"fr-FR\"},{\"@type\":\"Organization\",\"@id\":\"https:\\\/\\\/www.mydatec.com\\\/fr\\\/#organization\",\"name\":\"MyDatec\",\"url\":\"https:\\\/\\\/www.mydatec.com\\\/fr\\\/\",\"logo\":{\"@type\":\"ImageObject\",\"inLanguage\":\"fr-FR\",\"@id\":\"https:\\\/\\\/www.mydatec.com\\\/fr\\\/#\\\/schema\\\/logo\\\/image\\\/\",\"url\":\"https:\\\/\\\/www.mydatec.com\\\/wp-content\\\/uploads\\\/2022\\\/01\\\/logo-mydatec.jpg\",\"contentUrl\":\"https:\\\/\\\/www.mydatec.com\\\/wp-content\\\/uploads\\\/2022\\\/01\\\/logo-mydatec.jpg\",\"width\":434,\"height\":351,\"caption\":\"MyDatec\"},\"image\":{\"@id\":\"https:\\\/\\\/www.mydatec.com\\\/fr\\\/#\\\/schema\\\/logo\\\/image\\\/\"},\"sameAs\":[\"http:\\\/\\\/www.linkedin.com\\\/in\\\/MyDATEC\"]}]}<\/script>\n<!-- \/ Yoast SEO plugin. -->","yoast_head_json":{"title":"Couplage po\u00eale \u00e0 bois VMC thermodynamique -","description":"MyDATEC devient une solution compl\u00e9mentaire id\u00e9ale, pour tous les foyers qui souhaitent se chauffer avec un po\u00eale \u00e0 bois, tout en misant sur le confort.","robots":{"index":"index","follow":"follow","max-snippet":"max-snippet:-1","max-image-preview":"max-image-preview:large","max-video-preview":"max-video-preview:-1"},"canonical":"https:\/\/www.mydatec.com\/fr\/couplage-poele-a-bois\/","og_locale":"fr_FR","og_type":"article","og_title":"Couplage po\u00eale \u00e0 bois VMC thermodynamique -","og_description":"MyDATEC devient une solution compl\u00e9mentaire id\u00e9ale, pour tous les foyers qui souhaitent se chauffer avec un po\u00eale \u00e0 bois, tout en misant sur le confort.","og_url":"https:\/\/www.mydatec.com\/fr\/couplage-poele-a-bois\/","og_site_name":"MyDATEC","article_modified_time":"2020-04-14T22:33:53+00:00","og_image":[{"width":80,"height":80,"url":"https:\/\/www.mydatec.com\/wp-content\/uploads\/2012\/12\/ico-poelebois.png","type":"image\/png"}],"twitter_misc":{"Dur\u00e9e de lecture estim\u00e9e":"3 minutes"},"schema":{"@context":"https:\/\/schema.org","@graph":[{"@type":"WebPage","@id":"https:\/\/www.mydatec.com\/fr\/couplage-poele-a-bois\/","url":"https:\/\/www.mydatec.com\/fr\/couplage-poele-a-bois\/","name":"Couplage po\u00eale \u00e0 bois VMC thermodynamique -","isPartOf":{"@id":"https:\/\/www.mydatec.com\/fr\/#website"},"primaryImageOfPage":{"@id":"https:\/\/www.mydatec.com\/fr\/couplage-poele-a-bois\/#primaryimage"},"image":{"@id":"https:\/\/www.mydatec.com\/fr\/couplage-poele-a-bois\/#primaryimage"},"thumbnailUrl":"https:\/\/www.mydatec.com\/wp-content\/uploads\/2012\/12\/ico-poelebois.png","datePublished":"2012-12-16T21:00:31+00:00","dateModified":"2020-04-14T22:33:53+00:00","description":"MyDATEC devient une solution compl\u00e9mentaire id\u00e9ale, pour tous les foyers qui souhaitent se chauffer avec un po\u00eale \u00e0 bois, tout en misant sur le confort.","breadcrumb":{"@id":"https:\/\/www.mydatec.com\/fr\/couplage-poele-a-bois\/#breadcrumb"},"inLanguage":"fr-FR","potentialAction":[{"@type":"ReadAction","target":["https:\/\/www.mydatec.com\/fr\/couplage-poele-a-bois\/"]}]},{"@type":"ImageObject","inLanguage":"fr-FR","@id":"https:\/\/www.mydatec.com\/fr\/couplage-poele-a-bois\/#primaryimage","url":"https:\/\/www.mydatec.com\/wp-content\/uploads\/2012\/12\/ico-poelebois.png","contentUrl":"https:\/\/www.mydatec.com\/wp-content\/uploads\/2012\/12\/ico-poelebois.png","width":"80","height":"80"},{"@type":"BreadcrumbList","@id":"https:\/\/www.mydatec.com\/fr\/couplage-poele-a-bois\/#breadcrumb","itemListElement":[{"@type":"ListItem","position":1,"name":"Accueil","item":"https:\/\/www.mydatec.com\/fr\/"},{"@type":"ListItem","position":2,"name":"Couplage VMC double flux thermodynamique et po\u00eale \u00e0 bois"}]},{"@type":"WebSite","@id":"https:\/\/www.mydatec.com\/fr\/#website","url":"https:\/\/www.mydatec.com\/fr\/","name":"MyDATEC","description":"La solution thermodynamique","publisher":{"@id":"https:\/\/www.mydatec.com\/fr\/#organization"},"potentialAction":[{"@type":"SearchAction","target":{"@type":"EntryPoint","urlTemplate":"https:\/\/www.mydatec.com\/fr\/?s={search_term_string}"},"query-input":{"@type":"PropertyValueSpecification","valueRequired":true,"valueName":"search_term_string"}}],"inLanguage":"fr-FR"},{"@type":"Organization","@id":"https:\/\/www.mydatec.com\/fr\/#organization","name":"MyDatec","url":"https:\/\/www.mydatec.com\/fr\/","logo":{"@type":"ImageObject","inLanguage":"fr-FR","@id":"https:\/\/www.mydatec.com\/fr\/#\/schema\/logo\/image\/","url":"https:\/\/www.mydatec.com\/wp-content\/uploads\/2022\/01\/logo-mydatec.jpg","contentUrl":"https:\/\/www.mydatec.com\/wp-content\/uploads\/2022\/01\/logo-mydatec.jpg","width":434,"height":351,"caption":"MyDatec"},"image":{"@id":"https:\/\/www.mydatec.com\/fr\/#\/schema\/logo\/image\/"},"sameAs":["http:\/\/www.linkedin.com\/in\/MyDATEC"]}]}},"_links":{"self":[{"href":"https:\/\/www.mydatec.com\/fr\/wp-json\/wp\/v2\/pages\/281","targetHints":{"allow":["GET"]}}],"collection":[{"href":"https:\/\/www.mydatec.com\/fr\/wp-json\/wp\/v2\/pages"}],"about":[{"href":"https:\/\/www.mydatec.com\/fr\/wp-json\/wp\/v2\/types\/page"}],"author":[{"embeddable":true,"href":"https:\/\/www.mydatec.com\/fr\/wp-json\/wp\/v2\/users\/6"}],"replies":[{"embeddable":true,"href":"https:\/\/www.mydatec.com\/fr\/wp-json\/wp\/v2\/comments?post=281"}],"version-history":[{"count":5,"href":"https:\/\/www.mydatec.com\/fr\/wp-json\/wp\/v2\/pages\/281\/revisions"}],"predecessor-version":[{"id":6176,"href":"https:\/\/www.mydatec.com\/fr\/wp-json\/wp\/v2\/pages\/281\/revisions\/6176"}],"wp:featuredmedia":[{"embeddable":true,"href":"https:\/\/www.mydatec.com\/fr\/wp-json\/wp\/v2\/media\/806"}],"wp:attachment":[{"href":"https:\/\/www.mydatec.com\/fr\/wp-json\/wp\/v2\/media?parent=281"}],"curies":[{"name":"wp","href":"https:\/\/api.w.org\/{rel}","templated":true}]}}