{"id":279,"date":"2012-12-16T22:00:05","date_gmt":"2012-12-16T21:00:05","guid":{"rendered":"https:\/\/www.mydatec.com\/?page_id=279"},"modified":"2020-04-14T23:31:07","modified_gmt":"2020-04-14T22:31:07","slug":"thermostat-regulation","status":"publish","type":"page","link":"https:\/\/www.mydatec.com\/fr\/thermostat-regulation\/","title":{"rendered":"R\u00e9gulation VMC thermodynamique"},"content":{"rendered":"<h2 style=\"text-align: center;\">Passez au tactile !<\/h2>\n<p><img decoding=\"async\" class=\" size-full wp-image-3259 aligncenter\" src=\"https:\/\/www.mydatec.com\/wp-content\/uploads\/2015\/09\/tactile-recto.png\" alt=\"tactile-recto\" width=\"600\" height=\"600\" srcset=\"https:\/\/www.mydatec.com\/wp-content\/uploads\/2015\/09\/tactile-recto-31x31.png 31w, https:\/\/www.mydatec.com\/wp-content\/uploads\/2015\/09\/tactile-recto-38x38.png 38w, https:\/\/www.mydatec.com\/wp-content\/uploads\/2015\/09\/tactile-recto-125x125.png 125w, https:\/\/www.mydatec.com\/wp-content\/uploads\/2015\/09\/tactile-recto-148x148.png 148w, https:\/\/www.mydatec.com\/wp-content\/uploads\/2015\/09\/tactile-recto-215x215.png 215w, https:\/\/www.mydatec.com\/wp-content\/uploads\/2015\/09\/tactile-recto-300x300.png 300w, https:\/\/www.mydatec.com\/wp-content\/uploads\/2015\/09\/tactile-recto.png 600w\" sizes=\"(max-width: 600px) 100vw, 600px\" \/><\/p>\n<p><img decoding=\"async\" class=\" size-full wp-image-3257 aligncenter\" src=\"https:\/\/www.mydatec.com\/wp-content\/uploads\/2015\/09\/tactile-verso.png\" alt=\"tactile-verso\" width=\"600\" height=\"600\" srcset=\"https:\/\/www.mydatec.com\/wp-content\/uploads\/2015\/09\/tactile-verso-31x31.png 31w, https:\/\/www.mydatec.com\/wp-content\/uploads\/2015\/09\/tactile-verso-38x38.png 38w, https:\/\/www.mydatec.com\/wp-content\/uploads\/2015\/09\/tactile-verso-125x125.png 125w, https:\/\/www.mydatec.com\/wp-content\/uploads\/2015\/09\/tactile-verso-148x148.png 148w, https:\/\/www.mydatec.com\/wp-content\/uploads\/2015\/09\/tactile-verso-215x215.png 215w, https:\/\/www.mydatec.com\/wp-content\/uploads\/2015\/09\/tactile-verso-300x300.png 300w, https:\/\/www.mydatec.com\/wp-content\/uploads\/2015\/09\/tactile-verso.png 600w\" sizes=\"(max-width: 600px) 100vw, 600px\" \/><\/p>\n<h3>Un large choix de thermostats<\/h3>\n<p style=\"text-align: justify;\">Associ\u00e9 au bo\u00eetier de commande principal, il existe plusieurs types de thermostat VMC.<\/p>\n<p style=\"text-align: justify;\">Thermostats simples contact, double contact, change over, etc\u2026Vous pouvez choisir parmi un large choix de thermostats compatibles chez plusieurs fournisseurs, affichage digital, programmation horaire, etc. Pour en savoir plus, &#8230;<\/p>\n<p style=\"text-align: justify;\">[download link=\u00a0\u00bbhttps:\/\/www.mydatec.com\/mydatec-demande-de-devis-vmc\/\u00a0\u00bb] Contactez un commercial [\/download]<\/p>\n","protected":false},"excerpt":{"rendered":"<p>Passez au tactile ! Un large choix de thermostats Associ\u00e9 au bo\u00eetier de commande principal, il existe plusieurs types de thermostat VMC. Thermostats simples contact,  [&#8230;]<\/p>\n","protected":false},"author":6,"featured_media":800,"parent":0,"menu_order":3,"comment_status":"closed","ping_status":"closed","template":"","meta":{"footnotes":""},"class_list":["post-279","page","type-page","status-publish","has-post-thumbnail","hentry"],"yoast_head":"<!-- This site is optimized with the Yoast SEO plugin v27.4 - https:\/\/yoast.com\/product\/yoast-seo-wordpress\/ -->\n<title>R\u00e9gulation thermostat VMC temp\u00e9rature d&#039;une maison MyDATEC<\/title>\n<meta name=\"description\" content=\"R\u00e9gulation thermostat VMC temp\u00e9rature d&#039;une maison MyDATEC VMC double flux thermodynamique pompe \u00e0 chaleur ventilation chauffage rafra\u00eechissement maison BBC\" \/>\n<meta name=\"robots\" content=\"index, follow, max-snippet:-1, max-image-preview:large, max-video-preview:-1\" \/>\n<link rel=\"canonical\" href=\"https:\/\/www.mydatec.com\/fr\/thermostat-regulation\/\" \/>\n<meta property=\"og:locale\" content=\"fr_FR\" \/>\n<meta property=\"og:type\" content=\"article\" \/>\n<meta property=\"og:title\" content=\"R\u00e9gulation thermostat VMC temp\u00e9rature d&#039;une maison MyDATEC\" \/>\n<meta property=\"og:description\" content=\"R\u00e9gulation thermostat VMC temp\u00e9rature d&#039;une maison MyDATEC VMC double flux thermodynamique pompe \u00e0 chaleur ventilation chauffage rafra\u00eechissement maison BBC\" \/>\n<meta property=\"og:url\" content=\"https:\/\/www.mydatec.com\/fr\/thermostat-regulation\/\" \/>\n<meta property=\"og:site_name\" content=\"MyDATEC\" \/>\n<meta property=\"article:modified_time\" content=\"2020-04-14T22:31:07+00:00\" \/>\n<meta property=\"og:image\" content=\"https:\/\/www.mydatec.com\/wp-content\/uploads\/2012\/12\/ico_regulation.png\" \/>\n\t<meta property=\"og:image:width\" content=\"80\" \/>\n\t<meta property=\"og:image:height\" content=\"80\" \/>\n\t<meta property=\"og:image:type\" content=\"image\/png\" \/>\n<script type=\"application\/ld+json\" class=\"yoast-schema-graph\">{\"@context\":\"https:\\\/\\\/schema.org\",\"@graph\":[{\"@type\":\"WebPage\",\"@id\":\"https:\\\/\\\/www.mydatec.com\\\/fr\\\/thermostat-regulation\\\/\",\"url\":\"https:\\\/\\\/www.mydatec.com\\\/fr\\\/thermostat-regulation\\\/\",\"name\":\"R\u00e9gulation thermostat VMC temp\u00e9rature d'une maison MyDATEC\",\"isPartOf\":{\"@id\":\"https:\\\/\\\/www.mydatec.com\\\/fr\\\/#website\"},\"primaryImageOfPage\":{\"@id\":\"https:\\\/\\\/www.mydatec.com\\\/fr\\\/thermostat-regulation\\\/#primaryimage\"},\"image\":{\"@id\":\"https:\\\/\\\/www.mydatec.com\\\/fr\\\/thermostat-regulation\\\/#primaryimage\"},\"thumbnailUrl\":\"https:\\\/\\\/www.mydatec.com\\\/wp-content\\\/uploads\\\/2012\\\/12\\\/ico_regulation.png\",\"datePublished\":\"2012-12-16T21:00:05+00:00\",\"dateModified\":\"2020-04-14T22:31:07+00:00\",\"description\":\"R\u00e9gulation thermostat VMC temp\u00e9rature d'une maison MyDATEC VMC double flux thermodynamique pompe \u00e0 chaleur ventilation chauffage rafra\u00eechissement maison BBC\",\"breadcrumb\":{\"@id\":\"https:\\\/\\\/www.mydatec.com\\\/fr\\\/thermostat-regulation\\\/#breadcrumb\"},\"inLanguage\":\"fr-FR\",\"potentialAction\":[{\"@type\":\"ReadAction\",\"target\":[\"https:\\\/\\\/www.mydatec.com\\\/fr\\\/thermostat-regulation\\\/\"]}]},{\"@type\":\"ImageObject\",\"inLanguage\":\"fr-FR\",\"@id\":\"https:\\\/\\\/www.mydatec.com\\\/fr\\\/thermostat-regulation\\\/#primaryimage\",\"url\":\"https:\\\/\\\/www.mydatec.com\\\/wp-content\\\/uploads\\\/2012\\\/12\\\/ico_regulation.png\",\"contentUrl\":\"https:\\\/\\\/www.mydatec.com\\\/wp-content\\\/uploads\\\/2012\\\/12\\\/ico_regulation.png\",\"width\":\"80\",\"height\":\"80\"},{\"@type\":\"BreadcrumbList\",\"@id\":\"https:\\\/\\\/www.mydatec.com\\\/fr\\\/thermostat-regulation\\\/#breadcrumb\",\"itemListElement\":[{\"@type\":\"ListItem\",\"position\":1,\"name\":\"Accueil\",\"item\":\"https:\\\/\\\/www.mydatec.com\\\/fr\\\/\"},{\"@type\":\"ListItem\",\"position\":2,\"name\":\"R\u00e9gulation VMC thermodynamique\"}]},{\"@type\":\"WebSite\",\"@id\":\"https:\\\/\\\/www.mydatec.com\\\/fr\\\/#website\",\"url\":\"https:\\\/\\\/www.mydatec.com\\\/fr\\\/\",\"name\":\"MyDATEC\",\"description\":\"La solution thermodynamique\",\"publisher\":{\"@id\":\"https:\\\/\\\/www.mydatec.com\\\/fr\\\/#organization\"},\"potentialAction\":[{\"@type\":\"SearchAction\",\"target\":{\"@type\":\"EntryPoint\",\"urlTemplate\":\"https:\\\/\\\/www.mydatec.com\\\/fr\\\/?s={search_term_string}\"},\"query-input\":{\"@type\":\"PropertyValueSpecification\",\"valueRequired\":true,\"valueName\":\"search_term_string\"}}],\"inLanguage\":\"fr-FR\"},{\"@type\":\"Organization\",\"@id\":\"https:\\\/\\\/www.mydatec.com\\\/fr\\\/#organization\",\"name\":\"MyDatec\",\"url\":\"https:\\\/\\\/www.mydatec.com\\\/fr\\\/\",\"logo\":{\"@type\":\"ImageObject\",\"inLanguage\":\"fr-FR\",\"@id\":\"https:\\\/\\\/www.mydatec.com\\\/fr\\\/#\\\/schema\\\/logo\\\/image\\\/\",\"url\":\"https:\\\/\\\/www.mydatec.com\\\/wp-content\\\/uploads\\\/2022\\\/01\\\/logo-mydatec.jpg\",\"contentUrl\":\"https:\\\/\\\/www.mydatec.com\\\/wp-content\\\/uploads\\\/2022\\\/01\\\/logo-mydatec.jpg\",\"width\":434,\"height\":351,\"caption\":\"MyDatec\"},\"image\":{\"@id\":\"https:\\\/\\\/www.mydatec.com\\\/fr\\\/#\\\/schema\\\/logo\\\/image\\\/\"},\"sameAs\":[\"http:\\\/\\\/www.linkedin.com\\\/in\\\/MyDATEC\"]}]}<\/script>\n<!-- \/ Yoast SEO plugin. -->","yoast_head_json":{"title":"R\u00e9gulation thermostat VMC temp\u00e9rature d'une maison MyDATEC","description":"R\u00e9gulation thermostat VMC temp\u00e9rature d'une maison MyDATEC VMC double flux thermodynamique pompe \u00e0 chaleur ventilation chauffage rafra\u00eechissement maison BBC","robots":{"index":"index","follow":"follow","max-snippet":"max-snippet:-1","max-image-preview":"max-image-preview:large","max-video-preview":"max-video-preview:-1"},"canonical":"https:\/\/www.mydatec.com\/fr\/thermostat-regulation\/","og_locale":"fr_FR","og_type":"article","og_title":"R\u00e9gulation thermostat VMC temp\u00e9rature d'une maison MyDATEC","og_description":"R\u00e9gulation thermostat VMC temp\u00e9rature d'une maison MyDATEC VMC double flux thermodynamique pompe \u00e0 chaleur ventilation chauffage rafra\u00eechissement maison BBC","og_url":"https:\/\/www.mydatec.com\/fr\/thermostat-regulation\/","og_site_name":"MyDATEC","article_modified_time":"2020-04-14T22:31:07+00:00","og_image":[{"width":80,"height":80,"url":"https:\/\/www.mydatec.com\/wp-content\/uploads\/2012\/12\/ico_regulation.png","type":"image\/png"}],"schema":{"@context":"https:\/\/schema.org","@graph":[{"@type":"WebPage","@id":"https:\/\/www.mydatec.com\/fr\/thermostat-regulation\/","url":"https:\/\/www.mydatec.com\/fr\/thermostat-regulation\/","name":"R\u00e9gulation thermostat VMC temp\u00e9rature d'une maison MyDATEC","isPartOf":{"@id":"https:\/\/www.mydatec.com\/fr\/#website"},"primaryImageOfPage":{"@id":"https:\/\/www.mydatec.com\/fr\/thermostat-regulation\/#primaryimage"},"image":{"@id":"https:\/\/www.mydatec.com\/fr\/thermostat-regulation\/#primaryimage"},"thumbnailUrl":"https:\/\/www.mydatec.com\/wp-content\/uploads\/2012\/12\/ico_regulation.png","datePublished":"2012-12-16T21:00:05+00:00","dateModified":"2020-04-14T22:31:07+00:00","description":"R\u00e9gulation thermostat VMC temp\u00e9rature d'une maison MyDATEC VMC double flux thermodynamique pompe \u00e0 chaleur ventilation chauffage rafra\u00eechissement maison BBC","breadcrumb":{"@id":"https:\/\/www.mydatec.com\/fr\/thermostat-regulation\/#breadcrumb"},"inLanguage":"fr-FR","potentialAction":[{"@type":"ReadAction","target":["https:\/\/www.mydatec.com\/fr\/thermostat-regulation\/"]}]},{"@type":"ImageObject","inLanguage":"fr-FR","@id":"https:\/\/www.mydatec.com\/fr\/thermostat-regulation\/#primaryimage","url":"https:\/\/www.mydatec.com\/wp-content\/uploads\/2012\/12\/ico_regulation.png","contentUrl":"https:\/\/www.mydatec.com\/wp-content\/uploads\/2012\/12\/ico_regulation.png","width":"80","height":"80"},{"@type":"BreadcrumbList","@id":"https:\/\/www.mydatec.com\/fr\/thermostat-regulation\/#breadcrumb","itemListElement":[{"@type":"ListItem","position":1,"name":"Accueil","item":"https:\/\/www.mydatec.com\/fr\/"},{"@type":"ListItem","position":2,"name":"R\u00e9gulation VMC thermodynamique"}]},{"@type":"WebSite","@id":"https:\/\/www.mydatec.com\/fr\/#website","url":"https:\/\/www.mydatec.com\/fr\/","name":"MyDATEC","description":"La solution thermodynamique","publisher":{"@id":"https:\/\/www.mydatec.com\/fr\/#organization"},"potentialAction":[{"@type":"SearchAction","target":{"@type":"EntryPoint","urlTemplate":"https:\/\/www.mydatec.com\/fr\/?s={search_term_string}"},"query-input":{"@type":"PropertyValueSpecification","valueRequired":true,"valueName":"search_term_string"}}],"inLanguage":"fr-FR"},{"@type":"Organization","@id":"https:\/\/www.mydatec.com\/fr\/#organization","name":"MyDatec","url":"https:\/\/www.mydatec.com\/fr\/","logo":{"@type":"ImageObject","inLanguage":"fr-FR","@id":"https:\/\/www.mydatec.com\/fr\/#\/schema\/logo\/image\/","url":"https:\/\/www.mydatec.com\/wp-content\/uploads\/2022\/01\/logo-mydatec.jpg","contentUrl":"https:\/\/www.mydatec.com\/wp-content\/uploads\/2022\/01\/logo-mydatec.jpg","width":434,"height":351,"caption":"MyDatec"},"image":{"@id":"https:\/\/www.mydatec.com\/fr\/#\/schema\/logo\/image\/"},"sameAs":["http:\/\/www.linkedin.com\/in\/MyDATEC"]}]}},"_links":{"self":[{"href":"https:\/\/www.mydatec.com\/fr\/wp-json\/wp\/v2\/pages\/279","targetHints":{"allow":["GET"]}}],"collection":[{"href":"https:\/\/www.mydatec.com\/fr\/wp-json\/wp\/v2\/pages"}],"about":[{"href":"https:\/\/www.mydatec.com\/fr\/wp-json\/wp\/v2\/types\/page"}],"author":[{"embeddable":true,"href":"https:\/\/www.mydatec.com\/fr\/wp-json\/wp\/v2\/users\/6"}],"replies":[{"embeddable":true,"href":"https:\/\/www.mydatec.com\/fr\/wp-json\/wp\/v2\/comments?post=279"}],"version-history":[{"count":4,"href":"https:\/\/www.mydatec.com\/fr\/wp-json\/wp\/v2\/pages\/279\/revisions"}],"predecessor-version":[{"id":5019,"href":"https:\/\/www.mydatec.com\/fr\/wp-json\/wp\/v2\/pages\/279\/revisions\/5019"}],"wp:featuredmedia":[{"embeddable":true,"href":"https:\/\/www.mydatec.com\/fr\/wp-json\/wp\/v2\/media\/800"}],"wp:attachment":[{"href":"https:\/\/www.mydatec.com\/fr\/wp-json\/wp\/v2\/media?parent=279"}],"curies":[{"name":"wp","href":"https:\/\/api.w.org\/{rel}","templated":true}]}}