{"id":26,"date":"2012-12-07T16:42:06","date_gmt":"2012-12-07T15:42:06","guid":{"rendered":"http:\/\/localhost\/wordpress\/mydatec\/sous-page2\/"},"modified":"2020-04-14T23:31:13","modified_gmt":"2020-04-14T22:31:13","slug":"tertiaire-vmc-mydatec","status":"publish","type":"page","link":"https:\/\/www.mydatec.com\/fr\/applications-vmc-thermodynamique\/tertiaire-vmc-mydatec\/","title":{"rendered":"Applications tertiaires"},"content":{"rendered":"<p style=\"text-align: justify;\"><span style=\"color: #808080;\">MyDATEC \u00e9quipe d\u00e9j\u00e0 des \u00e9coles, des bureaux, des salons de coiffure, des locaux de m\u00e9decine g\u00e9n\u00e9rale et dentaire\u2026 et de nombreux b\u00e2timents pour de multiples applications tertiaires.<\/span><\/p>\n<p><span style=\"color: #808080;\"><span style=\"color: #ff4b33; line-height: 24px; font-size: 16px; text-align: justify;\"><span style=\"color: #808080;\"><img decoding=\"async\" class=\"alignleft size-full wp-image-198\" title=\"tertiaire vmc thermodynamique mydatec\" src=\"https:\/\/www.mydatec.com\/wp-content\/uploads\/2012\/12\/tertiaire-vmc-thermodynamique-mydatec-.png\" alt=\"tertiaire vmc thermodynamique mydatec\" width=\"283\" height=\"241\" \/><\/span><\/span><\/span><\/p>\n<div>\n<div style=\"text-align: justify;\"><span style=\"font-size: medium; color: #808080;\"><span style=\"line-height: 24px;\">\u00a0<\/span><\/span><\/div>\n<p style=\"text-align: justify;\"><span style=\"color: #808080;\"><strong><br \/>\nLe <a href=\"https:\/\/www.mydatec.com\/principe-vmc-thermodynamique\/machine-comment-ca-marche\/\">concept MyDATEC<\/a> se base sur deux principes majeurs<\/strong>\u00a0:<\/span><\/p>\n<ul>\n<li><span style=\"color: #808080;\">Des d\u00e9bits d\u2019air\u00a0ma\u00eetris\u00e9s\u00a0et r\u00e9glables en permanence indispensables en espaces confin\u00e9s<\/span><\/li>\n<li><span style=\"color: #808080;\">Le transfert d\u2019\u00e9nergie calorifique et frigorifique \u00e0 partir des sources internes de chaleur<\/span><\/li>\n<\/ul>\n<p style=\"text-align: justify;\"><span style=\"color: #808080;\">Ainsi, plus les besoins de ventilation sont importants, plus on profite de la performance de la PAC sur air extrait. C&rsquo;est pourquoi, nos produits sont tr\u00e8s adapt\u00e9s aux espaces confin\u00e9s \u00e0 forte activit\u00e9 humaine, tels que les salles de classe des \u00e9coles, les bureaux, les salles de conf\u00e9rence, salles d\u2019attentes\u2026 o\u00f9 les besoins de ventilation sont tr\u00e8s importants.<br \/>\n<\/span><\/p>\n<p style=\"text-align: justify;\"><span style=\"color: #808080;\">Choisir MyDATEC dans des applications tertiaire telles que des bureaux, des \u00e9coles, des cabinets m\u00e9dicaux, de petits locaux commerciaux c\u2019est b\u00e9n\u00e9ficier :<\/span><\/p>\n<ul>\n<li><span style=\"color: #808080;\">Le meilleur taux de r\u00e9cup\u00e9ration sur air extrait du march\u00e9<\/span><\/li>\n<li><span style=\"color: #808080;\">D\u2019une VMC efficace et d\u00e9centralis\u00e9e (1 r\u00e9seau ind\u00e9pendant par salle, pas de r\u00e9seaux a\u00e9rauliques traversant)<\/span><\/li>\n<li><span style=\"color: #808080;\">D\u2019un appoint tr\u00e8s r\u00e9actif gr\u00e2ce \u00e0 la r\u00e9gulation de la puissance de chauffage et rafra\u00eechissement d\u00e9livr\u00e9e \u00e0 l\u2019air neuf \u00e0 partir de l\u2019air extrait<\/span><\/li>\n<\/ul>\n<p>&gt; D\u00e9couvrir un exemple de b\u00e2timent tertiaire \u00e9quip\u00e9 d&rsquo;une VMC thermodynamique double-flux MyDATEC<\/p>\n<p style=\"text-align: justify;\">\n<\/div>\n","protected":false},"excerpt":{"rendered":"<p>MyDATEC \u00e9quipe d\u00e9j\u00e0 des \u00e9coles, des bureaux, des salons de coiffure, des locaux de m\u00e9decine g\u00e9n\u00e9rale et dentaire\u2026 et de nombreux b\u00e2timents pour de multiples  [&#8230;]<\/p>\n","protected":false},"author":6,"featured_media":795,"parent":14,"menu_order":4,"comment_status":"closed","ping_status":"closed","template":"","meta":{"footnotes":""},"class_list":["post-26","page","type-page","status-publish","has-post-thumbnail","hentry"],"yoast_head":"<!-- This site is optimized with the Yoast SEO plugin v27.5 - https:\/\/yoast.com\/product\/yoast-seo-wordpress\/ -->\n<title>Applications tertiaires VMC double flux<\/title>\n<meta name=\"description\" content=\"Applications tertiaires VMC double flux MyDATEC pompe \u00e0 chaleur pour \u00e9coles, cabinet m\u00e9dical, petit local, artisan commercial VMC thermodynamique\" \/>\n<meta name=\"robots\" content=\"index, follow, max-snippet:-1, max-image-preview:large, max-video-preview:-1\" \/>\n<link rel=\"canonical\" href=\"https:\/\/www.mydatec.com\/fr\/applications-vmc-thermodynamique\/tertiaire-vmc-mydatec\/\" \/>\n<meta property=\"og:locale\" content=\"fr_FR\" \/>\n<meta property=\"og:type\" content=\"article\" \/>\n<meta property=\"og:title\" content=\"Applications tertiaires VMC double flux\" \/>\n<meta property=\"og:description\" content=\"Applications tertiaires VMC double flux MyDATEC pompe \u00e0 chaleur pour \u00e9coles, cabinet m\u00e9dical, petit local, artisan commercial VMC thermodynamique\" \/>\n<meta property=\"og:url\" content=\"https:\/\/www.mydatec.com\/fr\/applications-vmc-thermodynamique\/tertiaire-vmc-mydatec\/\" \/>\n<meta property=\"og:site_name\" content=\"MyDATEC\" \/>\n<meta property=\"article:modified_time\" content=\"2020-04-14T22:31:13+00:00\" \/>\n<meta property=\"og:image\" content=\"https:\/\/www.mydatec.com\/wp-content\/uploads\/2012\/12\/ico_tertiaire1.png\" \/>\n\t<meta property=\"og:image:width\" content=\"80\" \/>\n\t<meta property=\"og:image:height\" content=\"80\" \/>\n\t<meta property=\"og:image:type\" content=\"image\/png\" \/>\n<meta name=\"twitter:label1\" content=\"Dur\u00e9e de lecture estim\u00e9e\" \/>\n\t<meta name=\"twitter:data1\" content=\"1 minute\" \/>\n<script type=\"application\/ld+json\" class=\"yoast-schema-graph\">{\"@context\":\"https:\\\/\\\/schema.org\",\"@graph\":[{\"@type\":\"WebPage\",\"@id\":\"https:\\\/\\\/www.mydatec.com\\\/fr\\\/applications-vmc-thermodynamique\\\/tertiaire-vmc-mydatec\\\/\",\"url\":\"https:\\\/\\\/www.mydatec.com\\\/fr\\\/applications-vmc-thermodynamique\\\/tertiaire-vmc-mydatec\\\/\",\"name\":\"Applications tertiaires VMC double flux\",\"isPartOf\":{\"@id\":\"https:\\\/\\\/www.mydatec.com\\\/fr\\\/#website\"},\"primaryImageOfPage\":{\"@id\":\"https:\\\/\\\/www.mydatec.com\\\/fr\\\/applications-vmc-thermodynamique\\\/tertiaire-vmc-mydatec\\\/#primaryimage\"},\"image\":{\"@id\":\"https:\\\/\\\/www.mydatec.com\\\/fr\\\/applications-vmc-thermodynamique\\\/tertiaire-vmc-mydatec\\\/#primaryimage\"},\"thumbnailUrl\":\"https:\\\/\\\/www.mydatec.com\\\/wp-content\\\/uploads\\\/2012\\\/12\\\/ico_tertiaire1.png\",\"datePublished\":\"2012-12-07T15:42:06+00:00\",\"dateModified\":\"2020-04-14T22:31:13+00:00\",\"description\":\"Applications tertiaires VMC double flux MyDATEC pompe \u00e0 chaleur pour \u00e9coles, cabinet m\u00e9dical, petit local, artisan commercial VMC thermodynamique\",\"breadcrumb\":{\"@id\":\"https:\\\/\\\/www.mydatec.com\\\/fr\\\/applications-vmc-thermodynamique\\\/tertiaire-vmc-mydatec\\\/#breadcrumb\"},\"inLanguage\":\"fr-FR\",\"potentialAction\":[{\"@type\":\"ReadAction\",\"target\":[\"https:\\\/\\\/www.mydatec.com\\\/fr\\\/applications-vmc-thermodynamique\\\/tertiaire-vmc-mydatec\\\/\"]}]},{\"@type\":\"ImageObject\",\"inLanguage\":\"fr-FR\",\"@id\":\"https:\\\/\\\/www.mydatec.com\\\/fr\\\/applications-vmc-thermodynamique\\\/tertiaire-vmc-mydatec\\\/#primaryimage\",\"url\":\"https:\\\/\\\/www.mydatec.com\\\/wp-content\\\/uploads\\\/2012\\\/12\\\/ico_tertiaire1.png\",\"contentUrl\":\"https:\\\/\\\/www.mydatec.com\\\/wp-content\\\/uploads\\\/2012\\\/12\\\/ico_tertiaire1.png\",\"width\":\"80\",\"height\":\"80\"},{\"@type\":\"BreadcrumbList\",\"@id\":\"https:\\\/\\\/www.mydatec.com\\\/fr\\\/applications-vmc-thermodynamique\\\/tertiaire-vmc-mydatec\\\/#breadcrumb\",\"itemListElement\":[{\"@type\":\"ListItem\",\"position\":1,\"name\":\"Accueil\",\"item\":\"https:\\\/\\\/www.mydatec.com\\\/fr\\\/\"},{\"@type\":\"ListItem\",\"position\":2,\"name\":\"Applications\",\"item\":\"https:\\\/\\\/www.mydatec.com\\\/fr\\\/applications-vmc-thermodynamique\\\/\"},{\"@type\":\"ListItem\",\"position\":3,\"name\":\"Applications tertiaires\"}]},{\"@type\":\"WebSite\",\"@id\":\"https:\\\/\\\/www.mydatec.com\\\/fr\\\/#website\",\"url\":\"https:\\\/\\\/www.mydatec.com\\\/fr\\\/\",\"name\":\"MyDATEC\",\"description\":\"La solution thermodynamique\",\"publisher\":{\"@id\":\"https:\\\/\\\/www.mydatec.com\\\/fr\\\/#organization\"},\"potentialAction\":[{\"@type\":\"SearchAction\",\"target\":{\"@type\":\"EntryPoint\",\"urlTemplate\":\"https:\\\/\\\/www.mydatec.com\\\/fr\\\/?s={search_term_string}\"},\"query-input\":{\"@type\":\"PropertyValueSpecification\",\"valueRequired\":true,\"valueName\":\"search_term_string\"}}],\"inLanguage\":\"fr-FR\"},{\"@type\":\"Organization\",\"@id\":\"https:\\\/\\\/www.mydatec.com\\\/fr\\\/#organization\",\"name\":\"MyDatec\",\"url\":\"https:\\\/\\\/www.mydatec.com\\\/fr\\\/\",\"logo\":{\"@type\":\"ImageObject\",\"inLanguage\":\"fr-FR\",\"@id\":\"https:\\\/\\\/www.mydatec.com\\\/fr\\\/#\\\/schema\\\/logo\\\/image\\\/\",\"url\":\"https:\\\/\\\/www.mydatec.com\\\/wp-content\\\/uploads\\\/2022\\\/01\\\/logo-mydatec.jpg\",\"contentUrl\":\"https:\\\/\\\/www.mydatec.com\\\/wp-content\\\/uploads\\\/2022\\\/01\\\/logo-mydatec.jpg\",\"width\":434,\"height\":351,\"caption\":\"MyDatec\"},\"image\":{\"@id\":\"https:\\\/\\\/www.mydatec.com\\\/fr\\\/#\\\/schema\\\/logo\\\/image\\\/\"},\"sameAs\":[\"http:\\\/\\\/www.linkedin.com\\\/in\\\/MyDATEC\"]}]}<\/script>\n<!-- \/ Yoast SEO plugin. -->","yoast_head_json":{"title":"Applications tertiaires VMC double flux","description":"Applications tertiaires VMC double flux MyDATEC pompe \u00e0 chaleur pour \u00e9coles, cabinet m\u00e9dical, petit local, artisan commercial VMC thermodynamique","robots":{"index":"index","follow":"follow","max-snippet":"max-snippet:-1","max-image-preview":"max-image-preview:large","max-video-preview":"max-video-preview:-1"},"canonical":"https:\/\/www.mydatec.com\/fr\/applications-vmc-thermodynamique\/tertiaire-vmc-mydatec\/","og_locale":"fr_FR","og_type":"article","og_title":"Applications tertiaires VMC double flux","og_description":"Applications tertiaires VMC double flux MyDATEC pompe \u00e0 chaleur pour \u00e9coles, cabinet m\u00e9dical, petit local, artisan commercial VMC thermodynamique","og_url":"https:\/\/www.mydatec.com\/fr\/applications-vmc-thermodynamique\/tertiaire-vmc-mydatec\/","og_site_name":"MyDATEC","article_modified_time":"2020-04-14T22:31:13+00:00","og_image":[{"width":80,"height":80,"url":"https:\/\/www.mydatec.com\/wp-content\/uploads\/2012\/12\/ico_tertiaire1.png","type":"image\/png"}],"twitter_misc":{"Dur\u00e9e de lecture estim\u00e9e":"1 minute"},"schema":{"@context":"https:\/\/schema.org","@graph":[{"@type":"WebPage","@id":"https:\/\/www.mydatec.com\/fr\/applications-vmc-thermodynamique\/tertiaire-vmc-mydatec\/","url":"https:\/\/www.mydatec.com\/fr\/applications-vmc-thermodynamique\/tertiaire-vmc-mydatec\/","name":"Applications tertiaires VMC double flux","isPartOf":{"@id":"https:\/\/www.mydatec.com\/fr\/#website"},"primaryImageOfPage":{"@id":"https:\/\/www.mydatec.com\/fr\/applications-vmc-thermodynamique\/tertiaire-vmc-mydatec\/#primaryimage"},"image":{"@id":"https:\/\/www.mydatec.com\/fr\/applications-vmc-thermodynamique\/tertiaire-vmc-mydatec\/#primaryimage"},"thumbnailUrl":"https:\/\/www.mydatec.com\/wp-content\/uploads\/2012\/12\/ico_tertiaire1.png","datePublished":"2012-12-07T15:42:06+00:00","dateModified":"2020-04-14T22:31:13+00:00","description":"Applications tertiaires VMC double flux MyDATEC pompe \u00e0 chaleur pour \u00e9coles, cabinet m\u00e9dical, petit local, artisan commercial VMC thermodynamique","breadcrumb":{"@id":"https:\/\/www.mydatec.com\/fr\/applications-vmc-thermodynamique\/tertiaire-vmc-mydatec\/#breadcrumb"},"inLanguage":"fr-FR","potentialAction":[{"@type":"ReadAction","target":["https:\/\/www.mydatec.com\/fr\/applications-vmc-thermodynamique\/tertiaire-vmc-mydatec\/"]}]},{"@type":"ImageObject","inLanguage":"fr-FR","@id":"https:\/\/www.mydatec.com\/fr\/applications-vmc-thermodynamique\/tertiaire-vmc-mydatec\/#primaryimage","url":"https:\/\/www.mydatec.com\/wp-content\/uploads\/2012\/12\/ico_tertiaire1.png","contentUrl":"https:\/\/www.mydatec.com\/wp-content\/uploads\/2012\/12\/ico_tertiaire1.png","width":"80","height":"80"},{"@type":"BreadcrumbList","@id":"https:\/\/www.mydatec.com\/fr\/applications-vmc-thermodynamique\/tertiaire-vmc-mydatec\/#breadcrumb","itemListElement":[{"@type":"ListItem","position":1,"name":"Accueil","item":"https:\/\/www.mydatec.com\/fr\/"},{"@type":"ListItem","position":2,"name":"Applications","item":"https:\/\/www.mydatec.com\/fr\/applications-vmc-thermodynamique\/"},{"@type":"ListItem","position":3,"name":"Applications tertiaires"}]},{"@type":"WebSite","@id":"https:\/\/www.mydatec.com\/fr\/#website","url":"https:\/\/www.mydatec.com\/fr\/","name":"MyDATEC","description":"La solution thermodynamique","publisher":{"@id":"https:\/\/www.mydatec.com\/fr\/#organization"},"potentialAction":[{"@type":"SearchAction","target":{"@type":"EntryPoint","urlTemplate":"https:\/\/www.mydatec.com\/fr\/?s={search_term_string}"},"query-input":{"@type":"PropertyValueSpecification","valueRequired":true,"valueName":"search_term_string"}}],"inLanguage":"fr-FR"},{"@type":"Organization","@id":"https:\/\/www.mydatec.com\/fr\/#organization","name":"MyDatec","url":"https:\/\/www.mydatec.com\/fr\/","logo":{"@type":"ImageObject","inLanguage":"fr-FR","@id":"https:\/\/www.mydatec.com\/fr\/#\/schema\/logo\/image\/","url":"https:\/\/www.mydatec.com\/wp-content\/uploads\/2022\/01\/logo-mydatec.jpg","contentUrl":"https:\/\/www.mydatec.com\/wp-content\/uploads\/2022\/01\/logo-mydatec.jpg","width":434,"height":351,"caption":"MyDatec"},"image":{"@id":"https:\/\/www.mydatec.com\/fr\/#\/schema\/logo\/image\/"},"sameAs":["http:\/\/www.linkedin.com\/in\/MyDATEC"]}]}},"_links":{"self":[{"href":"https:\/\/www.mydatec.com\/fr\/wp-json\/wp\/v2\/pages\/26","targetHints":{"allow":["GET"]}}],"collection":[{"href":"https:\/\/www.mydatec.com\/fr\/wp-json\/wp\/v2\/pages"}],"about":[{"href":"https:\/\/www.mydatec.com\/fr\/wp-json\/wp\/v2\/types\/page"}],"author":[{"embeddable":true,"href":"https:\/\/www.mydatec.com\/fr\/wp-json\/wp\/v2\/users\/6"}],"replies":[{"embeddable":true,"href":"https:\/\/www.mydatec.com\/fr\/wp-json\/wp\/v2\/comments?post=26"}],"version-history":[{"count":4,"href":"https:\/\/www.mydatec.com\/fr\/wp-json\/wp\/v2\/pages\/26\/revisions"}],"predecessor-version":[{"id":6134,"href":"https:\/\/www.mydatec.com\/fr\/wp-json\/wp\/v2\/pages\/26\/revisions\/6134"}],"up":[{"embeddable":true,"href":"https:\/\/www.mydatec.com\/fr\/wp-json\/wp\/v2\/pages\/14"}],"wp:featuredmedia":[{"embeddable":true,"href":"https:\/\/www.mydatec.com\/fr\/wp-json\/wp\/v2\/media\/795"}],"wp:attachment":[{"href":"https:\/\/www.mydatec.com\/fr\/wp-json\/wp\/v2\/media?parent=26"}],"curies":[{"name":"wp","href":"https:\/\/api.w.org\/{rel}","templated":true}]}}