{"id":25,"date":"2012-12-07T16:42:00","date_gmt":"2012-12-07T15:42:00","guid":{"rendered":"http:\/\/localhost\/wordpress\/mydatec\/sous-page\/"},"modified":"2020-04-14T23:31:08","modified_gmt":"2020-04-14T22:31:08","slug":"mydatec-vmc-maison-neuve","status":"publish","type":"page","link":"https:\/\/www.mydatec.com\/fr\/applications-vmc-thermodynamique\/mydatec-vmc-maison-neuve\/","title":{"rendered":"Construction neuve RT2012"},"content":{"rendered":"<h3 style=\"text-align: justify;\">MyDATEC dans les constructions neuves : la solution id\u00e9ale pour maisons BBC et passives<\/h3>\n<p style=\"text-align: justify;\">Les performances du syst\u00e8me thermodynamique MyDATEC sont particuli\u00e8rement valoris\u00e9es dans les maisons \u00e0 haute performance \u00e9nerg\u00e9tique. MyDATEC \u00e9quipe aujourd\u2019hui des maisons BBC et des maisons passives.<\/p>\n<p><img decoding=\"async\" class=\"aligncenter wp-image-5342\" src=\"https:\/\/www.mydatec.com\/wp-content\/uploads\/2018\/10\/mydatec-blog-energies-300x206.jpg\" alt=\"\" width=\"500\" height=\"343\" srcset=\"https:\/\/www.mydatec.com\/wp-content\/uploads\/2018\/10\/mydatec-blog-energies-31x21.jpg 31w, https:\/\/www.mydatec.com\/wp-content\/uploads\/2018\/10\/mydatec-blog-energies-38x26.jpg 38w, https:\/\/www.mydatec.com\/wp-content\/uploads\/2018\/10\/mydatec-blog-energies-148x102.jpg 148w, https:\/\/www.mydatec.com\/wp-content\/uploads\/2018\/10\/mydatec-blog-energies-300x206.jpg 300w, https:\/\/www.mydatec.com\/wp-content\/uploads\/2018\/10\/mydatec-blog-energies-313x215.jpg 313w, https:\/\/www.mydatec.com\/wp-content\/uploads\/2018\/10\/mydatec-blog-energies-768x527.jpg 768w, https:\/\/www.mydatec.com\/wp-content\/uploads\/2018\/10\/mydatec-blog-energies.jpg 1000w\" sizes=\"(max-width: 500px) 100vw, 500px\" \/><\/p>\n<p style=\"text-align: justify;\">Exemple de maison BBC RT 2012 \u00e9quip\u00e9e avec MyDATEC<\/p>\n<p style=\"text-align: justify;\"><strong><span style=\"text-decoration: underline;\">Chauffage :<\/span><\/strong><\/p>\n<ul>\n<li>VMC MyDATEC<\/li>\n<li>Radiateurs chauffe serviettes dans la salles de bain<\/li>\n<li><a href=\"https:\/\/www.mydatec.com\/produits-vmc-double-flux-thermodynamique\/couplage-poele-a-bois\/\">Po\u00eale \u00e0 bois compl\u00e9mentaire<\/a> pour l&rsquo;hiver<\/li>\n<\/ul>\n<p style=\"text-align: justify;\"><strong><span style=\"text-decoration: underline;\">Ventilation :<\/span><\/strong><\/p>\n<ul>\n<li>VMC MyDATEC<\/li>\n<\/ul>\n<p style=\"text-align: justify;\"><strong><span style=\"text-decoration: underline;\">Confort d&rsquo;\u00e9t\u00e9 (Tic)<\/span><\/strong><\/p>\n<p style=\"text-align: justify;\">&#8211; MyDATEC (possibilit\u00e9 de brider cette fonction si besoin)<\/p>\n<p style=\"text-align: justify;\"><strong><span style=\"text-decoration: underline;\">Production d&rsquo;eau chaude sanitaire<\/span><\/strong><\/p>\n<p style=\"text-align: justify;\">&#8211; <a href=\"https:\/\/www.mydatec.com\/produits-vmc-double-flux-thermodynamique\/ecs-thermodynamique\/\">Ballon ECS thermodynamique<\/a> sur air ext\u00e9rieur ou solaire<\/p>\n<p style=\"text-align: justify;\"><span style=\"text-decoration: underline;\"><strong>Les compl\u00e9ments de chauffage possibles pour les r\u00e9gions froides:<\/strong><\/span><\/p>\n<ul>\n<li><strong>Po\u00eales \u00e0 bois :<\/strong> <a href=\"https:\/\/www.mydatec.com\/produits-vmc-double-flux-thermodynamique\/couplage-poele-a-bois\/\">Couplage de MyDATEC sur un po\u00eale \u00e0 bois<\/a> pour un diffusion r\u00e9gul\u00e9e, dans toute la maison, des calories de cet appoint<\/li>\n<li><strong>R\u00e9sistances \u00e9lectriques int\u00e9gr\u00e9es\u00a0<\/strong>: Elles ne se mettront en route que lorsque le syst\u00e8me MyDATEC seul n&rsquo;arrivera plus \u00e0 atteindre la temp\u00e9rature de consigne demand\u00e9e par la thermostat.<\/li>\n<li><strong>Puits canadien<\/strong> a\u00e9raulique et <a href=\"https:\/\/www.mydatec.com\/puits-canadien-hydraulique\/\">puits canadien hydraulique<\/a> : pour lisser les pics de temp\u00e9ratures extr\u00eames en \u00e9t\u00e9 comme en hiver<\/li>\n<\/ul>\n<p><span style=\"color: #ffffff;\">.<\/span><\/p>\n<h3>Qu\u2019est-ce qu&rsquo;une maison performante thermiquement ( BBC RT 2012, passives, etc.) ?<\/h3>\n<p style=\"text-align: justify;\">Une maison performante thermiquement (maisons BBC et maisons passives), c\u2019est une maison qui a peu, voire pas du tout, besoin d\u2019\u00e9quipement de chauffage lourd pour se chauffer.<\/p>\n<p style=\"text-align: justify;\">Il y a deux moyens compl\u00e9mentaires permettant de maintenir un b\u00e2timent chaud (le principe est comparable pour maintenir un b\u00e2timent froid en \u00e9t\u00e9) :<\/p>\n<p style=\"text-align: justify;\">1. Monter le volume d\u2019air de la maison \u00e0 temp\u00e9rature<\/p>\n<ul>\n<li>On peut forcer cette mont\u00e9e en temp\u00e9rature par le biais d\u2019un syst\u00e8me de chauffage (\u00e9nergie \u00e9lectrique, gaz, bois\u2026) ;<\/li>\n<li>On peut aussi y proc\u00e9der par des moyens naturels (apports de chaleur via des surfaces vitr\u00e9es correctement orient\u00e9es par exemple) ;<\/li>\n<li>Enfin, il existe dans la maison des apports de chauffage li\u00e9s \u00e0 l\u2019activit\u00e9 de ses habitants (chaleur humaine, appareils \u00e9lectrom\u00e9nagers, chaleur d\u00e9gag\u00e9e par la salle de bain quand on prend une douche chaude, etc.)<\/li>\n<\/ul>\n<p>2. Limiter les \u00ab fuites de chaleur \u00bb (ou d\u00e9perditions thermiques) de la maison :<\/p>\n<p style=\"text-align: justify;\">Pour cela, il faut : construire une maison \u00e9tanche (pour \u00e9viter les pertes de chaleur par fuites d\u2019air), construire une maison bien isol\u00e9e (pour \u00e9viter les pertes de chaleur via les murs et le toit, en contact avec l\u2019ext\u00e9rieur). C\u2019est tout l\u2019objet des nouveaux proc\u00e9d\u00e9s de construction, et des nouvelles r\u00e9glementations thermiques qui imposent en 2013 de construire des maisons BBC (qui ont peu de besoins de chauffage) pour aller en <a href=\"https:\/\/www.mydatec.com\/rt-2012-vs-rt-2020-quoi-de-neuf-pour-la-vmc\/\">2020<\/a>, vers des maisons passives (qui ont peu voir pas du tout de besoins de chauffage).<\/p>\n<div style=\"text-align: justify;\">\n<h3>La <a href=\"https:\/\/www.mydatec.com\/principe-vmc-thermodynamique\/economie-denergie\/\">VMC thermodynamique<\/a> MyDATEC est LA solution de ventilation adapt\u00e9e aux maisons performantes thermiquement<\/h3>\n<p>Quand on s\u2019est donn\u00e9 tant de mal pour construire une maison \u00e9tanche, et isol\u00e9e, on peut comprendre qu\u2019il soit difficilement compr\u00e9hensible de cr\u00e9er finalement des ouvertures directes sur l\u2019ext\u00e9rieur via les entr\u00e9es d\u2019air situ\u00e9es au-dessus des portes et fen\u00eatres (principe de la VMC simple flux).<\/p>\n<p>Pourtant, plus la maison est \u00e9tanche, plus il est vital de ventiler efficacement pour en <a href=\"https:\/\/www.mydatec.com\/principe-vmc-thermodynamique\/qualite-de-lair\/\">extraire les polluants classiques<\/a> et toxiques (Compos\u00e9s organiques volatiles vari\u00e9s et formald\u00e9hyde) or les syst\u00e8mes simple flux les plus \u00e9conomes (Simple flux hygro-r\u00e9glable) ont la particularit\u00e9 de r\u00e9duire tr\u00e8s fortement le niveau de ventilation pour pallier aux d\u00e9perditions thermiques associ\u00e9es.<\/p>\n<p>Il devient donc \u00e9vident de choisir un syst\u00e8me de ventilation double flux, qui permettra d\u2019assurer un niveau de ventilation raisonnable, tout en \u00e9vitant de refroidir la maison via l\u2019extraction d\u2019air chaud et l\u2019entr\u00e9e d\u2019air froid. Adopter un syst\u00e8me de ventilation qui garde la totalit\u00e9 des calories de l\u2019air extrait de la VMC dans la maison en les distribuant \u00e0 l\u2019air neuf avant qu\u2019il n\u2019entre, semble la <a href=\"https:\/\/www.mydatec.com\/principe-vmc-thermodynamique\/machine-comment-ca-marche\/\">meilleure solution<\/a>, et seule la VMC double flux thermodynamique en est capable.<\/p>\n<p>La VMC thermodynamique double flux MyDATEC, par son fonctionnement 100% thermodynamique, est le syst\u00e8me le plus performant actuellement sur le march\u00e9 pour la r\u00e9cup\u00e9ration de calories sur l\u2019air extrait. Il fournit gr\u00e2ce \u00e0 l\u2019air extrait une <a href=\"https:\/\/www.mydatec.com\/produits-vmc-double-flux-thermodynamique\/reserve-puissance\/\">puissance de chauffage<\/a> de 2 \u00e0 3KW \u00e0 l\u2019air neuf avant qu\u2019il ne rentre dans la maison, avec un COP associ\u00e9 de 4 \u00e0 5 selon la temp\u00e9rature ext\u00e9rieure. (3Kw de puissance calorifique fournie pour 0,6Kw de puissance \u00e9lectrique consomm\u00e9e)<\/p>\n<h3>Maisons performantes thermiquement et probl\u00e8mes de surchauffe en \u00e9t\u00e9 \u2013 (ou confort d\u2019\u00e9t\u00e9)<\/h3>\n<p>Sur les maisons BBC et les maisons passives, on assiste souvent \u00e0 un ph\u00e9nom\u00e8ne de surchauffe rapide du b\u00e2timent.<\/p>\n<p><img decoding=\"async\" class=\"alignleft size-medium wp-image-227\" title=\"MyDatec VMC double flux thermodynamique pour maison neuve climatisation chauffage ventilation maison BBC\" src=\"https:\/\/www.mydatec.com\/wp-content\/uploads\/2012\/12\/Mydatec-maison-neuve-VMC-double-flux-simple-thermodynamique-climatisation-BBC-300x246.jpg\" alt=\"MyDatec VMC double flux thermodynamique pour maison neuve\" width=\"300\" height=\"246\" srcset=\"https:\/\/www.mydatec.com\/wp-content\/uploads\/2012\/12\/Mydatec-maison-neuve-VMC-double-flux-simple-thermodynamique-climatisation-BBC-300x246.jpg 300w, https:\/\/www.mydatec.com\/wp-content\/uploads\/2012\/12\/Mydatec-maison-neuve-VMC-double-flux-simple-thermodynamique-climatisation-BBC.jpg 512w\" sizes=\"(max-width: 300px) 100vw, 300px\" \/>En effet, de ces maisons plut\u00f4t optimis\u00e9es pour l\u2019hiver, peuvent surgir des probl\u00e9matiques de surchauffes en \u00e9t\u00e9, mais aussi en hiver et en mi-saison parfois!<\/p>\n<p>Les maisons BBC et passives montent tr\u00e8s vite en temp\u00e9rature m\u00eame avec une petite source de chauffage (parfois seuls les radiateurs chauffe-serviettes ou les apports solaires en hiver suffisent), mais il est plus difficile de les rafra\u00eechir de mani\u00e8re r\u00e9active.<\/p>\n<p>Par la <a href=\"https:\/\/www.mydatec.com\/la-vmc-thermodynamique-double-flux-de-mydatec-reversible-comment-ca-marche\/\">r\u00e9versibilit\u00e9<\/a> de la pompe \u00e0 chaleur et ses d\u00e9bits variables, le syst\u00e8me MyDATEC est en mesure de rafra\u00eechir le logement activement, et \u00e9galement d\u2019assurer si besoin un \u00ab\u00a0free cooling\u00a0\u00bb respectueux de l\u2019environnement. De plus, faire le choix du chauffage* et rafra\u00eechissement par l\u2019air, comme le permet la VMC thermodynamique MyDATEC, c\u2019est choisir le mode de r\u00e9gulation le plus r\u00e9actif (pas d\u2019inertie comme pour un plancher chauffant par exemple)<\/p>\n<h5>*<i>chauffage\u00a0: MyDATEC est un syst\u00e8me de ventilation, qui par r\u00e9cup\u00e9ration thermodynamique sur l\u2019air extrait, apporte une puissance calorifique ou frigorifique. Ce syst\u00e8me doit toujours \u00eatre associ\u00e9 \u00e0 un compl\u00e9ment de chauffage. L\u2019installation globale de chauffage doit \u00eatre d\u00e9finie au travers d\u2019une \u00e9tude de dimensionnement (thermique, a\u00e9raulique, etc.) qui doit \u00eatre r\u00e9alis\u00e9e par un professionnel qualifi\u00e9.<\/i><\/h5>\n<\/div>\n","protected":false},"excerpt":{"rendered":"<p>MyDATEC dans les constructions neuves : la solution id\u00e9ale pour maisons BBC et passives Les performances du syst\u00e8me thermodynamique MyDATEC sont particuli\u00e8rement valoris\u00e9es dans les  [&#8230;]<\/p>\n","protected":false},"author":6,"featured_media":789,"parent":14,"menu_order":0,"comment_status":"closed","ping_status":"closed","template":"","meta":{"footnotes":""},"class_list":["post-25","page","type-page","status-publish","has-post-thumbnail","hentry"],"yoast_head":"<!-- This site is optimized with the Yoast SEO plugin v27.5 - https:\/\/yoast.com\/product\/yoast-seo-wordpress\/ -->\n<title>Construction neuve BBC VMC pompe \u00e0 chaleur<\/title>\n<meta name=\"description\" content=\"Construction neuve BBC VMC pompe \u00e0 chaleur MyDATEC double flux thermodynamique ventilation chauffage air frais made in France\" \/>\n<meta name=\"robots\" content=\"index, follow, max-snippet:-1, max-image-preview:large, max-video-preview:-1\" \/>\n<link rel=\"canonical\" href=\"https:\/\/www.mydatec.com\/fr\/applications-vmc-thermodynamique\/mydatec-vmc-maison-neuve\/\" \/>\n<meta property=\"og:locale\" content=\"fr_FR\" \/>\n<meta property=\"og:type\" content=\"article\" \/>\n<meta property=\"og:title\" content=\"Construction neuve BBC VMC pompe \u00e0 chaleur\" \/>\n<meta property=\"og:description\" content=\"Construction neuve BBC VMC pompe \u00e0 chaleur MyDATEC double flux thermodynamique ventilation chauffage air frais made in France\" \/>\n<meta property=\"og:url\" content=\"https:\/\/www.mydatec.com\/fr\/applications-vmc-thermodynamique\/mydatec-vmc-maison-neuve\/\" \/>\n<meta property=\"og:site_name\" content=\"MyDATEC\" \/>\n<meta property=\"article:modified_time\" content=\"2020-04-14T22:31:08+00:00\" \/>\n<meta property=\"og:image\" content=\"https:\/\/www.mydatec.com\/wp-content\/uploads\/2012\/12\/ico_neuf.png\" \/>\n\t<meta property=\"og:image:width\" content=\"80\" \/>\n\t<meta property=\"og:image:height\" content=\"80\" \/>\n\t<meta property=\"og:image:type\" content=\"image\/png\" \/>\n<meta name=\"twitter:label1\" content=\"Dur\u00e9e de lecture estim\u00e9e\" \/>\n\t<meta name=\"twitter:data1\" content=\"5 minutes\" \/>\n<script type=\"application\/ld+json\" class=\"yoast-schema-graph\">{\"@context\":\"https:\\\/\\\/schema.org\",\"@graph\":[{\"@type\":\"WebPage\",\"@id\":\"https:\\\/\\\/www.mydatec.com\\\/fr\\\/applications-vmc-thermodynamique\\\/mydatec-vmc-maison-neuve\\\/\",\"url\":\"https:\\\/\\\/www.mydatec.com\\\/fr\\\/applications-vmc-thermodynamique\\\/mydatec-vmc-maison-neuve\\\/\",\"name\":\"Construction neuve BBC VMC pompe \u00e0 chaleur\",\"isPartOf\":{\"@id\":\"https:\\\/\\\/www.mydatec.com\\\/fr\\\/#website\"},\"primaryImageOfPage\":{\"@id\":\"https:\\\/\\\/www.mydatec.com\\\/fr\\\/applications-vmc-thermodynamique\\\/mydatec-vmc-maison-neuve\\\/#primaryimage\"},\"image\":{\"@id\":\"https:\\\/\\\/www.mydatec.com\\\/fr\\\/applications-vmc-thermodynamique\\\/mydatec-vmc-maison-neuve\\\/#primaryimage\"},\"thumbnailUrl\":\"https:\\\/\\\/www.mydatec.com\\\/wp-content\\\/uploads\\\/2012\\\/12\\\/ico_neuf.png\",\"datePublished\":\"2012-12-07T15:42:00+00:00\",\"dateModified\":\"2020-04-14T22:31:08+00:00\",\"description\":\"Construction neuve BBC VMC pompe \u00e0 chaleur MyDATEC double flux thermodynamique ventilation chauffage air frais made in France\",\"breadcrumb\":{\"@id\":\"https:\\\/\\\/www.mydatec.com\\\/fr\\\/applications-vmc-thermodynamique\\\/mydatec-vmc-maison-neuve\\\/#breadcrumb\"},\"inLanguage\":\"fr-FR\",\"potentialAction\":[{\"@type\":\"ReadAction\",\"target\":[\"https:\\\/\\\/www.mydatec.com\\\/fr\\\/applications-vmc-thermodynamique\\\/mydatec-vmc-maison-neuve\\\/\"]}]},{\"@type\":\"ImageObject\",\"inLanguage\":\"fr-FR\",\"@id\":\"https:\\\/\\\/www.mydatec.com\\\/fr\\\/applications-vmc-thermodynamique\\\/mydatec-vmc-maison-neuve\\\/#primaryimage\",\"url\":\"https:\\\/\\\/www.mydatec.com\\\/wp-content\\\/uploads\\\/2012\\\/12\\\/ico_neuf.png\",\"contentUrl\":\"https:\\\/\\\/www.mydatec.com\\\/wp-content\\\/uploads\\\/2012\\\/12\\\/ico_neuf.png\",\"width\":\"80\",\"height\":\"80\"},{\"@type\":\"BreadcrumbList\",\"@id\":\"https:\\\/\\\/www.mydatec.com\\\/fr\\\/applications-vmc-thermodynamique\\\/mydatec-vmc-maison-neuve\\\/#breadcrumb\",\"itemListElement\":[{\"@type\":\"ListItem\",\"position\":1,\"name\":\"Accueil\",\"item\":\"https:\\\/\\\/www.mydatec.com\\\/fr\\\/\"},{\"@type\":\"ListItem\",\"position\":2,\"name\":\"Applications\",\"item\":\"https:\\\/\\\/www.mydatec.com\\\/fr\\\/applications-vmc-thermodynamique\\\/\"},{\"@type\":\"ListItem\",\"position\":3,\"name\":\"Construction neuve RT2012\"}]},{\"@type\":\"WebSite\",\"@id\":\"https:\\\/\\\/www.mydatec.com\\\/fr\\\/#website\",\"url\":\"https:\\\/\\\/www.mydatec.com\\\/fr\\\/\",\"name\":\"MyDATEC\",\"description\":\"La solution thermodynamique\",\"publisher\":{\"@id\":\"https:\\\/\\\/www.mydatec.com\\\/fr\\\/#organization\"},\"potentialAction\":[{\"@type\":\"SearchAction\",\"target\":{\"@type\":\"EntryPoint\",\"urlTemplate\":\"https:\\\/\\\/www.mydatec.com\\\/fr\\\/?s={search_term_string}\"},\"query-input\":{\"@type\":\"PropertyValueSpecification\",\"valueRequired\":true,\"valueName\":\"search_term_string\"}}],\"inLanguage\":\"fr-FR\"},{\"@type\":\"Organization\",\"@id\":\"https:\\\/\\\/www.mydatec.com\\\/fr\\\/#organization\",\"name\":\"MyDatec\",\"url\":\"https:\\\/\\\/www.mydatec.com\\\/fr\\\/\",\"logo\":{\"@type\":\"ImageObject\",\"inLanguage\":\"fr-FR\",\"@id\":\"https:\\\/\\\/www.mydatec.com\\\/fr\\\/#\\\/schema\\\/logo\\\/image\\\/\",\"url\":\"https:\\\/\\\/www.mydatec.com\\\/wp-content\\\/uploads\\\/2022\\\/01\\\/logo-mydatec.jpg\",\"contentUrl\":\"https:\\\/\\\/www.mydatec.com\\\/wp-content\\\/uploads\\\/2022\\\/01\\\/logo-mydatec.jpg\",\"width\":434,\"height\":351,\"caption\":\"MyDatec\"},\"image\":{\"@id\":\"https:\\\/\\\/www.mydatec.com\\\/fr\\\/#\\\/schema\\\/logo\\\/image\\\/\"},\"sameAs\":[\"http:\\\/\\\/www.linkedin.com\\\/in\\\/MyDATEC\"]}]}<\/script>\n<!-- \/ Yoast SEO plugin. -->","yoast_head_json":{"title":"Construction neuve BBC VMC pompe \u00e0 chaleur","description":"Construction neuve BBC VMC pompe \u00e0 chaleur MyDATEC double flux thermodynamique ventilation chauffage air frais made in France","robots":{"index":"index","follow":"follow","max-snippet":"max-snippet:-1","max-image-preview":"max-image-preview:large","max-video-preview":"max-video-preview:-1"},"canonical":"https:\/\/www.mydatec.com\/fr\/applications-vmc-thermodynamique\/mydatec-vmc-maison-neuve\/","og_locale":"fr_FR","og_type":"article","og_title":"Construction neuve BBC VMC pompe \u00e0 chaleur","og_description":"Construction neuve BBC VMC pompe \u00e0 chaleur MyDATEC double flux thermodynamique ventilation chauffage air frais made in France","og_url":"https:\/\/www.mydatec.com\/fr\/applications-vmc-thermodynamique\/mydatec-vmc-maison-neuve\/","og_site_name":"MyDATEC","article_modified_time":"2020-04-14T22:31:08+00:00","og_image":[{"width":80,"height":80,"url":"https:\/\/www.mydatec.com\/wp-content\/uploads\/2012\/12\/ico_neuf.png","type":"image\/png"}],"twitter_misc":{"Dur\u00e9e de lecture estim\u00e9e":"5 minutes"},"schema":{"@context":"https:\/\/schema.org","@graph":[{"@type":"WebPage","@id":"https:\/\/www.mydatec.com\/fr\/applications-vmc-thermodynamique\/mydatec-vmc-maison-neuve\/","url":"https:\/\/www.mydatec.com\/fr\/applications-vmc-thermodynamique\/mydatec-vmc-maison-neuve\/","name":"Construction neuve BBC VMC pompe \u00e0 chaleur","isPartOf":{"@id":"https:\/\/www.mydatec.com\/fr\/#website"},"primaryImageOfPage":{"@id":"https:\/\/www.mydatec.com\/fr\/applications-vmc-thermodynamique\/mydatec-vmc-maison-neuve\/#primaryimage"},"image":{"@id":"https:\/\/www.mydatec.com\/fr\/applications-vmc-thermodynamique\/mydatec-vmc-maison-neuve\/#primaryimage"},"thumbnailUrl":"https:\/\/www.mydatec.com\/wp-content\/uploads\/2012\/12\/ico_neuf.png","datePublished":"2012-12-07T15:42:00+00:00","dateModified":"2020-04-14T22:31:08+00:00","description":"Construction neuve BBC VMC pompe \u00e0 chaleur MyDATEC double flux thermodynamique ventilation chauffage air frais made in France","breadcrumb":{"@id":"https:\/\/www.mydatec.com\/fr\/applications-vmc-thermodynamique\/mydatec-vmc-maison-neuve\/#breadcrumb"},"inLanguage":"fr-FR","potentialAction":[{"@type":"ReadAction","target":["https:\/\/www.mydatec.com\/fr\/applications-vmc-thermodynamique\/mydatec-vmc-maison-neuve\/"]}]},{"@type":"ImageObject","inLanguage":"fr-FR","@id":"https:\/\/www.mydatec.com\/fr\/applications-vmc-thermodynamique\/mydatec-vmc-maison-neuve\/#primaryimage","url":"https:\/\/www.mydatec.com\/wp-content\/uploads\/2012\/12\/ico_neuf.png","contentUrl":"https:\/\/www.mydatec.com\/wp-content\/uploads\/2012\/12\/ico_neuf.png","width":"80","height":"80"},{"@type":"BreadcrumbList","@id":"https:\/\/www.mydatec.com\/fr\/applications-vmc-thermodynamique\/mydatec-vmc-maison-neuve\/#breadcrumb","itemListElement":[{"@type":"ListItem","position":1,"name":"Accueil","item":"https:\/\/www.mydatec.com\/fr\/"},{"@type":"ListItem","position":2,"name":"Applications","item":"https:\/\/www.mydatec.com\/fr\/applications-vmc-thermodynamique\/"},{"@type":"ListItem","position":3,"name":"Construction neuve RT2012"}]},{"@type":"WebSite","@id":"https:\/\/www.mydatec.com\/fr\/#website","url":"https:\/\/www.mydatec.com\/fr\/","name":"MyDATEC","description":"La solution thermodynamique","publisher":{"@id":"https:\/\/www.mydatec.com\/fr\/#organization"},"potentialAction":[{"@type":"SearchAction","target":{"@type":"EntryPoint","urlTemplate":"https:\/\/www.mydatec.com\/fr\/?s={search_term_string}"},"query-input":{"@type":"PropertyValueSpecification","valueRequired":true,"valueName":"search_term_string"}}],"inLanguage":"fr-FR"},{"@type":"Organization","@id":"https:\/\/www.mydatec.com\/fr\/#organization","name":"MyDatec","url":"https:\/\/www.mydatec.com\/fr\/","logo":{"@type":"ImageObject","inLanguage":"fr-FR","@id":"https:\/\/www.mydatec.com\/fr\/#\/schema\/logo\/image\/","url":"https:\/\/www.mydatec.com\/wp-content\/uploads\/2022\/01\/logo-mydatec.jpg","contentUrl":"https:\/\/www.mydatec.com\/wp-content\/uploads\/2022\/01\/logo-mydatec.jpg","width":434,"height":351,"caption":"MyDatec"},"image":{"@id":"https:\/\/www.mydatec.com\/fr\/#\/schema\/logo\/image\/"},"sameAs":["http:\/\/www.linkedin.com\/in\/MyDATEC"]}]}},"_links":{"self":[{"href":"https:\/\/www.mydatec.com\/fr\/wp-json\/wp\/v2\/pages\/25","targetHints":{"allow":["GET"]}}],"collection":[{"href":"https:\/\/www.mydatec.com\/fr\/wp-json\/wp\/v2\/pages"}],"about":[{"href":"https:\/\/www.mydatec.com\/fr\/wp-json\/wp\/v2\/types\/page"}],"author":[{"embeddable":true,"href":"https:\/\/www.mydatec.com\/fr\/wp-json\/wp\/v2\/users\/6"}],"replies":[{"embeddable":true,"href":"https:\/\/www.mydatec.com\/fr\/wp-json\/wp\/v2\/comments?post=25"}],"version-history":[{"count":5,"href":"https:\/\/www.mydatec.com\/fr\/wp-json\/wp\/v2\/pages\/25\/revisions"}],"predecessor-version":[{"id":6157,"href":"https:\/\/www.mydatec.com\/fr\/wp-json\/wp\/v2\/pages\/25\/revisions\/6157"}],"up":[{"embeddable":true,"href":"https:\/\/www.mydatec.com\/fr\/wp-json\/wp\/v2\/pages\/14"}],"wp:featuredmedia":[{"embeddable":true,"href":"https:\/\/www.mydatec.com\/fr\/wp-json\/wp\/v2\/media\/789"}],"wp:attachment":[{"href":"https:\/\/www.mydatec.com\/fr\/wp-json\/wp\/v2\/media?parent=25"}],"curies":[{"name":"wp","href":"https:\/\/api.w.org\/{rel}","templated":true}]}}