{"id":23,"date":"2012-12-07T16:41:47","date_gmt":"2012-12-07T15:41:47","guid":{"rendered":"http:\/\/localhost\/wordpress\/mydatec\/confort\/"},"modified":"2020-04-14T23:33:08","modified_gmt":"2020-04-14T22:33:08","slug":"confort","status":"publish","type":"page","link":"https:\/\/www.mydatec.com\/fr\/principe-vmc-thermodynamique\/confort\/","title":{"rendered":"Confort"},"content":{"rendered":"<h3 style=\"text-align: justify;\">Un syst\u00e8me r\u00e9actif et imperceptible<\/h3>\n<p style=\"text-align: justify;\"><strong><span style=\"color: #000080;\"><img decoding=\"async\" class=\"alignleft size-full wp-image-492\" title=\"Confort acoustique VMC thermodynamique\" src=\"https:\/\/www.mydatec.com\/wp-content\/uploads\/2012\/12\/Confort-acoustique-VMC-thermodynamique.jpg\" alt=\"Confort acoustique VMC thermodynamique\" width=\"200\" height=\"300\" \/><\/span><\/strong>Le syst\u00e8me MyDATEC fonctionnant \u00e0 des d\u00e9bits r\u00e9duits (d\u00e9bits de ventilation), le confort apport\u00e9 est incomparable\u00a0:<\/p>\n<p style=\"text-align: justify;\"><span style=\"color: #000080;\">Une temp\u00e9rature r\u00e9active et homog\u00e8ne<\/span>\u00a0: Apportant une <a href=\"https:\/\/www.mydatec.com\/produits-vmc-double-flux-thermodynamique\/reserve-puissance\/\">puissance de chauffage<\/a>* ou de rafra\u00eechissement via l\u2019air, la VMC thermodynamique MyDATEC vous permet de r\u00e9guler la temp\u00e9rature de votre maison de mani\u00e8re tr\u00e8s r\u00e9active. Sous r\u00e9serve d\u2019un logement bien isol\u00e9 et \u00e9tanche, le chauffage ou rafra\u00eechissement par l\u2019air est la meilleure solution pour augmenter ou abaisser la temp\u00e9rature de votre logement de mani\u00e8re rapide.<\/p>\n<p style=\"text-align: justify;\"><span style=\"color: #000080;\">Des flux d\u2019air imperceptibles gr\u00e2ce \u00e0 des d\u00e9bits r\u00e9duits<\/span>\u00a0: Contrairement \u00e0 d\u2019autres syst\u00e8mes qui fonctionnent sur des d\u00e9bits plus \u00e9lev\u00e9es, la VMC thermodynamique MyDATEC a l\u2019avantage d\u2019\u00eatre tr\u00e8s silencieuse, et ne provoque pas de sensations de courants d\u2019air. L\u2019air est ainsi diffus\u00e9 par des <a href=\"https:\/\/www.mydatec.com\/bouche-chauffante-pour-plafond\/\">grilles<\/a> de soufflage qui orientent le flux d\u2019air le long du plafond, de mani\u00e8re imperceptible.<\/p>\n<p style=\"text-align: justify;\"><span style=\"color: #ffffff;\">.<\/span><\/p>\n<p style=\"text-align: justify;\"><span style=\"color: #ffffff;\">.<\/span><\/p>\n<h3 style=\"text-align: justify;\">Le confort acoustique de la VMC<\/h3>\n<p style=\"text-align: justify;\">Une des particularit\u00e9s du syst\u00e8me MyDATEC, c\u2019est son silence, sa discr\u00e9tion, en comparaison avec les syst\u00e8mes de PAC air\/ air ou de climatisation classiques. Le bruit peut venir de diff\u00e9rentes sources et MyDATEC a su y rem\u00e9dier:<\/p>\n<p style=\"text-align: justify;\">Lorsque la pompe \u00e0 chaleur se met en marche, on peut entendre le d\u00e9marrage du compresseur\u00a0lorsqu\u2019on s\u2019approche de la machine. M\u00eame si c\u2019est un niveau de bruit tr\u00e8s faible, lorsque le bureau d\u2019\u00e9tude technique MyDATEC <a href=\"https:\/\/www.mydatec.com\/votre-vmc-double-flux-thermodynamique-un-prix-sur-mesure-service-compris\/\">dimensionne la centrale adapt\u00e9e \u00e0 votre projet<\/a>, ils prendront soin de choisir un emplacement qui n\u2019est pas en contact direct avec une chambre ou une pi\u00e8ce sensible, de mani\u00e8re \u00e0 ce que les occupants b\u00e9n\u00e9ficient du meilleur confort possible. Nous vous pr\u00e9conisons d&rsquo;installer la machine dans une pi\u00e8ce technique (cellier ou buanderie ou combles) avec une isolation acoustique des cloisons. De m\u00eame, la centrale est \u00e9quip\u00e9e de plots et kit de suspension anti-vibratile.<\/p>\n<p style=\"text-align: justify;\"><span style=\"color: #000080;\">Une centrale silencieuse<\/span>\u00a0: le syst\u00e8me est totalement inaudible\u00a0lorsqu\u2019il fonctionne en mode ventilation.<\/p>\n<p style=\"text-align: justify;\"><strong><span style=\"color: #000080;\"><br \/>\n<a href=\"https:\/\/www.mydatec.com\/principe-vmc-thermodynamique\/economie-denergie\/\" rel=\"attachment wp-att-498\"><img decoding=\"async\" class=\"alignright size-medium wp-image-498\" title=\"VMC double flux thermodynamique confort acoustique\" src=\"https:\/\/www.mydatec.com\/wp-content\/uploads\/2012\/12\/VMC-Double-flux-thermodynamique-confort-optimal2-300x200.jpg\" alt=\"\" width=\"300\" height=\"200\" srcset=\"https:\/\/www.mydatec.com\/wp-content\/uploads\/2012\/12\/VMC-Double-flux-thermodynamique-confort-optimal2-300x200.jpg 300w, https:\/\/www.mydatec.com\/wp-content\/uploads\/2012\/12\/VMC-Double-flux-thermodynamique-confort-optimal2.jpg 353w\" sizes=\"(max-width: 300px) 100vw, 300px\" \/><\/a><\/span><\/strong><span style=\"color: #000080;\">Un r\u00e9seau phonique performant<\/span> : les gaines a\u00e9rauliques peuvent \u00eatre vectrices de bruit provoqu\u00e9 par le flux d\u2019air dans le conduit. Pour cela MyDATEC pr\u00e9conise lors de l&rsquo;installation d&rsquo;une <a href=\"https:\/\/www.mydatec.com\/gaine-nettoyable\/\">gaine<\/a> aluphonique, de telle sorte qu\u2019aucun bruit ne puisse \u00eatre engendr\u00e9 par le r\u00e9seau.<\/p>\n<p style=\"text-align: justify;\"><span style=\"color: #000080;\">Une isolation des bruits ext\u00e9rieurs<strong>\u00a0<\/strong><\/span>: en optant pour une VMC thermodynamique, vous vous pr\u00e9servez des bruits qui proviennent de l\u2019ext\u00e9rieur de votre habitation. En effet, le syst\u00e8me double flux, en contr\u00f4lant les flux d\u2019air entrant et sortant de la maison, isole votre maison des pollutions sonores ext\u00e9rieures.<\/p>\n<p style=\"text-align: justify;\"><span style=\"color: #ffffff;\">.<\/span><\/p>\n<h3 style=\"text-align: justify;\">3 fonctions, tout en 1 bloc compact<\/h3>\n<p style=\"text-align: justify;\">Le confort, c\u2019est aussi la tranquillit\u00e9. MyDATEC est un syst\u00e8me compact, peu encombrant. La centrale est monobloc ce qui permet de la placer dans un placard, en sous-sol, en local technique, ou en comble.<\/p>\n<p style=\"text-align: justify;\">Il existe <a href=\"https:\/\/www.mydatec.com\/machines\/\">deux versions du produit<\/a> (Horizontale et verticale) pour que la centrale trouve sa place en toute simplicit\u00e9 selon vos contraintes d\u2019implantation.<\/p>\n<h5>*<i>chauffage\u00a0: MyDATEC est un syst\u00e8me de ventilation, qui par r\u00e9cup\u00e9ration thermodynamique sur l\u2019air extrait, apporte une puissance calorifique ou frigorifique. Ce syst\u00e8me doit toujours \u00eatre associ\u00e9 \u00e0 un compl\u00e9ment de chauffage. L\u2019installation globale de chauffage doit \u00eatre d\u00e9finie au travers d\u2019une \u00e9tude de dimensionnement (thermique, a\u00e9raulique, etc.) qui doit \u00eatre r\u00e9alis\u00e9e par un professionnel qualifi\u00e9.<\/i><\/h5>\n<p style=\"text-align: center;\">[button link=\u00a0\u00bb<a href=\"https:\/\/www.mydatec.com\/produits-vmc-double-flux-thermodynamique\/smart-v\/\">https:\/\/www.mydatec.com\/produits-vmc-double-flux-thermodynamique\/la-gamme-v\/<\/a>\u00ab\u00a0]D\u00e9couvrir la gamme Verticale[\/button][button link=\u00a0\u00bbhttps:\/\/www.mydatec.com\/produits-vmc-double-flux-thermodynamique\/smart-h\/\u00a0\u00bb]D\u00e9couvrir la gamme Horizontale [\/button]<\/p>\n<p style=\"text-align: justify;\"><span style=\"color: #ffffff;\">.<\/span><\/p>\n","protected":false},"excerpt":{"rendered":"<p>Un syst\u00e8me r\u00e9actif et imperceptible Le syst\u00e8me MyDATEC fonctionnant \u00e0 des d\u00e9bits r\u00e9duits (d\u00e9bits de ventilation), le confort apport\u00e9 est incomparable\u00a0: Une temp\u00e9rature r\u00e9active et  [&#8230;]<\/p>\n","protected":false},"author":6,"featured_media":314,"parent":9,"menu_order":1,"comment_status":"closed","ping_status":"closed","template":"","meta":{"footnotes":""},"class_list":["post-23","page","type-page","status-publish","has-post-thumbnail","hentry"],"yoast_head":"<!-- This site is optimized with the Yoast SEO plugin v27.5 - https:\/\/yoast.com\/product\/yoast-seo-wordpress\/ -->\n<title>VMC silencieuse, esth\u00e9tique, blanche \/ double flux thermodynamiques<\/title>\n<meta name=\"description\" content=\"VMC silencieuse, double flux thermodynamiques , esth\u00e9tique, blanche qui s&#039;adapte dans toutes les maisons et habitations : le confort MyDATEC\" \/>\n<meta name=\"robots\" content=\"index, follow, max-snippet:-1, max-image-preview:large, max-video-preview:-1\" \/>\n<link rel=\"canonical\" href=\"https:\/\/www.mydatec.com\/fr\/principe-vmc-thermodynamique\/confort\/\" \/>\n<meta property=\"og:locale\" content=\"fr_FR\" \/>\n<meta property=\"og:type\" content=\"article\" \/>\n<meta property=\"og:title\" content=\"VMC silencieuse, esth\u00e9tique, blanche \/ double flux thermodynamiques\" \/>\n<meta property=\"og:description\" content=\"VMC silencieuse, double flux thermodynamiques , esth\u00e9tique, blanche qui s&#039;adapte dans toutes les maisons et habitations : le confort MyDATEC\" \/>\n<meta property=\"og:url\" content=\"https:\/\/www.mydatec.com\/fr\/principe-vmc-thermodynamique\/confort\/\" \/>\n<meta property=\"og:site_name\" content=\"MyDATEC\" \/>\n<meta property=\"article:modified_time\" content=\"2020-04-14T22:33:08+00:00\" \/>\n<meta property=\"og:image\" content=\"https:\/\/www.mydatec.com\/wp-content\/uploads\/2012\/12\/ico_confort.png\" \/>\n\t<meta property=\"og:image:width\" content=\"80\" \/>\n\t<meta property=\"og:image:height\" content=\"80\" \/>\n\t<meta property=\"og:image:type\" content=\"image\/png\" \/>\n<meta name=\"twitter:label1\" content=\"Dur\u00e9e de lecture estim\u00e9e\" \/>\n\t<meta name=\"twitter:data1\" content=\"3 minutes\" \/>\n<script type=\"application\/ld+json\" class=\"yoast-schema-graph\">{\"@context\":\"https:\\\/\\\/schema.org\",\"@graph\":[{\"@type\":\"WebPage\",\"@id\":\"https:\\\/\\\/www.mydatec.com\\\/fr\\\/principe-vmc-thermodynamique\\\/confort\\\/\",\"url\":\"https:\\\/\\\/www.mydatec.com\\\/fr\\\/principe-vmc-thermodynamique\\\/confort\\\/\",\"name\":\"VMC silencieuse, esth\u00e9tique, blanche \\\/ double flux thermodynamiques\",\"isPartOf\":{\"@id\":\"https:\\\/\\\/www.mydatec.com\\\/fr\\\/#website\"},\"primaryImageOfPage\":{\"@id\":\"https:\\\/\\\/www.mydatec.com\\\/fr\\\/principe-vmc-thermodynamique\\\/confort\\\/#primaryimage\"},\"image\":{\"@id\":\"https:\\\/\\\/www.mydatec.com\\\/fr\\\/principe-vmc-thermodynamique\\\/confort\\\/#primaryimage\"},\"thumbnailUrl\":\"https:\\\/\\\/www.mydatec.com\\\/wp-content\\\/uploads\\\/2012\\\/12\\\/ico_confort.png\",\"datePublished\":\"2012-12-07T15:41:47+00:00\",\"dateModified\":\"2020-04-14T22:33:08+00:00\",\"description\":\"VMC silencieuse, double flux thermodynamiques , esth\u00e9tique, blanche qui s'adapte dans toutes les maisons et habitations : le confort MyDATEC\",\"breadcrumb\":{\"@id\":\"https:\\\/\\\/www.mydatec.com\\\/fr\\\/principe-vmc-thermodynamique\\\/confort\\\/#breadcrumb\"},\"inLanguage\":\"fr-FR\",\"potentialAction\":[{\"@type\":\"ReadAction\",\"target\":[\"https:\\\/\\\/www.mydatec.com\\\/fr\\\/principe-vmc-thermodynamique\\\/confort\\\/\"]}]},{\"@type\":\"ImageObject\",\"inLanguage\":\"fr-FR\",\"@id\":\"https:\\\/\\\/www.mydatec.com\\\/fr\\\/principe-vmc-thermodynamique\\\/confort\\\/#primaryimage\",\"url\":\"https:\\\/\\\/www.mydatec.com\\\/wp-content\\\/uploads\\\/2012\\\/12\\\/ico_confort.png\",\"contentUrl\":\"https:\\\/\\\/www.mydatec.com\\\/wp-content\\\/uploads\\\/2012\\\/12\\\/ico_confort.png\",\"width\":\"80\",\"height\":\"80\"},{\"@type\":\"BreadcrumbList\",\"@id\":\"https:\\\/\\\/www.mydatec.com\\\/fr\\\/principe-vmc-thermodynamique\\\/confort\\\/#breadcrumb\",\"itemListElement\":[{\"@type\":\"ListItem\",\"position\":1,\"name\":\"Accueil\",\"item\":\"https:\\\/\\\/www.mydatec.com\\\/fr\\\/\"},{\"@type\":\"ListItem\",\"position\":2,\"name\":\"Principe VMC thermodynamique\",\"item\":\"https:\\\/\\\/www.mydatec.com\\\/fr\\\/principe-vmc-thermodynamique\\\/\"},{\"@type\":\"ListItem\",\"position\":3,\"name\":\"Confort\"}]},{\"@type\":\"WebSite\",\"@id\":\"https:\\\/\\\/www.mydatec.com\\\/fr\\\/#website\",\"url\":\"https:\\\/\\\/www.mydatec.com\\\/fr\\\/\",\"name\":\"MyDATEC\",\"description\":\"La solution thermodynamique\",\"publisher\":{\"@id\":\"https:\\\/\\\/www.mydatec.com\\\/fr\\\/#organization\"},\"potentialAction\":[{\"@type\":\"SearchAction\",\"target\":{\"@type\":\"EntryPoint\",\"urlTemplate\":\"https:\\\/\\\/www.mydatec.com\\\/fr\\\/?s={search_term_string}\"},\"query-input\":{\"@type\":\"PropertyValueSpecification\",\"valueRequired\":true,\"valueName\":\"search_term_string\"}}],\"inLanguage\":\"fr-FR\"},{\"@type\":\"Organization\",\"@id\":\"https:\\\/\\\/www.mydatec.com\\\/fr\\\/#organization\",\"name\":\"MyDatec\",\"url\":\"https:\\\/\\\/www.mydatec.com\\\/fr\\\/\",\"logo\":{\"@type\":\"ImageObject\",\"inLanguage\":\"fr-FR\",\"@id\":\"https:\\\/\\\/www.mydatec.com\\\/fr\\\/#\\\/schema\\\/logo\\\/image\\\/\",\"url\":\"https:\\\/\\\/www.mydatec.com\\\/wp-content\\\/uploads\\\/2022\\\/01\\\/logo-mydatec.jpg\",\"contentUrl\":\"https:\\\/\\\/www.mydatec.com\\\/wp-content\\\/uploads\\\/2022\\\/01\\\/logo-mydatec.jpg\",\"width\":434,\"height\":351,\"caption\":\"MyDatec\"},\"image\":{\"@id\":\"https:\\\/\\\/www.mydatec.com\\\/fr\\\/#\\\/schema\\\/logo\\\/image\\\/\"},\"sameAs\":[\"http:\\\/\\\/www.linkedin.com\\\/in\\\/MyDATEC\"]}]}<\/script>\n<!-- \/ Yoast SEO plugin. -->","yoast_head_json":{"title":"VMC silencieuse, esth\u00e9tique, blanche \/ double flux thermodynamiques","description":"VMC silencieuse, double flux thermodynamiques , esth\u00e9tique, blanche qui s'adapte dans toutes les maisons et habitations : le confort MyDATEC","robots":{"index":"index","follow":"follow","max-snippet":"max-snippet:-1","max-image-preview":"max-image-preview:large","max-video-preview":"max-video-preview:-1"},"canonical":"https:\/\/www.mydatec.com\/fr\/principe-vmc-thermodynamique\/confort\/","og_locale":"fr_FR","og_type":"article","og_title":"VMC silencieuse, esth\u00e9tique, blanche \/ double flux thermodynamiques","og_description":"VMC silencieuse, double flux thermodynamiques , esth\u00e9tique, blanche qui s'adapte dans toutes les maisons et habitations : le confort MyDATEC","og_url":"https:\/\/www.mydatec.com\/fr\/principe-vmc-thermodynamique\/confort\/","og_site_name":"MyDATEC","article_modified_time":"2020-04-14T22:33:08+00:00","og_image":[{"width":80,"height":80,"url":"https:\/\/www.mydatec.com\/wp-content\/uploads\/2012\/12\/ico_confort.png","type":"image\/png"}],"twitter_misc":{"Dur\u00e9e de lecture estim\u00e9e":"3 minutes"},"schema":{"@context":"https:\/\/schema.org","@graph":[{"@type":"WebPage","@id":"https:\/\/www.mydatec.com\/fr\/principe-vmc-thermodynamique\/confort\/","url":"https:\/\/www.mydatec.com\/fr\/principe-vmc-thermodynamique\/confort\/","name":"VMC silencieuse, esth\u00e9tique, blanche \/ double flux thermodynamiques","isPartOf":{"@id":"https:\/\/www.mydatec.com\/fr\/#website"},"primaryImageOfPage":{"@id":"https:\/\/www.mydatec.com\/fr\/principe-vmc-thermodynamique\/confort\/#primaryimage"},"image":{"@id":"https:\/\/www.mydatec.com\/fr\/principe-vmc-thermodynamique\/confort\/#primaryimage"},"thumbnailUrl":"https:\/\/www.mydatec.com\/wp-content\/uploads\/2012\/12\/ico_confort.png","datePublished":"2012-12-07T15:41:47+00:00","dateModified":"2020-04-14T22:33:08+00:00","description":"VMC silencieuse, double flux thermodynamiques , esth\u00e9tique, blanche qui s'adapte dans toutes les maisons et habitations : le confort MyDATEC","breadcrumb":{"@id":"https:\/\/www.mydatec.com\/fr\/principe-vmc-thermodynamique\/confort\/#breadcrumb"},"inLanguage":"fr-FR","potentialAction":[{"@type":"ReadAction","target":["https:\/\/www.mydatec.com\/fr\/principe-vmc-thermodynamique\/confort\/"]}]},{"@type":"ImageObject","inLanguage":"fr-FR","@id":"https:\/\/www.mydatec.com\/fr\/principe-vmc-thermodynamique\/confort\/#primaryimage","url":"https:\/\/www.mydatec.com\/wp-content\/uploads\/2012\/12\/ico_confort.png","contentUrl":"https:\/\/www.mydatec.com\/wp-content\/uploads\/2012\/12\/ico_confort.png","width":"80","height":"80"},{"@type":"BreadcrumbList","@id":"https:\/\/www.mydatec.com\/fr\/principe-vmc-thermodynamique\/confort\/#breadcrumb","itemListElement":[{"@type":"ListItem","position":1,"name":"Accueil","item":"https:\/\/www.mydatec.com\/fr\/"},{"@type":"ListItem","position":2,"name":"Principe VMC thermodynamique","item":"https:\/\/www.mydatec.com\/fr\/principe-vmc-thermodynamique\/"},{"@type":"ListItem","position":3,"name":"Confort"}]},{"@type":"WebSite","@id":"https:\/\/www.mydatec.com\/fr\/#website","url":"https:\/\/www.mydatec.com\/fr\/","name":"MyDATEC","description":"La solution thermodynamique","publisher":{"@id":"https:\/\/www.mydatec.com\/fr\/#organization"},"potentialAction":[{"@type":"SearchAction","target":{"@type":"EntryPoint","urlTemplate":"https:\/\/www.mydatec.com\/fr\/?s={search_term_string}"},"query-input":{"@type":"PropertyValueSpecification","valueRequired":true,"valueName":"search_term_string"}}],"inLanguage":"fr-FR"},{"@type":"Organization","@id":"https:\/\/www.mydatec.com\/fr\/#organization","name":"MyDatec","url":"https:\/\/www.mydatec.com\/fr\/","logo":{"@type":"ImageObject","inLanguage":"fr-FR","@id":"https:\/\/www.mydatec.com\/fr\/#\/schema\/logo\/image\/","url":"https:\/\/www.mydatec.com\/wp-content\/uploads\/2022\/01\/logo-mydatec.jpg","contentUrl":"https:\/\/www.mydatec.com\/wp-content\/uploads\/2022\/01\/logo-mydatec.jpg","width":434,"height":351,"caption":"MyDatec"},"image":{"@id":"https:\/\/www.mydatec.com\/fr\/#\/schema\/logo\/image\/"},"sameAs":["http:\/\/www.linkedin.com\/in\/MyDATEC"]}]}},"_links":{"self":[{"href":"https:\/\/www.mydatec.com\/fr\/wp-json\/wp\/v2\/pages\/23","targetHints":{"allow":["GET"]}}],"collection":[{"href":"https:\/\/www.mydatec.com\/fr\/wp-json\/wp\/v2\/pages"}],"about":[{"href":"https:\/\/www.mydatec.com\/fr\/wp-json\/wp\/v2\/types\/page"}],"author":[{"embeddable":true,"href":"https:\/\/www.mydatec.com\/fr\/wp-json\/wp\/v2\/users\/6"}],"replies":[{"embeddable":true,"href":"https:\/\/www.mydatec.com\/fr\/wp-json\/wp\/v2\/comments?post=23"}],"version-history":[{"count":5,"href":"https:\/\/www.mydatec.com\/fr\/wp-json\/wp\/v2\/pages\/23\/revisions"}],"predecessor-version":[{"id":6150,"href":"https:\/\/www.mydatec.com\/fr\/wp-json\/wp\/v2\/pages\/23\/revisions\/6150"}],"up":[{"embeddable":true,"href":"https:\/\/www.mydatec.com\/fr\/wp-json\/wp\/v2\/pages\/9"}],"wp:featuredmedia":[{"embeddable":true,"href":"https:\/\/www.mydatec.com\/fr\/wp-json\/wp\/v2\/media\/314"}],"wp:attachment":[{"href":"https:\/\/www.mydatec.com\/fr\/wp-json\/wp\/v2\/media?parent=23"}],"curies":[{"name":"wp","href":"https:\/\/api.w.org\/{rel}","templated":true}]}}