{"id":1850,"date":"2013-07-08T18:55:48","date_gmt":"2013-07-08T17:55:48","guid":{"rendered":"https:\/\/www.mydatec.com\/?page_id=1850"},"modified":"2021-12-01T12:56:02","modified_gmt":"2021-12-01T11:56:02","slug":"bouche-dextraction-autoreglable","status":"publish","type":"page","link":"https:\/\/www.mydatec.com\/fr\/le-schema-dassemblage-des-accessoires-du-kit\/bouche-dextraction-autoreglable\/","title":{"rendered":"20. Bouches d&rsquo;exctraction VMC double flux"},"content":{"rendered":"<p><div class=\"fusion-fullwidth fullwidth-box fusion-builder-row-1 fusion-flex-container nonhundred-percent-fullwidth non-hundred-percent-height-scrolling ctnr-top-h1-classique\" style=\"--awb-border-radius-top-left:0px;--awb-border-radius-top-right:0px;--awb-border-radius-bottom-right:0px;--awb-border-radius-bottom-left:0px;--awb-flex-wrap:wrap;\" ><div class=\"fusion-builder-row fusion-row fusion-flex-align-items-flex-start fusion-flex-justify-content-center fusion-flex-content-wrap\" style=\"max-width:1144px;margin-left: calc(-4% \/ 2 );margin-right: calc(-4% \/ 2 );\"><div class=\"fusion-layout-column fusion_builder_column fusion-builder-column-0 fusion_builder_column_1_1 1_1 fusion-flex-column col-texte\" style=\"--awb-bg-size:cover;--awb-width-large:100%;--awb-margin-top-large:0px;--awb-spacing-right-large:1.92%;--awb-margin-bottom-large:20px;--awb-spacing-left-large:1.92%;--awb-width-medium:100%;--awb-order-medium:0;--awb-spacing-right-medium:1.92%;--awb-spacing-left-medium:1.92%;--awb-width-small:100%;--awb-order-small:0;--awb-spacing-right-small:1.92%;--awb-spacing-left-small:1.92%;\"><div class=\"fusion-column-wrapper fusion-column-has-shadow fusion-flex-justify-content-flex-start fusion-content-layout-column\"><div class=\"fusion-title title fusion-title-1 fusion-sep-none fusion-title-text fusion-title-size-one\" style=\"--awb-margin-top-small:0px;--awb-margin-right-small:0px;--awb-margin-bottom-small:20px;--awb-margin-left-small:0px;\"><h1 class=\"fusion-title-heading title-heading-left\" style=\"margin:0;\">Bouches d&rsquo;exctraction VMC double flux<\/h1><\/div><div class=\"fusion-image-element \" style=\"text-align:center;--awb-caption-title-font-family:var(--h2_typography-font-family);--awb-caption-title-font-weight:var(--h2_typography-font-weight);--awb-caption-title-font-style:var(--h2_typography-font-style);--awb-caption-title-size:var(--h2_typography-font-size);--awb-caption-title-transform:var(--h2_typography-text-transform);--awb-caption-title-line-height:var(--h2_typography-line-height);--awb-caption-title-letter-spacing:var(--h2_typography-letter-spacing);\"><span class=\" fusion-imageframe imageframe-none imageframe-1 hover-type-none\"><img decoding=\"async\" width=\"800\" height=\"600\" title=\"bouches-1\" src=\"https:\/\/www.mydatec.com\/wp-content\/uploads\/2021\/11\/bouches-1.jpg\" alt class=\"img-responsive wp-image-6973\" srcset=\"https:\/\/www.mydatec.com\/wp-content\/uploads\/2021\/11\/bouches-1-200x150.jpg 200w, https:\/\/www.mydatec.com\/wp-content\/uploads\/2021\/11\/bouches-1-400x300.jpg 400w, https:\/\/www.mydatec.com\/wp-content\/uploads\/2021\/11\/bouches-1-600x450.jpg 600w, https:\/\/www.mydatec.com\/wp-content\/uploads\/2021\/11\/bouches-1.jpg 800w\" sizes=\"(max-width: 900px) 100vw, (max-width: 640px) 100vw, 800px\" \/><\/span><\/div><div class=\"fusion-text fusion-text-1 legende\" style=\"--awb-text-transform:none;\"><p>Ceci est une l\u00e9gende<\/p>\n<\/div><div style=\"text-align:center;\"><a class=\"fusion-button button-flat fusion-button-default-size button-default fusion-button-default button-1 fusion-button-default-span fusion-button-default-type\" target=\"_self\" href=\"https:\/\/www.mydatec.com\/wp-content\/uploads\/2018\/10\/BOUCHES-EXTRACTION_19102018.pdf\"><span class=\"fusion-button-text awb-button__text awb-button__text--default\">Voir la fiche technique Bouches d\u2019extraction <\/span><\/a><\/div><\/div><\/div><\/div><\/div><div class=\"fusion-fullwidth fullwidth-box fusion-builder-row-2 fusion-flex-container nonhundred-percent-fullwidth non-hundred-percent-height-scrolling ctnr-simple\" style=\"--awb-border-radius-top-left:0px;--awb-border-radius-top-right:0px;--awb-border-radius-bottom-right:0px;--awb-border-radius-bottom-left:0px;--awb-flex-wrap:wrap;\" ><div class=\"fusion-builder-row fusion-row fusion-flex-align-items-center fusion-flex-justify-content-center fusion-flex-content-wrap\" style=\"max-width:1144px;margin-left: calc(-4% \/ 2 );margin-right: calc(-4% \/ 2 );\"><div class=\"fusion-layout-column fusion_builder_column fusion-builder-column-1 fusion_builder_column_1_1 1_1 fusion-flex-column col-inside\" style=\"--awb-bg-size:cover;--awb-width-large:100%;--awb-margin-top-large:0px;--awb-spacing-right-large:1.92%;--awb-margin-bottom-large:20px;--awb-spacing-left-large:1.92%;--awb-width-medium:100%;--awb-order-medium:0;--awb-spacing-right-medium:1.92%;--awb-spacing-left-medium:1.92%;--awb-width-small:100%;--awb-order-small:0;--awb-spacing-right-small:1.92%;--awb-spacing-left-small:1.92%;\"><div class=\"fusion-column-wrapper fusion-column-has-shadow fusion-flex-justify-content-center fusion-content-layout-column\"><div class=\"fusion-text fusion-text-2\" style=\"--awb-text-transform:none;\"><h3>APPLICATION :<\/h3>\n<p>Les bouches d\u2019extraction sont plac\u00e9es dans les pi\u00e8ces dites \u00ab\u00a0humides\u00a0\u00bb ou \u00ab\u00a0techniques\u00a0\u00bb. En r\u00e9alit\u00e9, pour la VMC double flux thermodynamique, ces bouches ont la fonction \u00ab\u00a0d\u2019aspirer\u00a0\u00bb<strong>\u00a0<a href=\"https:\/\/www.mydatec.com\/principe-vmc-thermodynamique\/qualite-de-lair\/\">l\u2019air pollu\u00e9 et humide de votre maison<\/a>.<\/strong> Elles sont indispensables pour assurer une bonne\u00a0<strong><a href=\"https:\/\/www.mydatec.com\/pourquoi-faut-il-ventiler\/\">qualit\u00e9 d\u2019air<\/a>\u00a0<\/strong>dans votre maison. On les retrouvent donc dans les salles de bains, pi\u00e8ce d\u2019eau, WC, et elles sont aussi install\u00e9es en cuisine.<\/p>\n<\/div><div class=\"fusion-image-element \" style=\"--awb-caption-title-font-family:var(--h2_typography-font-family);--awb-caption-title-font-weight:var(--h2_typography-font-weight);--awb-caption-title-font-style:var(--h2_typography-font-style);--awb-caption-title-size:var(--h2_typography-font-size);--awb-caption-title-transform:var(--h2_typography-text-transform);--awb-caption-title-line-height:var(--h2_typography-line-height);--awb-caption-title-letter-spacing:var(--h2_typography-letter-spacing);\"><span class=\" fusion-imageframe imageframe-none imageframe-2 hover-type-none\"><img decoding=\"async\" width=\"800\" height=\"600\" title=\"zone-exctraction-e1373308457441\" src=\"https:\/\/www.mydatec.com\/wp-content\/uploads\/2021\/11\/zone-exctraction-e1373308457441.jpg\" alt class=\"img-responsive wp-image-6974\" srcset=\"https:\/\/www.mydatec.com\/wp-content\/uploads\/2021\/11\/zone-exctraction-e1373308457441-200x150.jpg 200w, https:\/\/www.mydatec.com\/wp-content\/uploads\/2021\/11\/zone-exctraction-e1373308457441-400x300.jpg 400w, https:\/\/www.mydatec.com\/wp-content\/uploads\/2021\/11\/zone-exctraction-e1373308457441-600x450.jpg 600w, https:\/\/www.mydatec.com\/wp-content\/uploads\/2021\/11\/zone-exctraction-e1373308457441.jpg 800w\" sizes=\"(max-width: 900px) 100vw, (max-width: 640px) 100vw, 800px\" \/><\/span><\/div><div class=\"fusion-text fusion-text-3\" style=\"--awb-text-transform:none;\"><p>Les bouches d\u2019extraction simple auto-r\u00e9glables, assurent un d\u00e9bit d\u2019extraction d\u00e9termin\u00e9 dans une plage de pression comprise entre 50 et 160 Pa. A chaque pi\u00e8ce correspond un d\u00e9bit r\u00e9glementaire<strong> (<a href=\"https:\/\/www.mydatec.com\/reglementation\/\">voir la r\u00e9glementation des d\u00e9bits \u2013 arr\u00eat\u00e9 de Mars 1982<\/a>)<\/strong>, et \u00e0 chaque d\u00e9bit il existe une bouche auto-r\u00e9glable sp\u00e9cifique.<\/p>\n<p>Si vous choisissez le<strong>\u00a0<a href=\"https:\/\/www.mydatec.com\/service-vmc-double-flux-assistance\/preparation-kit-vmc-pret-a-poser\/\">kit d\u2019accessoires \u00ab\u00a0pr\u00eat-\u00e0-poser\u00a0\u00bb<\/a>\u00a0<\/strong>avec votre VMC thermodynamique MyDATEC, alors c\u2019est le bureau d\u2019\u00e9tude technique d\u00e9di\u00e9 qui fera le dimensionnement des bouches en fonction de la configuration de votre chantier, et pr\u00e9parera les bouches adapt\u00e9es \u00e0 chacune de vos pi\u00e8ces techniques.<\/p>\n<p>Vous n\u2019aurez ensuite qu\u2019\u00e0 vous reporter au plan fournis dans votre kit VMC thermodynamique + kit d\u2019accessoires \u00ab\u00a0pr\u00eat-\u00e0-poser\u00a0\u00bb pour positionner les bouches d\u2019extraction auto-r\u00e9glables.<\/p>\n<\/div><div style=\"text-align:center;\"><a class=\"fusion-button button-flat fusion-button-default-size button-default fusion-button-default button-2 fusion-button-default-span fusion-button-default-type\" target=\"_self\" href=\"https:\/\/www.mydatec.com\/service-vmc-double-flux-assistance__trashed\/preparation-kit-vmc-pret-a-poser\/\"><span class=\"fusion-button-text awb-button__text awb-button__text--default\">D\u00e9couvrir le kit \u00ab pr\u00eat \u00e0 poser \u00bb<\/span><\/a><\/div><\/div><\/div><\/div><\/div><div class=\"fusion-fullwidth fullwidth-box fusion-builder-row-3 fusion-flex-container nonhundred-percent-fullwidth non-hundred-percent-height-scrolling ctnr-simple ctnr-gris\" style=\"--awb-border-radius-top-left:0px;--awb-border-radius-top-right:0px;--awb-border-radius-bottom-right:0px;--awb-border-radius-bottom-left:0px;--awb-flex-wrap:wrap;\" ><div class=\"fusion-builder-row fusion-row fusion-flex-align-items-center fusion-flex-justify-content-center fusion-flex-content-wrap\" style=\"max-width:1144px;margin-left: calc(-4% \/ 2 );margin-right: calc(-4% \/ 2 );\"><div class=\"fusion-layout-column fusion_builder_column fusion-builder-column-2 fusion_builder_column_1_1 1_1 fusion-flex-column col-inside\" style=\"--awb-bg-size:cover;--awb-width-large:100%;--awb-margin-top-large:0px;--awb-spacing-right-large:1.92%;--awb-margin-bottom-large:20px;--awb-spacing-left-large:1.92%;--awb-width-medium:100%;--awb-order-medium:0;--awb-spacing-right-medium:1.92%;--awb-spacing-left-medium:1.92%;--awb-width-small:100%;--awb-order-small:0;--awb-spacing-right-small:1.92%;--awb-spacing-left-small:1.92%;\"><div class=\"fusion-column-wrapper fusion-column-has-shadow fusion-flex-justify-content-center fusion-content-layout-column\"><div class=\"fusion-text fusion-text-4\" style=\"--awb-text-transform:none;\"><h3>DESCRIPTIF TECHNIQUE :<\/h3>\n<p>(1) Grille amovible<\/p>\n<p>(2) Module de r\u00e9gulation<\/p>\n<p>(3) Corps de la bouche<\/p>\n<p>(4) Manchette avec joint \u00e0 l\u00e8vre<\/p>\n<\/div><div class=\"fusion-image-element \" style=\"--awb-caption-title-font-family:var(--h2_typography-font-family);--awb-caption-title-font-weight:var(--h2_typography-font-weight);--awb-caption-title-font-style:var(--h2_typography-font-style);--awb-caption-title-size:var(--h2_typography-font-size);--awb-caption-title-transform:var(--h2_typography-text-transform);--awb-caption-title-line-height:var(--h2_typography-line-height);--awb-caption-title-letter-spacing:var(--h2_typography-letter-spacing);\"><span class=\" fusion-imageframe imageframe-none imageframe-3 hover-type-none\"><img decoding=\"async\" width=\"800\" height=\"600\" title=\"bouche-2\" src=\"https:\/\/www.mydatec.com\/wp-content\/uploads\/2021\/11\/bouche-2.jpg\" alt class=\"img-responsive wp-image-6975\" srcset=\"https:\/\/www.mydatec.com\/wp-content\/uploads\/2021\/11\/bouche-2-200x150.jpg 200w, https:\/\/www.mydatec.com\/wp-content\/uploads\/2021\/11\/bouche-2-400x300.jpg 400w, https:\/\/www.mydatec.com\/wp-content\/uploads\/2021\/11\/bouche-2-600x450.jpg 600w, https:\/\/www.mydatec.com\/wp-content\/uploads\/2021\/11\/bouche-2.jpg 800w\" sizes=\"(max-width: 900px) 100vw, (max-width: 640px) 100vw, 800px\" \/><\/span><\/div><div class=\"fusion-text fusion-text-5\" style=\"--awb-text-transform:none;\"><h3>MISE EN \u0152UVRE :<\/h3>\n<p><b>En position murale<\/b>, les bouches d\u2019exctraction de votre V%Mc thermodynamique MyDATEC, sont mont\u00e9es par simple embo\u00eetement sur une manchette \u00d8125 fix\u00e9e pr\u00e9alablement sur le conduit. Le joint \u00e0 l\u00e8vre assure le maintien et l\u2019\u00e9tanch\u00e9it\u00e9.\u00a0<b>En plafond<\/b>, la mise en \u0153uvre peut \u00eatre r\u00e9alis\u00e9e en utilisant un manchon placo 3 griffes (de \u00d880 \u00e0 \u00d8200\u00a0mm).<\/p>\n<\/div><div class=\"fusion-image-element \" style=\"--awb-caption-title-font-family:var(--h2_typography-font-family);--awb-caption-title-font-weight:var(--h2_typography-font-weight);--awb-caption-title-font-style:var(--h2_typography-font-style);--awb-caption-title-size:var(--h2_typography-font-size);--awb-caption-title-transform:var(--h2_typography-text-transform);--awb-caption-title-line-height:var(--h2_typography-line-height);--awb-caption-title-letter-spacing:var(--h2_typography-letter-spacing);\"><span class=\" fusion-imageframe imageframe-none imageframe-4 hover-type-none\"><img decoding=\"async\" width=\"800\" height=\"600\" title=\"MPP-300&#215;290\" src=\"https:\/\/www.mydatec.com\/wp-content\/uploads\/2021\/11\/MPP-300x290-1.jpg\" alt class=\"img-responsive wp-image-6976\" srcset=\"https:\/\/www.mydatec.com\/wp-content\/uploads\/2021\/11\/MPP-300x290-1-200x150.jpg 200w, https:\/\/www.mydatec.com\/wp-content\/uploads\/2021\/11\/MPP-300x290-1-400x300.jpg 400w, https:\/\/www.mydatec.com\/wp-content\/uploads\/2021\/11\/MPP-300x290-1-600x450.jpg 600w, https:\/\/www.mydatec.com\/wp-content\/uploads\/2021\/11\/MPP-300x290-1.jpg 800w\" sizes=\"(max-width: 900px) 100vw, (max-width: 640px) 100vw, 800px\" \/><\/span><\/div><\/div><\/div><\/div><\/div><\/p>\n","protected":false},"excerpt":{"rendered":"","protected":false},"author":6,"featured_media":1860,"parent":277,"menu_order":0,"comment_status":"closed","ping_status":"closed","template":"100-width.php","meta":{"footnotes":""},"class_list":["post-1850","page","type-page","status-publish","has-post-thumbnail","hentry"],"yoast_head":"<!-- This site is optimized with the Yoast SEO plugin v27.4 - https:\/\/yoast.com\/product\/yoast-seo-wordpress\/ -->\n<title>Bouches d&#039;exctraction VMC double flux<\/title>\n<meta name=\"description\" content=\"Bouches d&#039;exctraction auto-r\u00e9glable VMC double flux\" \/>\n<meta name=\"robots\" content=\"index, follow, max-snippet:-1, max-image-preview:large, max-video-preview:-1\" \/>\n<link rel=\"canonical\" href=\"https:\/\/www.mydatec.com\/fr\/le-schema-dassemblage-des-accessoires-du-kit\/bouche-dextraction-autoreglable\/\" \/>\n<meta property=\"og:locale\" content=\"fr_FR\" \/>\n<meta property=\"og:type\" content=\"article\" \/>\n<meta property=\"og:title\" content=\"Bouches d&#039;exctraction VMC double flux\" \/>\n<meta property=\"og:description\" content=\"BOUCHE D&#039;EXTRACTION AUTOREGLABLE POUR VMC THERMODYNAMIQUE\" \/>\n<meta property=\"og:url\" content=\"https:\/\/www.mydatec.com\/fr\/le-schema-dassemblage-des-accessoires-du-kit\/bouche-dextraction-autoreglable\/\" \/>\n<meta property=\"og:site_name\" content=\"MyDATEC\" \/>\n<meta property=\"article:modified_time\" content=\"2021-12-01T11:56:02+00:00\" \/>\n<meta property=\"og:image\" content=\"https:\/\/www.mydatec.com\/wp-content\/uploads\/2013\/07\/bouche-EXTRACTION-2-e1373306306318.jpg\" \/>\n\t<meta property=\"og:image:width\" content=\"75\" \/>\n\t<meta property=\"og:image:height\" content=\"74\" \/>\n\t<meta property=\"og:image:type\" content=\"image\/jpeg\" \/>\n<meta name=\"twitter:label1\" content=\"Dur\u00e9e de lecture estim\u00e9e\" \/>\n\t<meta name=\"twitter:data1\" content=\"5 minutes\" \/>\n<script type=\"application\/ld+json\" class=\"yoast-schema-graph\">{\"@context\":\"https:\\\/\\\/schema.org\",\"@graph\":[{\"@type\":\"WebPage\",\"@id\":\"https:\\\/\\\/www.mydatec.com\\\/fr\\\/le-schema-dassemblage-des-accessoires-du-kit\\\/bouche-dextraction-autoreglable\\\/\",\"url\":\"https:\\\/\\\/www.mydatec.com\\\/fr\\\/le-schema-dassemblage-des-accessoires-du-kit\\\/bouche-dextraction-autoreglable\\\/\",\"name\":\"Bouches d'exctraction VMC double flux\",\"isPartOf\":{\"@id\":\"https:\\\/\\\/www.mydatec.com\\\/fr\\\/#website\"},\"primaryImageOfPage\":{\"@id\":\"https:\\\/\\\/www.mydatec.com\\\/fr\\\/le-schema-dassemblage-des-accessoires-du-kit\\\/bouche-dextraction-autoreglable\\\/#primaryimage\"},\"image\":{\"@id\":\"https:\\\/\\\/www.mydatec.com\\\/fr\\\/le-schema-dassemblage-des-accessoires-du-kit\\\/bouche-dextraction-autoreglable\\\/#primaryimage\"},\"thumbnailUrl\":\"https:\\\/\\\/www.mydatec.com\\\/wp-content\\\/uploads\\\/2013\\\/07\\\/bouche-EXTRACTION-2-e1373306306318.jpg\",\"datePublished\":\"2013-07-08T17:55:48+00:00\",\"dateModified\":\"2021-12-01T11:56:02+00:00\",\"description\":\"Bouches d'exctraction auto-r\u00e9glable VMC double flux\",\"breadcrumb\":{\"@id\":\"https:\\\/\\\/www.mydatec.com\\\/fr\\\/le-schema-dassemblage-des-accessoires-du-kit\\\/bouche-dextraction-autoreglable\\\/#breadcrumb\"},\"inLanguage\":\"fr-FR\",\"potentialAction\":[{\"@type\":\"ReadAction\",\"target\":[\"https:\\\/\\\/www.mydatec.com\\\/fr\\\/le-schema-dassemblage-des-accessoires-du-kit\\\/bouche-dextraction-autoreglable\\\/\"]}]},{\"@type\":\"ImageObject\",\"inLanguage\":\"fr-FR\",\"@id\":\"https:\\\/\\\/www.mydatec.com\\\/fr\\\/le-schema-dassemblage-des-accessoires-du-kit\\\/bouche-dextraction-autoreglable\\\/#primaryimage\",\"url\":\"https:\\\/\\\/www.mydatec.com\\\/wp-content\\\/uploads\\\/2013\\\/07\\\/bouche-EXTRACTION-2-e1373306306318.jpg\",\"contentUrl\":\"https:\\\/\\\/www.mydatec.com\\\/wp-content\\\/uploads\\\/2013\\\/07\\\/bouche-EXTRACTION-2-e1373306306318.jpg\",\"width\":75,\"height\":74,\"caption\":\"BOUCHE EXTRACTION VMC\"},{\"@type\":\"BreadcrumbList\",\"@id\":\"https:\\\/\\\/www.mydatec.com\\\/fr\\\/le-schema-dassemblage-des-accessoires-du-kit\\\/bouche-dextraction-autoreglable\\\/#breadcrumb\",\"itemListElement\":[{\"@type\":\"ListItem\",\"position\":1,\"name\":\"Accueil\",\"item\":\"https:\\\/\\\/www.mydatec.com\\\/fr\\\/\"},{\"@type\":\"ListItem\",\"position\":2,\"name\":\"20. Le sch\u00e9ma d&rsquo;assemblage des accessoires du kit\",\"item\":\"https:\\\/\\\/www.mydatec.com\\\/fr\\\/le-schema-dassemblage-des-accessoires-du-kit\\\/\"},{\"@type\":\"ListItem\",\"position\":3,\"name\":\"20. Bouches d&rsquo;exctraction VMC double flux\"}]},{\"@type\":\"WebSite\",\"@id\":\"https:\\\/\\\/www.mydatec.com\\\/fr\\\/#website\",\"url\":\"https:\\\/\\\/www.mydatec.com\\\/fr\\\/\",\"name\":\"MyDATEC\",\"description\":\"La solution thermodynamique\",\"publisher\":{\"@id\":\"https:\\\/\\\/www.mydatec.com\\\/fr\\\/#organization\"},\"potentialAction\":[{\"@type\":\"SearchAction\",\"target\":{\"@type\":\"EntryPoint\",\"urlTemplate\":\"https:\\\/\\\/www.mydatec.com\\\/fr\\\/?s={search_term_string}\"},\"query-input\":{\"@type\":\"PropertyValueSpecification\",\"valueRequired\":true,\"valueName\":\"search_term_string\"}}],\"inLanguage\":\"fr-FR\"},{\"@type\":\"Organization\",\"@id\":\"https:\\\/\\\/www.mydatec.com\\\/fr\\\/#organization\",\"name\":\"MyDatec\",\"url\":\"https:\\\/\\\/www.mydatec.com\\\/fr\\\/\",\"logo\":{\"@type\":\"ImageObject\",\"inLanguage\":\"fr-FR\",\"@id\":\"https:\\\/\\\/www.mydatec.com\\\/fr\\\/#\\\/schema\\\/logo\\\/image\\\/\",\"url\":\"https:\\\/\\\/www.mydatec.com\\\/wp-content\\\/uploads\\\/2022\\\/01\\\/logo-mydatec.jpg\",\"contentUrl\":\"https:\\\/\\\/www.mydatec.com\\\/wp-content\\\/uploads\\\/2022\\\/01\\\/logo-mydatec.jpg\",\"width\":434,\"height\":351,\"caption\":\"MyDatec\"},\"image\":{\"@id\":\"https:\\\/\\\/www.mydatec.com\\\/fr\\\/#\\\/schema\\\/logo\\\/image\\\/\"},\"sameAs\":[\"http:\\\/\\\/www.linkedin.com\\\/in\\\/MyDATEC\"]}]}<\/script>\n<!-- \/ Yoast SEO plugin. -->","yoast_head_json":{"title":"Bouches d'exctraction VMC double flux","description":"Bouches d'exctraction auto-r\u00e9glable VMC double flux","robots":{"index":"index","follow":"follow","max-snippet":"max-snippet:-1","max-image-preview":"max-image-preview:large","max-video-preview":"max-video-preview:-1"},"canonical":"https:\/\/www.mydatec.com\/fr\/le-schema-dassemblage-des-accessoires-du-kit\/bouche-dextraction-autoreglable\/","og_locale":"fr_FR","og_type":"article","og_title":"Bouches d'exctraction VMC double flux","og_description":"BOUCHE D'EXTRACTION AUTOREGLABLE POUR VMC THERMODYNAMIQUE","og_url":"https:\/\/www.mydatec.com\/fr\/le-schema-dassemblage-des-accessoires-du-kit\/bouche-dextraction-autoreglable\/","og_site_name":"MyDATEC","article_modified_time":"2021-12-01T11:56:02+00:00","og_image":[{"width":75,"height":74,"url":"https:\/\/www.mydatec.com\/wp-content\/uploads\/2013\/07\/bouche-EXTRACTION-2-e1373306306318.jpg","type":"image\/jpeg"}],"twitter_misc":{"Dur\u00e9e de lecture estim\u00e9e":"5 minutes"},"schema":{"@context":"https:\/\/schema.org","@graph":[{"@type":"WebPage","@id":"https:\/\/www.mydatec.com\/fr\/le-schema-dassemblage-des-accessoires-du-kit\/bouche-dextraction-autoreglable\/","url":"https:\/\/www.mydatec.com\/fr\/le-schema-dassemblage-des-accessoires-du-kit\/bouche-dextraction-autoreglable\/","name":"Bouches d'exctraction VMC double flux","isPartOf":{"@id":"https:\/\/www.mydatec.com\/fr\/#website"},"primaryImageOfPage":{"@id":"https:\/\/www.mydatec.com\/fr\/le-schema-dassemblage-des-accessoires-du-kit\/bouche-dextraction-autoreglable\/#primaryimage"},"image":{"@id":"https:\/\/www.mydatec.com\/fr\/le-schema-dassemblage-des-accessoires-du-kit\/bouche-dextraction-autoreglable\/#primaryimage"},"thumbnailUrl":"https:\/\/www.mydatec.com\/wp-content\/uploads\/2013\/07\/bouche-EXTRACTION-2-e1373306306318.jpg","datePublished":"2013-07-08T17:55:48+00:00","dateModified":"2021-12-01T11:56:02+00:00","description":"Bouches d'exctraction auto-r\u00e9glable VMC double flux","breadcrumb":{"@id":"https:\/\/www.mydatec.com\/fr\/le-schema-dassemblage-des-accessoires-du-kit\/bouche-dextraction-autoreglable\/#breadcrumb"},"inLanguage":"fr-FR","potentialAction":[{"@type":"ReadAction","target":["https:\/\/www.mydatec.com\/fr\/le-schema-dassemblage-des-accessoires-du-kit\/bouche-dextraction-autoreglable\/"]}]},{"@type":"ImageObject","inLanguage":"fr-FR","@id":"https:\/\/www.mydatec.com\/fr\/le-schema-dassemblage-des-accessoires-du-kit\/bouche-dextraction-autoreglable\/#primaryimage","url":"https:\/\/www.mydatec.com\/wp-content\/uploads\/2013\/07\/bouche-EXTRACTION-2-e1373306306318.jpg","contentUrl":"https:\/\/www.mydatec.com\/wp-content\/uploads\/2013\/07\/bouche-EXTRACTION-2-e1373306306318.jpg","width":75,"height":74,"caption":"BOUCHE EXTRACTION VMC"},{"@type":"BreadcrumbList","@id":"https:\/\/www.mydatec.com\/fr\/le-schema-dassemblage-des-accessoires-du-kit\/bouche-dextraction-autoreglable\/#breadcrumb","itemListElement":[{"@type":"ListItem","position":1,"name":"Accueil","item":"https:\/\/www.mydatec.com\/fr\/"},{"@type":"ListItem","position":2,"name":"20. Le sch\u00e9ma d&rsquo;assemblage des accessoires du kit","item":"https:\/\/www.mydatec.com\/fr\/le-schema-dassemblage-des-accessoires-du-kit\/"},{"@type":"ListItem","position":3,"name":"20. Bouches d&rsquo;exctraction VMC double flux"}]},{"@type":"WebSite","@id":"https:\/\/www.mydatec.com\/fr\/#website","url":"https:\/\/www.mydatec.com\/fr\/","name":"MyDATEC","description":"La solution thermodynamique","publisher":{"@id":"https:\/\/www.mydatec.com\/fr\/#organization"},"potentialAction":[{"@type":"SearchAction","target":{"@type":"EntryPoint","urlTemplate":"https:\/\/www.mydatec.com\/fr\/?s={search_term_string}"},"query-input":{"@type":"PropertyValueSpecification","valueRequired":true,"valueName":"search_term_string"}}],"inLanguage":"fr-FR"},{"@type":"Organization","@id":"https:\/\/www.mydatec.com\/fr\/#organization","name":"MyDatec","url":"https:\/\/www.mydatec.com\/fr\/","logo":{"@type":"ImageObject","inLanguage":"fr-FR","@id":"https:\/\/www.mydatec.com\/fr\/#\/schema\/logo\/image\/","url":"https:\/\/www.mydatec.com\/wp-content\/uploads\/2022\/01\/logo-mydatec.jpg","contentUrl":"https:\/\/www.mydatec.com\/wp-content\/uploads\/2022\/01\/logo-mydatec.jpg","width":434,"height":351,"caption":"MyDatec"},"image":{"@id":"https:\/\/www.mydatec.com\/fr\/#\/schema\/logo\/image\/"},"sameAs":["http:\/\/www.linkedin.com\/in\/MyDATEC"]}]}},"_links":{"self":[{"href":"https:\/\/www.mydatec.com\/fr\/wp-json\/wp\/v2\/pages\/1850","targetHints":{"allow":["GET"]}}],"collection":[{"href":"https:\/\/www.mydatec.com\/fr\/wp-json\/wp\/v2\/pages"}],"about":[{"href":"https:\/\/www.mydatec.com\/fr\/wp-json\/wp\/v2\/types\/page"}],"author":[{"embeddable":true,"href":"https:\/\/www.mydatec.com\/fr\/wp-json\/wp\/v2\/users\/6"}],"replies":[{"embeddable":true,"href":"https:\/\/www.mydatec.com\/fr\/wp-json\/wp\/v2\/comments?post=1850"}],"version-history":[{"count":5,"href":"https:\/\/www.mydatec.com\/fr\/wp-json\/wp\/v2\/pages\/1850\/revisions"}],"predecessor-version":[{"id":14256,"href":"https:\/\/www.mydatec.com\/fr\/wp-json\/wp\/v2\/pages\/1850\/revisions\/14256"}],"up":[{"embeddable":true,"href":"https:\/\/www.mydatec.com\/fr\/wp-json\/wp\/v2\/pages\/277"}],"wp:featuredmedia":[{"embeddable":true,"href":"https:\/\/www.mydatec.com\/fr\/wp-json\/wp\/v2\/media\/1860"}],"wp:attachment":[{"href":"https:\/\/www.mydatec.com\/fr\/wp-json\/wp\/v2\/media?parent=1850"}],"curies":[{"name":"wp","href":"https:\/\/api.w.org\/{rel}","templated":true}]}}