{"id":12297,"date":"2023-06-26T13:57:53","date_gmt":"2023-06-26T12:57:53","guid":{"rendered":"https:\/\/www.mydatec.com\/?page_id=12297"},"modified":"2023-07-18T09:03:30","modified_gmt":"2023-07-18T08:03:30","slug":"commande-et-pilotage-du-puits-canadien-hydraulique-mydatec","status":"publish","type":"page","link":"https:\/\/www.mydatec.com\/fr\/commande-et-pilotage-du-puits-canadien-hydraulique-mydatec\/","title":{"rendered":"Puits canadien hydraulique MyDATEC commande et pilotage"},"content":{"rendered":"<p><div class=\"fusion-fullwidth fullwidth-box fusion-builder-row-1 fusion-flex-container has-pattern-background has-mask-background fusion-parallax-none nonhundred-percent-fullwidth non-hundred-percent-height-scrolling\" style=\"--awb-border-radius-top-left:0px;--awb-border-radius-top-right:0px;--awb-border-radius-bottom-right:0px;--awb-border-radius-bottom-left:0px;--awb-background-image:url(&quot;https:\/\/www.mydatec.com\/wp-content\/uploads\/2023\/05\/Design-sans-titre-35-1024x545.png&quot;);--awb-background-size:cover;--awb-flex-wrap:wrap;\" ><div class=\"fusion-builder-row fusion-row fusion-flex-align-items-flex-start fusion-flex-content-wrap\" style=\"max-width:1144px;margin-left: calc(-4% \/ 2 );margin-right: calc(-4% \/ 2 );\"><div class=\"fusion-layout-column fusion_builder_column fusion-builder-column-0 fusion_builder_column_1_1 1_1 fusion-flex-column\" style=\"--awb-bg-size:cover;--awb-width-large:100%;--awb-margin-top-large:0px;--awb-spacing-right-large:1.92%;--awb-margin-bottom-large:20px;--awb-spacing-left-large:1.92%;--awb-width-medium:100%;--awb-order-medium:0;--awb-spacing-right-medium:1.92%;--awb-spacing-left-medium:1.92%;--awb-width-small:100%;--awb-order-small:0;--awb-spacing-right-small:1.92%;--awb-spacing-left-small:1.92%;\"><div class=\"fusion-column-wrapper fusion-column-has-shadow fusion-flex-justify-content-flex-start fusion-content-layout-column\"><div class=\"fusion-title title fusion-title-1 fusion-sep-none fusion-title-center fusion-title-text fusion-title-size-one\" style=\"--awb-margin-top-small:0px;--awb-margin-right-small:0px;--awb-margin-bottom-small:20px;--awb-margin-left-small:0px;--awb-font-size:45px;\"><h1 class=\"fusion-title-heading title-heading-center\" style=\"font-family:Arial, Helvetica, sans-serif;font-style:normal;font-weight:400;margin:0;font-size:1em;\"><span style=\"color: #ffffff;\">Commande et pilotage<\/span><\/h1><\/div><\/div><\/div><\/div><\/div><div class=\"fusion-fullwidth fullwidth-box fusion-builder-row-2 fusion-flex-container has-pattern-background has-mask-background nonhundred-percent-fullwidth non-hundred-percent-height-scrolling\" style=\"--awb-border-radius-top-left:0px;--awb-border-radius-top-right:0px;--awb-border-radius-bottom-right:0px;--awb-border-radius-bottom-left:0px;--awb-flex-wrap:wrap;\" ><div class=\"fusion-builder-row fusion-row fusion-flex-align-items-flex-start fusion-flex-content-wrap\" style=\"max-width:1144px;margin-left: calc(-4% \/ 2 );margin-right: calc(-4% \/ 2 );\"><div class=\"fusion-layout-column fusion_builder_column fusion-builder-column-1 fusion_builder_column_1_1 1_1 fusion-flex-column\" style=\"--awb-bg-size:cover;--awb-width-large:100%;--awb-margin-top-large:0px;--awb-spacing-right-large:1.92%;--awb-margin-bottom-large:20px;--awb-spacing-left-large:1.92%;--awb-width-medium:100%;--awb-order-medium:0;--awb-spacing-right-medium:1.92%;--awb-spacing-left-medium:1.92%;--awb-width-small:100%;--awb-order-small:0;--awb-spacing-right-small:1.92%;--awb-spacing-left-small:1.92%;\"><div class=\"fusion-column-wrapper fusion-column-has-shadow fusion-flex-justify-content-flex-start fusion-content-layout-column\"><div class=\"fusion-text fusion-text-1\"><p>Nos puits canadiens hydrauliques sont \u00e9quip\u00e9s d\u2019une r\u00e9gulation pilotable via un \u00e9cran tactile. Avec la sonde de temp\u00e9rature int\u00e9gr\u00e9e et des consignes de fonctionnement param\u00e9trables, nous \u00e9vitons ainsi de faire fonctionner le syst\u00e8me si cela n\u2019apporte pas un r\u00e9el gain thermique!<\/p>\n<p>L\u2019\u00e9changeur est aussi \u00e9quip\u00e9 d\u2019un capteur de pression de l\u2019eau glycol\u00e9e dans le conduit permettant ainsi\u00a0 de s\u2019assurer que le tuyau n\u2019est pas d\u00e9faillant.<\/p>\n<p>Une page de l\u2019\u00e9cran tactile de nos VMC thermodynamiques MyDATEC est aussi d\u00e9di\u00e9e \u00e0 la visualisation en temps r\u00e9el des gains \u00e9nerg\u00e9tiques du syst\u00e8me.<\/p>\n<p>Notre \u00e9changeur de chaleur est,\u00a0par ailleurs, \u00e9quip\u00e9 d\u2019un <a href=\"https:\/\/filtres.mydatec.com\/\">filtre<\/a> permettant de prot\u00e9ger le syst\u00e8me mais aussi de filtrer certaines particules contenues dans l\u2019air avant de p\u00e9n\u00e9trer dans votre logement (poussi\u00e8res, pollens\u2026)<\/p>\n<\/div><div class=\"fusion-image-element \" style=\"text-align:center;--awb-caption-title-font-family:var(--h2_typography-font-family);--awb-caption-title-font-weight:var(--h2_typography-font-weight);--awb-caption-title-font-style:var(--h2_typography-font-style);--awb-caption-title-size:var(--h2_typography-font-size);--awb-caption-title-transform:var(--h2_typography-text-transform);--awb-caption-title-line-height:var(--h2_typography-line-height);--awb-caption-title-letter-spacing:var(--h2_typography-letter-spacing);\"><span class=\" fusion-imageframe imageframe-none imageframe-1 hover-type-none\"><img decoding=\"async\" width=\"279\" height=\"263\" title=\"Capture d\u2019\u00e9cran 2023-04-21 102609\" src=\"https:\/\/www.mydatec.com\/wp-content\/uploads\/2023\/04\/Capture-decran-2023-04-21-102609.png\" alt class=\"img-responsive wp-image-11279\" srcset=\"https:\/\/www.mydatec.com\/wp-content\/uploads\/2023\/04\/Capture-decran-2023-04-21-102609-200x189.png 200w, https:\/\/www.mydatec.com\/wp-content\/uploads\/2023\/04\/Capture-decran-2023-04-21-102609.png 279w\" sizes=\"(max-width: 900px) 100vw, (max-width: 640px) 100vw, 279px\" \/><\/span><\/div><ul style=\"--awb-item-padding-top:20px;--awb-line-height:23.8px;--awb-icon-width:23.8px;--awb-icon-height:23.8px;--awb-icon-margin:9.8px;--awb-content-margin:33.6px;--awb-circlecolor:#9e9e9e;--awb-circle-yes-font-size:12.32px;\" class=\"fusion-checklist fusion-checklist-1 type-numbered\"><li class=\"fusion-li-item\" style=\"\"><span class=\"icon-wrapper circle-yes\">1<\/span><div class=\"fusion-li-item-content\">\n<p><a href=\"https:\/\/www.mydatec.com\/fr\/titre-v-re2020-tutos-de-saisie-des-systemes-mydatec\/\">=&gt; Voir le tuto de saisie RE2020 pour le puits canadien hydraulique MyDATEC<\/a><\/p>\n<\/div><\/li><li class=\"fusion-li-item\" style=\"\"><span class=\"icon-wrapper circle-yes\">2<\/span><div class=\"fusion-li-item-content\">\n<p><a href=\"https:\/\/www.mydatec.com\/fr\/puits-canadien-hydraulique-performance-et-caracteristiques\/\">=&gt; Voir\u00a0les caract\u00e9ristiques techniques et performances du puits canadien hydraulique MyDATEC<\/a><\/p>\n<\/div><\/li><li class=\"fusion-li-item\" style=\"\"><span class=\"icon-wrapper circle-yes\">3<\/span><div class=\"fusion-li-item-content\">\n<p><a href=\"https:\/\/www.mydatec.com\/fr\/puits-canadien-hydraulique-mydatec-installation\/\">=&gt; en savoir plus sur l&rsquo;installation du puits canadien hydraulique MyDATEC<\/a><\/p>\n<\/div><\/li><li class=\"fusion-li-item\" style=\"\"><span class=\"icon-wrapper circle-yes\">4<\/span><div class=\"fusion-li-item-content\">\n<p><a href=\"https:\/\/www.mydatec.com\/fr\/entretien-du-puits-canadien-hydraulique-mydatec\/\">=&gt; En savoir plus sur l&rsquo;entretien du puits canadien hydraulique MyDATEC<\/a><\/p>\n<\/div><\/li><li class=\"fusion-li-item\" style=\"\"><span class=\"icon-wrapper circle-yes\">5<\/span><div class=\"fusion-li-item-content\">\n<p><a href=\"https:\/\/www.mydatec.com\/fr\/commande-et-pilotage-du-puits-canadien-hydraulique-mydatec\/\">=&gt; En savoir plus sur le pilotage du puits canadien hydraulique MyDatec<\/a><\/p>\n<\/div><\/li><li class=\"fusion-li-item\" style=\"\"><span class=\"icon-wrapper circle-yes\">6<\/span><div class=\"fusion-li-item-content\">\n<p><a href=\"https:\/\/www.mydatec.com\/fr\/puits-canadien-hydraulique-mydatec-fonctionnement\/\">=&gt; Voir le principe de fonctionnement du puits canadien hydraulique MyDATEC en images<\/a><\/p>\n<\/div><\/li><\/ul><\/div><\/div><\/div><\/div><\/p>\n","protected":false},"excerpt":{"rendered":"","protected":false},"author":10,"featured_media":0,"parent":0,"menu_order":0,"comment_status":"closed","ping_status":"closed","template":"","meta":{"footnotes":""},"class_list":["post-12297","page","type-page","status-publish","hentry"],"yoast_head":"<!-- This site is optimized with the Yoast SEO plugin v27.5 - https:\/\/yoast.com\/product\/yoast-seo-wordpress\/ -->\n<title>Puits canadien hydraulique MyDATEC commande et pilotage<\/title>\n<meta name=\"robots\" content=\"index, follow, max-snippet:-1, max-image-preview:large, max-video-preview:-1\" \/>\n<link rel=\"canonical\" href=\"https:\/\/www.mydatec.com\/fr\/commande-et-pilotage-du-puits-canadien-hydraulique-mydatec\/\" \/>\n<meta property=\"og:locale\" content=\"fr_FR\" \/>\n<meta property=\"og:type\" content=\"article\" \/>\n<meta property=\"og:title\" content=\"Puits canadien hydraulique MyDATEC commande et pilotage\" \/>\n<meta property=\"og:url\" content=\"https:\/\/www.mydatec.com\/fr\/commande-et-pilotage-du-puits-canadien-hydraulique-mydatec\/\" \/>\n<meta property=\"og:site_name\" content=\"MyDATEC\" \/>\n<meta property=\"article:modified_time\" content=\"2023-07-18T08:03:30+00:00\" \/>\n<meta name=\"twitter:label1\" content=\"Dur\u00e9e de lecture estim\u00e9e\" \/>\n\t<meta name=\"twitter:data1\" content=\"12 minutes\" \/>\n<script type=\"application\/ld+json\" class=\"yoast-schema-graph\">{\"@context\":\"https:\\\/\\\/schema.org\",\"@graph\":[{\"@type\":\"WebPage\",\"@id\":\"https:\\\/\\\/www.mydatec.com\\\/fr\\\/commande-et-pilotage-du-puits-canadien-hydraulique-mydatec\\\/\",\"url\":\"https:\\\/\\\/www.mydatec.com\\\/fr\\\/commande-et-pilotage-du-puits-canadien-hydraulique-mydatec\\\/\",\"name\":\"Puits canadien hydraulique MyDATEC commande et pilotage\",\"isPartOf\":{\"@id\":\"https:\\\/\\\/www.mydatec.com\\\/fr\\\/#website\"},\"datePublished\":\"2023-06-26T12:57:53+00:00\",\"dateModified\":\"2023-07-18T08:03:30+00:00\",\"breadcrumb\":{\"@id\":\"https:\\\/\\\/www.mydatec.com\\\/fr\\\/commande-et-pilotage-du-puits-canadien-hydraulique-mydatec\\\/#breadcrumb\"},\"inLanguage\":\"fr-FR\",\"potentialAction\":[{\"@type\":\"ReadAction\",\"target\":[\"https:\\\/\\\/www.mydatec.com\\\/fr\\\/commande-et-pilotage-du-puits-canadien-hydraulique-mydatec\\\/\"]}]},{\"@type\":\"BreadcrumbList\",\"@id\":\"https:\\\/\\\/www.mydatec.com\\\/fr\\\/commande-et-pilotage-du-puits-canadien-hydraulique-mydatec\\\/#breadcrumb\",\"itemListElement\":[{\"@type\":\"ListItem\",\"position\":1,\"name\":\"Accueil\",\"item\":\"https:\\\/\\\/www.mydatec.com\\\/fr\\\/\"},{\"@type\":\"ListItem\",\"position\":2,\"name\":\"Puits canadien hydraulique MyDATEC commande et pilotage\"}]},{\"@type\":\"WebSite\",\"@id\":\"https:\\\/\\\/www.mydatec.com\\\/fr\\\/#website\",\"url\":\"https:\\\/\\\/www.mydatec.com\\\/fr\\\/\",\"name\":\"MyDATEC\",\"description\":\"La solution thermodynamique\",\"publisher\":{\"@id\":\"https:\\\/\\\/www.mydatec.com\\\/fr\\\/#organization\"},\"potentialAction\":[{\"@type\":\"SearchAction\",\"target\":{\"@type\":\"EntryPoint\",\"urlTemplate\":\"https:\\\/\\\/www.mydatec.com\\\/fr\\\/?s={search_term_string}\"},\"query-input\":{\"@type\":\"PropertyValueSpecification\",\"valueRequired\":true,\"valueName\":\"search_term_string\"}}],\"inLanguage\":\"fr-FR\"},{\"@type\":\"Organization\",\"@id\":\"https:\\\/\\\/www.mydatec.com\\\/fr\\\/#organization\",\"name\":\"MyDatec\",\"url\":\"https:\\\/\\\/www.mydatec.com\\\/fr\\\/\",\"logo\":{\"@type\":\"ImageObject\",\"inLanguage\":\"fr-FR\",\"@id\":\"https:\\\/\\\/www.mydatec.com\\\/fr\\\/#\\\/schema\\\/logo\\\/image\\\/\",\"url\":\"https:\\\/\\\/www.mydatec.com\\\/wp-content\\\/uploads\\\/2022\\\/01\\\/logo-mydatec.jpg\",\"contentUrl\":\"https:\\\/\\\/www.mydatec.com\\\/wp-content\\\/uploads\\\/2022\\\/01\\\/logo-mydatec.jpg\",\"width\":434,\"height\":351,\"caption\":\"MyDatec\"},\"image\":{\"@id\":\"https:\\\/\\\/www.mydatec.com\\\/fr\\\/#\\\/schema\\\/logo\\\/image\\\/\"},\"sameAs\":[\"http:\\\/\\\/www.linkedin.com\\\/in\\\/MyDATEC\"]}]}<\/script>\n<!-- \/ Yoast SEO plugin. -->","yoast_head_json":{"title":"Puits canadien hydraulique MyDATEC commande et pilotage","robots":{"index":"index","follow":"follow","max-snippet":"max-snippet:-1","max-image-preview":"max-image-preview:large","max-video-preview":"max-video-preview:-1"},"canonical":"https:\/\/www.mydatec.com\/fr\/commande-et-pilotage-du-puits-canadien-hydraulique-mydatec\/","og_locale":"fr_FR","og_type":"article","og_title":"Puits canadien hydraulique MyDATEC commande et pilotage","og_url":"https:\/\/www.mydatec.com\/fr\/commande-et-pilotage-du-puits-canadien-hydraulique-mydatec\/","og_site_name":"MyDATEC","article_modified_time":"2023-07-18T08:03:30+00:00","twitter_misc":{"Dur\u00e9e de lecture estim\u00e9e":"12 minutes"},"schema":{"@context":"https:\/\/schema.org","@graph":[{"@type":"WebPage","@id":"https:\/\/www.mydatec.com\/fr\/commande-et-pilotage-du-puits-canadien-hydraulique-mydatec\/","url":"https:\/\/www.mydatec.com\/fr\/commande-et-pilotage-du-puits-canadien-hydraulique-mydatec\/","name":"Puits canadien hydraulique MyDATEC commande et pilotage","isPartOf":{"@id":"https:\/\/www.mydatec.com\/fr\/#website"},"datePublished":"2023-06-26T12:57:53+00:00","dateModified":"2023-07-18T08:03:30+00:00","breadcrumb":{"@id":"https:\/\/www.mydatec.com\/fr\/commande-et-pilotage-du-puits-canadien-hydraulique-mydatec\/#breadcrumb"},"inLanguage":"fr-FR","potentialAction":[{"@type":"ReadAction","target":["https:\/\/www.mydatec.com\/fr\/commande-et-pilotage-du-puits-canadien-hydraulique-mydatec\/"]}]},{"@type":"BreadcrumbList","@id":"https:\/\/www.mydatec.com\/fr\/commande-et-pilotage-du-puits-canadien-hydraulique-mydatec\/#breadcrumb","itemListElement":[{"@type":"ListItem","position":1,"name":"Accueil","item":"https:\/\/www.mydatec.com\/fr\/"},{"@type":"ListItem","position":2,"name":"Puits canadien hydraulique MyDATEC commande et pilotage"}]},{"@type":"WebSite","@id":"https:\/\/www.mydatec.com\/fr\/#website","url":"https:\/\/www.mydatec.com\/fr\/","name":"MyDATEC","description":"La solution thermodynamique","publisher":{"@id":"https:\/\/www.mydatec.com\/fr\/#organization"},"potentialAction":[{"@type":"SearchAction","target":{"@type":"EntryPoint","urlTemplate":"https:\/\/www.mydatec.com\/fr\/?s={search_term_string}"},"query-input":{"@type":"PropertyValueSpecification","valueRequired":true,"valueName":"search_term_string"}}],"inLanguage":"fr-FR"},{"@type":"Organization","@id":"https:\/\/www.mydatec.com\/fr\/#organization","name":"MyDatec","url":"https:\/\/www.mydatec.com\/fr\/","logo":{"@type":"ImageObject","inLanguage":"fr-FR","@id":"https:\/\/www.mydatec.com\/fr\/#\/schema\/logo\/image\/","url":"https:\/\/www.mydatec.com\/wp-content\/uploads\/2022\/01\/logo-mydatec.jpg","contentUrl":"https:\/\/www.mydatec.com\/wp-content\/uploads\/2022\/01\/logo-mydatec.jpg","width":434,"height":351,"caption":"MyDatec"},"image":{"@id":"https:\/\/www.mydatec.com\/fr\/#\/schema\/logo\/image\/"},"sameAs":["http:\/\/www.linkedin.com\/in\/MyDATEC"]}]}},"_links":{"self":[{"href":"https:\/\/www.mydatec.com\/fr\/wp-json\/wp\/v2\/pages\/12297","targetHints":{"allow":["GET"]}}],"collection":[{"href":"https:\/\/www.mydatec.com\/fr\/wp-json\/wp\/v2\/pages"}],"about":[{"href":"https:\/\/www.mydatec.com\/fr\/wp-json\/wp\/v2\/types\/page"}],"author":[{"embeddable":true,"href":"https:\/\/www.mydatec.com\/fr\/wp-json\/wp\/v2\/users\/10"}],"replies":[{"embeddable":true,"href":"https:\/\/www.mydatec.com\/fr\/wp-json\/wp\/v2\/comments?post=12297"}],"version-history":[{"count":5,"href":"https:\/\/www.mydatec.com\/fr\/wp-json\/wp\/v2\/pages\/12297\/revisions"}],"predecessor-version":[{"id":14132,"href":"https:\/\/www.mydatec.com\/fr\/wp-json\/wp\/v2\/pages\/12297\/revisions\/14132"}],"wp:attachment":[{"href":"https:\/\/www.mydatec.com\/fr\/wp-json\/wp\/v2\/media?parent=12297"}],"curies":[{"name":"wp","href":"https:\/\/api.w.org\/{rel}","templated":true}]}}