{"id":117,"date":"2012-12-13T17:05:31","date_gmt":"2012-12-13T16:05:31","guid":{"rendered":"https:\/\/www.mydatec.com\/?page_id=117"},"modified":"2024-07-01T14:39:10","modified_gmt":"2024-07-01T13:39:10","slug":"mydatec-demande-de-devis-vmc","status":"publish","type":"page","link":"https:\/\/www.mydatec.com\/fr\/mydatec-demande-de-devis-vmc\/","title":{"rendered":"Contact Mydatec"},"content":{"rendered":"<p><div class=\"fusion-fullwidth fullwidth-box fusion-builder-row-1 fusion-flex-container has-pattern-background has-mask-background fusion-parallax-none nonhundred-percent-fullwidth non-hundred-percent-height-scrolling ctnr-full-img-back\" style=\"--awb-border-radius-top-left:0px;--awb-border-radius-top-right:0px;--awb-border-radius-bottom-right:0px;--awb-border-radius-bottom-left:0px;--awb-background-image:url(&quot;https:\/\/www.mydatec.com\/wp-content\/uploads\/2023\/01\/Refonte-de-loffre-produit-e1676654278357-1024x399.png&quot;);--awb-background-size:cover;--awb-flex-wrap:wrap;\" ><div class=\"fusion-builder-row fusion-row fusion-flex-align-items-flex-start fusion-flex-justify-content-center fusion-flex-content-wrap\" style=\"max-width:1144px;margin-left: calc(-4% \/ 2 );margin-right: calc(-4% \/ 2 );\"><div class=\"fusion-layout-column fusion_builder_column fusion-builder-column-0 fusion_builder_column_1_1 1_1 fusion-flex-column\" style=\"--awb-bg-size:cover;--awb-width-large:100%;--awb-margin-top-large:0px;--awb-spacing-right-large:1.92%;--awb-margin-bottom-large:20px;--awb-spacing-left-large:1.92%;--awb-width-medium:100%;--awb-order-medium:0;--awb-spacing-right-medium:1.92%;--awb-spacing-left-medium:1.92%;--awb-width-small:100%;--awb-order-small:0;--awb-spacing-right-small:1.92%;--awb-spacing-left-small:1.92%;\" data-scroll-devices=\"small-visibility,medium-visibility,large-visibility\"><div class=\"fusion-column-wrapper fusion-column-has-shadow fusion-flex-justify-content-flex-start fusion-content-layout-column\"><div class=\"fusion-title title fusion-title-1 fusion-sep-none fusion-title-text fusion-title-size-one\" style=\"--awb-margin-top-small:0px;--awb-margin-right-small:0px;--awb-margin-bottom-small:20px;--awb-margin-left-small:0px;\"><h1 class=\"fusion-title-heading title-heading-left\" style=\"margin:0;\">MyDatec contact :<\/h1><\/div><div class=\"fusion-text fusion-text-1 ss-titre\" style=\"--awb-text-transform:none;\"><p>L\u2019\u00e9quipe des conseillers techniques MyDATEC est \u00e0 votre disposition pour r\u00e9pondre \u00e0 toutes vos questions dans les meilleurs d\u00e9lais.<\/p>\n<\/div><\/div><\/div><\/div><\/div><div class=\"fusion-fullwidth fullwidth-box fusion-builder-row-2 fusion-flex-container has-pattern-background has-mask-background nonhundred-percent-fullwidth non-hundred-percent-height-scrolling\" style=\"--awb-border-radius-top-left:0px;--awb-border-radius-top-right:0px;--awb-border-radius-bottom-right:0px;--awb-border-radius-bottom-left:0px;--awb-flex-wrap:wrap;\" ><div class=\"fusion-builder-row fusion-row fusion-flex-align-items-flex-start fusion-flex-content-wrap\" style=\"max-width:1144px;margin-left: calc(-4% \/ 2 );margin-right: calc(-4% \/ 2 );\"><div class=\"fusion-layout-column fusion_builder_column fusion-builder-column-1 fusion_builder_column_1_1 1_1 fusion-flex-column\" style=\"--awb-bg-size:cover;--awb-width-large:100%;--awb-margin-top-large:0px;--awb-spacing-right-large:1.92%;--awb-margin-bottom-large:20px;--awb-spacing-left-large:1.92%;--awb-width-medium:100%;--awb-order-medium:0;--awb-spacing-right-medium:1.92%;--awb-spacing-left-medium:1.92%;--awb-width-small:100%;--awb-order-small:0;--awb-spacing-right-small:1.92%;--awb-spacing-left-small:1.92%;\" data-scroll-devices=\"small-visibility,medium-visibility,large-visibility\"><div class=\"fusion-column-wrapper fusion-column-has-shadow fusion-flex-justify-content-flex-start fusion-content-layout-column\"><div class=\"fusion-text fusion-text-2\"><p style=\"text-align: center;\">Afin de vous orienter rapidement vers les bons interlocuteurs, veillez pr\u00e9ciser:<\/p>\n<h3 style=\"text-align: center;\"><strong>Dans quel cadre souhaitez vous nous contacter ?<\/strong><\/h3>\n<\/div><div class=\"fusion-content-boxes content-boxes columns row fusion-columns-3 fusion-columns-total-3 fusion-content-boxes-1 content-boxes-icon-on-top content-left\" style=\"--awb-backgroundcolor:#aed4f9;--awb-body-color:#555555;--awb-title-color:#111111;--awb-iconcolor:#ffffff;--awb-hover-accent-color:#a0b6ff;--awb-circle-hover-accent-color:#a0b6ff;\" data-animationOffset=\"top-into-view\"><div style=\"--awb-backgroundcolor:#ffffff;--awb-iconcolor:#004e89;\" class=\"fusion-column content-box-column content-box-column content-box-column-1 col-lg-4 col-md-4 col-sm-4 fusion-content-box-hover content-box-column-first-in-row\"><div class=\"col content-box-wrapper content-wrapper-background link-area-link-icon link-type-button icon-hover-animation-fade\" data-animationOffset=\"top-into-view\"><div class=\"heading heading-with-icon icon-left\"><a class=\"heading-link\" href=\"https:\/\/f0c4e0af.sibforms.com\/serve\/MUIFABUuI2orBD6NAuRL3l8NDBXYsjnTeKPyHOJflM0wkKLnY1sXrLJfTsc4WdHYqradIabMpnSMP2iZ-K9qaAX0myQnrv9e54_LyDEBZeVCY854jMXKIEJdRyiimkPK9i6md5u6y9KEqB-H0wpiF5SOx0Zw8-KxKrNpg0Wsq-9VoNTUd8kufbh0_XYwok5WpeV3Dp1Z6C_iwOAH\" target=\"_self\"><div class=\"icon\"><i style=\"border-color:#333333;border-width:0px;background-color:#ffffff;box-sizing:content-box;height:112px;width:112px;line-height:112px;border-radius:20%;font-size:56px;\" aria-hidden=\"true\" class=\"fontawesome-icon fa-american-sign-language-interpreting fas circle-yes\"><\/i><\/div><h2 class=\"content-box-heading\" style=\"--h2_typography-font-size:18px;line-height:23px;\">Tarifs de nos VMC en remplacement<\/h2><\/a><\/div><div class=\"fusion-clearfix\"><\/div><div class=\"content-container\">\n<p>Besoin de remplacer un syst\u00e8me existant ? avant de demander un tarif, v\u00e9rifiez que votre syst\u00e8me \u00e0 remplacer remplit bien les conditions suivantes<\/p>\n<\/div><div class=\"fusion-clearfix\"><\/div><a class=\"fusion-read-more-button fusion-content-box-button fusion-button button-default fusion-button-default-size button- button-flat\" href=\"https:\/\/f0c4e0af.sibforms.com\/serve\/MUIFABUuI2orBD6NAuRL3l8NDBXYsjnTeKPyHOJflM0wkKLnY1sXrLJfTsc4WdHYqradIabMpnSMP2iZ-K9qaAX0myQnrv9e54_LyDEBZeVCY854jMXKIEJdRyiimkPK9i6md5u6y9KEqB-H0wpiF5SOx0Zw8-KxKrNpg0Wsq-9VoNTUd8kufbh0_XYwok5WpeV3Dp1Z6C_iwOAH\" target=\"_self\"><span class=\"fusion-button-text\">Recevoir le tarif<\/span><\/a><div class=\"fusion-clearfix\"><\/div><\/div><\/div><div style=\"--awb-backgroundcolor:#ffffff;--awb-iconcolor:#004e89;\" class=\"fusion-column content-box-column content-box-column content-box-column-2 col-lg-4 col-md-4 col-sm-4 fusion-content-box-hover \"><div class=\"col content-box-wrapper content-wrapper-background link-area-link-icon link-type-button icon-hover-animation-fade\" data-animationOffset=\"top-into-view\"><div class=\"heading heading-with-icon icon-left\"><a class=\"heading-link\" href=\"https:\/\/f0c4e0af.sibforms.com\/serve\/MUIEAOF-UuizRiRm-PNNYJkJErT-_Zl0a-xN9eHK7EDx5Zbxcd1DiPc_yIgVy5VmA2M2shO2glj3XuMwsca-ZnZqQlD6LMI3PAz2sYcOh49SbpwENj6m9SRmpyeIPCO1ixeQWPAoa7-YExQ1hbm9M6TrPFjRPHA14GCNJyA9bunvWr8RrVPfdJ1Aw2mA_pp4N00ZG25p5swi-xT8\" target=\"_self\"><div class=\"icon\"><i style=\"border-color:#333333;border-width:0px;background-color:#ffffff;box-sizing:content-box;height:112px;width:112px;line-height:112px;border-radius:20%;font-size:56px;\" aria-hidden=\"true\" class=\"fontawesome-icon fa-home fas circle-yes\"><\/i><\/div><h2 class=\"content-box-heading\" style=\"--h2_typography-font-size:18px;line-height:23px;\">Tarifs de nos VMC en construction neuve et r\u00e9novation<\/h2><\/a><\/div><div class=\"fusion-clearfix\"><\/div><div class=\"content-container\">\n<p>Un projet en cours ? Vous cherchez la meilleure solution de chauffage, rafra\u00eechissement et gestion de la qualit\u00e9 de l&rsquo;air int\u00e9rieur de votre futur maison ? c&rsquo;est ici !<\/p>\n<\/div><div class=\"fusion-clearfix\"><\/div><a class=\"fusion-read-more-button fusion-content-box-button fusion-button button-default fusion-button-default-size button- button-flat\" href=\"https:\/\/f0c4e0af.sibforms.com\/serve\/MUIEAOF-UuizRiRm-PNNYJkJErT-_Zl0a-xN9eHK7EDx5Zbxcd1DiPc_yIgVy5VmA2M2shO2glj3XuMwsca-ZnZqQlD6LMI3PAz2sYcOh49SbpwENj6m9SRmpyeIPCO1ixeQWPAoa7-YExQ1hbm9M6TrPFjRPHA14GCNJyA9bunvWr8RrVPfdJ1Aw2mA_pp4N00ZG25p5swi-xT8\" target=\"_self\"><span class=\"fusion-button-text\">Recevoir le tarif<\/span><\/a><div class=\"fusion-clearfix\"><\/div><\/div><\/div><div style=\"--awb-backgroundcolor:#ffffff;--awb-iconcolor:#004e89;\" class=\"fusion-column content-box-column content-box-column content-box-column-3 col-lg-4 col-md-4 col-sm-4 fusion-content-box-hover content-box-column-last content-box-column-last-in-row\"><div class=\"col content-box-wrapper content-wrapper-background link-area-link-icon link-type-button icon-hover-animation-fade\" data-animationOffset=\"top-into-view\"><div class=\"heading heading-with-icon icon-left\"><a class=\"heading-link\" href=\"https:\/\/f0c4e0af.sibforms.com\/serve\/MUIEAOF-UuizRiRm-PNNYJkJErT-_Zl0a-xN9eHK7EDx5Zbxcd1DiPc_yIgVy5VmA2M2shO2glj3XuMwsca-ZnZqQlD6LMI3PAz2sYcOh49SbpwENj6m9SRmpyeIPCO1ixeQWPAoa7-YExQ1hbm9M6TrPFjRPHA14GCNJyA9bunvWr8RrVPfdJ1Aw2mA_pp4N00ZG25p5swi-xT8\" target=\"_self\"><div class=\"icon\"><i style=\"border-color:#333333;border-width:0px;background-color:#ffffff;box-sizing:content-box;height:112px;width:112px;line-height:112px;border-radius:20%;font-size:56px;\" aria-hidden=\"true\" class=\"fontawesome-icon fa-home fas circle-yes\"><\/i><\/div><h2 class=\"content-box-heading\" style=\"--h2_typography-font-size:18px;line-height:23px;\">Tarifs de nos puits canadiens<\/h2><\/a><\/div><div class=\"fusion-clearfix\"><\/div><div class=\"content-container\">\n<p>Un projet en cours ? Vous cherchez la meilleure solution de chauffage, rafra\u00eechissement et gestion de la qualit\u00e9 de l&rsquo;air int\u00e9rieur de votre futur maison ? c&rsquo;est ici !<\/p>\n<\/div><div class=\"fusion-clearfix\"><\/div><a class=\"fusion-read-more-button fusion-content-box-button fusion-button button-default fusion-button-default-size button- button-flat\" href=\"https:\/\/f0c4e0af.sibforms.com\/serve\/MUIEAOF-UuizRiRm-PNNYJkJErT-_Zl0a-xN9eHK7EDx5Zbxcd1DiPc_yIgVy5VmA2M2shO2glj3XuMwsca-ZnZqQlD6LMI3PAz2sYcOh49SbpwENj6m9SRmpyeIPCO1ixeQWPAoa7-YExQ1hbm9M6TrPFjRPHA14GCNJyA9bunvWr8RrVPfdJ1Aw2mA_pp4N00ZG25p5swi-xT8\" target=\"_self\"><span class=\"fusion-button-text\">Recevoir le tarif<\/span><\/a><div class=\"fusion-clearfix\"><\/div><\/div><\/div><div class=\"fusion-clearfix\"><\/div><\/div><div class=\"fusion-content-boxes content-boxes columns row fusion-columns-2 fusion-columns-total-2 fusion-content-boxes-2 content-boxes-icon-on-top content-left\" style=\"--awb-backgroundcolor:#aed4f9;--awb-body-color:#555555;--awb-title-color:#111111;--awb-iconcolor:#ffffff;--awb-hover-accent-color:#a0b6ff;--awb-circle-hover-accent-color:#a0b6ff;\" data-animationOffset=\"top-into-view\"><div style=\"--awb-backgroundcolor:#ffffff;--awb-iconcolor:#004e89;\" class=\"fusion-column content-box-column content-box-column content-box-column-1 col-lg-6 col-md-6 col-sm-6 fusion-content-box-hover content-box-column-first-in-row\"><div class=\"col content-box-wrapper content-wrapper-background link-area-link-icon link-type-button icon-hover-animation-fade\" data-animationOffset=\"top-into-view\"><div class=\"heading heading-with-icon icon-left\"><a class=\"heading-link\" href=\"mailto:contact@mydatec.com\" target=\"_self\"><div class=\"icon\"><i style=\"border-color:#333333;border-width:0px;background-color:#ffffff;box-sizing:content-box;height:112px;width:112px;line-height:112px;border-radius:20%;font-size:56px;\" aria-hidden=\"true\" class=\"fontawesome-icon fa-user-tie fas circle-yes\"><\/i><\/div><h2 class=\"content-box-heading\" style=\"--h2_typography-font-size:18px;line-height:23px;\">Vous \u00eates un professionnel ?<\/h2><\/a><\/div><div class=\"fusion-clearfix\"><\/div><div class=\"content-container\">\n<p>Vous \u00eates un professionnel du b\u00e2timent, installateur, conseil ou revendeur dans le cadre de projets en maison individuelle et petit tertiaire d\u00e9centralis\u00e9 ? Vous n&rsquo;avez pas forc\u00e9ment de projet en cours mais vous souhaitez tout de m\u00eame en savoir plus sur nos produits ? c&rsquo;est ici !<\/p>\n<\/div><div class=\"fusion-clearfix\"><\/div><a class=\"fusion-read-more-button fusion-content-box-button fusion-button button-default fusion-button-default-size button- button-flat\" href=\"mailto:contact@mydatec.com\" target=\"_self\"><span class=\"fusion-button-text\">Envoyer un email \u00e0 contact@mydatec.com<\/span><\/a><div class=\"fusion-clearfix\"><\/div><\/div><\/div><div style=\"--awb-backgroundcolor:#ffffff;--awb-iconcolor:#004e89;\" class=\"fusion-column content-box-column content-box-column content-box-column-2 col-lg-6 col-md-6 col-sm-6 fusion-content-box-hover content-box-column-last content-box-column-last-in-row\"><div class=\"col content-box-wrapper content-wrapper-background link-area-link-icon link-type-button icon-hover-animation-fade\" data-animationOffset=\"top-into-view\"><div class=\"heading heading-with-icon icon-left\"><a class=\"heading-link\" href=\"mailto:contact@mydatec.com\" target=\"_self\"><div class=\"icon\"><i style=\"border-color:#333333;border-width:0px;background-color:#ffffff;box-sizing:content-box;height:112px;width:112px;line-height:112px;border-radius:20%;font-size:56px;\" aria-hidden=\"true\" class=\"fontawesome-icon fa-child fas circle-yes\"><\/i><\/div><h2 class=\"content-box-heading\" style=\"--h2_typography-font-size:18px;line-height:23px;\">Vous \u00eates un particulier ?<\/h2><\/a><\/div><div class=\"fusion-clearfix\"><\/div><div class=\"content-container\">\n<p>Vous \u00eates un particulier et vous avez des questions sur nos produits ? Faites une demande de tarif pour recevoir un dossier explicatif complet et si vous avez toujours des questions, ou besoin de conseils, c&rsquo;est ici !<\/p>\n<\/div><div class=\"fusion-clearfix\"><\/div><a class=\"fusion-read-more-button fusion-content-box-button fusion-button button-default fusion-button-default-size button- button-flat\" href=\"mailto:contact@mydatec.com\" target=\"_self\"><span class=\"fusion-button-text\">Envoyer un email \u00e0 contact@mydatec.com<\/span><\/a><div class=\"fusion-clearfix\"><\/div><\/div><\/div><div class=\"fusion-clearfix\"><\/div><\/div><div class=\"fusion-content-boxes content-boxes columns row fusion-columns-1 fusion-columns-total-1 fusion-content-boxes-3 content-boxes-icon-on-top content-left\" style=\"--awb-backgroundcolor:#aed4f9;--awb-body-color:#555555;--awb-title-color:#111111;--awb-iconcolor:#ffffff;--awb-hover-accent-color:#a0b6ff;--awb-circle-hover-accent-color:#a0b6ff;--awb-item-margin-bottom:40px;\" data-animationOffset=\"top-into-view\"><div style=\"--awb-backgroundcolor:#ffffff;--awb-iconcolor:#004e89;\" class=\"fusion-column content-box-column content-box-column content-box-column-1 col-lg-12 col-md-12 col-sm-12 fusion-content-box-hover content-box-column-last content-box-column-last-in-row\"><div class=\"col content-box-wrapper content-wrapper-background link-area-link-icon link-type-button icon-hover-animation-fade\" data-animationOffset=\"top-into-view\"><div class=\"heading heading-with-icon icon-left\"><a class=\"heading-link\" href=\"https:\/\/f0c4e0af.sibforms.com\/serve\/MUIEALROE-N6xk5EzS1rBiUe1Hws1rppIWUil7bFQMid6UYYAp-LwAPKqD1AnJIEiSjrCeOie4WTgVCAv1TzH0U9w98yvVouXMms4TGJ8boXm428V87JmUkMeXZhvFO5TagOyEqH5STTQHjZny3m5P5pOmovjIuurqFP7OWKKg_xlKGPhHjvq8B2WJxz8HRkuVvssQo3o0enhWkI\" target=\"_self\"><div class=\"icon\"><i style=\"border-color:#333333;border-width:0px;background-color:#ffffff;box-sizing:content-box;height:112px;width:112px;line-height:112px;border-radius:20%;font-size:56px;\" aria-hidden=\"true\" class=\"fontawesome-icon fa-tools fas circle-yes\"><\/i><\/div><h2 class=\"content-box-heading\" style=\"--h2_typography-font-size:18px;line-height:23px;\">Service apr\u00e8s-vente<\/h2><\/a><\/div><div class=\"fusion-clearfix\"><\/div><div class=\"content-container\">\n<p>Une panne ? C&rsquo;est ici !<\/p>\n<\/div><div class=\"fusion-clearfix\"><\/div><a class=\"fusion-read-more-button fusion-content-box-button fusion-button button-default fusion-button-default-size button- button-flat\" href=\"https:\/\/f0c4e0af.sibforms.com\/serve\/MUIEALROE-N6xk5EzS1rBiUe1Hws1rppIWUil7bFQMid6UYYAp-LwAPKqD1AnJIEiSjrCeOie4WTgVCAv1TzH0U9w98yvVouXMms4TGJ8boXm428V87JmUkMeXZhvFO5TagOyEqH5STTQHjZny3m5P5pOmovjIuurqFP7OWKKg_xlKGPhHjvq8B2WJxz8HRkuVvssQo3o0enhWkI\" target=\"_self\"><span class=\"fusion-button-text\">Etre rappel\u00e9<\/span><\/a><div class=\"fusion-clearfix\"><\/div><\/div><\/div><div class=\"fusion-clearfix\"><\/div><\/div><\/div><\/div><\/div><\/div><\/p>\n","protected":false},"excerpt":{"rendered":"","protected":false},"author":6,"featured_media":0,"parent":0,"menu_order":21,"comment_status":"closed","ping_status":"open","template":"100-width.php","meta":{"footnotes":""},"class_list":["post-117","page","type-page","status-publish","hentry"],"yoast_head":"<!-- This site is optimized with the Yoast SEO plugin v27.5 - https:\/\/yoast.com\/product\/yoast-seo-wordpress\/ -->\n<title>contact Mydatec<\/title>\n<meta name=\"description\" content=\"MyDATEC: Contact. Connaitre nos tarifs ou demander conseils sur nos VMC double flux thermodynamique, ou puits canadien.\" \/>\n<meta name=\"robots\" content=\"index, follow, max-snippet:-1, max-image-preview:large, max-video-preview:-1\" \/>\n<link rel=\"canonical\" href=\"https:\/\/www.mydatec.com\/fr\/mydatec-demande-de-devis-vmc\/\" \/>\n<meta property=\"og:locale\" content=\"fr_FR\" \/>\n<meta property=\"og:type\" content=\"article\" \/>\n<meta property=\"og:title\" content=\"contact Mydatec\" \/>\n<meta property=\"og:description\" content=\"MyDATEC: Contact. Connaitre nos tarifs ou demander conseils sur nos VMC double flux thermodynamique, ou puits canadien.\" \/>\n<meta property=\"og:url\" content=\"https:\/\/www.mydatec.com\/fr\/mydatec-demande-de-devis-vmc\/\" \/>\n<meta property=\"og:site_name\" content=\"MyDATEC\" \/>\n<meta property=\"article:modified_time\" content=\"2024-07-01T13:39:10+00:00\" \/>\n<meta name=\"twitter:label1\" content=\"Dur\u00e9e de lecture estim\u00e9e\" \/>\n\t<meta name=\"twitter:data1\" content=\"17 minutes\" \/>\n<script type=\"application\/ld+json\" class=\"yoast-schema-graph\">{\"@context\":\"https:\\\/\\\/schema.org\",\"@graph\":[{\"@type\":\"WebPage\",\"@id\":\"https:\\\/\\\/www.mydatec.com\\\/fr\\\/mydatec-demande-de-devis-vmc\\\/\",\"url\":\"https:\\\/\\\/www.mydatec.com\\\/fr\\\/mydatec-demande-de-devis-vmc\\\/\",\"name\":\"contact Mydatec\",\"isPartOf\":{\"@id\":\"https:\\\/\\\/www.mydatec.com\\\/fr\\\/#website\"},\"datePublished\":\"2012-12-13T16:05:31+00:00\",\"dateModified\":\"2024-07-01T13:39:10+00:00\",\"description\":\"MyDATEC: Contact. Connaitre nos tarifs ou demander conseils sur nos VMC double flux thermodynamique, ou puits canadien.\",\"breadcrumb\":{\"@id\":\"https:\\\/\\\/www.mydatec.com\\\/fr\\\/mydatec-demande-de-devis-vmc\\\/#breadcrumb\"},\"inLanguage\":\"fr-FR\",\"potentialAction\":[{\"@type\":\"ReadAction\",\"target\":[\"https:\\\/\\\/www.mydatec.com\\\/fr\\\/mydatec-demande-de-devis-vmc\\\/\"]}]},{\"@type\":\"BreadcrumbList\",\"@id\":\"https:\\\/\\\/www.mydatec.com\\\/fr\\\/mydatec-demande-de-devis-vmc\\\/#breadcrumb\",\"itemListElement\":[{\"@type\":\"ListItem\",\"position\":1,\"name\":\"Accueil\",\"item\":\"https:\\\/\\\/www.mydatec.com\\\/fr\\\/\"},{\"@type\":\"ListItem\",\"position\":2,\"name\":\"Contact Mydatec\"}]},{\"@type\":\"WebSite\",\"@id\":\"https:\\\/\\\/www.mydatec.com\\\/fr\\\/#website\",\"url\":\"https:\\\/\\\/www.mydatec.com\\\/fr\\\/\",\"name\":\"MyDATEC\",\"description\":\"La solution thermodynamique\",\"publisher\":{\"@id\":\"https:\\\/\\\/www.mydatec.com\\\/fr\\\/#organization\"},\"potentialAction\":[{\"@type\":\"SearchAction\",\"target\":{\"@type\":\"EntryPoint\",\"urlTemplate\":\"https:\\\/\\\/www.mydatec.com\\\/fr\\\/?s={search_term_string}\"},\"query-input\":{\"@type\":\"PropertyValueSpecification\",\"valueRequired\":true,\"valueName\":\"search_term_string\"}}],\"inLanguage\":\"fr-FR\"},{\"@type\":\"Organization\",\"@id\":\"https:\\\/\\\/www.mydatec.com\\\/fr\\\/#organization\",\"name\":\"MyDatec\",\"url\":\"https:\\\/\\\/www.mydatec.com\\\/fr\\\/\",\"logo\":{\"@type\":\"ImageObject\",\"inLanguage\":\"fr-FR\",\"@id\":\"https:\\\/\\\/www.mydatec.com\\\/fr\\\/#\\\/schema\\\/logo\\\/image\\\/\",\"url\":\"https:\\\/\\\/www.mydatec.com\\\/wp-content\\\/uploads\\\/2022\\\/01\\\/logo-mydatec.jpg\",\"contentUrl\":\"https:\\\/\\\/www.mydatec.com\\\/wp-content\\\/uploads\\\/2022\\\/01\\\/logo-mydatec.jpg\",\"width\":434,\"height\":351,\"caption\":\"MyDatec\"},\"image\":{\"@id\":\"https:\\\/\\\/www.mydatec.com\\\/fr\\\/#\\\/schema\\\/logo\\\/image\\\/\"},\"sameAs\":[\"http:\\\/\\\/www.linkedin.com\\\/in\\\/MyDATEC\"]}]}<\/script>\n<!-- \/ Yoast SEO plugin. -->","yoast_head_json":{"title":"contact Mydatec","description":"MyDATEC: Contact. Connaitre nos tarifs ou demander conseils sur nos VMC double flux thermodynamique, ou puits canadien.","robots":{"index":"index","follow":"follow","max-snippet":"max-snippet:-1","max-image-preview":"max-image-preview:large","max-video-preview":"max-video-preview:-1"},"canonical":"https:\/\/www.mydatec.com\/fr\/mydatec-demande-de-devis-vmc\/","og_locale":"fr_FR","og_type":"article","og_title":"contact Mydatec","og_description":"MyDATEC: Contact. Connaitre nos tarifs ou demander conseils sur nos VMC double flux thermodynamique, ou puits canadien.","og_url":"https:\/\/www.mydatec.com\/fr\/mydatec-demande-de-devis-vmc\/","og_site_name":"MyDATEC","article_modified_time":"2024-07-01T13:39:10+00:00","twitter_misc":{"Dur\u00e9e de lecture estim\u00e9e":"17 minutes"},"schema":{"@context":"https:\/\/schema.org","@graph":[{"@type":"WebPage","@id":"https:\/\/www.mydatec.com\/fr\/mydatec-demande-de-devis-vmc\/","url":"https:\/\/www.mydatec.com\/fr\/mydatec-demande-de-devis-vmc\/","name":"contact Mydatec","isPartOf":{"@id":"https:\/\/www.mydatec.com\/fr\/#website"},"datePublished":"2012-12-13T16:05:31+00:00","dateModified":"2024-07-01T13:39:10+00:00","description":"MyDATEC: Contact. Connaitre nos tarifs ou demander conseils sur nos VMC double flux thermodynamique, ou puits canadien.","breadcrumb":{"@id":"https:\/\/www.mydatec.com\/fr\/mydatec-demande-de-devis-vmc\/#breadcrumb"},"inLanguage":"fr-FR","potentialAction":[{"@type":"ReadAction","target":["https:\/\/www.mydatec.com\/fr\/mydatec-demande-de-devis-vmc\/"]}]},{"@type":"BreadcrumbList","@id":"https:\/\/www.mydatec.com\/fr\/mydatec-demande-de-devis-vmc\/#breadcrumb","itemListElement":[{"@type":"ListItem","position":1,"name":"Accueil","item":"https:\/\/www.mydatec.com\/fr\/"},{"@type":"ListItem","position":2,"name":"Contact Mydatec"}]},{"@type":"WebSite","@id":"https:\/\/www.mydatec.com\/fr\/#website","url":"https:\/\/www.mydatec.com\/fr\/","name":"MyDATEC","description":"La solution thermodynamique","publisher":{"@id":"https:\/\/www.mydatec.com\/fr\/#organization"},"potentialAction":[{"@type":"SearchAction","target":{"@type":"EntryPoint","urlTemplate":"https:\/\/www.mydatec.com\/fr\/?s={search_term_string}"},"query-input":{"@type":"PropertyValueSpecification","valueRequired":true,"valueName":"search_term_string"}}],"inLanguage":"fr-FR"},{"@type":"Organization","@id":"https:\/\/www.mydatec.com\/fr\/#organization","name":"MyDatec","url":"https:\/\/www.mydatec.com\/fr\/","logo":{"@type":"ImageObject","inLanguage":"fr-FR","@id":"https:\/\/www.mydatec.com\/fr\/#\/schema\/logo\/image\/","url":"https:\/\/www.mydatec.com\/wp-content\/uploads\/2022\/01\/logo-mydatec.jpg","contentUrl":"https:\/\/www.mydatec.com\/wp-content\/uploads\/2022\/01\/logo-mydatec.jpg","width":434,"height":351,"caption":"MyDatec"},"image":{"@id":"https:\/\/www.mydatec.com\/fr\/#\/schema\/logo\/image\/"},"sameAs":["http:\/\/www.linkedin.com\/in\/MyDATEC"]}]}},"_links":{"self":[{"href":"https:\/\/www.mydatec.com\/fr\/wp-json\/wp\/v2\/pages\/117","targetHints":{"allow":["GET"]}}],"collection":[{"href":"https:\/\/www.mydatec.com\/fr\/wp-json\/wp\/v2\/pages"}],"about":[{"href":"https:\/\/www.mydatec.com\/fr\/wp-json\/wp\/v2\/types\/page"}],"author":[{"embeddable":true,"href":"https:\/\/www.mydatec.com\/fr\/wp-json\/wp\/v2\/users\/6"}],"replies":[{"embeddable":true,"href":"https:\/\/www.mydatec.com\/fr\/wp-json\/wp\/v2\/comments?post=117"}],"version-history":[{"count":5,"href":"https:\/\/www.mydatec.com\/fr\/wp-json\/wp\/v2\/pages\/117\/revisions"}],"predecessor-version":[{"id":14625,"href":"https:\/\/www.mydatec.com\/fr\/wp-json\/wp\/v2\/pages\/117\/revisions\/14625"}],"wp:attachment":[{"href":"https:\/\/www.mydatec.com\/fr\/wp-json\/wp\/v2\/media?parent=117"}],"curies":[{"name":"wp","href":"https:\/\/api.w.org\/{rel}","templated":true}]}}