{"id":10871,"date":"2023-01-12T14:50:24","date_gmt":"2023-01-12T13:50:24","guid":{"rendered":"https:\/\/www.mydatec.com\/?page_id=10871"},"modified":"2023-09-14T13:50:04","modified_gmt":"2023-09-14T12:50:04","slug":"remplacer-un-systeme-nather","status":"publish","type":"page","link":"https:\/\/www.mydatec.com\/fr\/remplacer-un-systeme-nather\/","title":{"rendered":"Remplacer un syst\u00e8me NATHER"},"content":{"rendered":"<p><div class=\"fusion-fullwidth fullwidth-box fusion-builder-row-1 fusion-flex-container nonhundred-percent-fullwidth non-hundred-percent-height-scrolling ctnr-top-h1-classique\" style=\"--awb-border-radius-top-left:0px;--awb-border-radius-top-right:0px;--awb-border-radius-bottom-right:0px;--awb-border-radius-bottom-left:0px;--awb-flex-wrap:wrap;\" ><div class=\"fusion-builder-row fusion-row fusion-flex-align-items-flex-start fusion-flex-justify-content-center fusion-flex-content-wrap\" style=\"max-width:1144px;margin-left: calc(-4% \/ 2 );margin-right: calc(-4% \/ 2 );\"><div class=\"fusion-layout-column fusion_builder_column fusion-builder-column-0 fusion_builder_column_1_1 1_1 fusion-flex-column col-texte\" style=\"--awb-bg-size:cover;--awb-width-large:100%;--awb-margin-top-large:0px;--awb-spacing-right-large:1.92%;--awb-margin-bottom-large:20px;--awb-spacing-left-large:1.92%;--awb-width-medium:100%;--awb-order-medium:0;--awb-spacing-right-medium:1.92%;--awb-spacing-left-medium:1.92%;--awb-width-small:100%;--awb-order-small:0;--awb-spacing-right-small:1.92%;--awb-spacing-left-small:1.92%;\"><div class=\"fusion-column-wrapper fusion-column-has-shadow fusion-flex-justify-content-flex-start fusion-content-layout-column\"><div class=\"fusion-title title fusion-title-1 fusion-sep-none fusion-title-text fusion-title-size-one\" style=\"--awb-margin-top-small:0px;--awb-margin-right-small:0px;--awb-margin-bottom-small:20px;--awb-margin-left-small:0px;\"><h1 class=\"fusion-title-heading title-heading-left\" style=\"margin:0;\">REMPLACEMENT D&rsquo;UN SYSTEME NATHER<\/h1><\/div><div class=\"fusion-image-element \" style=\"text-align:center;--awb-caption-title-font-family:var(--h2_typography-font-family);--awb-caption-title-font-weight:var(--h2_typography-font-weight);--awb-caption-title-font-style:var(--h2_typography-font-style);--awb-caption-title-size:var(--h2_typography-font-size);--awb-caption-title-transform:var(--h2_typography-text-transform);--awb-caption-title-line-height:var(--h2_typography-line-height);--awb-caption-title-letter-spacing:var(--h2_typography-letter-spacing);\"><span class=\" fusion-imageframe imageframe-none imageframe-1 hover-type-none\"><img decoding=\"async\" width=\"500\" height=\"460\" alt=\"RAE DE DIETRICH\" title=\"4\" src=\"https:\/\/www.mydatec.com\/wp-content\/uploads\/2022\/12\/4.png\" class=\"img-responsive wp-image-10701\" srcset=\"https:\/\/www.mydatec.com\/wp-content\/uploads\/2022\/12\/4-200x184.png 200w, https:\/\/www.mydatec.com\/wp-content\/uploads\/2022\/12\/4-400x368.png 400w, https:\/\/www.mydatec.com\/wp-content\/uploads\/2022\/12\/4.png 500w\" sizes=\"(max-width: 900px) 100vw, (max-width: 640px) 100vw, 500px\" \/><\/span><\/div><div style=\"text-align:center;\"><a class=\"fusion-button button-flat fusion-button-default-size button-default fusion-button-default button-1 fusion-button-default-span fusion-button-default-type\" target=\"_self\" href=\"https:\/\/f0c4e0af.sibforms.com\/serve\/MUIEALYp_k76WJVAtj_IWAfsOjyWSd0NNTlktSVpm-uRs34p7Pfzx3qWDlE83wIwOAo8_40pIc-LUA3Fdo3U_2VipH-qX6yz8tvIwrpc0GkkRZWef7f2Y8FwEHhNLtajuPeqxEiNKK9BBFIqLaTURsbY-JEu0yOn3y931OUtXq-ZKvrJgFwILcUWldxATA3az2OLivyMSYFLPo-t\"><span class=\"fusion-button-text awb-button__text awb-button__text--default\">Recevoir le tarif de mon kit personnalis\u00e9<\/span><\/a><\/div><div class=\"fusion-title title fusion-title-2 fusion-sep-none fusion-title-text fusion-title-size-two\" style=\"--awb-margin-top-small:0px;--awb-margin-right-small:0px;--awb-margin-bottom-small:20px;--awb-margin-left-small:0px;\"><h2 class=\"fusion-title-heading title-heading-left\" style=\"margin:0;\">A quoi ressemble une installation de Pompe \u00e0 Chaleur NATHER, et quelles sont ses caract\u00e9ristiques ?<\/h2><\/div><div class=\"fusion-text fusion-text-1\" style=\"--awb-content-alignment:justify;--awb-text-transform:none;\"><p>Voil\u00e0 \u00e0 quoi ressemble une installation de PAC NATHER, et ses caract\u00e9ristiques de base:<\/p>\n<p><img decoding=\"async\" class=\"alignnone size-full wp-image-10875\" src=\"https:\/\/www.mydatec.com\/wp-content\/uploads\/2023\/01\/Capture-decran-2023-01-12-144535.png\" alt=\"\" width=\"694\" height=\"390\" srcset=\"https:\/\/www.mydatec.com\/wp-content\/uploads\/2023\/01\/Capture-decran-2023-01-12-144535-200x112.png 200w, https:\/\/www.mydatec.com\/wp-content\/uploads\/2023\/01\/Capture-decran-2023-01-12-144535-300x169.png 300w, https:\/\/www.mydatec.com\/wp-content\/uploads\/2023\/01\/Capture-decran-2023-01-12-144535-400x225.png 400w, https:\/\/www.mydatec.com\/wp-content\/uploads\/2023\/01\/Capture-decran-2023-01-12-144535-600x337.png 600w, https:\/\/www.mydatec.com\/wp-content\/uploads\/2023\/01\/Capture-decran-2023-01-12-144535.png 694w\" sizes=\"(max-width: 694px) 100vw, 694px\" \/><\/p>\n<p>C&rsquo;est une centrale compos\u00e9e de 3 blocs.<\/p>\n<\/div><div class=\"fusion-title title fusion-title-3 fusion-sep-none fusion-title-text fusion-title-size-two\" style=\"--awb-margin-top-small:0px;--awb-margin-right-small:0px;--awb-margin-bottom-small:20px;--awb-margin-left-small:0px;\"><h2 class=\"fusion-title-heading title-heading-left\" style=\"margin:0;\">Dans quel cas faut-il penser \u00e0 remplacer sa PAC NATHER ?<\/h2><\/div><div class=\"fusion-text fusion-text-2\"><ul>\n<li>Evidement si votre syst\u00e8me est en panne ou s&rsquo;est arr\u00eat\u00e9<\/li>\n<li>Si vous sentez que la ventilation est de moins bonne qualit\u00e9 dans votre maison<\/li>\n<li>Si la NATHER a tendance a disjoncter<\/li>\n<li>Si vous ressentez des courants d&rsquo;air anormalement chauds ou froids<\/li>\n<li>Si des odeurs anormales apparaissent<\/li>\n<li>Et plus globalement si votre syst\u00e8me est install\u00e9 depuis plus de 20 ans<\/li>\n<\/ul>\n<\/div><div class=\"fusion-title title fusion-title-4 fusion-sep-none fusion-title-text fusion-title-size-two\" style=\"--awb-margin-top-small:0px;--awb-margin-right-small:0px;--awb-margin-bottom-small:20px;--awb-margin-left-small:0px;\"><h2 class=\"fusion-title-heading title-heading-left\" style=\"margin:0;\">Le remplacement de la PAC NATHER par le kit MyDATEC adapt\u00e9:<\/h2><\/div><div class=\"fusion-text fusion-text-3\"><p>MyDATEC a \u00e9labor\u00e9 un kit de remplacement sp\u00e9cialement fait pour ces anciennes machines qui ne sont plus fabriqu\u00e9es et dont les pi\u00e8ces de rechange ne sont plus disponibles.<\/p>\n<p>Notre kit est fait pour s&rsquo;adapter \u00e0 votre installation en place et ainsi \u00e9viter des changements trop couteux dans la structure compl\u00e8te a\u00e9raulique de votre maison.<\/p>\n<p>Ci dessous, un comparatif de l&rsquo;interface avant et apr\u00e8s remplacement :<\/p>\n<p><img decoding=\"async\" class=\"alignnone size-full wp-image-10877\" src=\"https:\/\/www.mydatec.com\/wp-content\/uploads\/2023\/01\/Capture-decran-2023-01-12-144825.png\" alt=\"\" width=\"960\" height=\"601\" srcset=\"https:\/\/www.mydatec.com\/wp-content\/uploads\/2023\/01\/Capture-decran-2023-01-12-144825-200x125.png 200w, https:\/\/www.mydatec.com\/wp-content\/uploads\/2023\/01\/Capture-decran-2023-01-12-144825-300x188.png 300w, https:\/\/www.mydatec.com\/wp-content\/uploads\/2023\/01\/Capture-decran-2023-01-12-144825-400x250.png 400w, https:\/\/www.mydatec.com\/wp-content\/uploads\/2023\/01\/Capture-decran-2023-01-12-144825-600x376.png 600w, https:\/\/www.mydatec.com\/wp-content\/uploads\/2023\/01\/Capture-decran-2023-01-12-144825-768x481.png 768w, https:\/\/www.mydatec.com\/wp-content\/uploads\/2023\/01\/Capture-decran-2023-01-12-144825-800x501.png 800w, https:\/\/www.mydatec.com\/wp-content\/uploads\/2023\/01\/Capture-decran-2023-01-12-144825.png 960w\" sizes=\"(max-width: 960px) 100vw, 960px\" \/><\/p>\n<p>La notice et le guide d&rsquo;installation permettent de r\u00e9aliser le remplacement de la PAC en tr\u00e8s peu de temps et tr\u00e8s facilement gr\u00e2ce aux guides et informations fournies.<\/p>\n<\/div><div class=\"fusion-title title fusion-title-5 fusion-sep-none fusion-title-text fusion-title-size-two\" style=\"--awb-margin-top-small:0px;--awb-margin-right-small:0px;--awb-margin-bottom-small:20px;--awb-margin-left-small:0px;\"><h2 class=\"fusion-title-heading title-heading-left\" style=\"margin:0;\">Qu&rsquo;est ce que vous allez gagner avec la nouvelle installation ?<\/h2><\/div><div class=\"fusion-text fusion-text-4\"><ul>\n<li>Une meilleure qualit\u00e9 d&rsquo;air int\u00e9rieur gr\u00e2ce \u00e0 une ventilation optimis\u00e9e<\/li>\n<li>Des \u00e9conomies d&rsquo;\u00e9nergie gr\u00e2ce \u00e0 une installation moins \u00e9nergivore<\/li>\n<li>Du confort avec un syst\u00e8me non d\u00e9faillant<\/li>\n<\/ul>\n<\/div><iframe width=\"540\" height=\"305\" src=\"https:\/\/f0c4e0af.sibforms.com\/serve\/MUIEALYp_k76WJVAtj_IWAfsOjyWSd0NNTlktSVpm-uRs34p7Pfzx3qWDlE83wIwOAo8_40pIc-LUA3Fdo3U_2VipH-qX6yz8tvIwrpc0GkkRZWef7f2Y8FwEHhNLtajuPeqxEiNKK9BBFIqLaTURsbY-JEu0yOn3y931OUtXq-ZKvrJgFwILcUWldxATA3az2OLivyMSYFLPo-t\" frameborder=\"0\" scrolling=\"auto\" allowfullscreen style=\"display: block;margin-left: auto;margin-right: auto;max-width: 100%;\"><\/iframe><\/div><\/div><\/div><\/div><div class=\"fusion-fullwidth fullwidth-box fusion-builder-row-2 fusion-flex-container nonhundred-percent-fullwidth non-hundred-percent-height-scrolling ctnr-simple\" style=\"--awb-border-radius-top-left:0px;--awb-border-radius-top-right:0px;--awb-border-radius-bottom-right:0px;--awb-border-radius-bottom-left:0px;--awb-flex-wrap:wrap;\" ><div class=\"fusion-builder-row fusion-row fusion-flex-align-items-center fusion-flex-justify-content-center fusion-flex-content-wrap\" style=\"max-width:1144px;margin-left: calc(-4% \/ 2 );margin-right: calc(-4% \/ 2 );\"><div class=\"fusion-layout-column fusion_builder_column fusion-builder-column-1 fusion_builder_column_1_1 1_1 fusion-flex-column col-inside\" style=\"--awb-bg-size:cover;--awb-width-large:100%;--awb-margin-top-large:0px;--awb-spacing-right-large:1.92%;--awb-margin-bottom-large:20px;--awb-spacing-left-large:1.92%;--awb-width-medium:100%;--awb-order-medium:0;--awb-spacing-right-medium:1.92%;--awb-spacing-left-medium:1.92%;--awb-width-small:100%;--awb-order-small:0;--awb-spacing-right-small:1.92%;--awb-spacing-left-small:1.92%;\"><div class=\"fusion-column-wrapper fusion-column-has-shadow fusion-flex-justify-content-center fusion-content-layout-column\"><\/div><\/div><\/div><\/div><\/p>\n","protected":false},"excerpt":{"rendered":"","protected":false},"author":10,"featured_media":0,"parent":0,"menu_order":0,"comment_status":"closed","ping_status":"closed","template":"100-width.php","meta":{"footnotes":""},"class_list":["post-10871","page","type-page","status-publish","hentry"],"yoast_head":"<!-- This site is optimized with the Yoast SEO plugin v27.5 - https:\/\/yoast.com\/product\/yoast-seo-wordpress\/ -->\n<title>Remplacer un syst\u00e8me NATHER<\/title>\n<meta name=\"description\" content=\"Le kit complet plug and play id\u00e9al pour le\u00a0remplacement des anciens syst\u00e8mes de la pompe \u00e0 chaleur NATHER VMC + PAC ancien syst\u00e8me\" \/>\n<meta name=\"robots\" content=\"index, follow, max-snippet:-1, max-image-preview:large, max-video-preview:-1\" \/>\n<link rel=\"canonical\" href=\"https:\/\/www.mydatec.com\/fr\/remplacer-un-systeme-nather\/\" \/>\n<meta property=\"og:locale\" content=\"fr_FR\" \/>\n<meta property=\"og:type\" content=\"article\" \/>\n<meta property=\"og:title\" content=\"Remplacer un syst\u00e8me NATHER\" \/>\n<meta property=\"og:description\" content=\"Le kit complet plug and play id\u00e9al pour le\u00a0remplacement des anciens syst\u00e8mes de la pompe \u00e0 chaleur NATHER VMC + PAC ancien syst\u00e8me\" \/>\n<meta property=\"og:url\" content=\"https:\/\/www.mydatec.com\/fr\/remplacer-un-systeme-nather\/\" \/>\n<meta property=\"og:site_name\" content=\"MyDATEC\" \/>\n<meta property=\"article:modified_time\" content=\"2023-09-14T12:50:04+00:00\" \/>\n<meta property=\"og:image\" content=\"https:\/\/www.mydatec.com\/wp-content\/uploads\/2023\/01\/Capture-decran-2023-01-12-144535.png\" \/>\n<meta name=\"twitter:label1\" content=\"Dur\u00e9e de lecture estim\u00e9e\" \/>\n\t<meta name=\"twitter:data1\" content=\"16 minutes\" \/>\n<script type=\"application\/ld+json\" class=\"yoast-schema-graph\">{\"@context\":\"https:\\\/\\\/schema.org\",\"@graph\":[{\"@type\":\"WebPage\",\"@id\":\"https:\\\/\\\/www.mydatec.com\\\/fr\\\/remplacer-un-systeme-nather\\\/\",\"url\":\"https:\\\/\\\/www.mydatec.com\\\/fr\\\/remplacer-un-systeme-nather\\\/\",\"name\":\"Remplacer un syst\u00e8me NATHER\",\"isPartOf\":{\"@id\":\"https:\\\/\\\/www.mydatec.com\\\/fr\\\/#website\"},\"primaryImageOfPage\":{\"@id\":\"https:\\\/\\\/www.mydatec.com\\\/fr\\\/remplacer-un-systeme-nather\\\/#primaryimage\"},\"image\":{\"@id\":\"https:\\\/\\\/www.mydatec.com\\\/fr\\\/remplacer-un-systeme-nather\\\/#primaryimage\"},\"thumbnailUrl\":\"https:\\\/\\\/www.mydatec.com\\\/wp-content\\\/uploads\\\/2023\\\/01\\\/Capture-decran-2023-01-12-144535.png\",\"datePublished\":\"2023-01-12T13:50:24+00:00\",\"dateModified\":\"2023-09-14T12:50:04+00:00\",\"description\":\"Le kit complet plug and play id\u00e9al pour le\u00a0remplacement des anciens syst\u00e8mes de la pompe \u00e0 chaleur NATHER VMC + PAC ancien syst\u00e8me\",\"breadcrumb\":{\"@id\":\"https:\\\/\\\/www.mydatec.com\\\/fr\\\/remplacer-un-systeme-nather\\\/#breadcrumb\"},\"inLanguage\":\"fr-FR\",\"potentialAction\":[{\"@type\":\"ReadAction\",\"target\":[\"https:\\\/\\\/www.mydatec.com\\\/fr\\\/remplacer-un-systeme-nather\\\/\"]}]},{\"@type\":\"ImageObject\",\"inLanguage\":\"fr-FR\",\"@id\":\"https:\\\/\\\/www.mydatec.com\\\/fr\\\/remplacer-un-systeme-nather\\\/#primaryimage\",\"url\":\"https:\\\/\\\/www.mydatec.com\\\/wp-content\\\/uploads\\\/2023\\\/01\\\/Capture-decran-2023-01-12-144535.png\",\"contentUrl\":\"https:\\\/\\\/www.mydatec.com\\\/wp-content\\\/uploads\\\/2023\\\/01\\\/Capture-decran-2023-01-12-144535.png\"},{\"@type\":\"BreadcrumbList\",\"@id\":\"https:\\\/\\\/www.mydatec.com\\\/fr\\\/remplacer-un-systeme-nather\\\/#breadcrumb\",\"itemListElement\":[{\"@type\":\"ListItem\",\"position\":1,\"name\":\"Accueil\",\"item\":\"https:\\\/\\\/www.mydatec.com\\\/fr\\\/\"},{\"@type\":\"ListItem\",\"position\":2,\"name\":\"Remplacer un syst\u00e8me NATHER\"}]},{\"@type\":\"WebSite\",\"@id\":\"https:\\\/\\\/www.mydatec.com\\\/fr\\\/#website\",\"url\":\"https:\\\/\\\/www.mydatec.com\\\/fr\\\/\",\"name\":\"MyDATEC\",\"description\":\"La solution thermodynamique\",\"publisher\":{\"@id\":\"https:\\\/\\\/www.mydatec.com\\\/fr\\\/#organization\"},\"potentialAction\":[{\"@type\":\"SearchAction\",\"target\":{\"@type\":\"EntryPoint\",\"urlTemplate\":\"https:\\\/\\\/www.mydatec.com\\\/fr\\\/?s={search_term_string}\"},\"query-input\":{\"@type\":\"PropertyValueSpecification\",\"valueRequired\":true,\"valueName\":\"search_term_string\"}}],\"inLanguage\":\"fr-FR\"},{\"@type\":\"Organization\",\"@id\":\"https:\\\/\\\/www.mydatec.com\\\/fr\\\/#organization\",\"name\":\"MyDatec\",\"url\":\"https:\\\/\\\/www.mydatec.com\\\/fr\\\/\",\"logo\":{\"@type\":\"ImageObject\",\"inLanguage\":\"fr-FR\",\"@id\":\"https:\\\/\\\/www.mydatec.com\\\/fr\\\/#\\\/schema\\\/logo\\\/image\\\/\",\"url\":\"https:\\\/\\\/www.mydatec.com\\\/wp-content\\\/uploads\\\/2022\\\/01\\\/logo-mydatec.jpg\",\"contentUrl\":\"https:\\\/\\\/www.mydatec.com\\\/wp-content\\\/uploads\\\/2022\\\/01\\\/logo-mydatec.jpg\",\"width\":434,\"height\":351,\"caption\":\"MyDatec\"},\"image\":{\"@id\":\"https:\\\/\\\/www.mydatec.com\\\/fr\\\/#\\\/schema\\\/logo\\\/image\\\/\"},\"sameAs\":[\"http:\\\/\\\/www.linkedin.com\\\/in\\\/MyDATEC\"]}]}<\/script>\n<!-- \/ Yoast SEO plugin. -->","yoast_head_json":{"title":"Remplacer un syst\u00e8me NATHER","description":"Le kit complet plug and play id\u00e9al pour le\u00a0remplacement des anciens syst\u00e8mes de la pompe \u00e0 chaleur NATHER VMC + PAC ancien syst\u00e8me","robots":{"index":"index","follow":"follow","max-snippet":"max-snippet:-1","max-image-preview":"max-image-preview:large","max-video-preview":"max-video-preview:-1"},"canonical":"https:\/\/www.mydatec.com\/fr\/remplacer-un-systeme-nather\/","og_locale":"fr_FR","og_type":"article","og_title":"Remplacer un syst\u00e8me NATHER","og_description":"Le kit complet plug and play id\u00e9al pour le\u00a0remplacement des anciens syst\u00e8mes de la pompe \u00e0 chaleur NATHER VMC + PAC ancien syst\u00e8me","og_url":"https:\/\/www.mydatec.com\/fr\/remplacer-un-systeme-nather\/","og_site_name":"MyDATEC","article_modified_time":"2023-09-14T12:50:04+00:00","og_image":[{"url":"https:\/\/www.mydatec.com\/wp-content\/uploads\/2023\/01\/Capture-decran-2023-01-12-144535.png","type":"","width":"","height":""}],"twitter_misc":{"Dur\u00e9e de lecture estim\u00e9e":"16 minutes"},"schema":{"@context":"https:\/\/schema.org","@graph":[{"@type":"WebPage","@id":"https:\/\/www.mydatec.com\/fr\/remplacer-un-systeme-nather\/","url":"https:\/\/www.mydatec.com\/fr\/remplacer-un-systeme-nather\/","name":"Remplacer un syst\u00e8me NATHER","isPartOf":{"@id":"https:\/\/www.mydatec.com\/fr\/#website"},"primaryImageOfPage":{"@id":"https:\/\/www.mydatec.com\/fr\/remplacer-un-systeme-nather\/#primaryimage"},"image":{"@id":"https:\/\/www.mydatec.com\/fr\/remplacer-un-systeme-nather\/#primaryimage"},"thumbnailUrl":"https:\/\/www.mydatec.com\/wp-content\/uploads\/2023\/01\/Capture-decran-2023-01-12-144535.png","datePublished":"2023-01-12T13:50:24+00:00","dateModified":"2023-09-14T12:50:04+00:00","description":"Le kit complet plug and play id\u00e9al pour le\u00a0remplacement des anciens syst\u00e8mes de la pompe \u00e0 chaleur NATHER VMC + PAC ancien syst\u00e8me","breadcrumb":{"@id":"https:\/\/www.mydatec.com\/fr\/remplacer-un-systeme-nather\/#breadcrumb"},"inLanguage":"fr-FR","potentialAction":[{"@type":"ReadAction","target":["https:\/\/www.mydatec.com\/fr\/remplacer-un-systeme-nather\/"]}]},{"@type":"ImageObject","inLanguage":"fr-FR","@id":"https:\/\/www.mydatec.com\/fr\/remplacer-un-systeme-nather\/#primaryimage","url":"https:\/\/www.mydatec.com\/wp-content\/uploads\/2023\/01\/Capture-decran-2023-01-12-144535.png","contentUrl":"https:\/\/www.mydatec.com\/wp-content\/uploads\/2023\/01\/Capture-decran-2023-01-12-144535.png"},{"@type":"BreadcrumbList","@id":"https:\/\/www.mydatec.com\/fr\/remplacer-un-systeme-nather\/#breadcrumb","itemListElement":[{"@type":"ListItem","position":1,"name":"Accueil","item":"https:\/\/www.mydatec.com\/fr\/"},{"@type":"ListItem","position":2,"name":"Remplacer un syst\u00e8me NATHER"}]},{"@type":"WebSite","@id":"https:\/\/www.mydatec.com\/fr\/#website","url":"https:\/\/www.mydatec.com\/fr\/","name":"MyDATEC","description":"La solution thermodynamique","publisher":{"@id":"https:\/\/www.mydatec.com\/fr\/#organization"},"potentialAction":[{"@type":"SearchAction","target":{"@type":"EntryPoint","urlTemplate":"https:\/\/www.mydatec.com\/fr\/?s={search_term_string}"},"query-input":{"@type":"PropertyValueSpecification","valueRequired":true,"valueName":"search_term_string"}}],"inLanguage":"fr-FR"},{"@type":"Organization","@id":"https:\/\/www.mydatec.com\/fr\/#organization","name":"MyDatec","url":"https:\/\/www.mydatec.com\/fr\/","logo":{"@type":"ImageObject","inLanguage":"fr-FR","@id":"https:\/\/www.mydatec.com\/fr\/#\/schema\/logo\/image\/","url":"https:\/\/www.mydatec.com\/wp-content\/uploads\/2022\/01\/logo-mydatec.jpg","contentUrl":"https:\/\/www.mydatec.com\/wp-content\/uploads\/2022\/01\/logo-mydatec.jpg","width":434,"height":351,"caption":"MyDatec"},"image":{"@id":"https:\/\/www.mydatec.com\/fr\/#\/schema\/logo\/image\/"},"sameAs":["http:\/\/www.linkedin.com\/in\/MyDATEC"]}]}},"_links":{"self":[{"href":"https:\/\/www.mydatec.com\/fr\/wp-json\/wp\/v2\/pages\/10871","targetHints":{"allow":["GET"]}}],"collection":[{"href":"https:\/\/www.mydatec.com\/fr\/wp-json\/wp\/v2\/pages"}],"about":[{"href":"https:\/\/www.mydatec.com\/fr\/wp-json\/wp\/v2\/types\/page"}],"author":[{"embeddable":true,"href":"https:\/\/www.mydatec.com\/fr\/wp-json\/wp\/v2\/users\/10"}],"replies":[{"embeddable":true,"href":"https:\/\/www.mydatec.com\/fr\/wp-json\/wp\/v2\/comments?post=10871"}],"version-history":[{"count":4,"href":"https:\/\/www.mydatec.com\/fr\/wp-json\/wp\/v2\/pages\/10871\/revisions"}],"predecessor-version":[{"id":10944,"href":"https:\/\/www.mydatec.com\/fr\/wp-json\/wp\/v2\/pages\/10871\/revisions\/10944"}],"wp:attachment":[{"href":"https:\/\/www.mydatec.com\/fr\/wp-json\/wp\/v2\/media?parent=10871"}],"curies":[{"name":"wp","href":"https:\/\/api.w.org\/{rel}","templated":true}]}}