{"id":10137,"date":"2022-09-15T09:49:38","date_gmt":"2022-09-15T08:49:38","guid":{"rendered":"https:\/\/www.mydatec.com\/?page_id=10137"},"modified":"2023-04-25T15:12:56","modified_gmt":"2023-04-25T14:12:56","slug":"remplacer-une-pompe-a-chaleur-aeroplast","status":"publish","type":"page","link":"https:\/\/www.mydatec.com\/fr\/remplacer-une-pompe-a-chaleur-aeroplast\/","title":{"rendered":"Remplacement d&rsquo;un syst\u00e8me AEROPLAST"},"content":{"rendered":"<p><div class=\"fusion-fullwidth fullwidth-box fusion-builder-row-1 fusion-flex-container nonhundred-percent-fullwidth non-hundred-percent-height-scrolling ctnr-top-h1-classique\" style=\"--awb-border-radius-top-left:0px;--awb-border-radius-top-right:0px;--awb-border-radius-bottom-right:0px;--awb-border-radius-bottom-left:0px;--awb-flex-wrap:wrap;\" ><div class=\"fusion-builder-row fusion-row fusion-flex-align-items-flex-start fusion-flex-justify-content-center fusion-flex-content-wrap\" style=\"max-width:1144px;margin-left: calc(-4% \/ 2 );margin-right: calc(-4% \/ 2 );\"><div class=\"fusion-layout-column fusion_builder_column fusion-builder-column-0 fusion_builder_column_1_1 1_1 fusion-flex-column col-texte\" style=\"--awb-bg-size:cover;--awb-width-large:100%;--awb-margin-top-large:0px;--awb-spacing-right-large:1.92%;--awb-margin-bottom-large:20px;--awb-spacing-left-large:1.92%;--awb-width-medium:100%;--awb-order-medium:0;--awb-spacing-right-medium:1.92%;--awb-spacing-left-medium:1.92%;--awb-width-small:100%;--awb-order-small:0;--awb-spacing-right-small:1.92%;--awb-spacing-left-small:1.92%;\"><div class=\"fusion-column-wrapper fusion-column-has-shadow fusion-flex-justify-content-flex-start fusion-content-layout-column\"><div class=\"fusion-title title fusion-title-1 fusion-sep-none fusion-title-text fusion-title-size-one\" style=\"--awb-margin-top-small:0px;--awb-margin-right-small:0px;--awb-margin-bottom-small:20px;--awb-margin-left-small:0px;\"><h1 class=\"fusion-title-heading title-heading-left\" style=\"margin:0;\">Comment remplacer un syst\u00e8me AEROPLAST ?<\/h1><\/div><div style=\"text-align:center;\"><a class=\"fusion-button button-flat fusion-button-default-size button-default fusion-button-default button-1 fusion-button-default-span fusion-button-default-type\" target=\"_self\" href=\"https:\/\/f0c4e0af.sibforms.com\/serve\/MUIEALYp_k76WJVAtj_IWAfsOjyWSd0NNTlktSVpm-uRs34p7Pfzx3qWDlE83wIwOAo8_40pIc-LUA3Fdo3U_2VipH-qX6yz8tvIwrpc0GkkRZWef7f2Y8FwEHhNLtajuPeqxEiNKK9BBFIqLaTURsbY-JEu0yOn3y931OUtXq-ZKvrJgFwILcUWldxATA3az2OLivyMSYFLPo-t\"><span class=\"fusion-button-text awb-button__text awb-button__text--default\">Recevoir le tarif de mon kit de remplacement <\/span><\/a><\/div><div class=\"fusion-text fusion-text-1\" style=\"--awb-content-alignment:justify;--awb-text-transform:none;\"><h2>A quoi ressemble un syst\u00e8me AEROPLAST ?<\/h2>\n<p><img decoding=\"async\" class=\"alignnone wp-image-10861\" src=\"https:\/\/www.mydatec.com\/wp-content\/uploads\/2023\/01\/Capture-decran-2023-01-12-140834.png\" alt=\"pompe \u00e0 chaleur aeroplast\" width=\"316\" height=\"545\" srcset=\"https:\/\/www.mydatec.com\/wp-content\/uploads\/2023\/01\/Capture-decran-2023-01-12-140834-174x300.png 174w, https:\/\/www.mydatec.com\/wp-content\/uploads\/2023\/01\/Capture-decran-2023-01-12-140834-200x345.png 200w, https:\/\/www.mydatec.com\/wp-content\/uploads\/2023\/01\/Capture-decran-2023-01-12-140834-400x690.png 400w, https:\/\/www.mydatec.com\/wp-content\/uploads\/2023\/01\/Capture-decran-2023-01-12-140834.png 433w\" sizes=\"(max-width: 316px) 100vw, 316px\" \/><\/p>\n<p style=\"text-align: left;\">Si vous disposez d&rsquo;une machine de ce type, vous poss\u00e9dez s\u00fbrement un syst\u00e8me A\u00e9roplast.<\/p>\n<p style=\"text-align: left;\">Cette pompe \u00e0 chaleur est reconnaissable car compos\u00e9e de 3 compartiments distincts :<\/p>\n<ul>\n<li style=\"text-align: left;\">une partie filtre et raccordement des gaines<\/li>\n<li style=\"text-align: left;\">une partie technique regroupant le circuit frigorifique<\/li>\n<li style=\"text-align: left;\">une partie r\u00e9cup\u00e9rateur statique<\/li>\n<\/ul>\n<\/div><div class=\"fusion-title title fusion-title-2 fusion-sep-none fusion-title-text fusion-title-size-two\" style=\"--awb-margin-top-small:0px;--awb-margin-right-small:0px;--awb-margin-bottom-small:20px;--awb-margin-left-small:0px;\"><h2 class=\"fusion-title-heading title-heading-left\" style=\"margin:0;\">Dans quels cas, il est n\u00e9cessaire de remplacer votre PAC Aeroplast ?<\/h2><\/div><div class=\"fusion-text fusion-text-2\" style=\"--awb-content-alignment:justify;--awb-text-transform:none;\"><ul>\n<li>Si votre syst\u00e8me ne produit plus aucune source d&rsquo;air<\/li>\n<li>Si il est en panne de fa\u00e7on al\u00e9atoire ou totale<\/li>\n<li>Si l&rsquo;Aeroplast fait disjoncter votre installation \u00e9lectrique<\/li>\n<li>Si votre syst\u00e8me a \u00e9t\u00e9 install\u00e9 depuis plus de 20 ans<\/li>\n<\/ul>\n<\/div><div class=\"fusion-title title fusion-title-3 fusion-sep-none fusion-title-text fusion-title-size-two\" style=\"--awb-margin-top-small:0px;--awb-margin-right-small:0px;--awb-margin-bottom-small:20px;--awb-margin-left-small:0px;\"><h2 class=\"fusion-title-heading title-heading-left\" style=\"margin:0;\"><p>Quels seront le b\u00e9n\u00e9fices du remplacement de votre ancien syst\u00e8me AEROPLAST ?<\/p>\n<h5>Un syst\u00e8me de ventilation plus fiable et optimis\u00e9<\/h5>\n<h5>Des \u00e9conomies d&rsquo;\u00e9nergie<\/h5>\n<p><img decoding=\"async\" class=\"alignnone wp-image-10865\" src=\"https:\/\/www.mydatec.com\/wp-content\/uploads\/2023\/01\/Capture-decran-2023-01-12-142659-1024x642.png\" alt=\"\" width=\"552\" height=\"346\" srcset=\"https:\/\/www.mydatec.com\/wp-content\/uploads\/2023\/01\/Capture-decran-2023-01-12-142659-200x125.png 200w, https:\/\/www.mydatec.com\/wp-content\/uploads\/2023\/01\/Capture-decran-2023-01-12-142659-300x188.png 300w, https:\/\/www.mydatec.com\/wp-content\/uploads\/2023\/01\/Capture-decran-2023-01-12-142659-320x202.png 320w, https:\/\/www.mydatec.com\/wp-content\/uploads\/2023\/01\/Capture-decran-2023-01-12-142659-400x251.png 400w, https:\/\/www.mydatec.com\/wp-content\/uploads\/2023\/01\/Capture-decran-2023-01-12-142659-600x376.png 600w, https:\/\/www.mydatec.com\/wp-content\/uploads\/2023\/01\/Capture-decran-2023-01-12-142659-768x481.png 768w, https:\/\/www.mydatec.com\/wp-content\/uploads\/2023\/01\/Capture-decran-2023-01-12-142659-800x502.png 800w, https:\/\/www.mydatec.com\/wp-content\/uploads\/2023\/01\/Capture-decran-2023-01-12-142659-1024x642.png 1024w, https:\/\/www.mydatec.com\/wp-content\/uploads\/2023\/01\/Capture-decran-2023-01-12-142659.png 1040w\" sizes=\"(max-width: 552px) 100vw, 552px\" \/><\/p><\/h2><\/div><div class=\"fusion-text fusion-text-3\" style=\"--awb-content-alignment:justify;--awb-text-transform:none;\"><h2>A quoi ressemblera le futur remplacement de mon Aeroplast par le kit de remplacement MyDATEC ?<\/h2>\n<p><img decoding=\"async\" class=\"alignnone wp-image-10937\" src=\"https:\/\/www.mydatec.com\/wp-content\/uploads\/2023\/01\/Capture-decran-2023-01-13-140330.png\" alt=\"\" width=\"655\" height=\"458\" srcset=\"https:\/\/www.mydatec.com\/wp-content\/uploads\/2023\/01\/Capture-decran-2023-01-13-140330-200x140.png 200w, https:\/\/www.mydatec.com\/wp-content\/uploads\/2023\/01\/Capture-decran-2023-01-13-140330-300x210.png 300w, https:\/\/www.mydatec.com\/wp-content\/uploads\/2023\/01\/Capture-decran-2023-01-13-140330-400x280.png 400w, https:\/\/www.mydatec.com\/wp-content\/uploads\/2023\/01\/Capture-decran-2023-01-13-140330-600x420.png 600w, https:\/\/www.mydatec.com\/wp-content\/uploads\/2023\/01\/Capture-decran-2023-01-13-140330-768x537.png 768w, https:\/\/www.mydatec.com\/wp-content\/uploads\/2023\/01\/Capture-decran-2023-01-13-140330-800x560.png 800w, https:\/\/www.mydatec.com\/wp-content\/uploads\/2023\/01\/Capture-decran-2023-01-13-140330.png 935w\" sizes=\"(max-width: 655px) 100vw, 655px\" \/><\/p>\n<p><img decoding=\"async\" class=\"alignnone wp-image-10941\" src=\"https:\/\/www.mydatec.com\/wp-content\/uploads\/2023\/01\/Capture-decran-2023-01-13-140352.png\" alt=\"\" width=\"639\" height=\"390\" srcset=\"https:\/\/www.mydatec.com\/wp-content\/uploads\/2023\/01\/Capture-decran-2023-01-13-140352-200x122.png 200w, https:\/\/www.mydatec.com\/wp-content\/uploads\/2023\/01\/Capture-decran-2023-01-13-140352-300x183.png 300w, https:\/\/www.mydatec.com\/wp-content\/uploads\/2023\/01\/Capture-decran-2023-01-13-140352-400x244.png 400w, https:\/\/www.mydatec.com\/wp-content\/uploads\/2023\/01\/Capture-decran-2023-01-13-140352-600x366.png 600w, https:\/\/www.mydatec.com\/wp-content\/uploads\/2023\/01\/Capture-decran-2023-01-13-140352-768x469.png 768w, https:\/\/www.mydatec.com\/wp-content\/uploads\/2023\/01\/Capture-decran-2023-01-13-140352-800x488.png 800w, https:\/\/www.mydatec.com\/wp-content\/uploads\/2023\/01\/Capture-decran-2023-01-13-140352.png 993w\" sizes=\"(max-width: 639px) 100vw, 639px\" \/><\/p>\n<\/div><div class=\"fusion-text fusion-text-4\" style=\"--awb-text-transform:none;\"><p>Quelques exemples de syst\u00e8mes a\u00e9roplast remplac\u00e9s par le kit MyDATEC adapt\u00e9<\/p>\n<\/div><div class=\"fusion-image-carousel fusion-image-carousel-fixed fusion-image-carousel-1 fusion-carousel-border\"><div class=\"awb-carousel awb-swiper awb-swiper-carousel awb-carousel--carousel awb-swiper-dots-position-bottom\" data-layout=\"carousel\" data-autoplay=\"no\" data-autoplayspeed=\"2500\" data-autoplaypause=\"no\" data-loop=\"yes\" data-columns=\"5\" data-columnsmedium=\"1\" data-columnssmall=\"1\" data-itemmargin=\"13\" data-itemwidth=\"180\" data-touchscroll=\"no\" data-freemode=\"no\" data-imagesize=\"fixed\" data-scrollitems=\"0\" data-centeredslides=\"no\" data-rotationangle=\"50\" data-depth=\"100\" data-speed=\"500\" data-shadow=\"no\" data-pagination=\"bullets\" style=\"--awb-border-width:1px;--awb-border-color:#e9eaee;\"><div class=\"swiper-wrapper awb-image-carousel-wrapper fusion-flex-align-items-center\"><div class=\"swiper-slide\"><div class=\"fusion-carousel-item-wrapper\"><div class=\"fusion-image-wrapper hover-type-none\"><img decoding=\"async\" width=\"320\" height=\"202\" src=\"https:\/\/www.mydatec.com\/wp-content\/uploads\/2023\/01\/installation-datec-320x202.jpg\" class=\"attachment-blog-medium size-blog-medium\" alt=\"\" \/><\/div><\/div><\/div><div class=\"swiper-slide\"><div class=\"fusion-carousel-item-wrapper\"><div class=\"fusion-image-wrapper hover-type-none\"><img decoding=\"async\" width=\"283\" height=\"202\" src=\"https:\/\/www.mydatec.com\/wp-content\/uploads\/2023\/01\/photo1-283x202.jpg\" class=\"attachment-blog-medium size-blog-medium\" alt=\"\" \/><\/div><\/div><\/div><div class=\"swiper-slide\"><div class=\"fusion-carousel-item-wrapper\"><div class=\"fusion-image-wrapper hover-type-none\"><img decoding=\"async\" width=\"194\" height=\"202\" src=\"https:\/\/www.mydatec.com\/wp-content\/uploads\/2023\/01\/images-194x202.jpg\" class=\"attachment-blog-medium size-blog-medium\" alt=\"\" \/><\/div><\/div><\/div><\/div><div class=\"awb-swiper-button awb-swiper-button-prev\"><i class=\"awb-icon-angle-left\" aria-hidden=\"true\"><\/i><\/div><div class=\"awb-swiper-button awb-swiper-button-next\"><i class=\"awb-icon-angle-right\" aria-hidden=\"true\"><\/i><\/div><\/div><\/div><div style=\"text-align:center;\"><a class=\"fusion-button button-flat fusion-button-default-size button-default fusion-button-default button-2 fusion-button-default-span fusion-button-default-type\" target=\"_self\" href=\"https:\/\/f0c4e0af.sibforms.com\/serve\/MUIEALYp_k76WJVAtj_IWAfsOjyWSd0NNTlktSVpm-uRs34p7Pfzx3qWDlE83wIwOAo8_40pIc-LUA3Fdo3U_2VipH-qX6yz8tvIwrpc0GkkRZWef7f2Y8FwEHhNLtajuPeqxEiNKK9BBFIqLaTURsbY-JEu0yOn3y931OUtXq-ZKvrJgFwILcUWldxATA3az2OLivyMSYFLPo-t\"><span class=\"fusion-button-text awb-button__text awb-button__text--default\">Obtenir un devis de remplacement<\/span><\/a><\/div><\/div><\/div><\/div><\/div><div class=\"fusion-fullwidth fullwidth-box fusion-builder-row-2 fusion-flex-container nonhundred-percent-fullwidth non-hundred-percent-height-scrolling ctnr-simple\" style=\"--awb-border-radius-top-left:0px;--awb-border-radius-top-right:0px;--awb-border-radius-bottom-right:0px;--awb-border-radius-bottom-left:0px;--awb-flex-wrap:wrap;\" ><div class=\"fusion-builder-row fusion-row fusion-flex-align-items-center fusion-flex-justify-content-center fusion-flex-content-wrap\" style=\"max-width:1144px;margin-left: calc(-4% \/ 2 );margin-right: calc(-4% \/ 2 );\"><div class=\"fusion-layout-column fusion_builder_column fusion-builder-column-1 fusion_builder_column_1_1 1_1 fusion-flex-column col-inside\" style=\"--awb-bg-size:cover;--awb-width-large:100%;--awb-margin-top-large:0px;--awb-spacing-right-large:1.92%;--awb-margin-bottom-large:20px;--awb-spacing-left-large:1.92%;--awb-width-medium:100%;--awb-order-medium:0;--awb-spacing-right-medium:1.92%;--awb-spacing-left-medium:1.92%;--awb-width-small:100%;--awb-order-small:0;--awb-spacing-right-small:1.92%;--awb-spacing-left-small:1.92%;\"><div class=\"fusion-column-wrapper fusion-column-has-shadow fusion-flex-justify-content-center fusion-content-layout-column\"><\/div><\/div><\/div><\/div><\/p>\n","protected":false},"excerpt":{"rendered":"","protected":false},"author":10,"featured_media":0,"parent":0,"menu_order":0,"comment_status":"closed","ping_status":"closed","template":"100-width.php","meta":{"footnotes":""},"class_list":["post-10137","page","type-page","status-publish","hentry"],"yoast_head":"<!-- This site is optimized with the Yoast SEO plugin v27.5 - https:\/\/yoast.com\/product\/yoast-seo-wordpress\/ -->\n<title>Remplacement de pompe \u00e0 chaleur Aeroplast<\/title>\n<meta name=\"description\" content=\"Pour remplacer un syst\u00e8me Aeroplast, rien de plus simple ! Gr\u00e2ce au kit d&#039;adaptation MyDATEC, nous r\u00e9ussirez le changement de votre mat\u00e9riel.\" \/>\n<meta name=\"robots\" content=\"index, follow, max-snippet:-1, max-image-preview:large, max-video-preview:-1\" \/>\n<link rel=\"canonical\" href=\"https:\/\/www.mydatec.com\/fr\/remplacer-une-pompe-a-chaleur-aeroplast\/\" \/>\n<meta property=\"og:locale\" content=\"fr_FR\" \/>\n<meta property=\"og:type\" content=\"article\" \/>\n<meta property=\"og:title\" content=\"Remplacement de pompe \u00e0 chaleur Aeroplast\" \/>\n<meta property=\"og:description\" content=\"Pour remplacer un syst\u00e8me Aeroplast, rien de plus simple ! Gr\u00e2ce au kit d&#039;adaptation MyDATEC, nous r\u00e9ussirez le changement de votre mat\u00e9riel.\" \/>\n<meta property=\"og:url\" content=\"https:\/\/www.mydatec.com\/fr\/remplacer-une-pompe-a-chaleur-aeroplast\/\" \/>\n<meta property=\"og:site_name\" content=\"MyDATEC\" \/>\n<meta property=\"article:modified_time\" content=\"2023-04-25T14:12:56+00:00\" \/>\n<meta property=\"og:image\" content=\"https:\/\/www.mydatec.com\/wp-content\/uploads\/2023\/01\/Capture-decran-2023-01-12-140834.png\" \/>\n<meta name=\"twitter:label1\" content=\"Dur\u00e9e de lecture estim\u00e9e\" \/>\n\t<meta name=\"twitter:data1\" content=\"14 minutes\" \/>\n<script type=\"application\/ld+json\" class=\"yoast-schema-graph\">{\"@context\":\"https:\\\/\\\/schema.org\",\"@graph\":[{\"@type\":\"WebPage\",\"@id\":\"https:\\\/\\\/www.mydatec.com\\\/fr\\\/remplacer-une-pompe-a-chaleur-aeroplast\\\/\",\"url\":\"https:\\\/\\\/www.mydatec.com\\\/fr\\\/remplacer-une-pompe-a-chaleur-aeroplast\\\/\",\"name\":\"Remplacement de pompe \u00e0 chaleur Aeroplast\",\"isPartOf\":{\"@id\":\"https:\\\/\\\/www.mydatec.com\\\/fr\\\/#website\"},\"primaryImageOfPage\":{\"@id\":\"https:\\\/\\\/www.mydatec.com\\\/fr\\\/remplacer-une-pompe-a-chaleur-aeroplast\\\/#primaryimage\"},\"image\":{\"@id\":\"https:\\\/\\\/www.mydatec.com\\\/fr\\\/remplacer-une-pompe-a-chaleur-aeroplast\\\/#primaryimage\"},\"thumbnailUrl\":\"https:\\\/\\\/www.mydatec.com\\\/wp-content\\\/uploads\\\/2023\\\/01\\\/Capture-decran-2023-01-12-140834.png\",\"datePublished\":\"2022-09-15T08:49:38+00:00\",\"dateModified\":\"2023-04-25T14:12:56+00:00\",\"description\":\"Pour remplacer un syst\u00e8me Aeroplast, rien de plus simple ! Gr\u00e2ce au kit d'adaptation MyDATEC, nous r\u00e9ussirez le changement de votre mat\u00e9riel.\",\"breadcrumb\":{\"@id\":\"https:\\\/\\\/www.mydatec.com\\\/fr\\\/remplacer-une-pompe-a-chaleur-aeroplast\\\/#breadcrumb\"},\"inLanguage\":\"fr-FR\",\"potentialAction\":[{\"@type\":\"ReadAction\",\"target\":[\"https:\\\/\\\/www.mydatec.com\\\/fr\\\/remplacer-une-pompe-a-chaleur-aeroplast\\\/\"]}]},{\"@type\":\"ImageObject\",\"inLanguage\":\"fr-FR\",\"@id\":\"https:\\\/\\\/www.mydatec.com\\\/fr\\\/remplacer-une-pompe-a-chaleur-aeroplast\\\/#primaryimage\",\"url\":\"https:\\\/\\\/www.mydatec.com\\\/wp-content\\\/uploads\\\/2023\\\/01\\\/Capture-decran-2023-01-12-140834.png\",\"contentUrl\":\"https:\\\/\\\/www.mydatec.com\\\/wp-content\\\/uploads\\\/2023\\\/01\\\/Capture-decran-2023-01-12-140834.png\"},{\"@type\":\"BreadcrumbList\",\"@id\":\"https:\\\/\\\/www.mydatec.com\\\/fr\\\/remplacer-une-pompe-a-chaleur-aeroplast\\\/#breadcrumb\",\"itemListElement\":[{\"@type\":\"ListItem\",\"position\":1,\"name\":\"Accueil\",\"item\":\"https:\\\/\\\/www.mydatec.com\\\/fr\\\/\"},{\"@type\":\"ListItem\",\"position\":2,\"name\":\"Remplacement d&rsquo;un syst\u00e8me AEROPLAST\"}]},{\"@type\":\"WebSite\",\"@id\":\"https:\\\/\\\/www.mydatec.com\\\/fr\\\/#website\",\"url\":\"https:\\\/\\\/www.mydatec.com\\\/fr\\\/\",\"name\":\"MyDATEC\",\"description\":\"La solution thermodynamique\",\"publisher\":{\"@id\":\"https:\\\/\\\/www.mydatec.com\\\/fr\\\/#organization\"},\"potentialAction\":[{\"@type\":\"SearchAction\",\"target\":{\"@type\":\"EntryPoint\",\"urlTemplate\":\"https:\\\/\\\/www.mydatec.com\\\/fr\\\/?s={search_term_string}\"},\"query-input\":{\"@type\":\"PropertyValueSpecification\",\"valueRequired\":true,\"valueName\":\"search_term_string\"}}],\"inLanguage\":\"fr-FR\"},{\"@type\":\"Organization\",\"@id\":\"https:\\\/\\\/www.mydatec.com\\\/fr\\\/#organization\",\"name\":\"MyDatec\",\"url\":\"https:\\\/\\\/www.mydatec.com\\\/fr\\\/\",\"logo\":{\"@type\":\"ImageObject\",\"inLanguage\":\"fr-FR\",\"@id\":\"https:\\\/\\\/www.mydatec.com\\\/fr\\\/#\\\/schema\\\/logo\\\/image\\\/\",\"url\":\"https:\\\/\\\/www.mydatec.com\\\/wp-content\\\/uploads\\\/2022\\\/01\\\/logo-mydatec.jpg\",\"contentUrl\":\"https:\\\/\\\/www.mydatec.com\\\/wp-content\\\/uploads\\\/2022\\\/01\\\/logo-mydatec.jpg\",\"width\":434,\"height\":351,\"caption\":\"MyDatec\"},\"image\":{\"@id\":\"https:\\\/\\\/www.mydatec.com\\\/fr\\\/#\\\/schema\\\/logo\\\/image\\\/\"},\"sameAs\":[\"http:\\\/\\\/www.linkedin.com\\\/in\\\/MyDATEC\"]}]}<\/script>\n<!-- \/ Yoast SEO plugin. -->","yoast_head_json":{"title":"Remplacement de pompe \u00e0 chaleur Aeroplast","description":"Pour remplacer un syst\u00e8me Aeroplast, rien de plus simple ! Gr\u00e2ce au kit d'adaptation MyDATEC, nous r\u00e9ussirez le changement de votre mat\u00e9riel.","robots":{"index":"index","follow":"follow","max-snippet":"max-snippet:-1","max-image-preview":"max-image-preview:large","max-video-preview":"max-video-preview:-1"},"canonical":"https:\/\/www.mydatec.com\/fr\/remplacer-une-pompe-a-chaleur-aeroplast\/","og_locale":"fr_FR","og_type":"article","og_title":"Remplacement de pompe \u00e0 chaleur Aeroplast","og_description":"Pour remplacer un syst\u00e8me Aeroplast, rien de plus simple ! Gr\u00e2ce au kit d'adaptation MyDATEC, nous r\u00e9ussirez le changement de votre mat\u00e9riel.","og_url":"https:\/\/www.mydatec.com\/fr\/remplacer-une-pompe-a-chaleur-aeroplast\/","og_site_name":"MyDATEC","article_modified_time":"2023-04-25T14:12:56+00:00","og_image":[{"url":"https:\/\/www.mydatec.com\/wp-content\/uploads\/2023\/01\/Capture-decran-2023-01-12-140834.png","type":"","width":"","height":""}],"twitter_misc":{"Dur\u00e9e de lecture estim\u00e9e":"14 minutes"},"schema":{"@context":"https:\/\/schema.org","@graph":[{"@type":"WebPage","@id":"https:\/\/www.mydatec.com\/fr\/remplacer-une-pompe-a-chaleur-aeroplast\/","url":"https:\/\/www.mydatec.com\/fr\/remplacer-une-pompe-a-chaleur-aeroplast\/","name":"Remplacement de pompe \u00e0 chaleur Aeroplast","isPartOf":{"@id":"https:\/\/www.mydatec.com\/fr\/#website"},"primaryImageOfPage":{"@id":"https:\/\/www.mydatec.com\/fr\/remplacer-une-pompe-a-chaleur-aeroplast\/#primaryimage"},"image":{"@id":"https:\/\/www.mydatec.com\/fr\/remplacer-une-pompe-a-chaleur-aeroplast\/#primaryimage"},"thumbnailUrl":"https:\/\/www.mydatec.com\/wp-content\/uploads\/2023\/01\/Capture-decran-2023-01-12-140834.png","datePublished":"2022-09-15T08:49:38+00:00","dateModified":"2023-04-25T14:12:56+00:00","description":"Pour remplacer un syst\u00e8me Aeroplast, rien de plus simple ! Gr\u00e2ce au kit d'adaptation MyDATEC, nous r\u00e9ussirez le changement de votre mat\u00e9riel.","breadcrumb":{"@id":"https:\/\/www.mydatec.com\/fr\/remplacer-une-pompe-a-chaleur-aeroplast\/#breadcrumb"},"inLanguage":"fr-FR","potentialAction":[{"@type":"ReadAction","target":["https:\/\/www.mydatec.com\/fr\/remplacer-une-pompe-a-chaleur-aeroplast\/"]}]},{"@type":"ImageObject","inLanguage":"fr-FR","@id":"https:\/\/www.mydatec.com\/fr\/remplacer-une-pompe-a-chaleur-aeroplast\/#primaryimage","url":"https:\/\/www.mydatec.com\/wp-content\/uploads\/2023\/01\/Capture-decran-2023-01-12-140834.png","contentUrl":"https:\/\/www.mydatec.com\/wp-content\/uploads\/2023\/01\/Capture-decran-2023-01-12-140834.png"},{"@type":"BreadcrumbList","@id":"https:\/\/www.mydatec.com\/fr\/remplacer-une-pompe-a-chaleur-aeroplast\/#breadcrumb","itemListElement":[{"@type":"ListItem","position":1,"name":"Accueil","item":"https:\/\/www.mydatec.com\/fr\/"},{"@type":"ListItem","position":2,"name":"Remplacement d&rsquo;un syst\u00e8me AEROPLAST"}]},{"@type":"WebSite","@id":"https:\/\/www.mydatec.com\/fr\/#website","url":"https:\/\/www.mydatec.com\/fr\/","name":"MyDATEC","description":"La solution thermodynamique","publisher":{"@id":"https:\/\/www.mydatec.com\/fr\/#organization"},"potentialAction":[{"@type":"SearchAction","target":{"@type":"EntryPoint","urlTemplate":"https:\/\/www.mydatec.com\/fr\/?s={search_term_string}"},"query-input":{"@type":"PropertyValueSpecification","valueRequired":true,"valueName":"search_term_string"}}],"inLanguage":"fr-FR"},{"@type":"Organization","@id":"https:\/\/www.mydatec.com\/fr\/#organization","name":"MyDatec","url":"https:\/\/www.mydatec.com\/fr\/","logo":{"@type":"ImageObject","inLanguage":"fr-FR","@id":"https:\/\/www.mydatec.com\/fr\/#\/schema\/logo\/image\/","url":"https:\/\/www.mydatec.com\/wp-content\/uploads\/2022\/01\/logo-mydatec.jpg","contentUrl":"https:\/\/www.mydatec.com\/wp-content\/uploads\/2022\/01\/logo-mydatec.jpg","width":434,"height":351,"caption":"MyDatec"},"image":{"@id":"https:\/\/www.mydatec.com\/fr\/#\/schema\/logo\/image\/"},"sameAs":["http:\/\/www.linkedin.com\/in\/MyDATEC"]}]}},"_links":{"self":[{"href":"https:\/\/www.mydatec.com\/fr\/wp-json\/wp\/v2\/pages\/10137","targetHints":{"allow":["GET"]}}],"collection":[{"href":"https:\/\/www.mydatec.com\/fr\/wp-json\/wp\/v2\/pages"}],"about":[{"href":"https:\/\/www.mydatec.com\/fr\/wp-json\/wp\/v2\/types\/page"}],"author":[{"embeddable":true,"href":"https:\/\/www.mydatec.com\/fr\/wp-json\/wp\/v2\/users\/10"}],"replies":[{"embeddable":true,"href":"https:\/\/www.mydatec.com\/fr\/wp-json\/wp\/v2\/comments?post=10137"}],"version-history":[{"count":5,"href":"https:\/\/www.mydatec.com\/fr\/wp-json\/wp\/v2\/pages\/10137\/revisions"}],"predecessor-version":[{"id":10820,"href":"https:\/\/www.mydatec.com\/fr\/wp-json\/wp\/v2\/pages\/10137\/revisions\/10820"}],"wp:attachment":[{"href":"https:\/\/www.mydatec.com\/fr\/wp-json\/wp\/v2\/media?parent=10137"}],"curies":[{"name":"wp","href":"https:\/\/api.w.org\/{rel}","templated":true}]}}